{"id":15132,"date":"2025-01-19T14:08:45","date_gmt":"2025-01-19T14:08:45","guid":{"rendered":"https:\/\/www.hydraulic-cylinders.net\/product\/bucket-cylinder-for-komatsu-middle-excavator-pc150-5\/"},"modified":"2025-01-19T14:08:47","modified_gmt":"2025-01-19T14:08:47","slug":"bucket-cylinder-for-komatsu-middle-excavator-pc150-5","status":"publish","type":"product","link":"https:\/\/www.hydraulic-cylinders.net\/nb\/produkt\/bucket-cylinder-for-komatsu-middle-excavator-pc150-5\/","title":{"rendered":"B\u00f8ttesylinder for Komatsu mellomgraver PC150-5"},"content":{"rendered":"<h1>B\u00f8ttesylinder for Komatsu mellomgraver PC150-5<\/h1>\n<h2>Introduksjon<\/h2>\n<p>Skuffesylinderen til Komatsu Middle Excavator PC150-5 er en hydraulisk sylinder som er spesielt utviklet for \u00e5 kontrollere bevegelsen til skuffen i tunge maskiner som gravemaskiner, traktorgravere og frontlastere. Hovedfunksjonen er \u00e5 gj\u00f8re det mulig \u00e5 l\u00f8fte, senke og tilte skuffen, noe som gj\u00f8r det enklere \u00e5 h\u00e5ndtere ulike materialh\u00e5ndteringsoppgaver. I det hydrauliske systemet oppn\u00e5r skuffesylinderen presis kontroll over skuffens bevegelse gjennom endringer i hydraulikkoljetrykket, slik at f\u00f8reren effektivt kan h\u00e5ndtere tunge gjenstander og tilpasse seg komplekse arbeidsmilj\u00f8er og ulike jobbkrav.<\/p>\n<p><img decoding=\"async\" src=\"https:\/\/www.hydraulic-cylinders.net\/wp-content\/uploads\/2025\/01\/songte-company-2.webp\"><\/p>\n<h2>Funksjoner<\/h2>\n<ul>\n<li>H\u00f8y styrke og holdbarhet: vanligvis laget av h\u00f8yfast st\u00e5l eller aluminium, t\u00e5ler h\u00f8yt trykk og tunge belastninger, er tilpasset t\u00f8ffe arbeidsmilj\u00f8er og er konstruert for \u00e5 ta hensyn til slitasje- og korrosjonsmotstand for \u00e5 forlenge levetiden.<\/li>\n<li>Effektiv hydraulisk drift: jevn forlengelses- og sammentrekningsbevegelse oppn\u00e5s ved bruk av hydraulisk oljetrykk, kan raskt reagere p\u00e5 kontrollkommandoer, gir kraftig skyve- og trekkekraft, egnet for h\u00e5ndtering av tunge gjenstander og komplekse arbeidsoppgaver.<\/li>\n<li>Ulike typer: enkeltvirkende (hydraulisk brukt kun i \u00e9n retning) eller dobbeltvirkende (hydraulisk brukt i begge retninger) sylindere kan velges etter behov for \u00e5 dekke ulike driftsbehov, og noen modeller er teleskopiske, noe som gir st\u00f8rre forlengelse uten \u00e5 \u00f8ke de ytre dimensjonene, egnet for applikasjoner med begrenset plass.<\/li>\n<li>Utskiftbare: Produktene v\u00e5re kan erstatte disse hydrauliske sylindrene perfekt.<\/li>\n<li>Tilpasningsbar: Vi kan produsere b\u00f8ttesylinderen i henhold til kundens krav.<\/li>\n<\/ul>\n<p><img decoding=\"async\" src=\"https:\/\/www.hydraulic-cylinders.net\/wp-content\/uploads\/2025\/01\/songte-cylinder-head-with-all-kinds-excavator-models.webp\"><\/p>\n<h2>Bruksomr\u00e5der<\/h2>\n<p>Skottesylinderen har et bredt spekter av bruksomr\u00e5der i ulike bransjer, inkludert:<\/p>\n<ul>\n<li>Anleggsutstyr: gravemaskiner, traktorgravere og frontlastere er avhengige av skuffesylinderen for graving, lasting og flytting av jord eller rusk.<\/li>\n<li>Landbruksmaskiner: brukes i frontlastere til \u00e5 \u00f8se, l\u00f8fte og transportere jord, h\u00f8y og andre materialer.<\/li>\n<li>Gravemaskiner: skuffesylindere tillater gravearbeid ved \u00e5 la skuffen trenge ned i jorden.<\/li>\n<li>Lastere: I frontlastere hjelper de med \u00e5 l\u00f8fte og tilte last effektivt.<\/li>\n<\/ul>\n<h2>Designhensyn og utvalgskriterier<\/h2>\n<p>Designhensynene ved b\u00f8ttesylinderen inkluderer dens b\u00e6reevne, tetting, holdbarhet, sikkerhet og vedlikeholdbarhet. Viktige designhensyn er:<\/p>\n<ul>\n<li>B\u00e6reevne: sylinderen m\u00e5 t\u00e5le h\u00f8ye belastninger uten deformasjon eller brudd.<\/li>\n<li>Tetting: Ulike tetningskomponenter, som stempeltetninger og stangtetninger, brukes til \u00e5 forhindre oljelekkasjer og opprettholde systemtrykket.<\/li>\n<li>Holdbarhet: Sylinderen m\u00e5 t\u00e5le t\u00f8ffe arbeidsmilj\u00f8er og motst\u00e5 slitasje og korrosjon.<\/li>\n<li>Sikkerhet: Tiltak som bruk av sikkerhetsventiler og overbelastningsvern er n\u00f8dvendige for \u00e5 sikre sikker drift.<\/li>\n<li>Vedlikeholdsvennlighet: Sylinderen m\u00e5 v\u00e6re enkel \u00e5 demontere, rengj\u00f8re, inspisere og montere igjen for \u00e5 forenkle vedlikehold og reparasjon.<\/li>\n<\/ul>\n<p><img decoding=\"async\" src=\"https:\/\/www.hydraulic-cylinders.net\/wp-content\/uploads\/2025\/01\/songte-oil-pipes-and-spare-parts.webp\"><\/p>\n<h2>Tetting og sm\u00f8ring<\/h2>\n<p>B\u00f8ttesylinderen bruker ulike typer tetninger, som stempeltetninger og stangtetninger, laget av slitesterke materialer som polyuretan og nitrilgummi, for \u00e5 forhindre oljelekkasjer. Sylinderens sylinderhus og gjengede endeflate er fint bearbeidet for \u00e5 forbedre slitestyrken. Det er n\u00f8dvendig \u00e5 jevnlig tilsette en passende mengde hydraulisk olje for sm\u00f8ring.<\/p>\n<h2>Vedlikehold og reparasjon<\/h2>\n<p>Regelmessig inspeksjon og forebyggende vedlikehold er n\u00f8dvendig for \u00e5 sikre at b\u00f8ttesylinderen fungerer p\u00e5litelig p\u00e5 lang sikt. Vanlige vedlikeholdsoppgaver inkluderer:<\/p>\n<ul>\n<li>Regelmessig inspeksjon: sjekk sylinderens tilstand, for eksempel sprekker, slitasje, deformasjon og lekkasjer.<\/li>\n<li>Riktig sm\u00f8ring: bruk riktig sm\u00f8remiddel og fett, og s\u00f8rg for at det etterfylles regelmessig.<\/li>\n<li>Utskifting av tetninger: Skift ut tetningene umiddelbart hvis de viser tegn til slitasje eller skade.<\/li>\n<li>Kalibreringskontroll: sjekk sylinderens trykk og juster det om n\u00f8dvendig.<\/li>\n<\/ul>\n<p><img decoding=\"async\" src=\"https:\/\/www.hydraulic-cylinders.net\/wp-content\/uploads\/2025\/01\/songte-chushion-collar.webp\"><\/p>\n<h2>Sikkerhets- og milj\u00f8hensyn<\/h2>\n<p>N\u00e5r du bruker b\u00f8ttesylinderen, er det viktig \u00e5 f\u00f8lge sikkerhetstiltak for \u00e5 forhindre ulykker, som \u00e5 bruke verneutstyr og montere sylinderen riktig. Milj\u00f8hensyn inkluderer \u00e5 s\u00f8rge for at hydraulikkoljen som brukes i sylinderen kastes p\u00e5 riktig m\u00e5te for \u00e5 unng\u00e5 \u00e5 forurense milj\u00f8et.<\/p>\n<h2>Feildiagnose og forebygging<\/h2>\n<p>Vanlige feil med b\u00f8ttesylinderen inkluderer oljelekkasjer, skader p\u00e5 stempel og stang, og unormal st\u00f8y. For \u00e5 forhindre disse feilene er regelmessig inspeksjon og vedlikehold n\u00f8dvendig, og rask reparasjon av eventuelle feil er avgj\u00f8rende.<\/p>\n<p><img decoding=\"async\" src=\"https:\/\/www.hydraulic-cylinders.net\/wp-content\/uploads\/2025\/01\/songte-bushings-with-all-kinds-of-excavator-models.webp\"><\/p>\n<h2>Om selskapet v\u00e5rt<\/h2>\n<p>Vi er en produsent av hydrauliske sylindere som kan erstatte andre hydrauliske sylindere. V\u00e5rt firma tilbyr et bredt utvalg av produkter og har blitt en av de ledende produsentene og grossistdistribut\u00f8rene av hydrauliske sylindere i det innenlandske og internasjonale markedet. Vi f\u00f8lger prinsippet om utmerket kvalitet og er avhengige av industrialiserte produksjonsstyringsstrategier i fine produksjonsverksteder. Vi forbedrer kontinuerlig produksjonsplattformen, forbedrer produktkvaliteten i produksjonslinjen og har sterke produksjonsevner for \u00e5 m\u00f8te kundenes ulike behov med h\u00f8y effektivitet, h\u00f8y presisjon og h\u00f8y kvalitet.<\/p>\n<ul>\n<li>Profesjonalitet: Vi har et team av erfarne ingeni\u00f8rer og teknikere som tilbyr profesjonelle tjenester og st\u00f8tte til v\u00e5re kunder.<\/li>\n<li>Internasjonale sertifiseringer: Produktene v\u00e5re har best\u00e5tt ISO9001-, CE- og SGS-sertifiseringer, og er anerkjent av kunder over hele verden.<\/li>\n<li>Tilpasningstjeneste: Vi kan tilpasse produktene v\u00e5re i henhold til kundenes spesifikke behov.<\/li>\n<li>Produksjonsutstyr: Vi bruker avansert produksjonsutstyr, som CNC-maskiner og roboter, for \u00e5 sikre h\u00f8y kvalitet og effektivitet.<\/li>\n<li>Ettersalgsservice: Vi tilbyr omfattende ettersalgsservice, inkludert vedlikehold, reparasjon og utskifting av deler, for \u00e5 sikre kundetilfredshet.<\/li>\n<\/ul>\n<p>Forfatter: lyl<\/p>","protected":false},"excerpt":{"rendered":"<p>Bucket Cylinder For Komatsu Middle Excavator PC150-5 Introduction The bucket cylinder for Komatsu Middle Excavator PC150-5 is a hydraulic cylinder specially designed to control the movement of the bucket in heavy machinery such as excavators, backhoes, and front loaders. Its main function is to enable the bucket to lift, lower, and tilt, making it easier [&hellip;]<\/p>","protected":false},"featured_media":14789,"comment_status":"open","ping_status":"closed","template":"","meta":{"_et_pb_use_builder":"","_et_pb_old_content":"","_et_gb_content_width":""},"product_brand":[],"product_cat":[1494],"product_tag":[1495,1496],"class_list":{"0":"post-15132","1":"product","2":"type-product","3":"status-publish","4":"has-post-thumbnail","6":"product_cat-bucket-cylinders","7":"product_tag-bucket-cylinders","8":"product_tag-hydraulic-cylinders","10":"first","11":"instock","12":"shipping-taxable","13":"product-type-simple"},"amp_enabled":true,"_links":{"self":[{"href":"https:\/\/www.hydraulic-cylinders.net\/nb\/wp-json\/wp\/v2\/product\/15132","targetHints":{"allow":["GET"]}}],"collection":[{"href":"https:\/\/www.hydraulic-cylinders.net\/nb\/wp-json\/wp\/v2\/product"}],"about":[{"href":"https:\/\/www.hydraulic-cylinders.net\/nb\/wp-json\/wp\/v2\/types\/product"}],"replies":[{"embeddable":true,"href":"https:\/\/www.hydraulic-cylinders.net\/nb\/wp-json\/wp\/v2\/comments?post=15132"}],"wp:featuredmedia":[{"embeddable":true,"href":"https:\/\/www.hydraulic-cylinders.net\/nb\/wp-json\/wp\/v2\/media\/14789"}],"wp:attachment":[{"href":"https:\/\/www.hydraulic-cylinders.net\/nb\/wp-json\/wp\/v2\/media?parent=15132"}],"wp:term":[{"taxonomy":"product_brand","embeddable":true,"href":"https:\/\/www.hydraulic-cylinders.net\/nb\/wp-json\/wp\/v2\/product_brand?post=15132"},{"taxonomy":"product_cat","embeddable":true,"href":"https:\/\/www.hydraulic-cylinders.net\/nb\/wp-json\/wp\/v2\/product_cat?post=15132"},{"taxonomy":"product_tag","embeddable":true,"href":"https:\/\/www.hydraulic-cylinders.net\/nb\/wp-json\/wp\/v2\/product_tag?post=15132"}],"curies":[{"name":"wp","href":"https:\/\/api.w.org\/{rel}","templated":true}]}}