{"id":15150,"date":"2025-01-19T14:10:08","date_gmt":"2025-01-19T14:10:08","guid":{"rendered":"https:\/\/www.hydraulic-cylinders.net\/product\/bucket-cylinder-for-komatsu-large-excavator-pc350-5-6-7\/"},"modified":"2025-01-19T14:10:10","modified_gmt":"2025-01-19T14:10:10","slug":"bucket-cylinder-for-komatsu-large-excavator-pc350-5-6-7","status":"publish","type":"product","link":"https:\/\/www.hydraulic-cylinders.net\/nb\/produkt\/bucket-cylinder-for-komatsu-large-excavator-pc350-5-6-7\/","title":{"rendered":"B\u00f8ttesylinder for Komatsu stor gravemaskin PC350-5-6-7"},"content":{"rendered":"<h2>B\u00f8ttesylinder for Komatsu stor gravemaskin PC350-5-6-7<\/h2>\n<h3>Introduksjon<\/h3>\n<p>En skuffesylinder er en spesialdesignet hydraulisk sylinder som brukes til \u00e5 kontrollere bevegelsen til skuffen i tunge maskiner som gravemaskiner, traktorgravere og frontlastere. Hovedfunksjonen er \u00e5 gj\u00f8re det mulig for skuffen \u00e5 l\u00f8fte, senke og vippe, noe som gj\u00f8r det enklere for ulike materialh\u00e5ndteringsoppgaver. I det hydrauliske systemet oppn\u00e5r skuffesylinderen presis kontroll over skuffen ved \u00e5 endre trykket i hydraulikkoljen, slik at operat\u00f8rer kan h\u00e5ndtere tunge gjenstander effektivt, tilpasse seg komplekse arbeidsmilj\u00f8er og ulike driftskrav. <\/p>\n<p><img decoding=\"async\" src=\"https:\/\/www.hydraulic-cylinders.net\/wp-content\/uploads\/2025\/01\/songte-company-2.webp\" \/><\/p>\n<h3>Funksjoner<\/h3>\n<ul>\n<li>H\u00f8y styrke og holdbarhet: vanligvis laget av h\u00f8yfast st\u00e5l eller aluminium, t\u00e5ler h\u00f8yt trykk og tunge belastninger, tilpasser seg t\u00f8ffe arbeidsmilj\u00f8er og er designet med slitestyrke og korrosjonsbestandighet for \u00e5 forlenge levetiden.<\/li>\n<li>Effektiv hydraulisk drift: utnytter trykket fra hydraulikkoljen for \u00e5 oppn\u00e5 jevne forlengelses- og sammentrekningsbevegelser, i stand til \u00e5 reagere raskt p\u00e5 betjeningskommandoer, gir kraftige skyve- og trekkekrefter, egnet for h\u00e5ndtering av tunge gjenstander og komplekse driftsoppgaver.<\/li>\n<li>Ulike typer: enkeltvirkende (med hydraulikk i kun \u00e9n retning) eller dobbeltvirkende (med hydraulikk i begge retninger) sylindere kan velges i henhold til driftsbehov. Noen modeller er teleskopiske, noe som gir st\u00f8rre forlengelse uten \u00e5 \u00f8ke den utvendige st\u00f8rrelsen, egnet for applikasjoner med begrenset plass.<\/li>\n<li>Kan erstatte andre hydrauliske sylindere: Sylinderne v\u00e5re kan erstatte andre hydrauliske sylindere p\u00e5 en perfekt m\u00e5te, og gir kostnadseffektive l\u00f8sninger for vedlikehold og reparasjoner av utstyr.<\/li>\n<\/ul>\n<p><img decoding=\"async\" src=\"https:\/\/www.hydraulic-cylinders.net\/wp-content\/uploads\/2025\/01\/songte-cylinder-head-with-all-kinds-excavator-models.webp\" \/><\/p>\n<h3>Bruksomr\u00e5der<\/h3>\n<p>B\u00f8ttesylindere brukes i ulike tunge maskiner, inkludert:<\/p>\n<ul>\n<li>Anleggsutstyr: i gravemaskiner er de avgj\u00f8rende for utgraving, lasting og flytting av jord eller rusk. I gravemaskiner hjelper b\u00f8ttesylindere med b\u00e5de utgraving og l\u00f8fting. <\/li>\n<li>Landbruksmaskiner: brukes i frontlastere til \u00e5 \u00f8se, l\u00f8fte og transportere jord, h\u00f8y og andre materialer. <\/li>\n<li>Gravemaskiner: Skuffesylindere muliggj\u00f8r gravearbeid ved \u00e5 la skuffen trenge ned i jorden.<\/li>\n<li>Lastere: I frontlastere hjelper de med \u00e5 l\u00f8fte og dumpe last effektivt.<\/li>\n<\/ul>\n<h3>Designhensyn og utvalgskriterier<\/h3>\n<p>Designhensyn inkluderer:<\/p>\n<ul>\n<li>B\u00e6reevne: B\u00f8ttesylindere er konstruert for \u00e5 t\u00e5le h\u00f8yt trykk og tunge belastninger.<\/li>\n<li>Tetting: Ulike tetningskomponenter, som stempeltetninger og stangtetninger, brukes for \u00e5 sikre at hydraulikkv\u00e6ske ikke lekker fra sylinderen.<\/li>\n<li>Holdbarhet: Skuffesylindere er konstruert for \u00e5 v\u00e6re slitesterke, og noen modeller har anodiserte harde belegg for ekstra beskyttelse.<\/li>\n<li>Sikkerhet: B\u00f8ttesylindere er konstruert for \u00e5 minimere potensialet for ulykker, for eksempel ved \u00e5 inkludere trykkavlastningsventiler.<\/li>\n<li>Vedlikehold: B\u00f8ttesylindere er konstruert for \u00e5 v\u00e6re enkle \u00e5 vedlikeholde og vedlikeholde, med funksjoner som avtakbare endehetter og enkel tilgang til interne komponenter. <\/li>\n<\/ul>\n<p><img decoding=\"async\" src=\"https:\/\/www.hydraulic-cylinders.net\/wp-content\/uploads\/2025\/01\/songte-oil-pipes-and-spare-parts.webp\" \/><\/p>\n<p>Hensyn til tetning og sm\u00f8ring:<\/p>\n<ul>\n<li>Ulike tetningskomponenter brukes, for eksempel stempeltetninger, stangtetninger og vindusviskere, for \u00e5 sikre at hydraulikkv\u00e6ske ikke lekker fra sylinderen.<\/li>\n<li>Tetningskomponenter er vanligvis laget av slitesterke materialer, som polyuretan og nitrilgummi.<\/li>\n<li>Sylinderhuset og de gjengede endeflatene er fint bearbeidet for \u00e5 forbedre slitestyrken.<\/li>\n<li>Skuffesylinderen krever regelmessig sm\u00f8ring med en passende mengde hydraulikkolje.<\/li>\n<\/ul>\n<p>Regelmessig vedlikehold og forebyggende tiltak inkluderer:<\/p>\n<ul>\n<li>Regelmessig inspeksjon av sylinderhuset og stempelet for skader eller slitasje.<\/li>\n<li>Regelmessig sm\u00f8ring med passende hydraulikkolje.<\/li>\n<li>Regelmessig utskifting av slitte eller skadede tetningskomponenter.<\/li>\n<li>Regelmessige kalibreringskontroller for \u00e5 sikre at sylinderen fungerer som den skal.<\/li>\n<\/ul>\n<p><img decoding=\"async\" src=\"https:\/\/www.hydraulic-cylinders.net\/wp-content\/uploads\/2025\/01\/songte-chushion-collar.webp\" \/><\/p>\n<h3>Sikkerhetshensyn og milj\u00f8faktorer<\/h3>\n<p>N\u00e5r du bruker b\u00f8ttesylindere, er det viktig \u00e5 f\u00f8lge sikkerhetsregler, som for eksempel:<\/p>\n<ul>\n<li>S\u00f8rg for at sylinderen er riktig og sikkert installert.<\/li>\n<li>S\u00f8rg for at sylinderen er riktig smurt og vedlikeholdt.<\/li>\n<li>Bruk passende personlig verneutstyr, som hansker og vernebriller.<\/li>\n<li>V\u00e6r oppmerksom p\u00e5 potensielle farer, som h\u00f8yt trykk og tung last.<\/li>\n<\/ul>\n<p>B\u00f8ttesylindere er vanligvis laget av materialer som er resirkulerbare og milj\u00f8vennlige. <\/p>\n<h3>Diagnose og feils\u00f8king<\/h3>\n<p>Vanlige problemer med b\u00f8ttesylindere kan inkludere lekkasje av hydraulisk v\u00e6ske, skade p\u00e5 stempelstenger eller pakninger, og feil eller utilstrekkelig sm\u00f8ring. <\/p>\n<p>Slik diagnostiserer og feils\u00f8ker du problemer med b\u00f8ttesylindere:<\/p>\n<ul>\n<li>Se etter tegn p\u00e5 lekkasjer av hydraulisk v\u00e6ske.<\/li>\n<li>Inspiser stempelet og tetningene for skader eller slitasje.<\/li>\n<li>S\u00f8rg for at sylinderen er riktig smurt.<\/li>\n<li>Inspiser det hydrauliske systemet for eventuelle problemer.<\/li>\n<\/ul>\n<p>Forebyggende tiltak inkluderer regelmessig vedlikehold og sm\u00f8ring, samt \u00e5 s\u00f8rge for at sylinderen er riktig installert og kalibrert.<\/p>\n<p><img decoding=\"async\" src=\"https:\/\/www.hydraulic-cylinders.net\/wp-content\/uploads\/2025\/01\/songte-bushings-with-all-kinds-of-excavator-models.webp\" \/><\/p>\n<h3>Om selskapet v\u00e5rt<\/h3>\n<p>Vi er en ledende produsent og grossistdistribut\u00f8r av hydrauliske sylindere, og tilbyr kostnadseffektive l\u00f8sninger for vedlikehold og reparasjoner av utstyr. Vi spesialiserer oss p\u00e5 \u00e5 produsere et bredt spekter av hydrauliske sylindere, og produksjonen v\u00e5r st\u00f8ttes av et team av teknisk talent, toppmoderne utstyr og profesjonelle testsystemer. Produksjonsplattformen v\u00e5r forbedres kontinuerlig for \u00e5 m\u00f8te de h\u00f8yeste standardene for effektivitet, presisjon og kvalitet. Vi tilbyr tilpassede tjenester og har bred erfaring med \u00e5 produsere hydrauliske sylindere for ulike bruksomr\u00e5der. Vi legger stor vekt p\u00e5 kundetilfredshet og streber etter \u00e5 tilby overlegen service og support.<\/p>\n<ul>\n<li>Profesjonalitet: Teamet v\u00e5rt best\u00e5r av tekniske eksperter med omfattende erfaring innen design og produksjon av hydrauliske sylindere.<\/li>\n<li>Internasjonale sertifiseringer: Produktene v\u00e5re er testet og sertifisert av internasjonale standardiseringsorganisasjoner, som ISO.<\/li>\n<li>Tilpassede tjenester: Vi tilbyr tilpassede hydrauliske sylinderl\u00f8sninger for \u00e5 m\u00f8te kundenes spesifikke behov.<\/li>\n<li>Produksjonsutstyr: Produksjonsanleggene v\u00e5re er utstyrt med toppmoderne utstyr, inkludert CNC-maskiner og robotsveisesystemer.<\/li>\n<li>Ettersalgsservice: Vi tilbyr omfattende ettersalgsservice, inkludert reservedeler og ombyggingstjenester, for \u00e5 sikre produktenes levetid og p\u00e5litelighet.<\/li>\n<\/ul>\n<p><img decoding=\"async\" src=\"https:\/\/hzpt.com\/wp-content\/uploads\/2024\/11\/songte-company-1.webp\" \/><\/p>\n<p>Forfatter: lyl<\/p>","protected":false},"excerpt":{"rendered":"<p>Bucket Cylinder For Komatsu Large Excavator PC350-5-6-7 Introduction A bucket cylinder is a specially designed hydraulic cylinder used to control the movement of the bucket in heavy machinery such as excavators, backhoe excavators, and front-end loaders. Its main function is to enable the bucket to lift, lower, and tilt, making it easier for various materials [&hellip;]<\/p>","protected":false},"featured_media":14785,"comment_status":"open","ping_status":"closed","template":"","meta":{"_et_pb_use_builder":"","_et_pb_old_content":"","_et_gb_content_width":""},"product_brand":[],"product_cat":[1494],"product_tag":[1495,1496],"class_list":{"0":"post-15150","1":"product","2":"type-product","3":"status-publish","4":"has-post-thumbnail","6":"product_cat-bucket-cylinders","7":"product_tag-bucket-cylinders","8":"product_tag-hydraulic-cylinders","10":"first","11":"instock","12":"shipping-taxable","13":"product-type-simple"},"amp_enabled":true,"_links":{"self":[{"href":"https:\/\/www.hydraulic-cylinders.net\/nb\/wp-json\/wp\/v2\/product\/15150","targetHints":{"allow":["GET"]}}],"collection":[{"href":"https:\/\/www.hydraulic-cylinders.net\/nb\/wp-json\/wp\/v2\/product"}],"about":[{"href":"https:\/\/www.hydraulic-cylinders.net\/nb\/wp-json\/wp\/v2\/types\/product"}],"replies":[{"embeddable":true,"href":"https:\/\/www.hydraulic-cylinders.net\/nb\/wp-json\/wp\/v2\/comments?post=15150"}],"wp:featuredmedia":[{"embeddable":true,"href":"https:\/\/www.hydraulic-cylinders.net\/nb\/wp-json\/wp\/v2\/media\/14785"}],"wp:attachment":[{"href":"https:\/\/www.hydraulic-cylinders.net\/nb\/wp-json\/wp\/v2\/media?parent=15150"}],"wp:term":[{"taxonomy":"product_brand","embeddable":true,"href":"https:\/\/www.hydraulic-cylinders.net\/nb\/wp-json\/wp\/v2\/product_brand?post=15150"},{"taxonomy":"product_cat","embeddable":true,"href":"https:\/\/www.hydraulic-cylinders.net\/nb\/wp-json\/wp\/v2\/product_cat?post=15150"},{"taxonomy":"product_tag","embeddable":true,"href":"https:\/\/www.hydraulic-cylinders.net\/nb\/wp-json\/wp\/v2\/product_tag?post=15150"}],"curies":[{"name":"wp","href":"https:\/\/api.w.org\/{rel}","templated":true}]}}