{"id":15151,"date":"2025-01-19T14:10:12","date_gmt":"2025-01-19T14:10:12","guid":{"rendered":"https:\/\/www.hydraulic-cylinders.net\/product\/bucket-cylinder-for-komatsu-large-excavator-pc400-3-5-6-7-8\/"},"modified":"2025-01-19T14:10:14","modified_gmt":"2025-01-19T14:10:14","slug":"bucket-cylinder-for-komatsu-large-excavator-pc400-3-5-6-7-8","status":"publish","type":"product","link":"https:\/\/www.hydraulic-cylinders.net\/nb\/produkt\/bucket-cylinder-for-komatsu-large-excavator-pc400-3-5-6-7-8\/","title":{"rendered":"B\u00f8ttesylinder for Komatsu stor gravemaskin PC400-3-5-6-7-8"},"content":{"rendered":"<h1>B\u00f8ttesylinder for Komatsu stor gravemaskin PC400-3-5-6-7-8<\/h1>\n<h2>Introduksjon<\/h2>\n<p>En skuffesylinder er en spesialdesignet hydraulisk sylinder som brukes til \u00e5 kontrollere bevegelsen til skuffer i tunge maskiner som gravemaskiner, traktorgravere og frontlastere. Hovedfunksjonen er \u00e5 gj\u00f8re det mulig for skuffen \u00e5 l\u00f8fte, senke og vippe, noe som gj\u00f8r det enklere \u00e5 h\u00e5ndtere ulike materialh\u00e5ndteringsoppgaver. I det hydrauliske systemet oppn\u00e5r skuffesylinderen presis kontroll over skuffen gjennom trykkendringene i hydraulikkoljen, slik at operat\u00f8rer effektivt kan h\u00e5ndtere tunge gjenstander og tilpasse seg komplekse arbeidsmilj\u00f8er og ulike driftsbehov.<\/p>\n<p><img decoding=\"async\" src=\"https:\/\/www.hydraulic-cylinders.net\/wp-content\/uploads\/2025\/01\/songte-company-2.webp\" alt=\"Bilde av b\u00f8ttesylinder\"><\/p>\n<h2>Funksjoner<\/h2>\n<ul>\n<li>H\u00f8y styrke og holdbarhet: Vanligvis laget av h\u00f8yfast st\u00e5l eller aluminium, t\u00e5ler den h\u00f8yt trykk og tunge belastninger, tilpasser seg t\u00f8ffe arbeidsmilj\u00f8er og er designet med hensyn til slitestyrke og korrosjonsbestandighet for \u00e5 forlenge levetiden.<\/li>\n<li>Effektiv hydraulisk drift: Jevn forlengelse og sammentrekning oppn\u00e5s ved \u00e5 utnytte trykket fra hydraulikkoljen, noe som muliggj\u00f8r rask respons p\u00e5 kontrollkommandoer, gir kraftige skyve- og trekkekrefter, og er egnet for h\u00e5ndtering av tunge gjenstander og komplekse driftsoppgaver.<\/li>\n<li>Flere typer: Enkeltvirkende (hydraulisk brukt i kun \u00e9n retning) eller dobbeltvirkende (hydraulisk brukt i begge retninger) sylindere kan velges i henhold til driftsbehov. Noen modeller er teleskopiske, noe som gir st\u00f8rre forlengelse uten \u00e5 \u00f8ke de ytre dimensjonene, egnet for applikasjoner med begrenset plass.<\/li>\n<li>Enkel utskifting: Produktet v\u00e5rt kan erstatte disse hydrauliske sylindrene perfekt.<\/li>\n<\/ul>\n<p><img decoding=\"async\" src=\"https:\/\/www.hydraulic-cylinders.net\/wp-content\/uploads\/2025\/01\/songte-cylinder-head-with-all-kinds-excavator-models.webp\" alt=\"Bilde av b\u00f8ttesylinder\"><\/p>\n<h2>S\u00f8knad<\/h2>\n<p>Skuffesylindere er mye brukt i ulike bransjer som anleggsmaskiner, landbruksmaskiner, gravemaskiner og lastere. Noen av bruksomr\u00e5dene deres er:<\/p>\n<ul>\n<li>Anleggsutstyr: I gravemaskiner er de avgj\u00f8rende for graving, lasting og flytting av jord eller rusk. I gravemaskiner hjelper b\u00f8ttesylindre med b\u00e5de graving og l\u00f8fting. For frontlastere hjelper de med l\u00f8fting og tilting for effektiv materialh\u00e5ndtering.<\/li>\n<li>Landbruksmaskiner: Brukes i frontlastere til \u00e5 utarbeide, l\u00f8fte og transportere jord, h\u00f8y og andre materialer.<\/li>\n<li>Gravemaskiner: Skuffesylindere muliggj\u00f8r gravefunksjon ved \u00e5 la skuffen trenge ned i jorden.<\/li>\n<li>Lastere: I frontlastere hjelper de med \u00e5 l\u00f8fte og dumpe last effektivt.<\/li>\n<\/ul>\n<h2>Designhensyn og utvalgsstandarder<\/h2>\n<p>Ved utforming av b\u00f8ttesylindere er flere hensyn og utvalgsstandarder viktige:<\/p>\n<ul>\n<li>B\u00e6reevne: Den skal kunne t\u00e5le den maksimale belastningen den er ment \u00e5 b\u00e6re.<\/li>\n<li>Tetting: Ulike tetningskomponenter som stempeltetninger, stangtetninger osv. b\u00f8r brukes. Polyuretan og nitrilgummi er slitesterke materialer.<\/li>\n<li>Holdbarhet: Sylinderhuset og gjengede endeflater b\u00f8r finbearbeides for \u00e5 forbedre slitestyrken.<\/li>\n<li>Sikkerhet: Sikkerhetshensyn, som for eksempel sprengsikker design, b\u00f8r tas i betraktning.<\/li>\n<li>Vedlikehold: Enkelt vedlikehold og reparasjon, som enkel tilgang til komponenter, enkel utskifting osv.<\/li>\n<\/ul>\n<p><img decoding=\"async\" src=\"https:\/\/www.hydraulic-cylinders.net\/wp-content\/uploads\/2025\/01\/songte-oil-pipes-and-spare-parts.webp\" alt=\"Bilde av b\u00f8ttesylinder\"><\/p>\n<h2>Tetting og sm\u00f8ring<\/h2>\n<p>Ulike typer tetningskomponenter b\u00f8r brukes i b\u00f8ttesylindere for \u00e5 sikre lufttetthet og forbedre holdbarheten. Polytetrafluoretylen (PTFE) og polyuretan er to popul\u00e6re materialer for tetningsringer. Regelmessig sm\u00f8ring med passende hydraulikkolje er ogs\u00e5 n\u00f8dvendig for \u00e5 sikre riktig drift.<\/p>\n<h2>Vedlikehold og reparasjon<\/h2>\n<p>Regelmessig vedlikehold og forebyggende tiltak kan forlenge levetiden til b\u00f8ttesylindre. Noen tiltak inkluderer:<\/p>\n<ul>\n<li>Regelmessig inspeksjon<\/li>\n<li>Tilstrekkelig sm\u00f8ring<\/li>\n<li>Utskifting av pakning<\/li>\n<li>Kalibreringskontroll<\/li>\n<\/ul>\n<p>Under installasjonen er det viktig \u00e5 justere sylinderen riktig og bruke passende monteringsbraketter for \u00e5 feste den. Det er ogs\u00e5 viktig \u00e5 f\u00f8lge anbefalte inspeksjons-, reparasjons- og utskiftingsprosedyrer for \u00e5 sikre optimal ytelse.<\/p>\n<p><img decoding=\"async\" src=\"https:\/\/www.hydraulic-cylinders.net\/wp-content\/uploads\/2025\/01\/songte-chushion-collar.webp\" alt=\"Bilde av b\u00f8ttesylinder\"><\/p>\n<h2>Sikkerhetshensyn og milj\u00f8faktorer<\/h2>\n<p>B\u00f8ttesylindere b\u00f8r h\u00e5ndteres med forsiktighet. Sikkerhetsretningslinjer b\u00f8r f\u00f8lges for \u00e5 unng\u00e5 ulykker. Milj\u00f8faktorer b\u00f8r ogs\u00e5 tas i betraktning, som eksponering for ekstreme temperaturer, fuktighet eller korrosive materialer.<\/p>\n<h2>Feils\u00f8king og vanlige problemer<\/h2>\n<p>Noen av de vanlige problemene man st\u00e5r overfor med b\u00f8ttesylindere inkluderer:<\/p>\n<ul>\n<li>Lekkasje fra sylinderen<\/li>\n<li>Langsom drift eller rykkete bevegelse<\/li>\n<li>Sylinderdrift<\/li>\n<li>Sylinderfeil ved uttrekk eller inntrekking<\/li>\n<\/ul>\n<p>Riktig diagnose og feils\u00f8king av disse problemene kan oppn\u00e5s gjennom regelmessig inspeksjon, rask h\u00e5ndtering av identifiserte problemer og \u00e5 f\u00f8lge anbefalte vedlikeholds- og reparasjonsprosedyrer.<\/p>\n<p><img decoding=\"async\" src=\"https:\/\/www.hydraulic-cylinders.net\/wp-content\/uploads\/2025\/01\/songte-bushings-with-all-kinds-of-excavator-models.webp\" alt=\"Bilde av b\u00f8ttesylinder\"><\/p>\n<h2>Om selskapet v\u00e5rt<\/h2>\n<p>Vi er en produsent av hydrauliske sylindere for utskifting med et komplett produktsortiment. Vi har blitt en av de ledende produsentene og grossistdistribut\u00f8rene av hydrauliske sylindere i det innenlandske og internasjonale markedet. Vi f\u00f8lger prinsippet om utmerket kvalitet, og er avhengige av den industrielle produksjonsstyringsstrategien til finproduksjonsverksteder. Vi forbedrer kontinuerlig produksjonsplattformen til verkstedene, perfeksjonerer produksjonsruten for produktkvalitet og har sterk kreativ evne for \u00e5 m\u00f8te kundenes ulike behov med h\u00f8y effektivitet, h\u00f8y presisjon og h\u00f8y kvalitet. <\/p>\n<p>Vi tilbyr tilpassede tjenester, internasjonal sertifisering og produksjonsutstyr av h\u00f8y kvalitet. V\u00e5r ettersalgsservice er up\u00e5klagelig, og tilbyr utskifting av deler og ombyggingstjenester for \u00e5 forlenge levetiden til hydrauliske sylindere. <\/p>\n<p><img decoding=\"async\" src=\"https:\/\/hzpt.com\/wp-content\/uploads\/2024\/11\/songte-company-1.webp\" alt=\"Bilde av b\u00f8ttesylinder\"><\/p>\n<p>Forfatter: lyl<\/p>","protected":false},"excerpt":{"rendered":"<p>Bucket Cylinder For Komatsu Large Excavator PC400-3-5-6-7-8 Introduction A bucket cylinder is a specially designed hydraulic cylinder used to control the movement of buckets in heavy machinery such as excavators, backhoe excavators, and front-end loaders. Its main function is to enable the bucket to lift, lower, and tilt, making it easier to handle various material [&hellip;]<\/p>","protected":false},"featured_media":14784,"comment_status":"open","ping_status":"closed","template":"","meta":{"_et_pb_use_builder":"","_et_pb_old_content":"","_et_gb_content_width":""},"product_brand":[],"product_cat":[1494],"product_tag":[1495,1496],"class_list":{"0":"post-15151","1":"product","2":"type-product","3":"status-publish","4":"has-post-thumbnail","6":"product_cat-bucket-cylinders","7":"product_tag-bucket-cylinders","8":"product_tag-hydraulic-cylinders","10":"first","11":"instock","12":"shipping-taxable","13":"product-type-simple"},"amp_enabled":true,"_links":{"self":[{"href":"https:\/\/www.hydraulic-cylinders.net\/nb\/wp-json\/wp\/v2\/product\/15151","targetHints":{"allow":["GET"]}}],"collection":[{"href":"https:\/\/www.hydraulic-cylinders.net\/nb\/wp-json\/wp\/v2\/product"}],"about":[{"href":"https:\/\/www.hydraulic-cylinders.net\/nb\/wp-json\/wp\/v2\/types\/product"}],"replies":[{"embeddable":true,"href":"https:\/\/www.hydraulic-cylinders.net\/nb\/wp-json\/wp\/v2\/comments?post=15151"}],"wp:featuredmedia":[{"embeddable":true,"href":"https:\/\/www.hydraulic-cylinders.net\/nb\/wp-json\/wp\/v2\/media\/14784"}],"wp:attachment":[{"href":"https:\/\/www.hydraulic-cylinders.net\/nb\/wp-json\/wp\/v2\/media?parent=15151"}],"wp:term":[{"taxonomy":"product_brand","embeddable":true,"href":"https:\/\/www.hydraulic-cylinders.net\/nb\/wp-json\/wp\/v2\/product_brand?post=15151"},{"taxonomy":"product_cat","embeddable":true,"href":"https:\/\/www.hydraulic-cylinders.net\/nb\/wp-json\/wp\/v2\/product_cat?post=15151"},{"taxonomy":"product_tag","embeddable":true,"href":"https:\/\/www.hydraulic-cylinders.net\/nb\/wp-json\/wp\/v2\/product_tag?post=15151"}],"curies":[{"name":"wp","href":"https:\/\/api.w.org\/{rel}","templated":true}]}}