{"id":15157,"date":"2025-01-19T14:10:35","date_gmt":"2025-01-19T14:10:35","guid":{"rendered":"https:\/\/www.hydraulic-cylinders.net\/product\/bucket-cylinder-for-komatsu-wheel-excavator-pw100s-3-5\/"},"modified":"2025-01-19T14:10:37","modified_gmt":"2025-01-19T14:10:37","slug":"bucket-cylinder-for-komatsu-wheel-excavator-pw100s-3-5","status":"publish","type":"product","link":"https:\/\/www.hydraulic-cylinders.net\/nb\/produkt\/bucket-cylinder-for-komatsu-wheel-excavator-pw100s-3-5\/","title":{"rendered":"Skuffesylinder for Komatsu hjulgraver PW100S-3-5"},"content":{"rendered":"<h2>Skuffesylinder for Komatsu hjulgraver PW100S-3-5<\/h2>\n<p>En skuffesylinder er en spesialdesignet hydraulisk sylinder som brukes til \u00e5 kontrollere bevegelsen til skuffen i tunge maskiner som gravemaskiner, traktorgravere og hjullastere. Hovedfunksjonen er \u00e5 gj\u00f8re det mulig \u00e5 l\u00f8fte, senke og vippe skuffen, noe som gj\u00f8r det enklere \u00e5 utf\u00f8re ulike materialh\u00e5ndteringsoppgaver. I det hydrauliske systemet oppn\u00e5r skuffesylinderen presis kontroll over skuffen gjennom endringer i hydraulikkoljetrykket, slik at operat\u00f8rer effektivt kan h\u00e5ndtere tunge laster og tilpasse seg komplekse arbeidsmilj\u00f8er og ulike driftsbehov.<\/p>\n<p><img decoding=\"async\" src=\"https:\/\/www.hydraulic-cylinders.net\/wp-content\/uploads\/2025\/01\/songte-company-2.webp\" alt=\"Bilde av b\u00f8ttesylinder\"><\/p>\n<h3>Funksjoner p\u00e5 b\u00f8ttesylinderen:<\/h3>\n<ol>\n<li>H\u00f8y styrke og holdbarhet: Den er vanligvis laget av h\u00f8yfast st\u00e5l eller aluminium, og t\u00e5ler h\u00f8yt trykk og tunge belastninger, og tilpasser seg t\u00f8ffe arbeidsmilj\u00f8er. Designet tar hensyn til slitestyrke og korrosjonsmotstand for \u00e5 forlenge levetiden.<\/li>\n<li>Effektiv hydraulisk drift: Ved \u00e5 utnytte trykket fra hydraulikkoljen oppn\u00e5r den jevne forlengelses- og tilbaketrekksbevegelser, reagerer raskt p\u00e5 kontrollkommandoer og gir kraftige skyve- og trekkkrefter, egnet for h\u00e5ndtering av tunge belastninger og komplekse driftsoppgaver.<\/li>\n<li>Ulike typer: Enkeltvirkende (hydraulisk brukt kun i \u00e9n retning) eller dobbeltvirkende (hydraulisk brukt i begge retninger) sylindere kan velges i henhold til krav for \u00e5 m\u00f8te ulike driftsbehov. Noen modeller er teleskopiske, noe som gir st\u00f8rre forlengelse uten \u00e5 \u00f8ke de ytre m\u00e5lene, noe som gj\u00f8r dem egnet for applikasjoner med begrenset plass.<\/li>\n<li>Perfekt erstatning: Produktet v\u00e5rt kan erstatte disse hydrauliske sylindrene perfekt.<\/li>\n<\/ol>\n<p><img decoding=\"async\" src=\"https:\/\/www.hydraulic-cylinders.net\/wp-content\/uploads\/2025\/01\/songte-cylinder-head-with-all-kinds-excavator-models.webp\" alt=\"Bilde av utskifting av b\u00f8ttesylinder\"><\/p>\n<h3>Bruksomr\u00e5der for b\u00f8ttesylinder:<\/h3>\n<p><strong>Anleggsutstyr:<\/strong> De finnes i gravemaskiner og er viktige for utgraving, lasting og flytting av jord eller rusk. I gravemaskinen hjelper skuffesylinderen b\u00e5de med graving og l\u00f8fting.<\/p>\n<p><strong>Landbruksmaskiner:<\/strong> Brukes i frontlastere for \u00e5 utarbeide, l\u00f8fte og transportere jord, h\u00f8y og andre materialer.<\/p>\n<p><strong>Gravemaskiner:<\/strong> Skuffesylinderen muliggj\u00f8r gravefunksjon ved \u00e5 la skuffen trenge ned i jorden.<\/p>\n<p><strong>Hjullastere:<\/strong> I frontlastere hjelper de med \u00e5 l\u00f8fte og dumpe varer effektivt.<\/p>\n<h3>Designhensyn og utvalgskriterier:<\/h3>\n<p>Ved utforming av b\u00f8ttesylindere tas det hensyn til flere faktorer:<\/p>\n<ol>\n<li>B\u00e6reevne: Sylinderen skal kunne t\u00e5le de maksimale forventede belastningene for \u00e5 sikre sikker og p\u00e5litelig drift.<\/li>\n<li>Tetningsevne: Ulike tetningskomponenter, som stempeltetninger og stangtetninger, brukes for \u00e5 forhindre lekkasje og sikre effektiv drift.<\/li>\n<li>Holdbarhet: Sylinderen og dens gjengede ender er fint behandlet for \u00e5 forbedre slitestyrken og forlenge levetiden.<\/li>\n<li>Sikkerhet: Designet har sikkerhetsfunksjoner for \u00e5 forhindre ulykker og sikre operat\u00f8rbeskyttelse.<\/li>\n<li>Vedlikeholdbarhet: Enkel tilgang for vedlikehold, reparasjon og utskifting av komponenter vurderes for \u00e5 minimere nedetid.<\/li>\n<\/ol>\n<p><img decoding=\"async\" src=\"https:\/\/www.hydraulic-cylinders.net\/wp-content\/uploads\/2025\/01\/songte-oil-pipes-and-spare-parts.webp\" alt=\"Tetting og sm\u00f8ring bilde\"><\/p>\n<p>For tetting brukes ulike tetningselementer som polyuretan og nitrilgummi p\u00e5 grunn av slitestyrken. Sylinderhuset og gjengede ender gjennomg\u00e5r grundig overflatebehandling for \u00e5 forbedre slitestyrken. Regelmessig sm\u00f8ring med riktig mengde hydraulikkolje er n\u00f8dvendig for \u00e5 sikre problemfri drift.<\/p>\n<p>Regelmessige inspeksjoner og forebyggende vedlikeholdstiltak er avgj\u00f8rende for at b\u00f8ttesylinderen skal vare lenge og ha optimal ytelse:<\/p>\n<ul>\n<li>Sjekk regelmessig for lekkasjer, slitasje og skader.<\/li>\n<li>S\u00f8rg for riktig sm\u00f8ring av alle bevegelige deler.<\/li>\n<li>Skift ut pakninger etter behov.<\/li>\n<li>Utf\u00f8r kalibreringskontroller for \u00e5 opprettholde n\u00f8yaktigheten.<\/li>\n<\/ul>\n<p><img decoding=\"async\" src=\"https:\/\/www.hydraulic-cylinders.net\/wp-content\/uploads\/2025\/01\/songte-chushion-collar.webp\" alt=\"Vedlikeholdsoppgaver Bilde\"><\/p>\n<p>Sikkerhetshensyn og milj\u00f8faktorer er avgj\u00f8rende n\u00e5r man arbeider med b\u00f8ttesylindere. \u00c5 f\u00f8lge sikkerhetstiltakene under bruk av sylinderen sikrer ulykkesforebygging og f\u00f8rerens velv\u00e6re.<\/p>\n<p>N\u00e5r det gjelder feils\u00f8king og vanlige problemer, er her noen tips og l\u00f8sninger som kan hjelpe leserne med \u00e5 diagnostisere og l\u00f8se problemer effektivt, sammen med forebyggende tiltak for \u00e5 minimere potensielle problemer:<\/p>\n<p><img decoding=\"async\" src=\"https:\/\/www.hydraulic-cylinders.net\/wp-content\/uploads\/2025\/01\/songte-bushings-with-all-kinds-of-excavator-models.webp\" alt=\"Feils\u00f8kingsbilde\"><\/p>\n<h3>Om selskapet v\u00e5rt:<\/h3>\n<p>Vi er en ledende produsent og grossistdistribut\u00f8r av hydrauliske sylindere i det innenlandske og internasjonale markedet. V\u00e5rt selskap tilbyr et bredt spekter av produkter, i tr\u00e5d med prinsippene om kvalitet, og bruker strategier for industriell produksjonsstyring i v\u00e5re raffinerte produksjonsverksteder. Med sterk vekt p\u00e5 teknologiske talenter, avansert digitalt produksjonsutstyr og profesjonelle testsystemer, forbedrer vi kontinuerlig v\u00e5r produksjonsplattform og produksjonsruter for produktkvalitet. Vi har evnen til \u00e5 m\u00f8te ulike kundebehov med h\u00f8y effektivitet, presisjon og kvalitet.<\/p>\n<p><img decoding=\"async\" src=\"https:\/\/www.hydraulic-cylinders.net\/wp-content\/uploads\/2025\/01\/songte-company-3.webp\" alt=\"Selskapets image\"><\/p>\n<p>V\u00e5rt firma er kjent for sin profesjonalitet, internasjonale sertifiseringer, tilpassede tjenester, produksjonsutstyr og ettersalgsst\u00f8tte.<\/p>\n<h5>Forfatter: lyl<\/h5>","protected":false},"excerpt":{"rendered":"<p>Bucket Cylinder For Komatsu Wheel Excavator PW100S-3-5 Bucket cylinder is a specially designed hydraulic cylinder used to control the movement of the bucket in heavy machinery such as excavators, backhoe loaders, and wheel loaders. Its main function is to enable the bucket to lift, lower, and tilt, making it easier for various material handling tasks. [&hellip;]<\/p>","protected":false},"featured_media":14771,"comment_status":"open","ping_status":"closed","template":"","meta":{"_et_pb_use_builder":"","_et_pb_old_content":"","_et_gb_content_width":""},"product_brand":[],"product_cat":[1494],"product_tag":[1495,1496],"class_list":{"0":"post-15157","1":"product","2":"type-product","3":"status-publish","4":"has-post-thumbnail","6":"product_cat-bucket-cylinders","7":"product_tag-bucket-cylinders","8":"product_tag-hydraulic-cylinders","10":"first","11":"instock","12":"shipping-taxable","13":"product-type-simple"},"amp_enabled":true,"_links":{"self":[{"href":"https:\/\/www.hydraulic-cylinders.net\/nb\/wp-json\/wp\/v2\/product\/15157","targetHints":{"allow":["GET"]}}],"collection":[{"href":"https:\/\/www.hydraulic-cylinders.net\/nb\/wp-json\/wp\/v2\/product"}],"about":[{"href":"https:\/\/www.hydraulic-cylinders.net\/nb\/wp-json\/wp\/v2\/types\/product"}],"replies":[{"embeddable":true,"href":"https:\/\/www.hydraulic-cylinders.net\/nb\/wp-json\/wp\/v2\/comments?post=15157"}],"wp:featuredmedia":[{"embeddable":true,"href":"https:\/\/www.hydraulic-cylinders.net\/nb\/wp-json\/wp\/v2\/media\/14771"}],"wp:attachment":[{"href":"https:\/\/www.hydraulic-cylinders.net\/nb\/wp-json\/wp\/v2\/media?parent=15157"}],"wp:term":[{"taxonomy":"product_brand","embeddable":true,"href":"https:\/\/www.hydraulic-cylinders.net\/nb\/wp-json\/wp\/v2\/product_brand?post=15157"},{"taxonomy":"product_cat","embeddable":true,"href":"https:\/\/www.hydraulic-cylinders.net\/nb\/wp-json\/wp\/v2\/product_cat?post=15157"},{"taxonomy":"product_tag","embeddable":true,"href":"https:\/\/www.hydraulic-cylinders.net\/nb\/wp-json\/wp\/v2\/product_tag?post=15157"}],"curies":[{"name":"wp","href":"https:\/\/api.w.org\/{rel}","templated":true}]}}