{"id":15160,"date":"2025-01-19T14:10:53","date_gmt":"2025-01-19T14:10:53","guid":{"rendered":"https:\/\/www.hydraulic-cylinders.net\/product\/bucket-cylinder-for-komatsu-wheel-excavator-pw148-10\/"},"modified":"2025-01-19T14:10:55","modified_gmt":"2025-01-19T14:10:55","slug":"bucket-cylinder-for-komatsu-wheel-excavator-pw148-10","status":"publish","type":"product","link":"https:\/\/www.hydraulic-cylinders.net\/nb\/produkt\/bucket-cylinder-for-komatsu-wheel-excavator-pw148-10\/","title":{"rendered":"Skuffesylinder for Komatsu hjulgraver PW148-10"},"content":{"rendered":"<h1>Skuffesylinder for Komatsu hjulgraver PW148-10<\/h1>\n<h2>Introduksjon<\/h2>\n<p>Skuffesylinderen til Komatsu-hjulgraveren PW148-10 er en spesialdesignet hydraulisk sylinder som brukes til \u00e5 kontrollere bevegelsen til skuffen i tunge maskiner som gravemaskiner, traktorgravere og frontlastere. Hovedfunksjonen er \u00e5 gj\u00f8re det mulig for skuffen \u00e5 utf\u00f8re l\u00f8fte-, senke- og vippebevegelser, noe som gj\u00f8r den egnet for ulike materialh\u00e5ndteringsoppgaver. I det hydrauliske systemet oppn\u00e5r skuffesylinderen presis kontroll over skuffen gjennom endringer i hydraulikkoljetrykket, slik at operat\u00f8rer effektivt kan h\u00e5ndtere tunge laster og tilpasse seg komplekse arbeidsmilj\u00f8er og ulike jobbkrav.<\/p>\n<p><img decoding=\"async\" src=\"https:\/\/www.hydraulic-cylinders.net\/wp-content\/uploads\/2025\/01\/songte-company-2.webp\" alt=\"Bilde av b\u00f8ttesylinder\"><\/p>\n<h2>Funksjoner<\/h2>\n<ul>\n<li>H\u00f8y styrke og holdbarhet: Vanligvis laget av h\u00f8yfast st\u00e5l eller aluminium, t\u00e5ler den h\u00f8yt trykk og tunge belastninger, og tilpasser seg t\u00f8ffe arbeidsmilj\u00f8er. Designet tar hensyn til slitestyrke og korrosjonsbestandighet, noe som forlenger levetiden.<\/li>\n<li>Effektiv hydraulisk drift: Ved \u00e5 utnytte trykket fra hydraulikkoljen oppn\u00e5r den jevne teleskopbevegelser, reagerer raskt p\u00e5 kontrollkommandoer, gir kraftig skyve- og trekkekrefter og er egnet for h\u00e5ndtering av tunge belastninger og komplekse arbeidsoppgaver.<\/li>\n<li>Ulike typer: Tilgjengelig med enkeltvirkende (hydraulisk brukes kun i \u00e9n retning) eller dobbeltvirkende (hydraulisk brukes i begge retninger) sylindere for \u00e5 dekke ulike driftsbehov. Noen modeller er teleskopiske, noe som gir st\u00f8rre forlengelse uten \u00e5 \u00f8ke de ytre m\u00e5lene, noe som gj\u00f8r dem egnet for bruksomr\u00e5der med begrenset plass.<\/li>\n<\/ul>\n<p><img decoding=\"async\" src=\"https:\/\/www.hydraulic-cylinders.net\/wp-content\/uploads\/2025\/01\/songte-cylinder-head-with-all-kinds-excavator-models.webp\" alt=\"Produktbilde\"><\/p>\n<h2>Bruksomr\u00e5der<\/h2>\n<ul>\n<li>Anleggsutstyr: Finnes i gravemaskiner, og er viktige for utgraving, lasting og flytting av jord eller rusk. I gravemaskiner hjelper skuffesylinderen b\u00e5de til med utgraving og l\u00f8fting.<\/li>\n<li>Landbruksmaskiner: Brukes i frontlastere til \u00e5 utarbeide, l\u00f8fte og transportere jord, h\u00f8y og andre materialer.<\/li>\n<li>Gravemaskiner: Skuffesylinderen muliggj\u00f8r utgraving ved \u00e5 la skuffen trenge ned i jorden.<\/li>\n<li>Lastere: Frontlastere hjelper til med \u00e5 l\u00f8fte og tilte varer effektivt.<\/li>\n<\/ul>\n<h2>Designhensyn og utvalgskriterier<\/h2>\n<p>Ved utforming av b\u00f8ttesylinderen vurderes flere viktige faktorer:<\/p>\n<ul>\n<li>B\u00e6reevne: Sylinderen er konstruert for \u00e5 t\u00e5le de spesifiserte belastningene og fungere sikkert.<\/li>\n<li>Tetting: Ulike tetningskomponenter, som stempeltetninger og stangtetninger, brukes for \u00e5 sikre lekkasjefri ytelse. Tetningene er laget av slitesterke materialer som polyuretan og nitrilgummi.<\/li>\n<li>Holdbarhet: Sylinderhuset og gjengede ender gjennomg\u00e5r fin bearbeiding for \u00e5 forbedre slitestyrken og forlenge levetiden.<\/li>\n<li>Sikkerhet: Sikkerhetsfunksjoner er integrert for \u00e5 forhindre ulykker og sikre f\u00f8rerbeskyttelse.<\/li>\n<li>Vedlikeholdsvennlighet: Designet muliggj\u00f8r enkelt vedlikehold og reparasjon, noe som sikrer minimal nedetid.<\/li>\n<\/ul>\n<p><img decoding=\"async\" src=\"https:\/\/www.hydraulic-cylinders.net\/wp-content\/uploads\/2025\/01\/songte-oil-pipes-and-spare-parts.webp\" alt=\"Produktbilde\"><\/p>\n<h2>Tetting og sm\u00f8ring<\/h2>\n<p>Skuffesylinderen benytter forskjellige tetninger, som stempeltetninger og stangtetninger, som er laget av slitesterke materialer som polyuretan og nitrilgummi. Sylinderhuset og gjengede ender er fint bearbeidet for \u00e5 forbedre slitestyrken. Regelmessig sm\u00f8ring med riktig mengde hydraulikkolje er n\u00f8dvendig for \u00e5 sikre problemfri drift.<\/p>\n<h2>Regelmessig inspeksjon og forebyggende vedlikehold<\/h2>\n<ul>\n<li>Inspiser sylinderen regelmessig for tegn p\u00e5 skade eller slitasje.<\/li>\n<li>S\u00f8rg for riktig sm\u00f8ring for \u00e5 forhindre friksjon og forlenge sylinderens levetid.<\/li>\n<li>Skift ut slitte pakninger med jevne mellomrom for \u00e5 opprettholde optimal ytelse.<\/li>\n<li>Utf\u00f8r kalibreringskontroller for \u00e5 sikre presis drift.<\/li>\n<\/ul>\n<p><img decoding=\"async\" src=\"https:\/\/www.hydraulic-cylinders.net\/wp-content\/uploads\/2025\/01\/songte-chushion-collar.webp\" alt=\"Produktbilde\"><\/p>\n<h2>Sikkerhetshensyn og milj\u00f8faktorer<\/h2>\n<p>N\u00e5r du bruker b\u00f8ttesylinderen, er det viktig \u00e5 f\u00f8lge sikkerhetstiltak for \u00e5 forhindre ulykker og sikre f\u00f8rerens velv\u00e6re. Sikkerhetsforanstaltninger b\u00f8r tas for \u00e5 beskytte mot potensielle farer og milj\u00f8faktorer.<\/p>\n<h2>Feils\u00f8king og vanlige problemer<\/h2>\n<p>Noen vanlige problemer som kan oppst\u00e5 med b\u00f8ttesylinderen inkluderer lekkasje, utilstrekkelig kraft og unormale bevegelser. For \u00e5 diagnostisere og l\u00f8se disse problemene effektivt, b\u00f8r du vurdere f\u00f8lgende tips:<\/p>\n<ul>\n<li>Sjekk for tegn p\u00e5 oljelekkasje og reparer eller skift ut defekte pakninger.<\/li>\n<li>S\u00f8rg for at det hydrauliske systemet har tilstrekkelig trykk og str\u00f8mningshastighet.<\/li>\n<li>Inspiser alle tilkoblinger og beslag for l\u00f8se eller skadede komponenter.<\/li>\n<li>Se brukerh\u00e5ndboken for feils\u00f8kingsveiledning og f\u00f8lg de anbefalte l\u00f8sningene.<\/li>\n<\/ul>\n<p><img decoding=\"async\" src=\"https:\/\/www.hydraulic-cylinders.net\/wp-content\/uploads\/2025\/01\/songte-bushings-with-all-kinds-of-excavator-models.webp\" alt=\"Produktbilde\"><\/p>\n<h2>Selskapsoversikt<\/h2>\n<p>Vi er en ledende produsent og grossistdistribut\u00f8r av hydrauliske sylindere for utskifting. Med et bredt spekter av produkter har vi blitt en fremtredende akt\u00f8r i b\u00e5de innenlandske og internasjonale markeder. V\u00e5rt selskap er forpliktet til kvalitetssikring, og bruker industrialiserte produksjonsstyringsstrategier i v\u00e5re sofistikerte produksjonsverksteder. Vi forbedrer kontinuerlig v\u00e5r produksjonsplattform ved \u00e5 investere i teknologisk talent, avansert digitalt produksjonsutstyr og profesjonelle testsystemer. Dette har gjort det mulig for oss \u00e5 utvikle sterke evner til \u00e5 levere produkter med h\u00f8y effektivitet, presisjon og kvalitet som m\u00f8ter ulike kundebehov.<\/p>\n<p><img decoding=\"async\" src=\"https:\/\/hzpt.com\/wp-content\/uploads\/2024\/11\/songte-company-1.webp\" alt=\"Selskapets image\"><\/p>\n<p>V\u00e5r forpliktelse til \u00e5 levere eksepsjonelle produkter forsterkes av:<\/p>\n<ul>\n<li>Ekspertise innen hydrauliske sylindere.<\/li>\n<li>Internasjonale sertifiseringer som sikrer produktkvalitet og sikkerhetsstandarder.<\/li>\n<li>Tilpasningstjenester for \u00e5 m\u00f8te spesifikke krav.<\/li>\n<li>Toppmoderne produksjonsutstyr.<\/li>\n<li>Omfattende ettersalgsservice.<\/li>\n<\/ul>\n<p><img decoding=\"async\" src=\"https:\/\/www.hydraulic-cylinders.net\/wp-content\/uploads\/2025\/01\/songte-company-3.webp\" alt=\"Selskapets image\"><\/p>\n<p>Forfatter: lyl<\/p>","protected":false},"excerpt":{"rendered":"<p>Bucket Cylinder For Komatsu Wheel Excavator PW148-10 Introduction The bucket cylinder for Komatsu wheel excavator PW148-10 is a specially designed hydraulic cylinder used to control the movement of the bucket in heavy machinery such as excavators, backhoes, and front loaders. Its main function is to enable the bucket to perform lifting, lowering, and tilting actions, [&hellip;]<\/p>","protected":false},"featured_media":14762,"comment_status":"open","ping_status":"closed","template":"","meta":{"_et_pb_use_builder":"","_et_pb_old_content":"","_et_gb_content_width":""},"product_brand":[],"product_cat":[1494],"product_tag":[1495,1496],"class_list":{"0":"post-15160","1":"product","2":"type-product","3":"status-publish","4":"has-post-thumbnail","6":"product_cat-bucket-cylinders","7":"product_tag-bucket-cylinders","8":"product_tag-hydraulic-cylinders","10":"first","11":"instock","12":"shipping-taxable","13":"product-type-simple"},"amp_enabled":true,"_links":{"self":[{"href":"https:\/\/www.hydraulic-cylinders.net\/nb\/wp-json\/wp\/v2\/product\/15160","targetHints":{"allow":["GET"]}}],"collection":[{"href":"https:\/\/www.hydraulic-cylinders.net\/nb\/wp-json\/wp\/v2\/product"}],"about":[{"href":"https:\/\/www.hydraulic-cylinders.net\/nb\/wp-json\/wp\/v2\/types\/product"}],"replies":[{"embeddable":true,"href":"https:\/\/www.hydraulic-cylinders.net\/nb\/wp-json\/wp\/v2\/comments?post=15160"}],"wp:featuredmedia":[{"embeddable":true,"href":"https:\/\/www.hydraulic-cylinders.net\/nb\/wp-json\/wp\/v2\/media\/14762"}],"wp:attachment":[{"href":"https:\/\/www.hydraulic-cylinders.net\/nb\/wp-json\/wp\/v2\/media?parent=15160"}],"wp:term":[{"taxonomy":"product_brand","embeddable":true,"href":"https:\/\/www.hydraulic-cylinders.net\/nb\/wp-json\/wp\/v2\/product_brand?post=15160"},{"taxonomy":"product_cat","embeddable":true,"href":"https:\/\/www.hydraulic-cylinders.net\/nb\/wp-json\/wp\/v2\/product_cat?post=15160"},{"taxonomy":"product_tag","embeddable":true,"href":"https:\/\/www.hydraulic-cylinders.net\/nb\/wp-json\/wp\/v2\/product_tag?post=15160"}],"curies":[{"name":"wp","href":"https:\/\/api.w.org\/{rel}","templated":true}]}}