{"id":15169,"date":"2025-01-19T14:11:30","date_gmt":"2025-01-19T14:11:30","guid":{"rendered":"https:\/\/www.hydraulic-cylinders.net\/product\/bucket-cylinder-for-sumitomo-small-excavator-sh130-5\/"},"modified":"2025-01-19T14:11:32","modified_gmt":"2025-01-19T14:11:32","slug":"bucket-cylinder-for-sumitomo-small-excavator-sh130-5","status":"publish","type":"product","link":"https:\/\/www.hydraulic-cylinders.net\/nb\/produkt\/bucket-cylinder-for-sumitomo-small-excavator-sh130-5\/","title":{"rendered":"B\u00f8ttesylinder for Sumitomo liten gravemaskin SH130-5"},"content":{"rendered":"<h1>B\u00f8ttesylinder for Sumitomo liten gravemaskin SH130-5<\/h1>\n<h2>Introduksjon<\/h2>\n<p>A bucket cylinder is a specially designed hydraulic cylinder primarily used to control the movement of buckets in heavy machinery such as excavators, backhoes, and front loaders. Its main function is to allow the bucket to lift, lower, and tilt, making it easier to handle various material handling tasks. In the hydraulic system, the bucket cylinder controls the bucket&#8217;s precise movements with pressure changes in the hydraulic oil, allowing operators to efficiently handle heavy loads and adapt to complex working environments and diverse operation requirements.<\/p>\n<p><img decoding=\"async\" src=\"https:\/\/www.hydraulic-cylinders.net\/wp-content\/uploads\/2025\/01\/songte-company-2.webp\" alt=\"Bilde av b\u00f8ttesylinder\"><\/p>\n<h2>Funksjoner<\/h2>\n<ul>\n<li>H\u00f8y styrke og holdbarhet: Vanligvis laget av h\u00f8yfast st\u00e5l eller aluminium, t\u00e5ler den h\u00f8yt trykk og tunge belastninger, og tilpasser seg t\u00f8ffe arbeidsmilj\u00f8er. Designet tar hensyn til slitestyrke og korrosjonsbestandighet, noe som forlenger levetiden.<\/li>\n<li>Effektiv hydraulisk drift: Utnytter hydraulisk oljetrykk for \u00e5 oppn\u00e5 jevn teleskopbevegelse, reagerer raskt p\u00e5 kontrollkommandoer, gir kraftig skyve- og trekkekraft og er egnet for h\u00e5ndtering av tunge belastninger og komplekse driftsoppgaver.<\/li>\n<li>Flere typer: Kan velge enkeltvirkende (hydraulisk kun brukt i \u00e9n retning) eller dobbeltvirkende (hydraulisk brukt i begge retninger) sylindere i henhold til behov for \u00e5 m\u00f8te ulike driftskrav. Noen modeller er teleskopiske, noe som gir st\u00f8rre forlengelse uten \u00e5 \u00f8ke de ytre dimensjonene, egnet for plassbegrensede applikasjoner.<\/li>\n<li>Tilgjengelig for produksjon: Produktet v\u00e5rt kan erstatte den hydrauliske sylinderen perfekt. <\/li>\n<\/ul>\n<p><img decoding=\"async\" src=\"https:\/\/www.hydraulic-cylinders.net\/wp-content\/uploads\/2025\/01\/songte-cylinder-head-with-all-kinds-excavator-models.webp\" alt=\"Produktbilde\"><\/p>\n<h2>Bruksomr\u00e5der<\/h2>\n<h3>Anleggsutstyr<\/h3>\n<p>I gravemaskiner er de avgj\u00f8rende for graving, lasting og flytting av jord eller rusk. I gravemaskiner hjelper skuffesylindre med b\u00e5de graving og l\u00f8fting. <\/p>\n<h3>Landbruksmaskiner<\/h3>\n<p>Brukes til frontlastere, for opp\u00f8ping, l\u00f8fting og transport av jord, h\u00f8y og andre materialer. <\/p>\n<h3>Gravemaskiner<\/h3>\n<p>Skuffesylinderen lar skuffen trenge ned i jorden for \u00e5 oppn\u00e5 gravefunksjon. <\/p>\n<h3>Lastere<\/h3>\n<p>Skuffesylindere hjelper til med \u00e5 l\u00f8fte og tilte gods effektivt i frontlastere. <\/p>\n<h2>Designhensyn og utvalgskriterier<\/h2>\n<ul>\n<li>B\u00e6reevne: Sylinderen m\u00e5 kunne t\u00e5le maksimal belastning uten \u00e5 brekke eller deformeres.<\/li>\n<li>Tetting: Brukes diverse tetninger, som stempeltetninger og stangtetninger, laget av slitesterke materialer som polyuretan og nitrilgummi. Sylinderhuset og gjengeenden er fint bearbeidet for \u00e5 forbedre slitestyrken. <\/li>\n<li>Holdbarhet: Sylinderen m\u00e5 t\u00e5le kontinuerlig og tung bruk, og tilpasse seg t\u00f8ffe milj\u00f8er. <\/li>\n<li>Sikkerhet: Sylinderen skal ikke vise plutselig trykktap eller uventede bevegelser som kan sette utstyret eller operat\u00f8ren i fare. <\/li>\n<li>Vedlikeholdsvennlighet: Sylinderen m\u00e5 ha enkelt og regelmessig vedlikehold. <\/li>\n<\/ul>\n<p><img decoding=\"async\" src=\"https:\/\/www.hydraulic-cylinders.net\/wp-content\/uploads\/2025\/01\/songte-oil-pipes-and-spare-parts.webp\" alt=\"Bilde av produktdeler\"><\/p>\n<h2>Tetting og sm\u00f8ring<\/h2>\n<p>Ulike tetninger brukes, som stempeltetninger og stangtetninger, laget av slitesterke materialer som polyuretan og nitrilgummi. Sylinderhuset og gjengeflaten er fint bearbeidet for \u00e5 forbedre slitestyrken. Sylinderen m\u00e5 sm\u00f8res regelmessig med en passende mengde hydraulisk olje for sm\u00f8reform\u00e5l.<\/p>\n<h2>Vedlikehold og forebyggende tiltak<\/h2>\n<ul>\n<li>Regelmessig inspeksjon<\/li>\n<li>Riktig sm\u00f8ring<\/li>\n<li>Utskifting av pakning og kalibreringskontroll<\/li>\n<\/ul>\n<p>Riktig installasjon, sm\u00f8ring og justering er avgj\u00f8rende for sylinderens levetid. Under installasjonen, gi veiledning om korrekt sylinderjustering og foresl\u00e5 bruk av passende monteringsbraketter for \u00e5 feste sylinderen. Anbefal inspeksjon, reparasjon, utskiftingsprosedyrer og utskifting av deler og ombyggingstjenester for \u00e5 forlenge sylinderens levetid.<\/p>\n<p><img decoding=\"async\" src=\"https:\/\/www.hydraulic-cylinders.net\/wp-content\/uploads\/2025\/01\/songte-chushion-collar.webp\" alt=\"Produktets halsb\u00e5ndsbilde\"><\/p>\n<h2>Sikkerhetshensyn og milj\u00f8faktorer<\/h2>\n<p>N\u00e5r du bruker sylinderen, er det viktig \u00e5 f\u00f8lge sikkerhetstiltak for \u00e5 forhindre ulykker. Riktig avhending av hydraulisk olje og deler er n\u00f8dvendig for milj\u00f8vern.<\/p>\n<h2>Feils\u00f8king og vanlige problemer<\/h2>\n<p>Vanlige problemer med b\u00f8ttesylindere inkluderer lekkasje, skade p\u00e5 stempelstangen eller sylinderveggen, eller en b\u00f8yd eller \u00f8delagt stang. Inspeksjon og vedlikehold kan bidra til \u00e5 forhindre disse problemene.<\/p>\n<p>Hvis det oppst\u00e5r problemer, inkluderer diagnostiske og reparasjonsmetoder rengj\u00f8ring av sylinderen, utskifting av pakninger og korrigering av feiljustering. Forebyggende tiltak som regelmessig inspeksjon og vedlikehold kan redusere risikoen for potensielle problemer.<\/p>\n<p><img decoding=\"async\" src=\"https:\/\/www.hydraulic-cylinders.net\/wp-content\/uploads\/2025\/01\/songte-bushings-with-all-kinds-of-excavator-models.webp\" alt=\"Produktforinger bilde\"><\/p>\n<h2>Om selskapet v\u00e5rt<\/h2>\n<p>Vi er en produsent av hydrauliske sylinderutskiftninger med et komplett produktsortiment, og er en av de ledende produsentene og grossistdistribut\u00f8rene av hydrauliske sylindere i det innenlandske og internasjonale markedet. V\u00e5rt selskap f\u00f8lger prinsippet om utmerket kvalitet, og er avhengig av den industrialiserte produksjonsstyringsstrategien til fine produksjonsverksteder, og forbedrer kontinuerlig produksjonsplattformen til verkstedet ved bruk av tekniske talenter, digitalt high-end produksjonsutstyr og profesjonelle testsystemer. Vi har sterk kreativitet, og vi m\u00f8ter kundenes ulike behov med h\u00f8y effektivitet, h\u00f8y presisjon og h\u00f8y kvalitet.<\/p>\n<p><img decoding=\"async\" src=\"https:\/\/hzpt.com\/wp-content\/uploads\/2024\/11\/songte-company-1.webp\" alt=\"Selskapets image\"><\/p>\n<h3>Profesjonalitet<\/h3>\n<p>V\u00e5rt firma har et dedikert team av fagfolk som er eksperter innen produksjon av hydrauliske sylindere. <\/p>\n<h3>Internasjonal sertifisering<\/h3>\n<p>We have acquired various international certifications, including ISO9001, CE, RoHS, and SGS, ensuring our products&#8217; quality and safety. <\/p>\n<h3>Tilpasningstjenester<\/h3>\n<p>Vi tilbyr skreddersydde tjenester for \u00e5 m\u00f8te spesifikke kundekrav.<\/p>\n<h3>Produksjonsutstyr<\/h3>\n<p>V\u00e5rt firma har et komplett utvalg av avansert produksjonsutstyr, inkludert dreiebenker, slipemaskiner, fresemaskiner og testutstyr, noe som sikrer kvaliteten p\u00e5 produktene v\u00e5re.<\/p>\n<h3>Ettersalgsservice<\/h3>\n<p>Vi tilbyr utmerket ettersalgsservice, inkludert teknisk st\u00f8tte og feils\u00f8king av produkter. <\/p>\n<p>Forfatter: lyl.<\/p>","protected":false},"excerpt":{"rendered":"<p>Bucket Cylinder For Sumitomo Small Excavator SH130-5 Introduction A bucket cylinder is a specially designed hydraulic cylinder primarily used to control the movement of buckets in heavy machinery such as excavators, backhoes, and front loaders. Its main function is to allow the bucket to lift, lower, and tilt, making it easier to handle various material [&hellip;]<\/p>","protected":false},"featured_media":14778,"comment_status":"open","ping_status":"closed","template":"","meta":{"_et_pb_use_builder":"","_et_pb_old_content":"","_et_gb_content_width":""},"product_brand":[],"product_cat":[1494],"product_tag":[1495,1496],"class_list":{"0":"post-15169","1":"product","2":"type-product","3":"status-publish","4":"has-post-thumbnail","6":"product_cat-bucket-cylinders","7":"product_tag-bucket-cylinders","8":"product_tag-hydraulic-cylinders","10":"first","11":"instock","12":"shipping-taxable","13":"product-type-simple"},"amp_enabled":true,"_links":{"self":[{"href":"https:\/\/www.hydraulic-cylinders.net\/nb\/wp-json\/wp\/v2\/product\/15169","targetHints":{"allow":["GET"]}}],"collection":[{"href":"https:\/\/www.hydraulic-cylinders.net\/nb\/wp-json\/wp\/v2\/product"}],"about":[{"href":"https:\/\/www.hydraulic-cylinders.net\/nb\/wp-json\/wp\/v2\/types\/product"}],"replies":[{"embeddable":true,"href":"https:\/\/www.hydraulic-cylinders.net\/nb\/wp-json\/wp\/v2\/comments?post=15169"}],"wp:featuredmedia":[{"embeddable":true,"href":"https:\/\/www.hydraulic-cylinders.net\/nb\/wp-json\/wp\/v2\/media\/14778"}],"wp:attachment":[{"href":"https:\/\/www.hydraulic-cylinders.net\/nb\/wp-json\/wp\/v2\/media?parent=15169"}],"wp:term":[{"taxonomy":"product_brand","embeddable":true,"href":"https:\/\/www.hydraulic-cylinders.net\/nb\/wp-json\/wp\/v2\/product_brand?post=15169"},{"taxonomy":"product_cat","embeddable":true,"href":"https:\/\/www.hydraulic-cylinders.net\/nb\/wp-json\/wp\/v2\/product_cat?post=15169"},{"taxonomy":"product_tag","embeddable":true,"href":"https:\/\/www.hydraulic-cylinders.net\/nb\/wp-json\/wp\/v2\/product_tag?post=15169"}],"curies":[{"name":"wp","href":"https:\/\/api.w.org\/{rel}","templated":true}]}}