{"id":15172,"date":"2025-01-19T14:11:42","date_gmt":"2025-01-19T14:11:42","guid":{"rendered":"https:\/\/www.hydraulic-cylinders.net\/product\/bucket-cylinder-for-sumitomo-small-excavator-sh120a1a2a3\/"},"modified":"2025-01-19T14:11:50","modified_gmt":"2025-01-19T14:11:50","slug":"bucket-cylinder-for-sumitomo-small-excavator-sh120a1a2a3","status":"publish","type":"product","link":"https:\/\/www.hydraulic-cylinders.net\/nb\/produkt\/bucket-cylinder-for-sumitomo-small-excavator-sh120a1a2a3\/","title":{"rendered":"B\u00f8ttesylinder for Sumitomo liten gravemaskin SH120A1A2A3"},"content":{"rendered":"<p><!DOCTYPE html><br \/>\n<html><br \/>\n<head><br \/>\n<title>B\u00f8ttesylinder for Sumitomo liten gravemaskin SH120A1A2A3<\/title><br \/>\n<\/head><br \/>\n<body><\/p>\n<h1>B\u00f8ttesylinder for Sumitomo liten gravemaskin SH120A1A2A3<\/h1>\n<h2>Introduksjon<\/h2>\n<p>Skuffesylinderen til Sumitomo liten gravemaskin SH120A1A2A3 er en spesialisert hydraulisk sylinder designet for \u00e5 kontrollere bevegelsen til skuffen i tunge maskiner som gravemaskiner, traktorgravere og frontlastere. Hovedfunksjonen er \u00e5 muliggj\u00f8re l\u00f8fting, senking og tilting av skuffen, noe som forenkler ulike materialh\u00e5ndteringsoppgaver. I hydrauliske systemer oppn\u00e5r skuffesylinderen presis kontroll over skuffen ved \u00e5 utnytte trykkendringene i hydraulikkoljen, slik at operat\u00f8rer effektivt kan h\u00e5ndtere tunge laster og tilpasse seg komplekse arbeidsmilj\u00f8er og ulike jobbkrav.<\/p>\n<p><img decoding=\"async\" src=\"https:\/\/www.hydraulic-cylinders.net\/wp-content\/uploads\/2025\/01\/songte-company-2.webp\" alt=\"Bilde av b\u00f8ttesylinder\"><\/p>\n<h2>Funksjoner<\/h2>\n<ul>\n<li><strong>H\u00f8y styrke og holdbarhet:<\/strong> B\u00f8ttesylinderen er vanligvis laget av h\u00f8yfast st\u00e5l eller aluminium, og t\u00e5ler h\u00f8yt trykk og tunge belastninger, og tilpasser seg t\u00f8ffe arbeidsforhold. Designet tar hensyn til slitestyrke og korrosjonsmotstand, noe som forlenger levetiden.<\/li>\n<li><strong>Effektiv hydraulisk drift:<\/strong> Ved \u00e5 utnytte trykket fra hydraulikkoljen oppn\u00e5r skuffesylinderen jevne forlengelses- og inntrekksbevegelser, noe som gir rask respons p\u00e5 kontrollkommandoer og leverer kraftige skyve- og trekkkrefter, noe som gj\u00f8r den egnet for h\u00e5ndtering av tunge lass og komplekse arbeidsoppgaver.<\/li>\n<li><strong>Allsidige typer:<\/strong> Skuffesylinderen kan velges som enkeltvirkende (hydraulisk trykk p\u00e5f\u00f8res kun i \u00e9n retning) eller dobbeltvirkende (hydraulisk trykk p\u00e5f\u00f8res i begge retninger) sylindere i henhold til spesifikke driftsbehov. Noen modeller er teleskopiske, noe som gir st\u00f8rre forlengelse uten \u00e5 \u00f8ke de ytre m\u00e5lene, noe som gj\u00f8r dem ideelle for applikasjoner med begrenset plass.<\/li>\n<li><strong>Produktutskifting:<\/strong> Produktene v\u00e5re kan erstatte disse hydrauliske sylindrene perfekt.<\/li>\n<\/ul>\n<p><img decoding=\"async\" src=\"https:\/\/www.hydraulic-cylinders.net\/wp-content\/uploads\/2025\/01\/songte-cylinder-head-with-all-kinds-excavator-models.webp\" alt=\"Produktutskiftningsbilde\"><\/p>\n<h2>Bruksomr\u00e5der<\/h2>\n<p>Skuffesylinderen til Sumitomo liten gravemaskin SH120A1A2A3 finner sine bruksomr\u00e5der i diverse utstyr:<\/p>\n<ul>\n<li>Anleggsutstyr: I gravemaskiner er de avgj\u00f8rende for utgraving, lasting og flytting av jord eller rusk. I gravemaskiner hjelper skuffesylinderen til med b\u00e5de graving og l\u00f8fting.<\/li>\n<li>Landbruksmaskiner: Brukes i frontlastere til \u00e5 utarbeide, l\u00f8fte og transportere jord, h\u00f8y og andre materialer.<\/li>\n<li>Gravemaskiner: Skuffesylinderen muliggj\u00f8r graveaksjoner ved \u00e5 la skuffen trenge ned i jorden.<\/li>\n<li>Lastere: I frontlastere hjelper de med effektiv l\u00f8fting og lossing av varer.<\/li>\n<\/ul>\n<h2>Designhensyn og utvalgskriterier<\/h2>\n<ul>\n<li><strong>B\u00e6reevne:<\/strong> Skuffesylinderen er konstruert for \u00e5 h\u00e5ndtere tunge belastninger og t\u00e5le h\u00f8yt trykk.<\/li>\n<li><strong>Tetting:<\/strong> Ulike tetningskomponenter som stempeltetninger og stangtetninger brukes, med materialer som polyuretan og nitrilgummi som er kjent for sin slitestyrke.<\/li>\n<li><strong>Varighet:<\/strong> Sylinderhuset og gjengede ender gjennomg\u00e5r finbearbeiding for \u00e5 forbedre slitestyrken.<\/li>\n<li><strong>Sikkerhet:<\/strong> Sikkerhetstiltak vurderes under designprosessen for \u00e5 sikre sikker drift.<\/li>\n<li><strong>Vedlikeholdbarhet:<\/strong> Skuffesylinderen krever regelmessig inspeksjon og forebyggende vedlikehold for \u00e5 sikre optimal ytelse.<\/li>\n<\/ul>\n<p><img decoding=\"async\" src=\"https:\/\/www.hydraulic-cylinders.net\/wp-content\/uploads\/2025\/01\/songte-oil-pipes-and-spare-parts.webp\" alt=\"Designhensyn Bilde\"><\/p>\n<h2>Tetting og sm\u00f8ring<\/h2>\n<p>Skuffesylinderen benytter forskjellige tetningskomponenter, som stempeltetninger og stangtetninger, som er laget av slitesterke materialer som polyuretan og nitrilgummi. Sylinderhuset og gjengede ender gjennomg\u00e5r fin bearbeiding for \u00e5 forbedre slitestyrken. Regelmessig sm\u00f8ring med riktig mengde hydraulikkolje er n\u00f8dvendig for \u00e5 sikre problemfri drift.<\/p>\n<h2>Regelmessig inspeksjon og forebyggende vedlikehold<\/h2>\n<ul>\n<li>Inspiser b\u00f8ttesylinderen regelmessig for tegn p\u00e5 skade eller slitasje.<\/li>\n<li>S\u00f8rg for riktig sm\u00f8ring for \u00e5 forhindre friksjon og redusere slitasje.<\/li>\n<li>Skift ut slitte eller skadede pakninger for \u00e5 opprettholde optimal ytelse.<\/li>\n<li>Utf\u00f8r kalibreringskontroller for \u00e5 sikre n\u00f8yaktig drift.<\/li>\n<\/ul>\n<p><img decoding=\"async\" src=\"https:\/\/www.hydraulic-cylinders.net\/wp-content\/uploads\/2025\/01\/songte-chushion-collar.webp\" alt=\"Regelmessig inspeksjonsbilde\"><\/p>\n<h2>Sikkerhetshensyn og milj\u00f8faktorer<\/h2>\n<p>N\u00e5r du bruker b\u00f8ttesylinderen, er det viktig \u00e5 f\u00f8lge sikkerhetstiltak for \u00e5 forhindre ulykker og sikre et trygt arbeidsmilj\u00f8. Riktig oppl\u00e6ring og overholdelse av sikkerhetsretningslinjer er avgj\u00f8rende.<\/p>\n<h2>Feildiagnose og feils\u00f8king<\/h2>\n<p>Ved feil er det viktig \u00e5 diagnostisere problemet og bruke passende feils\u00f8kingsmetoder. Rask h\u00e5ndtering og l\u00f8sning av problemer vil sikre optimal ytelse for b\u00f8ttesylinderen. Forebyggende tiltak b\u00f8r ogs\u00e5 iverksettes for \u00e5 minimere potensielle problemer.<\/p>\n<p><img decoding=\"async\" src=\"https:\/\/www.hydraulic-cylinders.net\/wp-content\/uploads\/2025\/01\/songte-bushings-with-all-kinds-of-excavator-models.webp\" alt=\"Bilde av feildiagnose\"><\/p>\n<h2>Introduksjon til selskapet<\/h2>\n<p>Vi er en produsent av hydrauliske sylindere for utskifting. V\u00e5rt firma tilbyr et bredt spekter av produkter og har blitt en av de ledende produsentene og grossistdistribut\u00f8rene av hydrauliske sylindere i b\u00e5de innenlandske og internasjonale markeder. Vi f\u00f8lger prinsippene om kvalitet og bruker industrialiserte produksjonsstyringsstrategier i v\u00e5re velutstyrte produksjonsverksteder. Vi forbedrer kontinuerlig produksjonsplattformen v\u00e5r, forbedrer produktkvaliteten og produksjonsrutene v\u00e5re og har sterke kreative evner. Med h\u00f8y effektivitet, presisjon og kvalitet tar vi sikte p\u00e5 \u00e5 m\u00f8te ulike kundebehov.<\/p>\n<p><img decoding=\"async\" src=\"https:\/\/hzpt.com\/wp-content\/uploads\/2024\/11\/songte-company-1.webp\" alt=\"Selskapets image\"><\/p>\n<h3>Profesjonalitet:<\/h3>\n<p>V\u00e5rt firma opererer med profesjonalitet og sikrer de h\u00f8yeste standardene for kvalitet og service.<\/p>\n<h3>Internasjonal sertifisering:<\/h3>\n<p>Vi har oppn\u00e5dd internasjonale sertifiseringer som demonstrerer v\u00e5r forpliktelse til kvalitet og samsvar.<\/p>\n<h3>Tilpasningstjenester:<\/h3>\n<p>Vi tilbyr tilpasningstjenester for \u00e5 im\u00f8tekomme spesifikke kundekrav.<\/p>\n<h3>Produksjonsutstyr:<\/h3>\n<p>Vi bruker avansert produksjonsutstyr for \u00e5 sikre effektiv og presis produksjon.<\/p>\n<h3>Ettersalgsservice:<\/h3>\n<p>Vi tilbyr omfattende ettersalgstjenester for \u00e5 sikre kundetilfredshet og st\u00f8tte.<\/p>\n<p><img decoding=\"async\" src=\"https:\/\/www.hydraulic-cylinders.net\/wp-content\/uploads\/2025\/01\/songte-company-3.webp\" alt=\"Bilde av selskapets introduksjon\"><\/p>\n<p>Forfatter: lyl<\/p>\n<p><\/body><br \/>\n<\/html><\/p>","protected":false},"excerpt":{"rendered":"<p>Bucket Cylinder For Sumitomo Small Excavator SH120A1A2A3 Bucket Cylinder For Sumitomo Small Excavator SH120A1A2A3 Introduction The bucket cylinder for Sumitomo small excavator SH120A1A2A3 is a specialized hydraulic cylinder designed to control the movement of the bucket in heavy machinery such as excavators, backhoe loaders, and front-end loaders. Its main function is to enable the lifting, [&hellip;]<\/p>","protected":false},"featured_media":14771,"comment_status":"open","ping_status":"closed","template":"","meta":{"_et_pb_use_builder":"","_et_pb_old_content":"","_et_gb_content_width":""},"product_brand":[],"product_cat":[1494],"product_tag":[1495,1496],"class_list":{"0":"post-15172","1":"product","2":"type-product","3":"status-publish","4":"has-post-thumbnail","6":"product_cat-bucket-cylinders","7":"product_tag-bucket-cylinders","8":"product_tag-hydraulic-cylinders","10":"first","11":"instock","12":"shipping-taxable","13":"product-type-simple"},"amp_enabled":true,"_links":{"self":[{"href":"https:\/\/www.hydraulic-cylinders.net\/nb\/wp-json\/wp\/v2\/product\/15172","targetHints":{"allow":["GET"]}}],"collection":[{"href":"https:\/\/www.hydraulic-cylinders.net\/nb\/wp-json\/wp\/v2\/product"}],"about":[{"href":"https:\/\/www.hydraulic-cylinders.net\/nb\/wp-json\/wp\/v2\/types\/product"}],"replies":[{"embeddable":true,"href":"https:\/\/www.hydraulic-cylinders.net\/nb\/wp-json\/wp\/v2\/comments?post=15172"}],"wp:featuredmedia":[{"embeddable":true,"href":"https:\/\/www.hydraulic-cylinders.net\/nb\/wp-json\/wp\/v2\/media\/14771"}],"wp:attachment":[{"href":"https:\/\/www.hydraulic-cylinders.net\/nb\/wp-json\/wp\/v2\/media?parent=15172"}],"wp:term":[{"taxonomy":"product_brand","embeddable":true,"href":"https:\/\/www.hydraulic-cylinders.net\/nb\/wp-json\/wp\/v2\/product_brand?post=15172"},{"taxonomy":"product_cat","embeddable":true,"href":"https:\/\/www.hydraulic-cylinders.net\/nb\/wp-json\/wp\/v2\/product_cat?post=15172"},{"taxonomy":"product_tag","embeddable":true,"href":"https:\/\/www.hydraulic-cylinders.net\/nb\/wp-json\/wp\/v2\/product_tag?post=15172"}],"curies":[{"name":"wp","href":"https:\/\/api.w.org\/{rel}","templated":true}]}}