{"id":15174,"date":"2025-01-19T14:11:57","date_gmt":"2025-01-19T14:11:57","guid":{"rendered":"https:\/\/www.hydraulic-cylinders.net\/product\/bucket-cylinder-for-sumitomo-middle-excavator-sh200a1a2a3\/"},"modified":"2025-01-19T14:11:58","modified_gmt":"2025-01-19T14:11:58","slug":"bucket-cylinder-for-sumitomo-middle-excavator-sh200a1a2a3","status":"publish","type":"product","link":"https:\/\/www.hydraulic-cylinders.net\/nb\/produkt\/bucket-cylinder-for-sumitomo-middle-excavator-sh200a1a2a3\/","title":{"rendered":"B\u00f8ttesylinder for Sumitomo mellomgraver SH200A1A2A3"},"content":{"rendered":"<h1>B\u00f8ttesylinder for Sumitomo mellomgraver SH200A1A2A3<\/h1>\n<h2>Introduksjon<\/h2>\n<p>Skuffesylinderen til Sumitomo-middels gravemaskin SH200A1A2A3 er en spesialisert hydraulisk sylinder som brukes til \u00e5 kontrollere bevegelsen til spader i tunge maskiner som gravemaskiner, traktorgravere og frontlastere. Hovedform\u00e5let er \u00e5 forenkle ulike materialh\u00e5ndteringsoppgaver ved \u00e5 gj\u00f8re det mulig for spaden \u00e5 l\u00f8fte, senke og tilte n\u00f8yaktig. I hydrauliske systemer gir skuffesylinderen presis kontroll av spaden gjennom endringer i hydraulikkoljetrykket, slik at operat\u00f8rer effektivt kan h\u00e5ndtere tunge lass og tilpasse seg komplekse arbeidsmilj\u00f8er og ulike jobbkrav.<\/p>\n<p><img decoding=\"async\" src=\"https:\/\/www.hydraulic-cylinders.net\/wp-content\/uploads\/2025\/01\/songte-company-2.webp\" alt=\"Bilde av b\u00f8ttesylinder\"><\/p>\n<h2>Funksjoner<\/h2>\n<ul>\n<li>\n<h3>H\u00f8y styrke og holdbarhet<\/h3>\n<p>Skuffesylinderen er vanligvis laget av h\u00f8yfast st\u00e5l eller aluminium, som t\u00e5ler h\u00f8yt trykk og tunge belastninger, og er konstruert med slitestyrke og korrosjonsbestandighet i tankene for \u00e5 forlenge levetiden.<\/p>\n<\/li>\n<li>\n<h3>Effektiv hydraulisk drift<\/h3>\n<p>Skuffesylinderen bruker hydraulisk oljetrykk for \u00e5 oppn\u00e5 jevn teleskopbevegelse, reagere raskt p\u00e5 kontrollkommandoer, gi kraftige skyve- og trekkekrefter, og er egnet for h\u00e5ndtering av tunge lass og komplekse driftsoppgaver.<\/p>\n<\/li>\n<li>\n<h3>Flere typer<\/h3>\n<p>Skuffesylinderen kan v\u00e6re en enkeltvirkende hydraulisk sylinder (bruker hydraulikk i kun \u00e9n retning) eller dobbeltvirkende hydraulisk sylinder (bruker hydraulikk i to retninger) avhengig av behovet, og noen modeller er teleskopiske, noe som tillater st\u00f8rre forlengelse uten \u00e5 \u00f8ke de ytre dimensjonene, egnet for plassbegrensede applikasjoner.<\/p>\n<\/li>\n<li>\n<h3>Utskiftbar<\/h3>\n<p>V\u00e5rt firma kan produsere dette produktet, og produktet v\u00e5rt kan erstatte disse hydrauliske sylindrene perfekt.<\/p>\n<\/li>\n<li>\n<h3>Bruksomr\u00e5der<\/h3>\n<p>Skuffesylinderen kan brukes til diverse utstyr, for eksempel:<\/p>\n<ul>\n<li>Anleggsutstyr: I gravemaskiner er de viktige for graving, lasting og flytting av jord eller rusk. I gravemaskiner hjelper sylinderen med graving og l\u00f8fting. <\/li>\n<li>Landbruksmaskiner: Brukes til frontlastere, for \u00e5 plukke opp, l\u00f8fte og transportere jord, h\u00f8y og andre materialer. <\/li>\n<li>Gravemaskiner: Spadesylinderen muliggj\u00f8r utgraving ved \u00e5 la spaden trenge ned i jorden. <\/li>\n<li>Lastere: I frontlastere hjelper de med \u00e5 l\u00f8fte og tilte varer effektivt. <\/li>\n<\/ul>\n<\/li>\n<\/ul>\n<h2>Designhensyn og utvalgskriterier<\/h2>\n<p>Fra et designperspektiv m\u00e5 b\u00f8ttesylinderen ta hensyn til f\u00f8lgende:<\/p>\n<ul>\n<li>\n<h3>B\u00e6reevne<\/h3>\n<p>Skuffesylinderen m\u00e5 ha tilstrekkelig b\u00e6reevne til \u00e5 t\u00e5le den n\u00f8dvendige belastningen, og sikre at den ikke deformeres, sprekker eller brekker under drift. <\/p>\n<\/li>\n<li>\n<h3>Tetting og holdbarhet<\/h3>\n<p>B\u00f8ttesylinderen m\u00e5 ha utmerket tetningsevne, som forhindrer lekkasje av hydraulisk olje og inntrenging av vann\/slam. Sylinderen m\u00e5 v\u00e6re laget av h\u00f8yfaste og slitesterke materialer, og sylinderhuset og den gjengede endeflaten m\u00e5 v\u00e6re finbearbeidet for \u00e5 forbedre slitestyrken.<\/p>\n<\/li>\n<li>\n<h3>Sikkerhet og vedlikehold<\/h3>\n<p>Skuffesylinderen m\u00e5 konstrueres med tanke p\u00e5 sikkerhet og vedlikehold, slik at sylinderen ikke for\u00e5rsaker ulykker under drift og at den er enkel \u00e5 demontere, inspisere og reparere n\u00e5r det er n\u00f8dvendig. <\/p>\n<\/li>\n<\/ul>\n<p><img decoding=\"async\" src=\"https:\/\/www.hydraulic-cylinders.net\/wp-content\/uploads\/2025\/01\/songte-oil-pipes-and-spare-parts.webp\" alt=\"Deler bilde\"><\/p>\n<h2>Tetting og sm\u00f8ring<\/h2>\n<p>Skuffesylinderen bruker ulike typer tetninger, som stempeltetninger, stangtetninger osv. Tetningsmaterialene er vanligvis laget av slitesterke materialer som polyuretan og nitrilgummi. Sylinderhuset og den gjengede endeflaten er fint bearbeidet for \u00e5 forbedre slitestyrken og forlenge sylinderens levetid. Regelmessig tilsetning av passende mengde hydraulikkolje er n\u00f8dvendig for \u00e5 opprettholde skuffesylinderens sm\u00f8ring for jevn drift.<\/p>\n<h2>Vedlikehold og reparasjon<\/h2>\n<p>Riktig vedlikehold og reparasjon er avgj\u00f8rende for \u00e5 sikre at b\u00f8ttesylinderen fungerer effektivt og trygt. Regelmessige inspeksjoner, riktig sm\u00f8ring og utskifting av pakninger og kalibreringskontroller er vanlige vedlikeholdsoppgaver som b\u00f8r utf\u00f8res. Riktig justering av sylinderen under installasjon er viktig, og det anbefales \u00e5 bruke passende installasjonsbraketter for \u00e5 feste sylinderen. Vi anbefaler \u00e5 bruke v\u00e5re inspeksjons-, reparasjons- og utskiftingsprogrammer for \u00e5 maksimere sylinderens levetid.<\/p>\n<p><img decoding=\"async\" src=\"https:\/\/www.hydraulic-cylinders.net\/wp-content\/uploads\/2025\/01\/songte-chushion-collar.webp\" alt=\"Putekragebilde\"><\/p>\n<h2>Sikkerhetshensyn og milj\u00f8faktorer<\/h2>\n<p>N\u00e5r du bruker b\u00f8ttesylinderen, er det viktig \u00e5 f\u00f8lge sikkerhetstiltak som \u00e5 bruke verneutstyr og utf\u00f8re regelmessig vedlikehold. Milj\u00f8faktorer som temperatur, fuktighet og st\u00f8v b\u00f8r ogs\u00e5 tas i betraktning, og det m\u00e5 tas passende beskyttelse for \u00e5 forhindre skade p\u00e5 sylinderen.<\/p>\n<h2>Diagnostiske og vanlige problemer<\/h2>\n<p>Noen vanlige problemer med b\u00f8ttesylindere inkluderer oljelekkasje, treg respons, utilstrekkelig kraft og unormal st\u00f8y. V\u00e5rt firma kan tilby tips og l\u00f8sninger for disse problemene, for eksempel \u00e5 bytte pakninger, rengj\u00f8re oljen og diagnostisere og reparere strukturelle problemer.<\/p>\n<p><img decoding=\"async\" src=\"https:\/\/www.hydraulic-cylinders.net\/wp-content\/uploads\/2025\/01\/songte-bushings-with-all-kinds-of-excavator-models.webp\" alt=\"Bilde av foringer\"><\/p>\n<h2>Om selskapet v\u00e5rt<\/h2>\n<p>V\u00e5rt firma er en produsent av hydrauliske sylindere for utskifting. Med et komplett produktsortiment har vi blitt en av de ledende produsentene og grossistdistribut\u00f8rene av hydrauliske sylindere i innenlandske og internasjonale markeder. Vi f\u00f8lger en policy om utmerket kvalitet, stoler p\u00e5 industrialisert produksjonsstyring i det raffinerte produksjonsverkstedet, forbedrer kontinuerlig produksjonsplattformen i verkstedet, perfeksjonerer produktets kvalitetsproduksjonsrute og har sterk kreativ evne. Vi tilbyr effektive, presise og h\u00f8ykvalitetsprodukter for \u00e5 m\u00f8te kundenes ulike behov.<\/p>\n<p>V\u00e5rt firma spesialiserer seg p\u00e5 \u00e5 tilby profesjonelle, internasjonalt sertifiserte, tilpassede tjenester og produksjonsutstyr. V\u00e5r ettersalgsservice inkluderer regelmessig vedlikehold, sm\u00f8ring, utskifting av pakninger og kalibreringskontroller. Vi anbefaler \u00e5 bruke v\u00e5re inspeksjons-, reparasjons- og utskiftingsprogrammer for \u00e5 maksimere sylinderens levetid.<\/p>\n<p><img decoding=\"async\" src=\"https:\/\/hzpt.com\/wp-content\/uploads\/2024\/11\/songte-company-1.webp\" alt=\"Selskapets image\"><\/p>\n<p>Forfatter: lyl<\/p>","protected":false},"excerpt":{"rendered":"<p>Bucket Cylinder For Sumitomo Middle Excavator SH200A1A2A3 Introduction The bucket cylinder for Sumitomo middle excavator SH200A1A2A3 is a specialized hydraulic cylinder used to control the movement of shovels in heavy machinery such as excavators, backhoe excavators, and front loaders. Its main purpose is to facilitate various material handling tasks by enabling the shovel to lift, [&hellip;]<\/p>","protected":false},"featured_media":14765,"comment_status":"open","ping_status":"closed","template":"","meta":{"_et_pb_use_builder":"","_et_pb_old_content":"","_et_gb_content_width":""},"product_brand":[],"product_cat":[1494],"product_tag":[1495,1496],"class_list":{"0":"post-15174","1":"product","2":"type-product","3":"status-publish","4":"has-post-thumbnail","6":"product_cat-bucket-cylinders","7":"product_tag-bucket-cylinders","8":"product_tag-hydraulic-cylinders","10":"first","11":"instock","12":"shipping-taxable","13":"product-type-simple"},"amp_enabled":true,"_links":{"self":[{"href":"https:\/\/www.hydraulic-cylinders.net\/nb\/wp-json\/wp\/v2\/product\/15174","targetHints":{"allow":["GET"]}}],"collection":[{"href":"https:\/\/www.hydraulic-cylinders.net\/nb\/wp-json\/wp\/v2\/product"}],"about":[{"href":"https:\/\/www.hydraulic-cylinders.net\/nb\/wp-json\/wp\/v2\/types\/product"}],"replies":[{"embeddable":true,"href":"https:\/\/www.hydraulic-cylinders.net\/nb\/wp-json\/wp\/v2\/comments?post=15174"}],"wp:featuredmedia":[{"embeddable":true,"href":"https:\/\/www.hydraulic-cylinders.net\/nb\/wp-json\/wp\/v2\/media\/14765"}],"wp:attachment":[{"href":"https:\/\/www.hydraulic-cylinders.net\/nb\/wp-json\/wp\/v2\/media?parent=15174"}],"wp:term":[{"taxonomy":"product_brand","embeddable":true,"href":"https:\/\/www.hydraulic-cylinders.net\/nb\/wp-json\/wp\/v2\/product_brand?post=15174"},{"taxonomy":"product_cat","embeddable":true,"href":"https:\/\/www.hydraulic-cylinders.net\/nb\/wp-json\/wp\/v2\/product_cat?post=15174"},{"taxonomy":"product_tag","embeddable":true,"href":"https:\/\/www.hydraulic-cylinders.net\/nb\/wp-json\/wp\/v2\/product_tag?post=15174"}],"curies":[{"name":"wp","href":"https:\/\/api.w.org\/{rel}","templated":true}]}}