{"id":15175,"date":"2025-01-19T14:12:01","date_gmt":"2025-01-19T14:12:01","guid":{"rendered":"https:\/\/www.hydraulic-cylinders.net\/product\/bucket-cylinder-for-sumitomo-middle-excavator-sh210-5\/"},"modified":"2025-01-19T14:12:03","modified_gmt":"2025-01-19T14:12:03","slug":"bucket-cylinder-for-sumitomo-middle-excavator-sh210-5","status":"publish","type":"product","link":"https:\/\/www.hydraulic-cylinders.net\/nb\/produkt\/bucket-cylinder-for-sumitomo-middle-excavator-sh210-5\/","title":{"rendered":"B\u00f8ttesylinder for Sumitomo mellomgraver SH210-5"},"content":{"rendered":"<h1>B\u00f8ttesylinder for Sumitomo mellomgraver SH210-5<\/h1>\n<h2>Introduksjon<\/h2>\n<p>Skuffesylinderen til Sumitomo-midtgraveren SH210-5 er en spesialdesignet hydraulisk sylinder som brukes til \u00e5 kontrollere bevegelsen til skuffen i tunge maskiner som gravemaskiner, traktorgravere og frontlastere. Hovedfunksjonen er \u00e5 gj\u00f8re det mulig for skuffen \u00e5 l\u00f8fte, senke og vippe, noe som gj\u00f8r den egnet for ulike materialh\u00e5ndteringsoppgaver. I det hydrauliske systemet bruker skuffesylinderen trykkendringen i hydraulikkoljen for \u00e5 oppn\u00e5 presis kontroll over skuffen, slik at operat\u00f8rer effektivt kan h\u00e5ndtere tunge laster og tilpasse seg komplekse arbeidsmilj\u00f8er og ulike jobbkrav.<\/p>\n<p><img decoding=\"async\" src=\"https:\/\/www.hydraulic-cylinders.net\/wp-content\/uploads\/2025\/01\/songte-company-2.webp\" alt=\"B\u00f8ttesylinder for Sumitomo mellomgraver SH210-5\"><\/p>\n<h2>Funksjoner<\/h2>\n<ul>\n<li>\n<h3>H\u00f8y styrke og holdbarhet<\/h3>\n<p>Skuffesylinderen er vanligvis laget av h\u00f8yfast st\u00e5l eller aluminium, som t\u00e5ler h\u00f8yt trykk og tunge belastninger, og som tilpasser seg t\u00f8ffe arbeidsmilj\u00f8er. Designet tar hensyn til slitestyrke og korrosjonsbestandighet, noe som forlenger levetiden.<\/p>\n<\/li>\n<li>\n<h3>Effektiv hydraulisk drift<\/h3>\n<p>Ved \u00e5 bruke trykket fra hydraulikkoljen for \u00e5 oppn\u00e5 jevn forlengelse og sammentrekning, kan b\u00f8ttesylinderen raskt reagere p\u00e5 betjeningskommandoer, og gi sterk skyve- og trekkekraft, egnet for h\u00e5ndtering av tunge lass og komplekse jobber.<\/p>\n<\/li>\n<li>\n<h3>Ulike typer<\/h3>\n<p>Skuffesylinderen kan velges som enkeltvirkende (med hydraulikk kun i \u00e9n retning) eller dobbeltvirkende (med hydraulikk i begge retninger) i henhold til behov, for \u00e5 m\u00f8te ulike driftskrav. Noen modeller er teleskopiske, noe som gir st\u00f8rre uttrekk uten \u00e5 \u00f8ke de ytre m\u00e5lene, egnet for bruksomr\u00e5der med begrenset plass.<\/p>\n<\/li>\n<li>\n<h3>Utskiftbar<\/h3>\n<p>Produktene v\u00e5re kan erstatte disse hydrauliske sylindrene perfekt, og vi kan produsere dette produktet.<\/p>\n<\/li>\n<\/ul>\n<p><img decoding=\"async\" src=\"https:\/\/www.hydraulic-cylinders.net\/wp-content\/uploads\/2025\/01\/songte-cylinder-head-with-all-kinds-excavator-models.webp\" alt=\"B\u00f8ttesylinder for Sumitomo mellomgraver SH210-5\"><\/p>\n<h2>S\u00f8knad<\/h2>\n<p>Skuffesylinderen er mye brukt i diverse tunge maskiner, noen typiske bruksomr\u00e5der inkluderer:<\/p>\n<ul>\n<li>\n<h3>Anleggsutstyr<\/h3>\n<p>De er avgj\u00f8rende for utgraving, lasting og flytting av jord eller rusk i gravemaskiner og gravemaskiner. I gravemaskinen hjelper b\u00f8ttesylinderen med graving og l\u00f8fting.<\/p>\n<\/li>\n<li>\n<h3>Landbruksmaskiner<\/h3>\n<p>Brukes for frontlastere for \u00e5 utarbeide, l\u00f8fte og transportere jord, h\u00f8y og andre materialer. I gravemaskiner muliggj\u00f8r skuffesylinderen gravebevegelser ved \u00e5 la skuffen trenge ned i jorden.<\/p>\n<\/li>\n<li>\n<h3>Laster<\/h3>\n<p>I frontlastere hjelper de med \u00e5 l\u00f8fte og tilte last effektivt.<\/p>\n<\/li>\n<\/ul>\n<h2>Design- og utvalgsstandarder<\/h2>\n<ul>\n<li>\n<h3>B\u00e6reevne<\/h3>\n<p>B\u00f8ttesylinderens b\u00e6reevne er en viktig designhensyn. Den m\u00e5 t\u00e5le vekten av tunge lass og motst\u00e5 interne og eksterne krefter under drift.<\/p>\n<\/li>\n<li>\n<h3>Tetting<\/h3>\n<p>Sylinderens tetning er viktig for \u00e5 forhindre oljelekkasje og forurensning av det hydrauliske systemet. Den bruker forskjellige tetningsringer som stempeltetningsringer, stangtetningsringer og tetninger laget av slitesterke materialer som polyuretan og nitrilgummi. Sylinderhuset og gjengeenden gjennomg\u00e5r fin bearbeiding for \u00e5 forbedre slitestyrken. Sylinderen krever regelmessig fylling med riktig mengde hydraulisk olje for sm\u00f8ring.<\/p>\n<\/li>\n<li>\n<h3>Holdbarhet og sikkerhet<\/h3>\n<p>Skuffesylinderen m\u00e5 v\u00e6re slitesterk for \u00e5 t\u00e5le t\u00f8ffe arbeidsforhold og tunge belastninger. Det kreves ogs\u00e5 sikkerhetshensyn for \u00e5 sikre at den oppfyller sikkerhetsstandarder under drift. <\/p>\n<\/li>\n<li>\n<h3>Vedlikehold<\/h3>\n<p>Sylinderen krever periodisk inspeksjon, regelmessig sm\u00f8ring og utskifting av pakninger for \u00e5 sikre optimal ytelse. Det kreves ogs\u00e5 presis monteringsjustering, ved bruk av passende monteringsbraketter for \u00e5 feste sylinderen.<\/p>\n<\/li>\n<\/ul>\n<p><img decoding=\"async\" src=\"https:\/\/www.hydraulic-cylinders.net\/wp-content\/uploads\/2025\/01\/songte-oil-pipes-and-spare-parts.webp\" alt=\"B\u00f8ttesylinder for Sumitomo mellomgraver SH210-5\"><\/p>\n<h2>Vedlikeholdsveiledning<\/h2>\n<p>F\u00f8lgende er vanlige vedlikeholdsoppgaver for b\u00f8ttesylindere:<\/p>\n<ul>\n<li>\n<h3>Regelmessig inspeksjon<\/h3>\n<p>Inspiser sylinderen regelmessig for \u00e5 identifisere slitasje eller lekkasjer.<\/p>\n<\/li>\n<li>\n<h3>Sm\u00f8ring<\/h3>\n<p>Sm\u00f8r sylinderen regelmessig for \u00e5 sikre problemfri drift.<\/p>\n<\/li>\n<li>\n<h3>Utskifting av pakning og kalibreringskontroll<\/h3>\n<p>Skift ut slitte pakninger og kontroller kalibreringen regelmessig.<\/p>\n<\/li>\n<\/ul>\n<p>Det er viktig \u00e5 installere, sm\u00f8re og justere sylinderen riktig under installasjon for \u00e5 sikre optimal ytelse. Riktig justeringsveiledning b\u00f8r gis under installasjon, og passende installasjonsbraketter b\u00f8r brukes til \u00e5 feste sylinderen. Vi anbefaler anbefalte inspeksjons-, reparasjons- og utskiftingsprosedyrer for \u00e5 forlenge bruken av b\u00f8ttesylinderen.<\/p>\n<p><img decoding=\"async\" src=\"https:\/\/www.hydraulic-cylinders.net\/wp-content\/uploads\/2025\/01\/songte-chushion-collar.webp\" alt=\"B\u00f8ttesylinder for Sumitomo mellomgraver SH210-5\"><\/p>\n<h2>Sikkerhets- og milj\u00f8hensyn<\/h2>\n<p>N\u00f8dvendige sikkerhetstiltak b\u00f8r tas ved bruk av b\u00f8ttesylinderen for \u00e5 forhindre skader. Sylinderen skal kun brukes av oppl\u00e6rt personell med passende sikkerhetsutstyr og i samsvar med sikkerhetsforskrifter. Milj\u00f8hensyn inkluderer riktig avhending av brukt hydraulikkolje og milj\u00f8messig overholdelse av forskrifter under produksjon og drift.<\/p>\n<p><img decoding=\"async\" src=\"https:\/\/hzpt.com\/wp-content\/uploads\/2024\/11\/songte-company-1.webp\" alt=\"B\u00f8ttesylinder for Sumitomo mellomgraver SH210-5\"><\/p>\n<h2>Feildiagnose og vanlige problemer<\/h2>\n<p>Skuffesylinderen kan oppleve noen vanlige problemer, inkludert oljelekkasje, d\u00e5rlig ytelse og unormal st\u00f8y. Utilstrekkelig sm\u00f8ring og slitasje p\u00e5 pakninger er vanlige \u00e5rsaker til disse problemene. For \u00e5 diagnostisere og l\u00f8se problemer anbefaler vi \u00e5 konsultere en profesjonell ingeni\u00f8r for \u00e5 sikre korrekt diagnose og effektive l\u00f8sninger. For \u00e5 forhindre potensielle problemer foresl\u00e5r vi \u00e5 iverksette forebyggende tiltak, for eksempel periodisk inspeksjon, riktig sm\u00f8ring og utskifting av slitte pakninger.<\/p>\n<p><img decoding=\"async\" src=\"https:\/\/www.hydraulic-cylinders.net\/wp-content\/uploads\/2025\/01\/songte-bushings-with-all-kinds-of-excavator-models.webp\" alt=\"B\u00f8ttesylinder for Sumitomo mellomgraver SH210-5\"><\/p>\n<h2>Om selskapet v\u00e5rt<\/h2>\n<p>Vi er en produsent av hydrauliske sylindere for utskifting, med et komplett produktsortiment, og har blitt en av de ledende produsentene og grossistdistribut\u00f8rene av hydrauliske sylindere i det innenlandske og internasjonale markedet. Vi holder oss til utmerket kvalitet, stoler p\u00e5 industrialiserte produksjonsstyringsstrategier st\u00f8ttet av sofistikerte produksjonsverksteder, og forbedrer kontinuerlig verkstedsproduksjonsplattformen, forbedrer produksjonskvaliteten p\u00e5 produktene og har sterk kreativitet. Vi tar sikte p\u00e5 \u00e5 tilfredsstille ulike kundebehov med h\u00f8y effektivitet, h\u00f8y presisjon og prinsipper for h\u00f8y kvalitet.<\/p>\n<p>V\u00e5rt firma spesialiserer seg p\u00e5 \u00e5 tilby profesjonelle tjenester, tilpassede tjenester og internasjonale sertifiseringer. Vi bruker avansert produksjonsutstyr og profesjonelle testsystemer for \u00e5 forbedre produktkvaliteten og tilby omfattende ettersalgstjenester. Vi fortsetter \u00e5 forbedre produksjonskapasiteten og produktkvaliteten v\u00e5r, og har vunnet kundenes tillit og ros gjennom v\u00e5re utmerkede produkter og tjenester.<\/p>\n<p><img decoding=\"async\" src=\"https:\/\/www.hydraulic-cylinders.net\/wp-content\/uploads\/2025\/01\/songte-company-3.webp\" alt=\"B\u00f8ttesylinder for Sumitomo mellomgraver SH210-5\"><\/p>\n<p>Forfatter: lyl.<\/p>","protected":false},"excerpt":{"rendered":"<p>Bucket Cylinder For Sumitomo Middle Excavator SH210-5 Introduction The bucket cylinder for Sumitomo middle excavator SH210-5 is a specially designed hydraulic cylinder used to control the movement of the bucket in heavy machinery such as excavators, backhoe excavators, and front-end loaders. Its main function is to enable the bucket to lift, lower, and tilt, making [&hellip;]<\/p>","protected":false},"featured_media":14762,"comment_status":"open","ping_status":"closed","template":"","meta":{"_et_pb_use_builder":"","_et_pb_old_content":"","_et_gb_content_width":""},"product_brand":[],"product_cat":[1494],"product_tag":[1495,1496],"class_list":{"0":"post-15175","1":"product","2":"type-product","3":"status-publish","4":"has-post-thumbnail","6":"product_cat-bucket-cylinders","7":"product_tag-bucket-cylinders","8":"product_tag-hydraulic-cylinders","10":"first","11":"instock","12":"shipping-taxable","13":"product-type-simple"},"amp_enabled":true,"_links":{"self":[{"href":"https:\/\/www.hydraulic-cylinders.net\/nb\/wp-json\/wp\/v2\/product\/15175","targetHints":{"allow":["GET"]}}],"collection":[{"href":"https:\/\/www.hydraulic-cylinders.net\/nb\/wp-json\/wp\/v2\/product"}],"about":[{"href":"https:\/\/www.hydraulic-cylinders.net\/nb\/wp-json\/wp\/v2\/types\/product"}],"replies":[{"embeddable":true,"href":"https:\/\/www.hydraulic-cylinders.net\/nb\/wp-json\/wp\/v2\/comments?post=15175"}],"wp:featuredmedia":[{"embeddable":true,"href":"https:\/\/www.hydraulic-cylinders.net\/nb\/wp-json\/wp\/v2\/media\/14762"}],"wp:attachment":[{"href":"https:\/\/www.hydraulic-cylinders.net\/nb\/wp-json\/wp\/v2\/media?parent=15175"}],"wp:term":[{"taxonomy":"product_brand","embeddable":true,"href":"https:\/\/www.hydraulic-cylinders.net\/nb\/wp-json\/wp\/v2\/product_brand?post=15175"},{"taxonomy":"product_cat","embeddable":true,"href":"https:\/\/www.hydraulic-cylinders.net\/nb\/wp-json\/wp\/v2\/product_cat?post=15175"},{"taxonomy":"product_tag","embeddable":true,"href":"https:\/\/www.hydraulic-cylinders.net\/nb\/wp-json\/wp\/v2\/product_tag?post=15175"}],"curies":[{"name":"wp","href":"https:\/\/api.w.org\/{rel}","templated":true}]}}