{"id":15177,"date":"2025-01-19T14:12:08","date_gmt":"2025-01-19T14:12:08","guid":{"rendered":"https:\/\/www.hydraulic-cylinders.net\/product\/bucket-cylinder-for-sumitomo-middle-excavator-sh240-5lr\/"},"modified":"2025-01-19T14:12:10","modified_gmt":"2025-01-19T14:12:10","slug":"bucket-cylinder-for-sumitomo-middle-excavator-sh240-5lr","status":"publish","type":"product","link":"https:\/\/www.hydraulic-cylinders.net\/nb\/produkt\/bucket-cylinder-for-sumitomo-middle-excavator-sh240-5lr\/","title":{"rendered":"Skuffesylinder for Sumitomo mellomgraver SH240-5LR"},"content":{"rendered":"<h1>Skuffesylinder for Sumitomo mellomgraver SH240-5LR<\/h1>\n<h2>Introduksjon<\/h2>\n<p>En skuffesylinder er en spesialdesignet hydraulisk sylinder som brukes til \u00e5 kontrollere bevegelsen til skuffen i tunge maskiner som gravemaskiner, traktorgravere og frontlastere. Hovedfunksjonen er \u00e5 muliggj\u00f8re l\u00f8fting, senking og tilting av skuffen, og dermed forenkle ulike materialh\u00e5ndteringsoppgaver. I det hydrauliske systemet oppn\u00e5r skuffesylinderen presis kontroll over skuffen ved \u00e5 variere trykket p\u00e5 hydraulikkoljen, slik at operat\u00f8rer effektivt kan h\u00e5ndtere tunge laster og tilpasse seg komplekse arbeidsmilj\u00f8er og varierte jobbkrav.<\/p>\n<p><img decoding=\"async\" src=\"https:\/\/www.hydraulic-cylinders.net\/wp-content\/uploads\/2025\/01\/songte-company-2.webp\" alt=\"Bilde av b\u00f8ttesylinder\"><\/p>\n<h2>Funksjoner<\/h2>\n<ul>\n<li>\n<h3>H\u00f8y styrke og holdbarhet<\/h3>\n<p>B\u00f8ttesylindere er vanligvis laget av h\u00f8yfast st\u00e5l eller aluminium, som t\u00e5ler h\u00f8yt trykk og tunge belastninger, og tilpasser seg t\u00f8ffe arbeidsmilj\u00f8er. Designet tar hensyn til slitestyrke og korrosjonsmotstand, noe som forlenger levetiden.<\/p>\n<\/li>\n<li>\n<h3>Effektiv hydraulisk drift<\/h3>\n<p>Skuffesylindere bruker trykket fra hydraulikkoljen for \u00e5 oppn\u00e5 jevne forlengelses- og sammentrekningsbevegelser, reagerer raskt p\u00e5 kontrollkommandoer, gir kraftige skyve- og trekkekrefter, og er egnet for h\u00e5ndtering av tunge belastninger og komplekse arbeidsoppgaver.<\/p>\n<\/li>\n<li>\n<h3>Ulike typer<\/h3>\n<p>Skuffesylindere kan v\u00e6re enkeltvirkende (hydraulisk brukt i \u00e9n retning) eller dobbeltvirkende (hydraulisk brukt i begge retninger) avhengig av kravene. Noen modeller er teleskopiske, noe som gir st\u00f8rre forlengelse uten \u00e5 \u00f8ke de ytre m\u00e5lene, egnet for bruksomr\u00e5der der plassen er begrenset.<\/p>\n<\/li>\n<li>\n<h3>Perfekt erstatning<\/h3>\n<p>Produktene v\u00e5re kan erstatte disse hydrauliske sylindrene p\u00e5 en perfekt m\u00e5te. Vi kan produsere dette produktet.<\/p>\n<\/li>\n<\/ul>\n<p><img decoding=\"async\" src=\"https:\/\/www.hydraulic-cylinders.net\/wp-content\/uploads\/2025\/01\/songte-cylinder-head-with-all-kinds-excavator-models.webp\" alt=\"Bilde av utskifting av b\u00f8ttesylinder\"><\/p>\n<h2>Bruksomr\u00e5der<\/h2>\n<p>B\u00f8ttesylindere kan brukes i ulike bransjer, inkludert:<\/p>\n<ul>\n<li>\n<h3>Anleggsutstyr<\/h3>\n<p>I gravemaskiner er skuffesylindere viktige for graving, lasting og flytting av jord eller rusk. I gravemaskinlastere hjelper skuffesylindere med b\u00e5de graving og l\u00f8fting. <\/p>\n<\/li>\n<li>\n<h3>Landbruksmaskiner<\/h3>\n<p>Skuffesylindere brukes til frontlastere, for \u00e5 plukke opp, l\u00f8fte og transportere jord, h\u00f8y og andre materialer. <\/p>\n<\/li>\n<li>\n<h3>Gravemaskiner<\/h3>\n<p>Skuffesylinderen lar skuffene trenge ned i jorden og oppn\u00e5 gravebevegelse. <\/p>\n<\/li>\n<li>\n<h3>Laster<\/h3>\n<p>Skuffesylindere i frontlastere hjelper med \u00e5 l\u00f8fte og dumpe gods effektivt. <\/p>\n<\/li>\n<\/ul>\n<h2>Designhensyn og utvalgsstandarder<\/h2>\n<p>N\u00e5r ingeni\u00f8rer designer og velger b\u00f8ttesylindere, m\u00e5 de vurdere f\u00f8lgende:<\/p>\n<ul>\n<li>\n<h3>B\u00e6reevne<\/h3>\n<p>Sylinderen m\u00e5 ha tilstrekkelig b\u00e6reevne til \u00e5 t\u00e5le lastens vekt.<\/p>\n<\/li>\n<li>\n<h3>Tetningsytelse<\/h3>\n<p>Ulike tetningskomponenter, som stempeltetninger og stangtetninger, m\u00e5 v\u00e6re laget av slitesterke materialer som polyuretan og nitrilgummi for \u00e5 sikre god tetningsytelse og forhindre oljelekkasje.<\/p>\n<\/li>\n<li>\n<h3>Varighet<\/h3>\n<p>Sylinderen m\u00e5 v\u00e6re konstruert for \u00e5 motst\u00e5 slitasje, korrosjon og andre former for skade over en lengre periode.<\/p>\n<\/li>\n<li>\n<h3>Sikkerhet<\/h3>\n<p>Sylinderen m\u00e5 v\u00e6re trygg \u00e5 bruke, med passende sikkerhetstiltak og varslingssystemer p\u00e5 plass. <\/p>\n<\/li>\n<li>\n<h3>Vedlikeholdbarhet<\/h3>\n<p>Sylinderen m\u00e5 v\u00e6re enkel \u00e5 vedlikeholde, med reservedeler, reparasjon og ombyggingstjenester lett tilgjengelig.<\/p>\n<\/li>\n<\/ul>\n<p><img decoding=\"async\" src=\"https:\/\/www.hydraulic-cylinders.net\/wp-content\/uploads\/2025\/01\/songte-oil-pipes-and-spare-parts.webp\" alt=\"Bilde av reservedeler for b\u00f8ttesylinder\"><\/p>\n<h2>Tetting og sm\u00f8ring<\/h2>\n<p>B\u00f8ttesylindere krever forskjellige tetninger, som stempeltetninger og stangtetninger, laget av slitesterke materialer som polyuretan og nitrilgummi som gir god tetningsevne og forhindrer oljelekkasje. Sylinderhuset, stangen og gjengeendene er presist bearbeidet for \u00e5 forbedre slitestyrken. Regelmessig tilsetning av passende mengde hydraulisk olje er n\u00f8dvendig for sm\u00f8ring.<\/p>\n<h2>Vedlikehold og reparasjon<\/h2>\n<p>Regelmessig inspeksjon og forebyggende vedlikehold er viktig for \u00e5 sikre optimal ytelse og levetid for b\u00f8ttesylindere. Noen vanlige vedlikeholdsoppgaver inkluderer riktig sm\u00f8ring, regelmessig utskifting av pakninger og kalibreringskontroller. Riktig installasjon, sm\u00f8ring og justering er avgj\u00f8rende for \u00e5 sikre levetiden og holdbarheten til b\u00f8ttesylindere. F\u00f8lgende tips kan bidra til \u00e5 diagnostisere og l\u00f8se problemer effektivt:<\/p>\n<ul>\n<li>\n<h3>Regelmessig inspeksjon<\/h3>\n<p>Regelmessig inspeksjon kan bidra til \u00e5 oppdage potensielle problemer f\u00f8r de eskalerer.<\/p>\n<\/li>\n<li>\n<h3>Riktig sm\u00f8ring<\/h3>\n<p>Riktig sm\u00f8ring kan bidra til \u00e5 forhindre slitasje og forlenge sylinderens levetid.<\/p>\n<\/li>\n<li>\n<h3>Utskifting av tetning<\/h3>\n<p>Hyppig utskifting av tetninger er n\u00f8dvendig for \u00e5 sikre optimal tetningsytelse. <\/p>\n<\/li>\n<li>\n<h3>Riktig installasjon og justering<\/h3>\n<p>Riktig installasjon og justering av sylinderen er avgj\u00f8rende for dens levetid og holdbarhet. <\/p>\n<\/li>\n<\/ul>\n<p><img decoding=\"async\" src=\"https:\/\/www.hydraulic-cylinders.net\/wp-content\/uploads\/2025\/01\/songte-chushion-collar.webp\" alt=\"Bilde av installasjon av b\u00f8ttesylinder\"><\/p>\n<h2>Sikkerhetshensyn og milj\u00f8faktorer<\/h2>\n<p>Ved bruk av b\u00f8ttesylindere m\u00e5 sikkerhetstiltak overholdes for \u00e5 forhindre skader p\u00e5 utstyret. Milj\u00f8faktorer som temperatur, fuktighet og st\u00f8v m\u00e5 ogs\u00e5 tas i betraktning og h\u00e5ndteres for \u00e5 opprettholde optimal ytelse og levetid. <\/p>\n<h2>Feildiagnose og feils\u00f8king<\/h2>\n<p>Noen vanlige problemer med b\u00f8ttesylindere inkluderer oljelekkasje, utilstrekkelig trykk og d\u00e5rlig tetningsevne. Riktig diagnose og feils\u00f8king kan bidra til \u00e5 l\u00f8se problemer effektivt og virkningsfullt. Regelmessig vedlikehold og inspeksjon kan bidra til \u00e5 forhindre at slike problemer oppst\u00e5r.<\/p>\n<p><img decoding=\"async\" src=\"https:\/\/www.hydraulic-cylinders.net\/wp-content\/uploads\/2025\/01\/songte-bushings-with-all-kinds-of-excavator-models.webp\" alt=\"Problemer med b\u00f8ttesylinderen, bilde\"><\/p>\n<h2>Om selskapet v\u00e5rt<\/h2>\n<p>We are a manufacturer of hydraulic cylinders that can replace the original cylinders. Our company has a complete product range and is one of the leading manufacturers and wholesalers of hydraulic cylinders on the domestic and international markets. We adhere to excellence in quality, rely on industrial production management strategies of fine manufacturing workshops, and continuously improve the manufacturing platform and production quality of the workshop through the use of technical talents, digital high-end manufacturing equipment, and professional testing systems. We have strong creation ability, meet customer&#8217;s diverse demands with efficiency, precision and high-quality principles. <\/p>\n<p><img decoding=\"async\" src=\"https:\/\/hzpt.com\/wp-content\/uploads\/2024\/11\/songte-company-1.webp\" alt=\"Selskapets image\"><\/p>\n<h3>Spesialitet<\/h3>\n<p>Vi spesialiserer oss p\u00e5 produksjon av hydrauliske sylindere som kan erstatte originale sylindere.<\/p>\n<h3>Internasjonal sertifisering<\/h3>\n<p>Produktene v\u00e5re har best\u00e5tt ISO9001-, CE- og andre internasjonale sertifiseringer, noe som sikrer kvalitet og p\u00e5litelighet. <\/p>\n<h3>Tilpasningstjeneste<\/h3>\n<p>V\u00e5rt firma tilbyr skreddersydde tjenester for \u00e5 m\u00f8te kundenes spesifikke behov.<\/p>\n<h3>Produksjonsutstyr<\/h3>\n<p>Verkstedet v\u00e5rt er utstyrt med avanserte datastyrte dreiebenker, CNC-maskineringssentre og annet h\u00f8ypresisjonsutstyr for \u00e5 sikre kvaliteten og n\u00f8yaktigheten til produktene v\u00e5re. <\/p>\n<h3>Ettersalgsservice<\/h3>\n<p>Vi tilbyr kundene utmerket ettersalgsservice, inkludert produktvedlikehold, reparasjon og utskiftingstjenester.<\/p>\n<h4>Forfatter: lyl<\/h4>","protected":false},"excerpt":{"rendered":"<p>Bucket Cylinder For Sumitomo Middle Excavator SH240-5LR Introduction A bucket cylinder is a specially designed hydraulic cylinder used to control the movement of the bucket in heavy machinery such as excavators, backhoe loaders, and front-end loaders. Its main function is to enable lifting, lowering and tilting of the bucket, thus facilitating various material handling tasks. [&hellip;]<\/p>","protected":false},"featured_media":14789,"comment_status":"open","ping_status":"closed","template":"","meta":{"_et_pb_use_builder":"","_et_pb_old_content":"","_et_gb_content_width":""},"product_brand":[],"product_cat":[1494],"product_tag":[1495,1496],"class_list":{"0":"post-15177","1":"product","2":"type-product","3":"status-publish","4":"has-post-thumbnail","6":"product_cat-bucket-cylinders","7":"product_tag-bucket-cylinders","8":"product_tag-hydraulic-cylinders","10":"first","11":"instock","12":"shipping-taxable","13":"product-type-simple"},"amp_enabled":true,"_links":{"self":[{"href":"https:\/\/www.hydraulic-cylinders.net\/nb\/wp-json\/wp\/v2\/product\/15177","targetHints":{"allow":["GET"]}}],"collection":[{"href":"https:\/\/www.hydraulic-cylinders.net\/nb\/wp-json\/wp\/v2\/product"}],"about":[{"href":"https:\/\/www.hydraulic-cylinders.net\/nb\/wp-json\/wp\/v2\/types\/product"}],"replies":[{"embeddable":true,"href":"https:\/\/www.hydraulic-cylinders.net\/nb\/wp-json\/wp\/v2\/comments?post=15177"}],"wp:featuredmedia":[{"embeddable":true,"href":"https:\/\/www.hydraulic-cylinders.net\/nb\/wp-json\/wp\/v2\/media\/14789"}],"wp:attachment":[{"href":"https:\/\/www.hydraulic-cylinders.net\/nb\/wp-json\/wp\/v2\/media?parent=15177"}],"wp:term":[{"taxonomy":"product_brand","embeddable":true,"href":"https:\/\/www.hydraulic-cylinders.net\/nb\/wp-json\/wp\/v2\/product_brand?post=15177"},{"taxonomy":"product_cat","embeddable":true,"href":"https:\/\/www.hydraulic-cylinders.net\/nb\/wp-json\/wp\/v2\/product_cat?post=15177"},{"taxonomy":"product_tag","embeddable":true,"href":"https:\/\/www.hydraulic-cylinders.net\/nb\/wp-json\/wp\/v2\/product_tag?post=15177"}],"curies":[{"name":"wp","href":"https:\/\/api.w.org\/{rel}","templated":true}]}}