{"id":15178,"date":"2025-01-19T14:12:13","date_gmt":"2025-01-19T14:12:13","guid":{"rendered":"https:\/\/www.hydraulic-cylinders.net\/product\/bucket-cylinder-for-sumitomo-middle-excavator-ls430fj2\/"},"modified":"2025-01-19T14:12:15","modified_gmt":"2025-01-19T14:12:15","slug":"bucket-cylinder-for-sumitomo-middle-excavator-ls430fj2","status":"publish","type":"product","link":"https:\/\/www.hydraulic-cylinders.net\/nb\/produkt\/bucket-cylinder-for-sumitomo-middle-excavator-ls430fj2\/","title":{"rendered":"B\u00f8ttesylinder for Sumitomo mellomgraver LS430FJ2"},"content":{"rendered":"<p><!DOCTYPE html><br \/>\n<html><br \/>\n<head><br \/>\n<title>B\u00f8ttesylinder for Sumitomo mellomgraver LS430FJ2<\/title><br \/>\n<\/head><br \/>\n<body><\/p>\n<h1>B\u00f8ttesylinder for Sumitomo mellomgraver LS430FJ2<\/h1>\n<h2>Introduksjon<\/h2>\n<p>Skuffesylinderen er en spesialdesignet hydraulisk sylinder som brukes til \u00e5 kontrollere bevegelsen til skuffen i tunge maskiner som gravemaskiner, traktorgravere og frontlastere. Hovedfunksjonen er \u00e5 muliggj\u00f8re l\u00f8fting, senking og tilting av skuffen, noe som gj\u00f8r det enklere for ulike materialh\u00e5ndteringsoppgaver. I et hydraulisk system oppn\u00e5r skuffesylinderen presis kontroll over skuffen ved \u00e5 utnytte trykkendringene i hydraulikkoljen, slik at operat\u00f8rer effektivt kan h\u00e5ndtere tunge laster og tilpasse seg komplekse arbeidsmilj\u00f8er og ulike driftskrav.<\/p>\n<p><img decoding=\"async\" src=\"https:\/\/www.hydraulic-cylinders.net\/wp-content\/uploads\/2025\/01\/songte-company-2.webp\"><\/p>\n<h2>Funksjoner<\/h2>\n<ul>\n<li>H\u00f8y styrke og holdbarhet: Vanligvis laget av h\u00f8yfast st\u00e5l eller aluminium, t\u00e5ler den h\u00f8yt trykk og tunge belastninger, og tilpasser seg t\u00f8ffe arbeidsmilj\u00f8er. Designet tar hensyn til slitestyrke og korrosjonsmotstand, noe som forlenger levetiden.<\/li>\n<li>Effektiv hydraulisk drift: Ved \u00e5 utnytte trykket fra hydraulikkoljen oppn\u00e5r den jevne forlengelses- og tilbaketrekksbevegelser, noe som gir rask respons p\u00e5 kontrollkommandoer og gir sterke skyve- og trekkkrefter, egnet for h\u00e5ndtering av tunge belastninger og komplekse oppgaver.<\/li>\n<li>Ulike typer: Skuffesylinderen kan velges som enkeltvirkende (hydraulisk kun i \u00e9n retning) eller dobbeltvirkende (hydraulisk i begge retninger) basert p\u00e5 behov, og oppfyller ulike driftskrav. Noen modeller er teleskopiske, noe som gir st\u00f8rre forlengelse uten \u00e5 \u00f8ke de ytre m\u00e5lene, ideelt for applikasjoner med begrenset plass.<\/li>\n<li>Perfekt erstatning: Produktene v\u00e5re kan erstatte disse hydrauliske sylindrene perfekt. <\/li>\n<\/ul>\n<p><img decoding=\"async\" src=\"https:\/\/www.hydraulic-cylinders.net\/wp-content\/uploads\/2025\/01\/songte-cylinder-head-with-all-kinds-excavator-models.webp\"><\/p>\n<h2>Bruksomr\u00e5der<\/h2>\n<p>B\u00f8ttesylinderen er mye brukt i diverse utstyr, inkludert:<\/p>\n<ul>\n<li>Anleggsutstyr: De finnes i gravemaskiner og er avgj\u00f8rende for graving, lasting og flytting av jord eller rusk. I gravemaskiner hjelper skuffesylinderen med b\u00e5de graving og l\u00f8fting.<\/li>\n<li>Landbruksmaskiner: Brukes i frontlastere til \u00e5 utarbeide, l\u00f8fte og transportere jord, h\u00f8y og andre materialer.<\/li>\n<li>Gravemaskiner: Skuffesylinderen muliggj\u00f8r graveaksjoner ved \u00e5 la skuffen trenge ned i jorden.<\/li>\n<li>Lastere: Frontlastere hjelper til med \u00e5 l\u00f8fte og dumpe varer effektivt.<\/li>\n<\/ul>\n<p>Hver applikasjon forklares n\u00e6rmere nedenfor:<\/p>\n<p>Anleggsutstyr: I gravemaskiner spiller de en viktig rolle i graving, lasting og flytting av jord eller rusk. I gravemaskiner hjelper skuffesylinderen til med b\u00e5de graving og l\u00f8fting.<\/p>\n<p>Landbruksmaskiner: Skuffesylinderen brukes i frontlastere til \u00e5 \u00f8se, l\u00f8fte og transportere jord, h\u00f8y og andre materialer.<\/p>\n<p>Gravemaskiner: Skuffesylinderen tillater graveaksjoner ved \u00e5 la skuffen trenge ned i jorden.<\/p>\n<p>Lastere: Frontlastere hjelper til med \u00e5 l\u00f8fte og dumpe varer effektivt.<\/p>\n<h2>Designhensyn og utvalgskriterier<\/h2>\n<p>N\u00e5r det gjelder designhensyn og utvalgskriterier for b\u00f8ttesylinderen, b\u00f8r flere faktorer tas i betraktning:<\/p>\n<ul>\n<li>B\u00e6reevne: Skuffesylinderen skal kunne t\u00e5le den maksimale belastningen den vil m\u00f8te under drift.<\/li>\n<li>Tetting: Ulike tetningskomponenter som stempeltetninger og stangtetninger brukes for \u00e5 forhindre lekkasje og sikre at sylinderen fungerer som den skal.<\/li>\n<li>Holdbarhet: Skuffesylinderen b\u00f8r v\u00e6re konstruert for \u00e5 t\u00e5le forventede driftsforhold og ha lang levetid.<\/li>\n<li>Sikkerhet: Sikkerhetsfunksjoner som trykkavlastningsventiler b\u00f8r innarbeides for \u00e5 forhindre overtrykkssituasjoner.<\/li>\n<li>Vedlikeholdsvennlighet: Enkel tilgang for vedlikehold og reparasjon er viktig for \u00e5 minimere nedetid.<\/li>\n<\/ul>\n<p><img decoding=\"async\" src=\"https:\/\/www.hydraulic-cylinders.net\/wp-content\/uploads\/2025\/01\/songte-oil-pipes-and-spare-parts.webp\"><\/p>\n<h2>Tetting og sm\u00f8ring<\/h2>\n<p>Skuffesylinderen benytter forskjellige tetningskomponenter, som stempeltetninger og stangtetninger, som er laget av slitesterke materialer som polyuretan og nitrilgummi. Sylinderhuset og gjengede endeflater er fint behandlet for \u00e5 forbedre slitestyrken. Regelmessig sm\u00f8ring med riktig mengde hydraulisk olje er n\u00f8dvendig for \u00e5 sikre problemfri drift.<\/p>\n<h2>Regelmessig inspeksjon og forebyggende vedlikehold<\/h2>\n<p>For \u00e5 opprettholde optimal ytelse til b\u00f8ttesylinderen anbefales regelmessig inspeksjon og forebyggende vedlikehold. F\u00f8lgende tiltak b\u00f8r iverksettes:<\/p>\n<ul>\n<li>Regelmessig inspeksjon av sylinderen for tegn p\u00e5 slitasje, skade eller lekkasje.<\/li>\n<li>Riktig sm\u00f8ring av alle bevegelige deler for \u00e5 sikre problemfri drift.<\/li>\n<li>Rettidig utskifting av slitte eller skadede tetninger for \u00e5 forhindre lekkasje og sikre riktig tetting.<\/li>\n<li>Kalibreringskontroller for \u00e5 sikre n\u00f8yaktig drift.<\/li>\n<\/ul>\n<h2>Riktig produktinstallasjonsveiledning<\/h2>\n<p>Riktig installasjon er avgj\u00f8rende for optimal ytelse og levetid p\u00e5 b\u00f8ttesylinderen. F\u00f8lgende trinn b\u00f8r f\u00f8lges:<\/p>\n<ul>\n<li>S\u00f8rg for riktig justering av sylinderen under installasjon.<\/li>\n<li>Bruk passende monteringsbraketter for \u00e5 feste sylinderen p\u00e5 plass.<\/li>\n<li>F\u00f8lg anbefalte prosedyrer for inspeksjon, reparasjon og utskifting.<\/li>\n<li>Tilby ombyggingstjenester og reservedeler for \u00e5 forlenge levetiden til b\u00f8ttesylinderen.<\/li>\n<\/ul>\n<p><img decoding=\"async\" src=\"https:\/\/www.hydraulic-cylinders.net\/wp-content\/uploads\/2025\/01\/songte-chushion-collar.webp\"><\/p>\n<h2>Sikkerhetshensyn og milj\u00f8faktorer<\/h2>\n<p>N\u00e5r du bruker b\u00f8ttesylinderen, er det viktig \u00e5 prioritere sikkerhetstiltak for \u00e5 forhindre ulykker. Milj\u00f8faktorer, som temperatur og fuktighet, b\u00f8r ogs\u00e5 vurderes for \u00e5 sikre riktig funksjon og levetid for sylinderen.<\/p>\n<h2>Feils\u00f8king og vanlige problemer<\/h2>\n<p>Skulle det oppst\u00e5 problemer med b\u00f8ttesylinderen, kan f\u00f8lgende feils\u00f8kingstips og l\u00f8sninger bidra til \u00e5 diagnostisere og l\u00f8se problemer effektivt. Forholdsregler b\u00f8r tas for \u00e5 minimere potensielle problemer.<\/p>\n<p><img decoding=\"async\" src=\"https:\/\/www.hydraulic-cylinders.net\/wp-content\/uploads\/2025\/01\/songte-bushings-with-all-kinds-of-excavator-models.webp\"><\/p>\n<h2>Selskapsoversikt<\/h2>\n<p>Vi er en produsent av hydrauliske sylindere for utskifting og har et bredt spekter av produkter. Vi har blitt en av de ledende produsentene og grossistdistribut\u00f8rene av hydrauliske sylindere i b\u00e5de innenlandske og internasjonale markeder. Vi f\u00f8lger prinsippene om utmerket kvalitet og bruker strategier for industriell produksjonsstyring i v\u00e5rt velutstyrte produksjonsverksted. Med v\u00e5rt team av tekniske eksperter, toppmoderne produksjonsutstyr og profesjonelle testsystemer forbedrer vi kontinuerlig v\u00e5r produksjonsplattform og produktkvalitetsrute. Vi har sterke innovative evner, og vi tar sikte p\u00e5 \u00e5 m\u00f8te kundenes ulike behov med produkter av h\u00f8y effektivitet, h\u00f8y presisjon og h\u00f8y kvalitet.<\/p>\n<p><img decoding=\"async\" src=\"https:\/\/hzpt.com\/wp-content\/uploads\/2024\/11\/songte-company-1.webp\"><\/p>\n<h2>Firmadetaljer<\/h2>\n<p>V\u00e5rt selskap skiller seg ut i markedet p\u00e5 grunn av f\u00f8lgende:<\/p>\n<ul>\n<li>Profesjonalitet: Vi har et team av eksperter som sikrer det h\u00f8yeste niv\u00e5et av profesjonalitet i all v\u00e5r virksomhet.<\/li>\n<li>Internasjonale sertifiseringer: Produktene v\u00e5re oppfyller internasjonale kvalitets- og sikkerhetsstandarder, noe som sikrer p\u00e5litelighet og kundetilfredshet.<\/li>\n<li>Tilpasningstjenester: Vi tilbyr tilpasningstjenester for \u00e5 m\u00f8te spesifikke kundekrav.<\/li>\n<li>Produksjonsutstyr: Produksjonsanlegget v\u00e5rt er utstyrt med avansert maskineri for \u00e5 sikre presis og effektiv produksjon.<\/li>\n<li>Ettersalgsservice: Vi tilbyr omfattende ettersalgsservice, som sikrer kundest\u00f8tte og tilfredshet.<\/li>\n<\/ul>\n<p><img decoding=\"async\" src=\"https:\/\/www.hydraulic-cylinders.net\/wp-content\/uploads\/2025\/01\/songte-company-3.webp\"><\/p>\n<p>Forfatter: lyl<\/p>\n<p><\/body><br \/>\n<\/html><\/p>","protected":false},"excerpt":{"rendered":"<p>Bucket Cylinder For Sumitomo Middle Excavator LS430FJ2 Bucket Cylinder For Sumitomo Middle Excavator LS430FJ2 Introduction The bucket cylinder is a specially designed hydraulic cylinder used to control the movement of the bucket in heavy machinery such as excavators, backhoe loaders, and front-end loaders. Its main function is to enable the lifting, lowering, and tilting of [&hellip;]<\/p>","protected":false},"featured_media":14788,"comment_status":"open","ping_status":"closed","template":"","meta":{"_et_pb_use_builder":"","_et_pb_old_content":"","_et_gb_content_width":""},"product_brand":[],"product_cat":[1494],"product_tag":[1495,1496],"class_list":{"0":"post-15178","1":"product","2":"type-product","3":"status-publish","4":"has-post-thumbnail","6":"product_cat-bucket-cylinders","7":"product_tag-bucket-cylinders","8":"product_tag-hydraulic-cylinders","10":"first","11":"instock","12":"shipping-taxable","13":"product-type-simple"},"amp_enabled":true,"_links":{"self":[{"href":"https:\/\/www.hydraulic-cylinders.net\/nb\/wp-json\/wp\/v2\/product\/15178","targetHints":{"allow":["GET"]}}],"collection":[{"href":"https:\/\/www.hydraulic-cylinders.net\/nb\/wp-json\/wp\/v2\/product"}],"about":[{"href":"https:\/\/www.hydraulic-cylinders.net\/nb\/wp-json\/wp\/v2\/types\/product"}],"replies":[{"embeddable":true,"href":"https:\/\/www.hydraulic-cylinders.net\/nb\/wp-json\/wp\/v2\/comments?post=15178"}],"wp:featuredmedia":[{"embeddable":true,"href":"https:\/\/www.hydraulic-cylinders.net\/nb\/wp-json\/wp\/v2\/media\/14788"}],"wp:attachment":[{"href":"https:\/\/www.hydraulic-cylinders.net\/nb\/wp-json\/wp\/v2\/media?parent=15178"}],"wp:term":[{"taxonomy":"product_brand","embeddable":true,"href":"https:\/\/www.hydraulic-cylinders.net\/nb\/wp-json\/wp\/v2\/product_brand?post=15178"},{"taxonomy":"product_cat","embeddable":true,"href":"https:\/\/www.hydraulic-cylinders.net\/nb\/wp-json\/wp\/v2\/product_cat?post=15178"},{"taxonomy":"product_tag","embeddable":true,"href":"https:\/\/www.hydraulic-cylinders.net\/nb\/wp-json\/wp\/v2\/product_tag?post=15178"}],"curies":[{"name":"wp","href":"https:\/\/api.w.org\/{rel}","templated":true}]}}