{"id":15181,"date":"2025-01-19T14:12:25","date_gmt":"2025-01-19T14:12:25","guid":{"rendered":"https:\/\/www.hydraulic-cylinders.net\/product\/bucket-cylinder-for-sumitomo-middle-excavator-sh240-5\/"},"modified":"2025-01-19T14:12:27","modified_gmt":"2025-01-19T14:12:27","slug":"bucket-cylinder-for-sumitomo-middle-excavator-sh240-5","status":"publish","type":"product","link":"https:\/\/www.hydraulic-cylinders.net\/nb\/produkt\/bucket-cylinder-for-sumitomo-middle-excavator-sh240-5\/","title":{"rendered":"B\u00f8ttesylinder for Sumitomo mellomgraver SH240-5"},"content":{"rendered":"<h1>B\u00f8ttesylinder for Sumitomo mellomgraver SH240-5<\/h1>\n<h2>Introduksjon<\/h2>\n<p>Skuffesylinderen til Sumitomo mellomgraver SH240-5 er en spesialisert hydraulisk sylinder som er utviklet for \u00e5 kontrollere bevegelsen til skuffen i tunge maskiner som gravemaskiner, traktorgravere og frontlastere. Hovedfunksjonen er \u00e5 gj\u00f8re det mulig \u00e5 l\u00f8fte, senke og tilte skuffen, noe som gj\u00f8r det enklere \u00e5 h\u00e5ndtere ulike materialh\u00e5ndteringsoppgaver. I det hydrauliske systemet kontrollerer skuffesylindere skuffens bevegelse presist ved \u00e5 bruke endringer i hydraulikkoljetrykket, slik at operat\u00f8rer effektivt kan h\u00e5ndtere tunge laster og tilpasse seg komplekse arbeidsmilj\u00f8er og ulike jobbkrav.<\/p>\n<p><img decoding=\"async\" src=\"https:\/\/www.hydraulic-cylinders.net\/wp-content\/uploads\/2025\/01\/songte-company-2.webp\" alt=\"Bilde av b\u00f8ttesylinder\"><\/p>\n<h2>Funksjoner<\/h2>\n<ul>\n<li>\n<h3>H\u00f8y styrke og holdbarhet<\/h3>\n<p>Skuffesylinderen er vanligvis laget av h\u00f8yfast st\u00e5l eller aluminium, som t\u00e5ler h\u00f8yt trykk og tunge belastninger, og er egnet for t\u00f8ffe arbeidsmilj\u00f8er. Designet tar hensyn til slitestyrke og korrosjonsmotstand, noe som forlenger levetiden.<\/p>\n<\/li>\n<li>\n<h3>Effektiv hydraulisk drift<\/h3>\n<p>Skuffesylinderen bruker hydraulisk oljetrykk for \u00e5 oppn\u00e5 jevne forlengelses- og inntrekksbevegelser, slik at den reagerer raskt p\u00e5 kontrollkommandoer, gir kraftige skyve- og trekkkrefter og er egnet for h\u00e5ndtering av tunge belastninger og komplekse oppgaver.<\/p>\n<\/li>\n<li>\n<h3>Ulike typer<\/h3>\n<p>Skuffesylinderen kan velges som enkeltvirkende (hydraulikk brukes i kun \u00e9n retning) eller dobbeltvirkende (hydraulikk brukes i to retninger) basert p\u00e5 krav for \u00e5 m\u00f8te ulike driftsbehov. Noen modeller er teleskopiske, noe som gir st\u00f8rre forlengelse uten \u00e5 \u00f8ke de ytre m\u00e5lene, egnet for applikasjoner med begrenset plass.<\/p>\n<\/li>\n<li>\n<h3>Enkel utskifting<\/h3>\n<p>Produktet v\u00e5rt kan erstatte disse hydrauliske sylindrene perfekt.<\/p>\n<\/li>\n<\/ul>\n<p><img decoding=\"async\" src=\"https:\/\/www.hydraulic-cylinders.net\/wp-content\/uploads\/2025\/01\/songte-cylinder-head-with-all-kinds-excavator-models.webp\" alt=\"Bilde av utskifting av b\u00f8ttesylinder\"><\/p>\n<h2>Bruksomr\u00e5der<\/h2>\n<p>Skuffesylinderen er mye brukt i diverse anleggs- og landbruksmaskiner. Noen vanlige bruksomr\u00e5der inkluderer:<\/p>\n<ul>\n<li>\n<h3>Anleggsutstyr<\/h3>\n<p>I gravemaskiner er de viktige for graving, lasting og flytting av jord eller rusk. I gravemaskiner hjelper skuffesylindere til med b\u00e5de graving og l\u00f8fting. <\/p>\n<\/li>\n<li>\n<h3>Landbruksmaskiner <\/h3>\n<p>Brukes i frontlastere for \u00e5 utarbeide, l\u00f8fte og transportere jord, h\u00f8y og andre materialer.<\/p>\n<\/li>\n<li>\n<h3>Gravemaskiner<\/h3>\n<p>Skuffesylindere muliggj\u00f8r gravearbeid ved \u00e5 la skuffen trenge ned i jorden. <\/p>\n<\/li>\n<li>\n<h3>Frontlastere<\/h3>\n<p>I frontlastere hjelper de med \u00e5 l\u00f8fte og dumpe gods effektivt. <\/p>\n<\/li>\n<\/ul>\n<h2>Designhensyn og utvalgskriterier<\/h2>\n<ul>\n<li>\n<h3>B\u00e6reevne<\/h3>\n<p>Skuffesylindere m\u00e5 ha h\u00f8y b\u00e6reevne for \u00e5 h\u00e5ndtere tunge belastninger og h\u00f8ytrykkshydraulikk.<\/p>\n<\/li>\n<li>\n<h3>Tetting<\/h3>\n<p>Skuffesylindere krever h\u00f8ykvalitets tetning for \u00e5 forhindre lekkasje av hydraulisk v\u00e6ske og sikre sikker og effektiv drift.<\/p>\n<\/li>\n<li>\n<h3>Varighet<\/h3>\n<p>Skuffesylinderen m\u00e5 v\u00e6re slitesterk og slitesterk for \u00e5 t\u00e5le t\u00f8ffe arbeidsmilj\u00f8er og forlenge levetiden.<\/p>\n<\/li>\n<li>\n<h3>Sikkerhet<\/h3>\n<p>Skuffesylindere m\u00e5 oppfylle strenge sikkerhetsstandarder for \u00e5 sikre sikker drift og forhindre ulykker. <\/p>\n<\/li>\n<li>\n<h3>Vedlikehold<\/h3>\n<p>Skuffesylindere krever regelmessig vedlikehold for \u00e5 sikre optimal ytelse og forlenge levetiden. <\/p>\n<\/li>\n<\/ul>\n<p><img decoding=\"async\" src=\"https:\/\/www.hydraulic-cylinders.net\/wp-content\/uploads\/2025\/01\/songte-oil-pipes-and-spare-parts.webp\" alt=\"Bilde av reservedeler for b\u00f8ttesylinder\"><\/p>\n<h2>Tetting og sm\u00f8ring<\/h2>\n<p>Skovlsylinderen bruker forskjellige tetningskomponenter som stempeltetninger, stangtetninger og slitasjeringer laget av slitesterke materialer som polyuretan og nitrilgummi. Sylinderhuset og gjengede endeflater gjennomg\u00e5r sk\u00e5nsom bearbeiding for \u00e5 forbedre slitestyrken. Regelmessig sm\u00f8ring med passende hydraulisk olje er n\u00f8dvendig for \u00e5 sikre effektiv drift.<\/p>\n<h2>Vedlikehold og reparasjon<\/h2>\n<p>For \u00e5 opprettholde b\u00f8ttesylinderens optimale ytelse er regelmessig inspeksjon og forebyggende vedlikehold avgj\u00f8rende. Anbefalte vedlikeholdsoppgaver inkluderer periodisk inspeksjon, passende sm\u00f8ring, utskifting av pakninger og kalibrering. Riktig installasjon er avgj\u00f8rende, og bruk av passende monteringsbraketter anbefales. Riktig inspeksjon, reparasjon og utskifting kan forlenge b\u00f8ttesylinderens levetid.<\/p>\n<p><img decoding=\"async\" src=\"https:\/\/www.hydraulic-cylinders.net\/wp-content\/uploads\/2025\/01\/songte-chushion-collar.webp\" alt=\"Bilde av vedlikehold av b\u00f8ttesylinder\"><\/p>\n<h2>Sikkerhetshensyn og milj\u00f8faktorer <\/h2>\n<p>N\u00e5r du bruker b\u00f8ttesylinderen, er det viktig \u00e5 f\u00f8lge riktige sikkerhetsprotokoller for \u00e5 forhindre ulykker og skader. Overholdelse av sikkerhetsretningslinjer og riktig bruk kan bidra til \u00e5 redusere milj\u00f8skader og fremme b\u00e6rekraft.<\/p>\n<h2>Feils\u00f8king og vanlige problemer<\/h2>\n<p>Vanlige problemer som kan oppst\u00e5 under drift av b\u00f8ttesylinderen inkluderer lekkasjer, d\u00e5rlig ytelse og sylinderskade. Riktig feils\u00f8king og probleml\u00f8sningsteknikker kan bidra til \u00e5 l\u00f8se disse problemene raskt og effektivt. Forebyggende tiltak som regelmessig vedlikehold og inspeksjon kan bidra til \u00e5 redusere sannsynligheten for potensielle problemer.<\/p>\n<p><img decoding=\"async\" src=\"https:\/\/www.hydraulic-cylinders.net\/wp-content\/uploads\/2025\/01\/songte-bushings-with-all-kinds-of-excavator-models.webp\" alt=\"Feils\u00f8kingsbilde for b\u00f8ttesylinder\"><\/p>\n<h2>Om selskapet v\u00e5rt<\/h2>\n<p>Vi er en produsent av hydrauliske sylindere for utskifting med et komplett produktsortiment, og er n\u00e5 en av de ledende produsentene og grossistene av hydrauliske sylindere i det innenlandske og internasjonale markedet. Vi f\u00f8lger en policy om utmerket kvalitet og er avhengige av strategier for industriell produksjonsstyring st\u00f8ttet av fine produksjonsverksteder, teknologier, digitalt, avansert produksjonsutstyr og profesjonelle testsystemer. V\u00e5rt selskap har evnen til \u00e5 skape, tilby effektive og produktive tjenester og m\u00f8te ulike kundebehov. <\/p>\n<ul>\n<li>\n<h3>Ekspertise<\/h3>\n<p>Vi har omfattende kunnskap og erfaring innen hydrauliske sylinderbransjen, noe som gj\u00f8r at vi kan tilby produkter av h\u00f8y kvalitet.<\/p>\n<\/li>\n<li>\n<h3>Internasjonal sertifisering<\/h3>\n<p>Alle v\u00e5re produkter oppfyller internasjonale standarder og er sertifisert av ISO9001, CE, etc.<\/p>\n<\/li>\n<li>\n<h3>Tilpasningstjenester<\/h3>\n<p>Vi tilbyr tilpasningstjenester for \u00e5 m\u00f8te spesifikke kundekrav.<\/p>\n<\/li>\n<li>\n<h3>Produksjonsutstyr<\/h3>\n<p>Verkstedene v\u00e5re er utstyrt med toppmoderne produksjonsutstyr for \u00e5 st\u00f8tte produksjon og kvalitetskontroll.<\/p>\n<\/li>\n<li>\n<h3>Ettersalgsservice<\/h3>\n<p>Vi tilbyr rettidig og effektiv ettersalgsservice for \u00e5 sikre kundetilfredshet.<\/p>\n<\/li>\n<\/ul>\n<p><img decoding=\"async\" src=\"https:\/\/hzpt.com\/wp-content\/uploads\/2024\/11\/songte-company-1.webp\" alt=\"Selskapets image\"><\/p>\n<p>Forfatter: lyl.<\/p>","protected":false},"excerpt":{"rendered":"<p>Bucket Cylinder For Sumitomo Middle Excavator SH240-5 Introduction The bucket cylinder for Sumitomo middle excavator SH240-5 is a specialized hydraulic cylinder designed to control the movement of the bucket in heavy machinery such as excavators, backhoes, and front-end loaders. Its primary function is to enable the bucket to lift, lower, and tilt, making it easier [&hellip;]<\/p>","protected":false},"featured_media":14784,"comment_status":"open","ping_status":"closed","template":"","meta":{"_et_pb_use_builder":"","_et_pb_old_content":"","_et_gb_content_width":""},"product_brand":[],"product_cat":[1494],"product_tag":[1495,1496],"class_list":{"0":"post-15181","1":"product","2":"type-product","3":"status-publish","4":"has-post-thumbnail","6":"product_cat-bucket-cylinders","7":"product_tag-bucket-cylinders","8":"product_tag-hydraulic-cylinders","10":"first","11":"instock","12":"shipping-taxable","13":"product-type-simple"},"amp_enabled":true,"_links":{"self":[{"href":"https:\/\/www.hydraulic-cylinders.net\/nb\/wp-json\/wp\/v2\/product\/15181","targetHints":{"allow":["GET"]}}],"collection":[{"href":"https:\/\/www.hydraulic-cylinders.net\/nb\/wp-json\/wp\/v2\/product"}],"about":[{"href":"https:\/\/www.hydraulic-cylinders.net\/nb\/wp-json\/wp\/v2\/types\/product"}],"replies":[{"embeddable":true,"href":"https:\/\/www.hydraulic-cylinders.net\/nb\/wp-json\/wp\/v2\/comments?post=15181"}],"wp:featuredmedia":[{"embeddable":true,"href":"https:\/\/www.hydraulic-cylinders.net\/nb\/wp-json\/wp\/v2\/media\/14784"}],"wp:attachment":[{"href":"https:\/\/www.hydraulic-cylinders.net\/nb\/wp-json\/wp\/v2\/media?parent=15181"}],"wp:term":[{"taxonomy":"product_brand","embeddable":true,"href":"https:\/\/www.hydraulic-cylinders.net\/nb\/wp-json\/wp\/v2\/product_brand?post=15181"},{"taxonomy":"product_cat","embeddable":true,"href":"https:\/\/www.hydraulic-cylinders.net\/nb\/wp-json\/wp\/v2\/product_cat?post=15181"},{"taxonomy":"product_tag","embeddable":true,"href":"https:\/\/www.hydraulic-cylinders.net\/nb\/wp-json\/wp\/v2\/product_tag?post=15181"}],"curies":[{"name":"wp","href":"https:\/\/api.w.org\/{rel}","templated":true}]}}