{"id":15184,"date":"2025-01-19T14:12:36","date_gmt":"2025-01-19T14:12:36","guid":{"rendered":"https:\/\/www.hydraulic-cylinders.net\/product\/bucket-cylinder-for-sumitomo-large-excavator-sh330a3\/"},"modified":"2025-01-19T14:12:38","modified_gmt":"2025-01-19T14:12:38","slug":"bucket-cylinder-for-sumitomo-large-excavator-sh330a3","status":"publish","type":"product","link":"https:\/\/www.hydraulic-cylinders.net\/nb\/produkt\/bucket-cylinder-for-sumitomo-large-excavator-sh330a3\/","title":{"rendered":"Skuffesylinder for Sumitomo stor gravemaskin SH330A3"},"content":{"rendered":"<h1>Skuffesylinder for Sumitomo stor gravemaskin SH330A3<\/h1>\n<h2>Introduksjon<\/h2>\n<p>Skuffesylinderen til Sumitomo storgravemaskin SH330A3 er en spesialdesignet hydraulisk sylinder som prim\u00e6rt brukes til \u00e5 kontrollere bevegelsen til skuffen i tunge maskiner som gravemaskiner, traktorgravere og hjullastere. Hovedfunksjonen er \u00e5 muliggj\u00f8re l\u00f8fting, senking og tilting av skuffen, noe som gj\u00f8r den praktisk for ulike materialh\u00e5ndteringsoppgaver. I det hydrauliske systemet oppn\u00e5r skuffesylinderen presis kontroll over skuffen ved \u00e5 utnytte trykkendringene i hydraulikkoljen, slik at operat\u00f8rer effektivt kan h\u00e5ndtere tunge laster og tilpasse seg komplekse arbeidsmilj\u00f8er og ulike jobbkrav.<\/p>\n<p><img decoding=\"async\" src=\"https:\/\/www.hydraulic-cylinders.net\/wp-content\/uploads\/2025\/01\/songte-company-2.webp\"><\/p>\n<h2>Funksjoner<\/h2>\n<ul>\n<li>H\u00f8y styrke og holdbarhet: Vanligvis laget av h\u00f8yfast st\u00e5l eller aluminium, t\u00e5ler den h\u00f8yt trykk og tunge belastninger, og tilpasser seg t\u00f8ffe arbeidsmilj\u00f8er. Designet tar hensyn til slitestyrke og korrosjonsbestandighet, noe som forlenger levetiden.<\/li>\n<li>Effektiv hydraulisk drift: Utnytter trykket fra hydraulikkoljen for \u00e5 oppn\u00e5 jevne teleskopbevegelser, i stand til rask respons p\u00e5 kontrollkommandoer, gir kraftig skyve- og trekkekrefter, egnet for h\u00e5ndtering av tunge belastninger og komplekse arbeidsoppgaver.<\/li>\n<li>Ulike typer: Kan velge mellom enkeltvirkende (hydraulisk brukt kun i \u00e9n retning) eller dobbeltvirkende (hydraulisk brukt i begge retninger) sylindere i henhold til behov. Noen modeller er teleskopiske, noe som gir st\u00f8rre forlengelse uten \u00e5 \u00f8ke de ytre m\u00e5lene, egnet for applikasjoner med begrenset plass.<\/li>\n<li>Perfekt erstatning: Produktet v\u00e5rt kan erstatte disse hydrauliske sylindrene perfekt.<\/li>\n<\/ul>\n<p><img decoding=\"async\" src=\"https:\/\/www.hydraulic-cylinders.net\/wp-content\/uploads\/2025\/01\/songte-cylinder-head-with-all-kinds-excavator-models.webp\"><\/p>\n<h2>Bruksomr\u00e5der<\/h2>\n<p>Skuffesylinderen til Sumitomo storgraver SH330A3 er mye brukt i ulike bruksomr\u00e5der, inkludert:<\/p>\n<ul>\n<li>Anleggsutstyr: Finnes i gravemaskiner, og er avgj\u00f8rende for graving, lasting og flytting av jord eller rusk. I gravemaskiner hjelper skuffesylinderen til med b\u00e5de graving og l\u00f8fting.<\/li>\n<li>Landbruksmaskiner: Brukes i frontlastere til \u00e5 utarbeide, l\u00f8fte og transportere jord, h\u00f8y og andre materialer.<\/li>\n<li>Gravemaskiner: Skuffesylinderen muliggj\u00f8r graveaksjoner ved \u00e5 la skuffen trenge ned i jorden.<\/li>\n<li>Hjullastere: I hjullastere hjelper de med effektiv l\u00f8fting og dumping av varer.<\/li>\n<\/ul>\n<h2>Designhensyn og utvalgskriterier<\/h2>\n<p>Ved utforming av b\u00f8ttesylinderen tas det hensyn til flere faktorer, for eksempel:<\/p>\n<ul>\n<li>B\u00e6reevne<\/li>\n<li>Tetningsevne<\/li>\n<li>Varighet<\/li>\n<li>Sikkerhet<\/li>\n<li>Vedlikeholdbarhet<\/li>\n<\/ul>\n<p><img decoding=\"async\" src=\"https:\/\/www.hydraulic-cylinders.net\/wp-content\/uploads\/2025\/01\/songte-oil-pipes-and-spare-parts.webp\"><\/p>\n<h2>Tetting og sm\u00f8ring<\/h2>\n<p>Skuffesylinderen benytter forskjellige tetningskomponenter, som stempeltetninger og stangtetninger, som er laget av slitesterke materialer som polyuretan og nitrilgummi. Sylinderhuset og gjengede endeflater er fint behandlet for \u00e5 forbedre slitestyrken. Regelmessig sm\u00f8ring med en passende mengde hydraulisk olje er n\u00f8dvendig for \u00e5 sikre problemfri drift.<\/p>\n<h2>Regelmessig inspeksjon og forebyggende vedlikehold<\/h2>\n<p>For \u00e5 sikre at b\u00f8ttesylinderen varer lenge, anbefales regelmessige inspeksjoner og forebyggende vedlikeholdstiltak. Disse tiltakene inkluderer:<\/p>\n<ul>\n<li>Kontroll av lekkasjer og skader<\/li>\n<li>Riktig sm\u00f8ring<\/li>\n<li>Utskifting av tetninger<\/li>\n<li>Kalibreringskontroller<\/li>\n<\/ul>\n<p><img decoding=\"async\" src=\"https:\/\/www.hydraulic-cylinders.net\/wp-content\/uploads\/2025\/01\/songte-chushion-collar.webp\"><\/p>\n<h2>Sikkerhetshensyn og milj\u00f8faktorer<\/h2>\n<p>N\u00e5r du bruker b\u00f8ttesylinderen, er det viktig \u00e5 prioritere sikkerhetstiltak. Dette inkluderer \u00e5 f\u00f8lge riktige installasjonsprosedyrer, bruke passende installasjonsbraketter for \u00e5 feste sylinderen, og overholde anbefalte inspeksjons-, reparasjons- og utskiftingsprotokoller. Det er ogs\u00e5 viktig \u00e5 vurdere milj\u00f8faktorer for \u00e5 minimere potensiell p\u00e5virkning eller skade.<\/p>\n<h2>Feildiagnose og vanlige problemer<\/h2>\n<p>N\u00e5r man st\u00f8ter p\u00e5 feil eller problemer med b\u00f8ttesylinderen, er det avgj\u00f8rende \u00e5 diagnostisere og feils\u00f8ke effektivt. Vanlige problemer kan omfatte lekkasjer, utilstrekkelig kraft eller uresponsive bevegelser. \u00c5 gi feils\u00f8kingstips og l\u00f8sninger kan hjelpe leserne med \u00e5 l\u00f8se problemer og tilby forebyggende tiltak for \u00e5 minimere potensielle problemer.<\/p>\n<p><img decoding=\"async\" src=\"https:\/\/www.hydraulic-cylinders.net\/wp-content\/uploads\/2025\/01\/songte-bushings-with-all-kinds-of-excavator-models.webp\"><\/p>\n<p>Husk \u00e5 organisere artikkelen logisk, bruke underoverskrifter for enkel navigering, innlemme relevante bilder eller diagrammer for \u00e5 forbedre forst\u00e5elsen, og s\u00f8rge for at innholdet er klart, konsist og egnet for lesere med varierende niv\u00e5er av teknisk kunnskap.<\/p>\n<h2>Om selskapet v\u00e5rt<\/h2>\n<p>Vi er en produsent av hydrauliske sylindere for utskifting. V\u00e5rt firma tilbyr et bredt spekter av produkter og har blitt en av de ledende produsentene og grossistdistribut\u00f8rene av hydrauliske sylindere i b\u00e5de innenlandske og internasjonale markeder. Vi f\u00f8lger prinsippene om kvalitetssikring og bruker strategier for industriell produksjonsstyring i v\u00e5re sofistikerte produksjonsverksteder. Med fokus p\u00e5 teknologisk talent, avansert digitalisert produksjonsutstyr og profesjonelle testsystemer, forbedrer vi kontinuerlig v\u00e5re produksjonsplattformer, perfeksjonerer produksjonsruter med perfekt produktkvalitet og har betydelig innovasjonskapasitet. Vi tar sikte p\u00e5 \u00e5 m\u00f8te kundenes behov med h\u00f8y effektivitet, presisjon og kvalitet.<\/p>\n<p><img decoding=\"async\" src=\"https:\/\/www.hydraulic-cylinders.net\/wp-content\/uploads\/2025\/01\/songte-company-3.webp\"><\/p>\n<h3>Tilleggsinformasjon<\/h3>\n<p>V\u00e5rt firma er kjent for:<\/p>\n<ul>\n<li>Profesjonalitet<\/li>\n<li>Internasjonale sertifiseringer<\/li>\n<li>Tilpassede tjenester<\/li>\n<li>Avansert produksjonsutstyr<\/li>\n<li>Ettersalgstjenester<\/li>\n<\/ul>\n<p>Forfatter: lyl<\/p>","protected":false},"excerpt":{"rendered":"<p>Bucket Cylinder For Sumitomo Large Excavator SH330A3 Introduction The bucket cylinder for Sumitomo large excavator SH330A3 is a specially designed hydraulic cylinder that is primarily used to control the movement of the bucket in heavy machinery such as excavators, backhoe excavators, and wheel loaders. Its main function is to enable the lifting, lowering, and tilting [&hellip;]<\/p>","protected":false},"featured_media":14778,"comment_status":"open","ping_status":"closed","template":"","meta":{"_et_pb_use_builder":"","_et_pb_old_content":"","_et_gb_content_width":""},"product_brand":[],"product_cat":[1494],"product_tag":[1495,1496],"class_list":{"0":"post-15184","1":"product","2":"type-product","3":"status-publish","4":"has-post-thumbnail","6":"product_cat-bucket-cylinders","7":"product_tag-bucket-cylinders","8":"product_tag-hydraulic-cylinders","10":"first","11":"instock","12":"shipping-taxable","13":"product-type-simple"},"amp_enabled":true,"_links":{"self":[{"href":"https:\/\/www.hydraulic-cylinders.net\/nb\/wp-json\/wp\/v2\/product\/15184","targetHints":{"allow":["GET"]}}],"collection":[{"href":"https:\/\/www.hydraulic-cylinders.net\/nb\/wp-json\/wp\/v2\/product"}],"about":[{"href":"https:\/\/www.hydraulic-cylinders.net\/nb\/wp-json\/wp\/v2\/types\/product"}],"replies":[{"embeddable":true,"href":"https:\/\/www.hydraulic-cylinders.net\/nb\/wp-json\/wp\/v2\/comments?post=15184"}],"wp:featuredmedia":[{"embeddable":true,"href":"https:\/\/www.hydraulic-cylinders.net\/nb\/wp-json\/wp\/v2\/media\/14778"}],"wp:attachment":[{"href":"https:\/\/www.hydraulic-cylinders.net\/nb\/wp-json\/wp\/v2\/media?parent=15184"}],"wp:term":[{"taxonomy":"product_brand","embeddable":true,"href":"https:\/\/www.hydraulic-cylinders.net\/nb\/wp-json\/wp\/v2\/product_brand?post=15184"},{"taxonomy":"product_cat","embeddable":true,"href":"https:\/\/www.hydraulic-cylinders.net\/nb\/wp-json\/wp\/v2\/product_cat?post=15184"},{"taxonomy":"product_tag","embeddable":true,"href":"https:\/\/www.hydraulic-cylinders.net\/nb\/wp-json\/wp\/v2\/product_tag?post=15184"}],"curies":[{"name":"wp","href":"https:\/\/api.w.org\/{rel}","templated":true}]}}