{"id":15185,"date":"2025-01-19T14:12:40","date_gmt":"2025-01-19T14:12:40","guid":{"rendered":"https:\/\/www.hydraulic-cylinders.net\/product\/bucket-cylinder-for-sumitomo-large-excavator-sh350-5\/"},"modified":"2025-01-19T14:12:42","modified_gmt":"2025-01-19T14:12:42","slug":"bucket-cylinder-for-sumitomo-large-excavator-sh350-5","status":"publish","type":"product","link":"https:\/\/www.hydraulic-cylinders.net\/nb\/produkt\/bucket-cylinder-for-sumitomo-large-excavator-sh350-5\/","title":{"rendered":"B\u00f8ttesylinder for Sumitomo stor gravemaskin SH350-5"},"content":{"rendered":"<h2>B\u00f8ttesylinder for Sumitomo stor gravemaskin SH350-5<\/h2>\n<p><img decoding=\"async\" src=\"https:\/\/www.hydraulic-cylinders.net\/wp-content\/uploads\/2025\/01\/songte-company-2.webp\" alt=\"Bilde av b\u00f8ttesylinder\"><\/p>\n<h3>Definisjon og forklaring<\/h3>\n<p>En skuffesylinder er en spesialdesignet hydraulisk sylinder som brukes til \u00e5 kontrollere bevegelsen til skuffen i tunge maskiner, som gravemaskiner, traktorgravere og frontlastere. Hovedfunksjonen er \u00e5 muliggj\u00f8re l\u00f8fting, senking og tilting av skuffen, noe som gj\u00f8r det enklere \u00e5 h\u00e5ndtere ulike materialh\u00e5ndteringsoppgaver. I et hydraulisk system oppn\u00e5r skuffesylinderen presis kontroll over skuffen ved \u00e5 utnytte endringer i hydraulikkoljetrykket, slik at operat\u00f8rer effektivt kan h\u00e5ndtere tunge laster og tilpasse seg komplekse arbeidsmilj\u00f8er og ulike jobbkrav.<\/p>\n<h3>Funksjoner av b\u00f8ttesylinder<\/h3>\n<ol>\n<li>H\u00f8y styrke og holdbarhet: B\u00f8ttesylinderen er vanligvis laget av h\u00f8yfast st\u00e5l eller aluminium, og t\u00e5ler h\u00f8yt trykk og tunge belastninger, og tilpasser seg t\u00f8ffe arbeidsmilj\u00f8er. Designet tar hensyn til slitestyrke og korrosjonsbestandighet, noe som forlenger levetiden.<\/li>\n<li>Effektiv hydraulisk drift: Ved \u00e5 utnytte hydraulisk oljetrykk oppn\u00e5r skuffesylinderen jevne forlengelses- og inntrekksbevegelser, noe som muliggj\u00f8r rask respons p\u00e5 kontrollkommandoer og gir kraftig skyve- og trekkkrefter, egnet for h\u00e5ndtering av tunge belastninger og komplekse arbeidsoppgaver.<\/li>\n<li>Allsidige typer: Skuffesylinderen kan velges som enten enkeltvirkende (hydraulisk trykk brukes i kun \u00e9n retning) eller dobbeltvirkende (hydraulisk trykk brukes i begge retninger) sylindere, basert p\u00e5 spesifikke driftskrav. Noen modeller er teleskopiske, noe som gir st\u00f8rre forlengelse uten \u00e5 \u00f8ke de ytre dimensjonene, noe som gj\u00f8r dem egnet for applikasjoner med begrenset plass.<\/li>\n<li>Perfekt erstatning: Produktet v\u00e5rt kan erstatte disse hydrauliske sylindrene perfekt.<\/li>\n<\/ol>\n<p><img decoding=\"async\" src=\"https:\/\/www.hydraulic-cylinders.net\/wp-content\/uploads\/2025\/01\/songte-cylinder-head-with-all-kinds-excavator-models.webp\" alt=\"Utskifting av b\u00f8ttesylinder\"><\/p>\n<h3>Bruksomr\u00e5der for b\u00f8ttesylinder<\/h3>\n<p>B\u00f8ttesylindere er viktige i diverse utstyr og maskiner for ulike bruksomr\u00e5der:<\/p>\n<ul>\n<li>Anleggsutstyr: De finnes i gravemaskiner og er avgj\u00f8rende for graving, lasting og flytting av jord eller rusk. I gravemaskiner hjelper skuffesylinderen til med b\u00e5de graving og l\u00f8fting.<\/li>\n<li>Landbruksmaskiner: Brukes i frontlastere, og de hjelper til med \u00e5 utarbeide, l\u00f8fte og transportere jord, h\u00f8y og andre materialer.<\/li>\n<li>Gravemaskiner: Skuffesylinderen muliggj\u00f8r gravearbeid ved \u00e5 la skuffen trenge ned i jorden.<\/li>\n<li>Lastere: I frontlastere hjelper de med \u00e5 l\u00f8fte og tilte varer effektivt.<\/li>\n<\/ul>\n<h3>Designhensyn og utvalgskriterier<\/h3>\n<p>Ved utforming av b\u00f8ttesylindere m\u00e5 flere faktorer og utvalgskriterier vurderes:<\/p>\n<ul>\n<li>B\u00e6reevne: Sylinderen skal kunne t\u00e5le den maksimale belastningen den vil m\u00f8te under drift.<\/li>\n<li>Tetting: Ulike tetningskomponenter, som stempeltetninger og stangtetninger laget av slitesterke materialer som polyuretan eller nitrilgummi, brukes for \u00e5 sikre effektiv tetting.<\/li>\n<li>Holdbarhet: Sylinderhuset og de gjengede endeflatene er fint behandlet for \u00e5 forbedre slitestyrken.<\/li>\n<li>Sikkerhet: Sikkerhetstiltak b\u00f8r iverksettes for \u00e5 forhindre ulykker under drift.<\/li>\n<li>Vedlikeholdsvennlighet: Enkle vedlikeholds- og reparasjonsprosedyrer b\u00f8r vurderes, noe som muliggj\u00f8r effektivt vedlikehold av sylinderen.<\/li>\n<\/ul>\n<p><img decoding=\"async\" src=\"https:\/\/www.hydraulic-cylinders.net\/wp-content\/uploads\/2025\/01\/songte-oil-pipes-and-spare-parts.webp\" alt=\"Hydrauliske sylinderdeler\"><\/p>\n<h3>Tetting og sm\u00f8ring<\/h3>\n<p>B\u00f8ttesylindere bruker forskjellige tetningskomponenter, som stempeltetninger og stangtetninger, som er laget av slitesterke materialer som polyuretan og nitrilgummi. Sylinderhuset og gjengede endeflater er fint behandlet for \u00e5 forbedre slitestyrken. Regelmessig sm\u00f8ring med passende hydraulisk olje er n\u00f8dvendig for \u00e5 sikre problemfri drift.<\/p>\n<h3>Regelmessig inspeksjon og forebyggende vedlikeholdstiltak<\/h3>\n<ul>\n<li>Inspiser sylinderen regelmessig for tegn p\u00e5 skade, lekkasjer eller unormal slitasje.<\/li>\n<li>S\u00f8rg for riktig sm\u00f8ring i henhold til produsentens anbefalinger.<\/li>\n<li>Skift ut slitte pakninger med jevne mellomrom for \u00e5 opprettholde optimal ytelse.<\/li>\n<li>Utf\u00f8r kalibreringskontroller for \u00e5 sikre at sylinderen fungerer innenfor spesifiserte parametere.<\/li>\n<\/ul>\n<p><img decoding=\"async\" src=\"https:\/\/www.hydraulic-cylinders.net\/wp-content\/uploads\/2025\/01\/songte-chushion-collar.webp\" alt=\"Vedlikehold av hydrauliske sylindere\"><\/p>\n<h3>Sikkerhetshensyn og milj\u00f8faktorer<\/h3>\n<p>N\u00e5r man bruker b\u00f8ttesylindere, er det viktig \u00e5 prioritere sikkerhetstiltak for \u00e5 forhindre ulykker og sikre operat\u00f8renes og omkringliggende personells velv\u00e6re.<\/p>\n<h3>Feils\u00f8king og vanlige problemer<\/h3>\n<p>Vanlige problemer som kan oppst\u00e5 med b\u00f8ttesylindere inkluderer lekkasjer, manglende respons og unormale lyder. Slik l\u00f8ser du disse problemene:<\/p>\n<ul>\n<li>Sjekk for synlige lekkasjer eller skadede tetninger.<\/li>\n<li>Kontroller at det hydrauliske systemet har tilstrekkelig olje og riktig trykk.<\/li>\n<li>Inspiser sylinderen for tegn p\u00e5 feiljustering eller mekaniske problemer.<\/li>\n<\/ul>\n<p><img decoding=\"async\" src=\"https:\/\/www.hydraulic-cylinders.net\/wp-content\/uploads\/2025\/01\/songte-bushings-with-all-kinds-of-excavator-models.webp\" alt=\"Hydrauliske sylinderforinger\"><\/p>\n<h3>Vedlikeholdstips<\/h3>\n<p>Regelmessige vedlikeholdsoppgaver for b\u00f8ttesylindere inkluderer regelmessig inspeksjon, riktig sm\u00f8ring, utskifting av pakninger og kalibreringskontroller. Riktig installasjon, sm\u00f8ring og justering er avgj\u00f8rende, og veiledning om justering b\u00f8r gis under installasjonsprosessen. Det anbefales \u00e5 bruke passende monteringsbraketter for \u00e5 feste sylinderen. Anbefalte inspeksjons-, reparasjons- og utskiftingsprosedyrer b\u00f8r f\u00f8lges, og teknikker for \u00e5 forlenge levetiden til b\u00f8ttesylinderen b\u00f8r implementeres.<\/p>\n<h3>Om selskapet v\u00e5rt<\/h3>\n<p><img decoding=\"async\" src=\"https:\/\/hzpt.com\/wp-content\/uploads\/2024\/11\/songte-company-1.webp\" alt=\"Selskapets image\"><\/p>\n<p>Vi er en produsent av hydrauliske sylindere for utskifting, og tilbyr et bredt spekter av produkter. Vi har blitt en av de ledende produsentene og grossistdistribut\u00f8rene av hydrauliske sylindere i innenlandske og internasjonale markeder. Vi f\u00f8lger prinsippene om utmerket kvalitet og er avhengige av strategier for industriell produksjonsstyring i v\u00e5rt raffinerte produksjonsverksted. Ved \u00e5 bruke teknologisk talent, avansert produksjonsutstyr og profesjonelle testsystemer, forbedrer vi kontinuerlig v\u00e5r produksjonsplattform og produksjonslinjer for produktkvalitet. Vi har sterke kreative evner og prioriterer effektivitet, presisjon og h\u00f8y kvalitet for \u00e5 m\u00f8te kundenes ulike behov.<\/p>\n<p><img decoding=\"async\" src=\"https:\/\/www.hydraulic-cylinders.net\/wp-content\/uploads\/2025\/01\/songte-company-3.webp\" alt=\"Selskapsinformasjon\"><\/p>\n<p>Vi er stolte av v\u00e5r profesjonalitet, internasjonale sertifiseringer, tilpassede tjenester, produksjonsutstyr og ettersalgsservice.<\/p>","protected":false},"excerpt":{"rendered":"<p>Bucket Cylinder For Sumitomo Large Excavator SH350-5 Definition and Explanation A bucket cylinder is a specially designed hydraulic cylinder used to control the movement of the bucket in heavy machinery, such as excavators, backhoe loaders, and front-end loaders. Its main function is to enable the lifting, lowering, and tilting of the bucket, making it easier [&hellip;]<\/p>","protected":false},"featured_media":14776,"comment_status":"open","ping_status":"closed","template":"","meta":{"_et_pb_use_builder":"","_et_pb_old_content":"","_et_gb_content_width":""},"product_brand":[],"product_cat":[1494],"product_tag":[1495,1496],"class_list":{"0":"post-15185","1":"product","2":"type-product","3":"status-publish","4":"has-post-thumbnail","6":"product_cat-bucket-cylinders","7":"product_tag-bucket-cylinders","8":"product_tag-hydraulic-cylinders","10":"first","11":"instock","12":"shipping-taxable","13":"product-type-simple"},"amp_enabled":true,"_links":{"self":[{"href":"https:\/\/www.hydraulic-cylinders.net\/nb\/wp-json\/wp\/v2\/product\/15185","targetHints":{"allow":["GET"]}}],"collection":[{"href":"https:\/\/www.hydraulic-cylinders.net\/nb\/wp-json\/wp\/v2\/product"}],"about":[{"href":"https:\/\/www.hydraulic-cylinders.net\/nb\/wp-json\/wp\/v2\/types\/product"}],"replies":[{"embeddable":true,"href":"https:\/\/www.hydraulic-cylinders.net\/nb\/wp-json\/wp\/v2\/comments?post=15185"}],"wp:featuredmedia":[{"embeddable":true,"href":"https:\/\/www.hydraulic-cylinders.net\/nb\/wp-json\/wp\/v2\/media\/14776"}],"wp:attachment":[{"href":"https:\/\/www.hydraulic-cylinders.net\/nb\/wp-json\/wp\/v2\/media?parent=15185"}],"wp:term":[{"taxonomy":"product_brand","embeddable":true,"href":"https:\/\/www.hydraulic-cylinders.net\/nb\/wp-json\/wp\/v2\/product_brand?post=15185"},{"taxonomy":"product_cat","embeddable":true,"href":"https:\/\/www.hydraulic-cylinders.net\/nb\/wp-json\/wp\/v2\/product_cat?post=15185"},{"taxonomy":"product_tag","embeddable":true,"href":"https:\/\/www.hydraulic-cylinders.net\/nb\/wp-json\/wp\/v2\/product_tag?post=15185"}],"curies":[{"name":"wp","href":"https:\/\/api.w.org\/{rel}","templated":true}]}}