{"id":15193,"date":"2025-01-19T14:13:19","date_gmt":"2025-01-19T14:13:19","guid":{"rendered":"https:\/\/www.hydraulic-cylinders.net\/product\/bucket-cylinder-for-sumitomo-large-excavator-sh480hd-5\/"},"modified":"2025-01-19T14:13:21","modified_gmt":"2025-01-19T14:13:21","slug":"bucket-cylinder-for-sumitomo-large-excavator-sh480hd-5","status":"publish","type":"product","link":"https:\/\/www.hydraulic-cylinders.net\/nb\/produkt\/bucket-cylinder-for-sumitomo-large-excavator-sh480hd-5\/","title":{"rendered":"Skuffesylinder for Sumitomo stor gravemaskin SH480HD-5"},"content":{"rendered":"<h1>Skuffesylinder for Sumitomo stor gravemaskin SH480HD-5<\/h1>\n<h2>Introduksjon<\/h2>\n<p>En skuffesylinder er en spesialdesignet hydraulisk sylinder som prim\u00e6rt brukes til \u00e5 kontrollere bevegelsen til skuffer i tunge maskiner som gravemaskiner, traktorgravere og frontlastere. Hovedfunksjonen er \u00e5 gj\u00f8re det mulig for skuffen \u00e5 l\u00f8fte, senke og vippe, noe som gj\u00f8r den ideell for ulike materialh\u00e5ndteringsoppgaver. I det hydrauliske systemet kontrollerer skuffesylindere den presise bevegelsen til skuffen ved hjelp av endringer i hydraulikkoljetrykket, slik at operat\u00f8rer effektivt kan h\u00e5ndtere tunge laster og tilpasse seg komplekse arbeidsmilj\u00f8er og ulike jobbkrav.<\/p>\n<p><img decoding=\"async\" src=\"https:\/\/www.hydraulic-cylinders.net\/wp-content\/uploads\/2025\/01\/songte-company-2.webp\" alt=\"Skuffesylinder for Sumitomo stor gravemaskin SH480HD-5\"><\/p>\n<h2>Funksjoner<\/h2>\n<ul>\n<li>\n<h3>H\u00f8y styrke og holdbarhet<\/h3>\n<p>B\u00f8ttesylindere er vanligvis laget av h\u00f8yfast st\u00e5l eller aluminium, som t\u00e5ler h\u00f8yt trykk og tunge belastninger, tilpasser seg t\u00f8ffe arbeidsmilj\u00f8er, og er designet med tanke p\u00e5 holdbarhet og korrosjonsbestandighet, noe som forlenger levetiden.<\/p>\n<\/li>\n<li>\n<h3>Effektiv hydraulisk drift<\/h3>\n<p>Skuffesylindere bruker hydraulisk oljetrykk for \u00e5 oppn\u00e5 jevne forlengelses- og sammentrekningsbevegelser, reagerer raskt p\u00e5 kontrollkommandoer, gir kraftige skyve- og trekkekrefter, og er egnet for h\u00e5ndtering av tunge belastninger og komplekse arbeidsoppgaver.<\/p>\n<\/li>\n<li>\n<h3>Ulike typer<\/h3>\n<p>Skuffesylindere kan v\u00e6re enkelt- eller dobbeltvirkende sylindere (ved bruk av hydraulisk trykk i \u00e9n eller begge retninger) avhengig av driftskrav. Noen modeller er teleskopiske, noe som gir st\u00f8rre forlengelse uten \u00e5 \u00f8ke de ytre dimensjonene, og er egnet for bruksomr\u00e5der med begrenset plass.<\/p>\n<\/li>\n<li>\n<h3>Utskiftbar<\/h3>\n<p>Produktet v\u00e5rt kan erstatte disse hydrauliske sylindrene perfekt.<\/p>\n<\/li>\n<\/ul>\n<p><img decoding=\"async\" src=\"https:\/\/www.hydraulic-cylinders.net\/wp-content\/uploads\/2025\/01\/songte-cylinder-head-with-all-kinds-excavator-models.webp\" alt=\"Skuffesylinder for Sumitomo stor gravemaskin SH480HD-5\"><\/p>\n<h2>Bruksomr\u00e5der<\/h2>\n<p>Skuffesylindere er mye brukt i en rekke bransjer, inkludert anleggsmaskiner, landbruksmaskiner, gravemaskiner og lastere. Nedenfor er noen av de vanligste bruksomr\u00e5dene:<\/p>\n<ul>\n<li>\n<h3>Anleggsutstyr<\/h3>\n<p>I gravemaskiner er de viktige for graving, lasting og flytting av jord eller rusk. I gravemaskinlastere hjelper skuffesylindere med b\u00e5de graving og l\u00f8fting. I frontlastere hjelper de med \u00e5 l\u00f8fte og tippe last effektivt.<\/p>\n<\/li>\n<li>\n<h3>Landbruksmaskiner<\/h3>\n<p>De brukes i frontlastere, og er til \u00e5 utarbeide, l\u00f8fte og transportere jord, h\u00f8y og andre materialer.<\/p>\n<\/li>\n<li>\n<h3>Gravemaskiner<\/h3>\n<p>Skuffesylindere muliggj\u00f8r graveaksjonen ved \u00e5 la gravemaskinens skuffe trenge ned i jorden.<\/p>\n<\/li>\n<li>\n<h3>Lastere<\/h3>\n<p>I frontlastere hjelper de med \u00e5 l\u00f8fte og dumpe last effektivt.<\/p>\n<\/li>\n<\/ul>\n<h2>Designhensyn og utvalgskriterier<\/h2>\n<p>N\u00e5r man velger b\u00f8ttesylindere, m\u00e5 man vurdere flere designhensyn, inkludert:<\/p>\n<ul>\n<li>\n<h3>B\u00e6reevne<\/h3>\n<p>Sylinderens b\u00e6reevne m\u00e5 v\u00e6re tilstrekkelig til \u00e5 h\u00e5ndtere lasten, noe som sikrer problemfri drift.<\/p>\n<\/li>\n<li>\n<h3>Tetting<\/h3>\n<p>Ulike tetningskomponenter, som stempeltetninger og stangtetninger, m\u00e5 brukes for \u00e5 forhindre lekkasjer og sikre at sylinderen fungerer som den skal.<\/p>\n<\/li>\n<li>\n<h3>Varighet<\/h3>\n<p>Sylinderen m\u00e5 v\u00e6re konstruert for \u00e5 v\u00e6re holdbar i t\u00f8ffe milj\u00f8forhold og v\u00e6re motstandsdyktig mot korrosjon og slitasje.<\/p>\n<\/li>\n<li>\n<h3>Sikkerhet<\/h3>\n<p>Skuffesylindere m\u00e5 v\u00e6re utformet med sikkerhetsfunksjoner som trykkavlastningsventiler for \u00e5 forhindre overbelastning og sikre sikker drift.<\/p>\n<\/li>\n<li>\n<h3>Vedlikeholdbarhet<\/h3>\n<p>Sylinderen m\u00e5 v\u00e6re konstruert for enkelt vedlikehold, inkludert enkel demontering og montering, enkel tilgang til komponenter og muligheten til \u00e5 raskt skifte ut deler.<\/p>\n<\/li>\n<\/ul>\n<p><img decoding=\"async\" src=\"https:\/\/www.hydraulic-cylinders.net\/wp-content\/uploads\/2025\/01\/songte-oil-pipes-and-spare-parts.webp\" alt=\"Skuffesylinder for Sumitomo stor gravemaskin SH480HD-5\"><\/p>\n<h2>Tetting og sm\u00f8ring<\/h2>\n<p>Ulike tetningskomponenter som stempeltetninger og stangtetninger m\u00e5 brukes for \u00e5 forhindre lekkasjer og sikre at sylinderen fungerer som den skal. Sylinderhuset og de gjengede endeflatene er fint bearbeidet for \u00e5 forbedre slitestyrken. Tilsett regelmessig passende hydraulikkolje for \u00e5 sm\u00f8re sylinderen.<\/p>\n<h2>Vedlikehold og feils\u00f8king<\/h2>\n<p>Regelmessig inspeksjon, passende sm\u00f8ring, utskifting av tetninger og kalibreringskontroll er vanlige vedlikeholdsoppgaver. Riktig installasjon, sm\u00f8ring og justering er avgj\u00f8rende for \u00e5 sikre lang levetid for b\u00f8ttesylinderen. Under installasjon b\u00f8r riktig justeringsveiledning gis, og passende monteringsbraketter b\u00f8r brukes til \u00e5 feste sylinderen.<\/p>\n<p><img decoding=\"async\" src=\"https:\/\/www.hydraulic-cylinders.net\/wp-content\/uploads\/2025\/01\/songte-chushion-collar.webp\" alt=\"Skuffesylinder for Sumitomo stor gravemaskin SH480HD-5\"><\/p>\n<h2>Sikkerhetshensyn og milj\u00f8faktorer<\/h2>\n<p>Sikkerhetstiltak er avgj\u00f8rende ved bruk av b\u00f8ttesylindere. Sikkerhetsfunksjoner som trykkavlastningsventiler b\u00f8r installeres for \u00e5 forhindre overbelastning og sikre sikker drift. Riktige milj\u00f8verntiltak m\u00e5 iverksettes for \u00e5 unng\u00e5 oljelekkasje og skade p\u00e5 milj\u00f8et.<\/p>\n<h2>Introduksjon til selskapet<\/h2>\n<p>Vi er en ledende produsent og distribut\u00f8r av hydrauliske sylindere i det innenlandske og internasjonale markedet, og spesialiserer oss p\u00e5 hydrauliske erstatningssylindere. Vi f\u00f8lger prinsippene om utmerket kvalitet, og er avhengige av den industrialiserte produksjonsstyringsstrategien til sofistikerte produksjonsverksteder. Vi forbedrer kontinuerlig produksjonsplattformen til verkstedet v\u00e5rt ved \u00e5 bruke tekniske talenter, digitalt high-end produksjonsutstyr og profesjonelle testsystemer, perfeksjonere produksjonslinjen for produktkvalitet, og har sterke produksjonskapasiteter for \u00e5 m\u00f8te kundenes varierte behov med h\u00f8y effektivitet, h\u00f8y presisjon og h\u00f8y kvalitet.<\/p>\n<p><img decoding=\"async\" src=\"https:\/\/hzpt.com\/wp-content\/uploads\/2024\/11\/songte-company-1.webp\" alt=\"Skuffesylinder for Sumitomo stor gravemaskin SH480HD-5\"><\/p>\n<h3>Profesjonalitet<\/h3>\n<p>Vi har et team med eksperter p\u00e5 hydrauliske sylindere som hjelper kundene med \u00e5 velge riktig sylinder for deres spesifikke behov.<\/p>\n<h3>Internasjonal sertifisering<\/h3>\n<p>Produktene v\u00e5re har best\u00e5tt ISO9001:2008- og CE-sertifisering.<\/p>\n<h3>Tilpasningstjenester<\/h3>\n<p>Vi tilbyr skreddersydde tjenester for \u00e5 m\u00f8te ulike kundebehov og tilbyr skreddersydde l\u00f8sninger.<\/p>\n<h3>Produksjonsutstyr<\/h3>\n<p>Vi er utstyrt med avansert utstyr som CNC-maskiner, automatiske sveisemaskiner og platingmaskiner som kan m\u00f8te de varierte kravene til v\u00e5re kunder.<\/p>\n<h3>Ettersalgsservice<\/h3>\n<p>Vi tilbyr ettersalgsservice, inkludert reparasjon og vedlikehold, for \u00e5 sikre problemfri drift av kundenes utstyr.<\/p>\n<p>Forfatter: lyl<\/p>","protected":false},"excerpt":{"rendered":"<p>Bucket Cylinder For Sumitomo Large Excavator SH480HD-5 Introduction A bucket cylinder is a specially designed hydraulic cylinder used primarily to control the movement of buckets in heavy machinery such as excavators, backhoes, and front-end loaders. Its main function is to enable the bucket to lift, lower, and tilt, making it ideal for various material handling [&hellip;]<\/p>","protected":false},"featured_media":14788,"comment_status":"open","ping_status":"closed","template":"","meta":{"_et_pb_use_builder":"","_et_pb_old_content":"","_et_gb_content_width":""},"product_brand":[],"product_cat":[1494],"product_tag":[1495,1496],"class_list":{"0":"post-15193","1":"product","2":"type-product","3":"status-publish","4":"has-post-thumbnail","6":"product_cat-bucket-cylinders","7":"product_tag-bucket-cylinders","8":"product_tag-hydraulic-cylinders","10":"first","11":"instock","12":"shipping-taxable","13":"product-type-simple"},"amp_enabled":true,"_links":{"self":[{"href":"https:\/\/www.hydraulic-cylinders.net\/nb\/wp-json\/wp\/v2\/product\/15193","targetHints":{"allow":["GET"]}}],"collection":[{"href":"https:\/\/www.hydraulic-cylinders.net\/nb\/wp-json\/wp\/v2\/product"}],"about":[{"href":"https:\/\/www.hydraulic-cylinders.net\/nb\/wp-json\/wp\/v2\/types\/product"}],"replies":[{"embeddable":true,"href":"https:\/\/www.hydraulic-cylinders.net\/nb\/wp-json\/wp\/v2\/comments?post=15193"}],"wp:featuredmedia":[{"embeddable":true,"href":"https:\/\/www.hydraulic-cylinders.net\/nb\/wp-json\/wp\/v2\/media\/14788"}],"wp:attachment":[{"href":"https:\/\/www.hydraulic-cylinders.net\/nb\/wp-json\/wp\/v2\/media?parent=15193"}],"wp:term":[{"taxonomy":"product_brand","embeddable":true,"href":"https:\/\/www.hydraulic-cylinders.net\/nb\/wp-json\/wp\/v2\/product_brand?post=15193"},{"taxonomy":"product_cat","embeddable":true,"href":"https:\/\/www.hydraulic-cylinders.net\/nb\/wp-json\/wp\/v2\/product_cat?post=15193"},{"taxonomy":"product_tag","embeddable":true,"href":"https:\/\/www.hydraulic-cylinders.net\/nb\/wp-json\/wp\/v2\/product_tag?post=15193"}],"curies":[{"name":"wp","href":"https:\/\/api.w.org\/{rel}","templated":true}]}}