{"id":15201,"date":"2025-01-19T14:13:56","date_gmt":"2025-01-19T14:13:56","guid":{"rendered":"https:\/\/www.hydraulic-cylinders.net\/product\/bucket-cylinder-for-caterpillar-small-excavator-e302-4d\/"},"modified":"2025-01-19T14:13:58","modified_gmt":"2025-01-19T14:13:58","slug":"bucket-cylinder-for-caterpillar-small-excavator-e302-4d","status":"publish","type":"product","link":"https:\/\/www.hydraulic-cylinders.net\/nb\/produkt\/bucket-cylinder-for-caterpillar-small-excavator-e302-4d\/","title":{"rendered":"Skuffesylinder for Caterpillar liten gravemaskin E302.4D"},"content":{"rendered":"<h1>Skuffesylinder for Caterpillar liten gravemaskin E302.4D<\/h1>\n<h2>Introduksjon<\/h2>\n<p>En skuffesylinder er en spesialdesignet hydraulisk sylinder som hovedsakelig brukes til \u00e5 kontrollere bevegelsen til skuffen i tunge maskiner som gravemaskiner, traktorgravere og frontlastere. Hovedfunksjonen er \u00e5 gj\u00f8re det mulig for skuffen \u00e5 l\u00f8fte, senke og vippe for \u00e5 lette ulike materialh\u00e5ndteringsoppgaver. I det hydrauliske systemet oppn\u00e5r skuffesylinderen presis kontroll over skuffebevegelsen ved \u00e5 endre trykket i hydraulikkoljen, slik at operat\u00f8rer kan h\u00e5ndtere tunge laster effektivt og tilpasse seg komplekse arbeidsmilj\u00f8er og ulike driftsbehov.<\/p>\n<p><img decoding=\"async\" src=\"https:\/\/www.hydraulic-cylinders.net\/wp-content\/uploads\/2025\/01\/songte-company-2.webp\" alt=\"Bilde av b\u00f8ttesylinder\"><\/p>\n<h2>Funksjoner<\/h2>\n<ul>\n<li>\n<h3>H\u00f8y styrke og holdbarhet<\/h3>\n<p>B\u00f8ttesylindere er vanligvis laget av h\u00f8yfast st\u00e5l eller aluminium, som t\u00e5ler h\u00f8yt trykk og tunge belastninger, noe som gj\u00f8r dem egnet for t\u00f8ffe arbeidsmilj\u00f8er. Designet tar ogs\u00e5 hensyn til slitestyrke og korrosjonsmotstand, noe som forlenger levetiden.<\/p>\n<\/li>\n<li>\n<h3>Effektiv hydraulisk drift<\/h3>\n<p>Skuffesylindere bruker trykket fra hydraulikkoljen for \u00e5 oppn\u00e5 jevn forlengelse og tilbaketrekking, noe som muliggj\u00f8r rask respons p\u00e5 kontrollkommandoer og gir sterk skyve- og trekkekraft, noe som gj\u00f8r dem egnet for h\u00e5ndtering av tunge belastninger og komplekse driftsoppgaver.<\/p>\n<\/li>\n<li>\n<h3>Ulike typer<\/h3>\n<p>Skuffesylindere kan velges som enkeltvirkende (hydraulisk brukt i kun \u00e9n retning) eller dobbeltvirkende (hydraulisk brukt i to retninger) sylindere i henhold til kravene, og noen modeller er teleskopiske, noe som gir st\u00f8rre forlengelse uten \u00e5 \u00f8ke de ytre m\u00e5lene, noe som gj\u00f8r dem egnet for applikasjoner med begrenset plass.<\/p>\n<\/li>\n<li>\n<h3>Produkttilgjengelighet<\/h3>\n<p>V\u00e5re b\u00f8ttesylindere kan perfekt erstatte disse hydrauliske sylindrene, og vi kan tilby ulike modeller og typer b\u00f8ttesylindere som kundene kan velge mellom.<\/p>\n<\/li>\n<\/ul>\n<p><img decoding=\"async\" src=\"https:\/\/www.hydraulic-cylinders.net\/wp-content\/uploads\/2025\/01\/songte-cylinder-head-with-all-kinds-excavator-models.webp\" alt=\"Bilde av utskifting av b\u00f8ttesylinder\"><\/p>\n<h2>Bruksomr\u00e5der<\/h2>\n<p>Skuffesylindere spiller en avgj\u00f8rende rolle i ulike typer tunge maskiner, for eksempel:<\/p>\n<ul>\n<li>\n<h3>Anleggsutstyr<\/h3>\n<p>De er viktige for gravemaskiner for \u00e5 grave, laste og flytte jord eller rusk. I gravemaskiner hjelper skuffesylinderen med b\u00e5de graving og l\u00f8fting. <\/p>\n<\/li>\n<li>\n<h3>Landbruksmaskiner<\/h3>\n<p>De brukes i frontlastere til \u00e5 grave, l\u00f8fte og transportere jord, h\u00f8y og andre materialer. I gravemaskiner muliggj\u00f8r skuffesylinderen gravebevegelsen ved \u00e5 la skuffen trenge ned i jorden. I frontlastere bidrar de til effektiv l\u00f8fting og dumping av varer.<\/p>\n<\/li>\n<\/ul>\n<h2>Designhensyn og utvalgsstandarder<\/h2>\n<p>B\u00f8ttesylindere er designet med flere viktige faktorer i tankene, for eksempel:<\/p>\n<ul>\n<li>\n<h3>B\u00e6reevne<\/h3>\n<p>B\u00f8ttesylindere er laget av h\u00f8yfaste materialer og er konstruert for \u00e5 t\u00e5le tunge belastninger og h\u00f8yt trykk.<\/p>\n<\/li>\n<li>\n<h3>Tetting<\/h3>\n<p>Ulike tetningskomponenter, som stempeltetninger og stangtetninger, er laget av slitesterke materialer for \u00e5 sikre lang levetid. Sylinderhus og gjengeflater er fint bearbeidet for \u00e5 forbedre slitestyrken.<\/p>\n<\/li>\n<li>\n<h3>Holdbarhet og sikkerhet<\/h3>\n<p>B\u00f8ttesylindere gjennomg\u00e5r streng kvalitetskontroll for \u00e5 sikre at de oppfyller bransjestandarder og er trygge \u00e5 bruke. De er konstruert for \u00e5 v\u00e6re enkle \u00e5 vedlikeholde og reparere for \u00e5 sikre lang levetid.<\/p>\n<\/li>\n<\/ul>\n<p><img decoding=\"async\" src=\"https:\/\/www.hydraulic-cylinders.net\/wp-content\/uploads\/2025\/01\/songte-oil-pipes-and-spare-parts.webp\" alt=\"Bilde av deler av b\u00f8ttesylinderen\"><\/p>\n<h2>Tetning og sm\u00f8ring<\/h2>\n<p>B\u00f8ttesylindere bruker ulike typer tetninger, som stempeltetninger og stangtetninger laget av slitesterke materialer som polyuretan og nitrilgummi. Sylinderhus og gjengeendeflater er fint bearbeidet for \u00e5 forbedre slitestyrken. Det er viktig \u00e5 jevnlig etterfylle passende hydraulikkolje for \u00e5 holde sylinderen smurt.<\/p>\n<h2>Periodisk vedlikehold og forebyggende tiltak<\/h2>\n<p>Riktig vedlikehold er viktig for \u00e5 sikre at b\u00f8ttesylinderne holder lenge og har optimal ytelse. Vanlige vedlikeholdsoppgaver inkluderer:<\/p>\n<ul>\n<li>\n<h3>Regelmessig inspeksjon<\/h3>\n<p>Regelmessige inspeksjoner bidrar til \u00e5 identifisere potensielle problemer og forhindre st\u00f8rre skader f\u00f8r de oppst\u00e5r.<\/p>\n<\/li>\n<li>\n<h3>Sm\u00f8ring<\/h3>\n<p>Regelmessig sm\u00f8ring er n\u00f8dvendig for at sylinderen skal fungere problemfritt.<\/p>\n<\/li>\n<li>\n<h3>Utskifting av tetning og kalibreringskontroll<\/h3>\n<p>Regelmessig utskifting av slitte pakninger og kalibreringskontroller bidrar til \u00e5 opprettholde optimal ytelse.<\/p>\n<\/li>\n<\/ul>\n<p><img decoding=\"async\" src=\"https:\/\/www.hydraulic-cylinders.net\/wp-content\/uploads\/2025\/01\/songte-chushion-collar.webp\" alt=\"Bilde av vedlikehold av b\u00f8ttesylinder\"><\/p>\n<h2>Sikkerhetshensyn og milj\u00f8faktorer<\/h2>\n<p>Skuffesylindere er konstruert for \u00e5 v\u00e6re trygge \u00e5 bruke, og det b\u00f8r tas n\u00f8dvendige sikkerhetstiltak ved bruk av tunge maskiner. Milj\u00f8faktorer som temperatur og fuktighet kan p\u00e5virke ytelsen til skuffesylindere, og det b\u00f8r tas n\u00f8dvendige tiltak for \u00e5 sikre optimal ytelse under ulike milj\u00f8forhold.<\/p>\n<h2>Feildiagnose og vanlige problemer<\/h2>\n<p>Vanlige problemer med b\u00f8ttesylindere inkluderer lekkasje, skade p\u00e5 tetninger og feil bruk. Regelmessig inspeksjon og vedlikehold kan bidra til \u00e5 forhindre at disse problemene oppst\u00e5r. Hvis et problem oppst\u00e5r, er riktig diagnose viktig, og vanlige l\u00f8sninger inkluderer reparasjon eller utskifting av skadede komponenter.<\/p>\n<p><img decoding=\"async\" src=\"https:\/\/www.hydraulic-cylinders.net\/wp-content\/uploads\/2025\/01\/songte-bushings-with-all-kinds-of-excavator-models.webp\" alt=\"Problembilde med b\u00f8ttesylinder\"><\/p>\n<h2>Om selskapet v\u00e5rt<\/h2>\n<p>Vi er en ledende produsent og grossistdistribut\u00f8r av hydrauliske sylindere, og tilbyr et komplett utvalg av produkter til det innenlandske og internasjonale markedet. V\u00e5rt selskap f\u00f8lger en strategi for industrialisert produksjonsstyring basert p\u00e5 utmerket kvalitet, og bruker et sofistikert produksjonsverksted, teknisk talent, digitalt, avansert produksjonsutstyr samt profesjonelle testsystemer for kontinuerlig \u00e5 forbedre v\u00e5r produksjonsplattform, perfeksjonere v\u00e5r produktkvalitet og ha sterk innovasjonsevne. Vi er forpliktet til \u00e5 m\u00f8te v\u00e5re kunders ulike behov med h\u00f8y effektivitet, presisjon og kvalitet.<\/p>\n<p><img decoding=\"async\" src=\"https:\/\/hzpt.com\/wp-content\/uploads\/2024\/11\/songte-company-1.webp\" alt=\"Selskapets image\"><\/p>\n<h3>Profesjonalitet<\/h3>\n<p>Vi er opptatt av \u00e5 tilby profesjonelle r\u00e5d og l\u00f8sninger til kundene v\u00e5re, slik at de f\u00e5r det rette produktet for deres spesifikke behov.<\/p>\n<h3>Internasjonal sertifisering<\/h3>\n<p>Produktene v\u00e5re er sertifisert i henhold til internasjonale standarder, noe som sikrer at de oppfyller behovene i det globale markedet.<\/p>\n<h3>Tilpasningstjeneste<\/h3>\n<p>Vi tilbyr skreddersydde tjenester for \u00e5 m\u00f8te individuelle kunders behov, og sikrer at de f\u00e5r et produkt som oppfyller deres unike krav.<\/p>\n<h3>Produksjonsutstyr<\/h3>\n<p>V\u00e5re produksjonsverksteder er utstyrt med toppmoderne maskineri for \u00e5 sikre h\u00f8y kvalitet p\u00e5 produksjonen av v\u00e5re hydrauliske sylindere.<\/p>\n<h3>Ettersalgsservice<\/h3>\n<p>Vi tilbyr omfattende ettersalgsservice for \u00e5 sikre at kundene v\u00e5re f\u00e5r den st\u00f8tten de trenger gjennom hele levetiden til den hydrauliske sylinderen.<\/p>\n<h4>Forfatter: lyl<\/h4>","protected":false},"excerpt":{"rendered":"<p>Bucket Cylinder For Caterpillar Small Excavator E302.4D Introduction A bucket cylinder is a specially designed hydraulic cylinder mainly used to control the movement of the bucket in heavy machinery such as excavators, backhoe loaders, and front loaders. Its main function is to enable the bucket to lift, lower and tilt to facilitate various material handling [&hellip;]<\/p>","protected":false},"featured_media":14773,"comment_status":"open","ping_status":"closed","template":"","meta":{"_et_pb_use_builder":"","_et_pb_old_content":"","_et_gb_content_width":""},"product_brand":[],"product_cat":[1494],"product_tag":[1495,1496],"class_list":{"0":"post-15201","1":"product","2":"type-product","3":"status-publish","4":"has-post-thumbnail","6":"product_cat-bucket-cylinders","7":"product_tag-bucket-cylinders","8":"product_tag-hydraulic-cylinders","10":"first","11":"instock","12":"shipping-taxable","13":"product-type-simple"},"amp_enabled":true,"_links":{"self":[{"href":"https:\/\/www.hydraulic-cylinders.net\/nb\/wp-json\/wp\/v2\/product\/15201","targetHints":{"allow":["GET"]}}],"collection":[{"href":"https:\/\/www.hydraulic-cylinders.net\/nb\/wp-json\/wp\/v2\/product"}],"about":[{"href":"https:\/\/www.hydraulic-cylinders.net\/nb\/wp-json\/wp\/v2\/types\/product"}],"replies":[{"embeddable":true,"href":"https:\/\/www.hydraulic-cylinders.net\/nb\/wp-json\/wp\/v2\/comments?post=15201"}],"wp:featuredmedia":[{"embeddable":true,"href":"https:\/\/www.hydraulic-cylinders.net\/nb\/wp-json\/wp\/v2\/media\/14773"}],"wp:attachment":[{"href":"https:\/\/www.hydraulic-cylinders.net\/nb\/wp-json\/wp\/v2\/media?parent=15201"}],"wp:term":[{"taxonomy":"product_brand","embeddable":true,"href":"https:\/\/www.hydraulic-cylinders.net\/nb\/wp-json\/wp\/v2\/product_brand?post=15201"},{"taxonomy":"product_cat","embeddable":true,"href":"https:\/\/www.hydraulic-cylinders.net\/nb\/wp-json\/wp\/v2\/product_cat?post=15201"},{"taxonomy":"product_tag","embeddable":true,"href":"https:\/\/www.hydraulic-cylinders.net\/nb\/wp-json\/wp\/v2\/product_tag?post=15201"}],"curies":[{"name":"wp","href":"https:\/\/api.w.org\/{rel}","templated":true}]}}