{"id":15207,"date":"2025-01-19T14:14:21","date_gmt":"2025-01-19T14:14:21","guid":{"rendered":"https:\/\/www.hydraulic-cylinders.net\/product\/bucket-cylinder-for-caterpillar-small-excavator-e302-7dcr\/"},"modified":"2025-01-19T14:14:23","modified_gmt":"2025-01-19T14:14:23","slug":"bucket-cylinder-for-caterpillar-small-excavator-e302-7dcr","status":"publish","type":"product","link":"https:\/\/www.hydraulic-cylinders.net\/nb\/produkt\/bucket-cylinder-for-caterpillar-small-excavator-e302-7dcr\/","title":{"rendered":"Skuffesylinder for Caterpillar liten gravemaskin E302.7DCR"},"content":{"rendered":"<h1>Skuffesylinder for Caterpillar liten gravemaskin E302.7DCR<\/h1>\n<h2>Introduksjon<\/h2>\n<p>En skuffesylinder er en hydraulisk sylinder som er spesielt utviklet for \u00e5 kontrollere bevegelsen til skuffen i tunge maskiner som gravemaskiner, traktorgravere og frontlastere. Hovedfunksjonen er \u00e5 gj\u00f8re det mulig for skuffen \u00e5 l\u00f8fte, senke og vippe, noe som gj\u00f8r det enklere \u00e5 h\u00e5ndtere ulike materialh\u00e5ndteringsoppgaver. I det hydrauliske systemet kontrollerer skuffesylinderen skuffens presise bevegelse gjennom endringer i hydraulikkoljetrykket, slik at operat\u00f8rer effektivt kan h\u00e5ndtere tunge laster og tilpasse seg komplekse arbeidsmilj\u00f8er og ulike driftsbehov.<\/p>\n<p><img decoding=\"async\" src=\"https:\/\/www.hydraulic-cylinders.net\/wp-content\/uploads\/2025\/01\/songte-company-2.webp\"><\/p>\n<h2>Funksjoner<\/h2>\n<ul>\n<li>H\u00f8y styrke og holdbarhet: Vanligvis laget av h\u00f8yfast st\u00e5l eller aluminium, t\u00e5ler den h\u00f8yt trykk og tunge belastninger, og tilpasser seg t\u00f8ffe arbeidsmilj\u00f8er. Den er designet med slitestyrke og korrosjonsbestandighet i tankene, og kan forlenge levetiden.<\/li>\n<li>Effektiv hydraulisk drift: Utnytter hydraulisk oljetrykk for \u00e5 oppn\u00e5 jevne forlengelses- og sammentrekningsbevegelser, i stand til \u00e5 reagere raskt p\u00e5 kontrollkommandoer, gi sterke skyve- og trekkekrefter, egnet for h\u00e5ndtering av tunge belastninger og komplekse driftsoppgaver.<\/li>\n<li>Ulike typer: Man kan velge enkeltvirkende (hydraulisk brukt i kun \u00e9n retning) eller dobbeltvirkende (hydraulisk brukt i begge retninger) sylindere etter behov for \u00e5 m\u00f8te ulike driftsbehov. Noen modeller er teleskopiske, noe som gir st\u00f8rre forlengelse uten \u00e5 \u00f8ke de ytre m\u00e5lene, egnet for applikasjoner med begrenset plass.<\/li>\n<li>Utskiftbare: Produktene v\u00e5re kan erstatte disse hydrauliske sylindrene perfekt.<\/li>\n<\/ul>\n<p><img decoding=\"async\" src=\"https:\/\/www.hydraulic-cylinders.net\/wp-content\/uploads\/2025\/01\/songte-cylinder-head-with-all-kinds-excavator-models.webp\"><\/p>\n<h2>Bruksomr\u00e5der<\/h2>\n<h3>Anleggsutstyr<\/h3>\n<p>I gravemaskiner er de viktige for utgraving, lasting og flytting av jord eller rusk. I gravemaskin hjelper skuffesylindre med b\u00e5de utgraving og l\u00f8fting. I frontlastere hjelper de med l\u00f8fting og tilting for effektiv dumping av gods.<\/p>\n<h3>Landbruksmaskiner<\/h3>\n<p>Brukes i frontlastere for utgraving, l\u00f8fting og transport av jord, h\u00f8y og andre materialer. I gravemaskiner tillater skuffesylinderen graving ved \u00e5 la skuffen trenge ned i jorden. I lastere hjelper de med \u00e5 l\u00f8fte og dumpe gods effektivt.<\/p>\n<p><img decoding=\"async\" src=\"https:\/\/www.hydraulic-cylinders.net\/wp-content\/uploads\/2025\/01\/songte-chushion-collar.webp\"><\/p>\n<h2>Designhensyn og utvalgskriterier<\/h2>\n<ul>\n<li>B\u00e6reevne: Bestem den maksimale belastningen den hydrauliske sylinderen m\u00e5 t\u00e5le, og velg passende st\u00f8rrelse og type sylinder deretter.<\/li>\n<li>Tetting: Bruk forskjellige tetninger som stempeltetningsringer og stangtetningsringer, og velg slitesterke materialer som polyuretan og nitrilgummi til tetninger. Fin overflatebehandling av sylinderhuset og gjengeenden forbedrer slitestyrken.<\/li>\n<li>Holdbarhet: Vurder arbeidsmilj\u00f8et og velg materialer som er motstandsdyktige mot slitasje og korrosjon for \u00e5 forlenge levetiden.<\/li>\n<li>Sikkerhet: S\u00f8rg for at den hydrauliske sylinderens design oppfyller gjeldende sikkerhetsstandarder og forskrifter.<\/li>\n<li>Vedlikeholdsvennlighet: Vurder hvor enkelt det er \u00e5 vedlikeholde og reparere, for eksempel tilgjengelighet til utskiftbare deler, for \u00e5 minimere nedetid og redusere vedlikeholdskostnader.<\/li>\n<\/ul>\n<p><img decoding=\"async\" src=\"https:\/\/www.hydraulic-cylinders.net\/wp-content\/uploads\/2025\/01\/songte-oil-pipes-and-spare-parts.webp\"><\/p>\n<h2>Tetting og sm\u00f8ring<\/h2>\n<p>Ulike tetninger brukes til b\u00f8ttesylinderen, som stempeltetningsringer og stangtetningsringer. Tetningene er laget av slitesterke materialer som polyuretan og nitrilgummi for \u00e5 forbedre sylinderens slitestyrke. Sylinderhuset og gjengede ender gjennomg\u00e5r en fin overflatebehandling for \u00e5 forbedre holdbarheten. Regelmessig sm\u00f8ring med passende hydraulikkolje er n\u00f8dvendig for \u00e5 sikre problemfri drift av sylinderen.<\/p>\n<h2>Vedlikehold og reparasjon<\/h2>\n<p>Regelmessig vedlikehold og inspeksjon er viktig for \u00e5 forlenge den hydrauliske sylinderens levetid. Vanlige vedlikeholdsoppgaver inkluderer sm\u00f8ring, utskifting av tetninger og kalibreringskontroller. Riktig installasjon, sm\u00f8ring og justering er avgj\u00f8rende under installasjonsprosessen, og det anbefales \u00e5 bruke riktig justeringsmetode og passende installasjonsbraketter. Vi tilbyr anbefalte inspeksjons-, reparasjons- og utskiftingsprosedyrer, samt reservedeler og ombyggingstjenester for \u00e5 forlenge b\u00f8ttesylinderens levetid.<\/p>\n<p><img decoding=\"async\" src=\"https:\/\/www.hydraulic-cylinders.net\/wp-content\/uploads\/2025\/01\/songte-bushings-with-all-kinds-of-excavator-models.webp\"><\/p>\n<h2>Sikkerhetshensyn og milj\u00f8faktorer<\/h2>\n<p>N\u00e5r du bruker b\u00f8ttesylinderen, er det viktig \u00e5 f\u00f8lge riktige sikkerhetsprotokoller for \u00e5 unng\u00e5 skade eller materiell skade. Det er avgj\u00f8rende \u00e5 s\u00f8rge for at sylinderdesignet oppfyller sikkerhetsstandarder og forskrifter. Milj\u00f8faktorer som temperatur og fuktighet kan p\u00e5virke sylinderens drift og b\u00f8r tas i betraktning under design og installasjon.<\/p>\n<h2>Feils\u00f8king og vanlige problemer<\/h2>\n<ul>\n<li>Lekkasje: Sjekk for skadede tetninger eller slitte deler, og skift ut etter behov.<\/li>\n<li>Langsom drift: Kontroller hydraulikkv\u00e6skeniv\u00e5er og -trykk, og s\u00f8rg for riktig sm\u00f8ring.<\/li>\n<li>For mye st\u00f8y: Sjekk for l\u00f8se deler eller slitte komponenter og skift dem ut etter behov.<\/li>\n<\/ul>\n<p>Forebyggende vedlikeholdstiltak kan bidra til \u00e5 minimere potensielle problemer og sikre at b\u00f8ttesylinderen fungerer som den skal.<\/p>\n<h2>Om selskapet v\u00e5rt<\/h2>\n<p>Vi er en produsent av hydrauliske sylindere for utskifting, og tilbyr et bredt spekter av produkter. Vi er n\u00e5 en av de ledende produsentene og grossistdistribut\u00f8rene av hydrauliske sylindere i det innenlandske og internasjonale markedet. Vi f\u00f8lger en strategi med utmerket kvalitet og er avhengige av et industrialisert produksjonsstyringssystem basert p\u00e5 sofistikerte produksjonsverksteder, kontinuerlig forbedring av verkstedplattformen og kvaliteten p\u00e5 produksjonsruten. Vi har en sterk evne til \u00e5 lage h\u00f8yeffektive, h\u00f8ypresisjons- og h\u00f8ykvalitetsprodukter for \u00e5 m\u00f8te ulike kundebehov.<\/p>\n<ul>\n<li>Profesjonalitet: Vi har et team av erfarne ingeni\u00f8rer og teknikere som er dedikert til \u00e5 tilby de beste produktene og tjenestene.<\/li>\n<li>Internasjonal sertifisering: Vi har oppn\u00e5dd ISO9001:2015- og CE-sertifisering for \u00e5 sikre at produktene v\u00e5re oppfyller internasjonale kvalitetsstandarder.<\/li>\n<li>Tilpasningstjenester: Vi kan tilpasse hydrauliske sylindere for \u00e5 m\u00f8te spesifikke kundekrav.<\/li>\n<li>Produksjonsutstyr: Vi bruker avansert produksjonsutstyr og teknologi for \u00e5 sikre kvaliteten p\u00e5 produktene v\u00e5re.<\/li>\n<li>Ettersalgsservice: Vi tilbyr omfattende ettersalgsservice, inkludert vedlikehold, reparasjon og utskiftingstjenester.<\/li>\n<\/ul>\n<p><img decoding=\"async\" src=\"https:\/\/hzpt.com\/wp-content\/uploads\/2024\/11\/songte-company-1.webp\"><\/p>\n<p>Forfatter: lyl.<\/p>","protected":false},"excerpt":{"rendered":"<p>Bucket Cylinder For Caterpillar Small Excavator E302.7DCR Introduction A bucket cylinder is a hydraulic cylinder specially designed to control the movement of the bucket in heavy machinery such as excavators, backhoe loaders, and front loaders. Its main function is to enable the bucket to lift, lower, and tilt, making it easier to handle various material [&hellip;]<\/p>","protected":false},"featured_media":14789,"comment_status":"open","ping_status":"closed","template":"","meta":{"_et_pb_use_builder":"","_et_pb_old_content":"","_et_gb_content_width":""},"product_brand":[],"product_cat":[1494],"product_tag":[1495,1496],"class_list":{"0":"post-15207","1":"product","2":"type-product","3":"status-publish","4":"has-post-thumbnail","6":"product_cat-bucket-cylinders","7":"product_tag-bucket-cylinders","8":"product_tag-hydraulic-cylinders","10":"first","11":"instock","12":"shipping-taxable","13":"product-type-simple"},"amp_enabled":true,"_links":{"self":[{"href":"https:\/\/www.hydraulic-cylinders.net\/nb\/wp-json\/wp\/v2\/product\/15207","targetHints":{"allow":["GET"]}}],"collection":[{"href":"https:\/\/www.hydraulic-cylinders.net\/nb\/wp-json\/wp\/v2\/product"}],"about":[{"href":"https:\/\/www.hydraulic-cylinders.net\/nb\/wp-json\/wp\/v2\/types\/product"}],"replies":[{"embeddable":true,"href":"https:\/\/www.hydraulic-cylinders.net\/nb\/wp-json\/wp\/v2\/comments?post=15207"}],"wp:featuredmedia":[{"embeddable":true,"href":"https:\/\/www.hydraulic-cylinders.net\/nb\/wp-json\/wp\/v2\/media\/14789"}],"wp:attachment":[{"href":"https:\/\/www.hydraulic-cylinders.net\/nb\/wp-json\/wp\/v2\/media?parent=15207"}],"wp:term":[{"taxonomy":"product_brand","embeddable":true,"href":"https:\/\/www.hydraulic-cylinders.net\/nb\/wp-json\/wp\/v2\/product_brand?post=15207"},{"taxonomy":"product_cat","embeddable":true,"href":"https:\/\/www.hydraulic-cylinders.net\/nb\/wp-json\/wp\/v2\/product_cat?post=15207"},{"taxonomy":"product_tag","embeddable":true,"href":"https:\/\/www.hydraulic-cylinders.net\/nb\/wp-json\/wp\/v2\/product_tag?post=15207"}],"curies":[{"name":"wp","href":"https:\/\/api.w.org\/{rel}","templated":true}]}}