{"id":15212,"date":"2025-01-19T14:14:40","date_gmt":"2025-01-19T14:14:40","guid":{"rendered":"https:\/\/www.hydraulic-cylinders.net\/product\/bucket-cylinder-for-caterpillar-small-excavator-e120-120b\/"},"modified":"2025-01-19T14:14:42","modified_gmt":"2025-01-19T14:14:42","slug":"bucket-cylinder-for-caterpillar-small-excavator-e120-120b","status":"publish","type":"product","link":"https:\/\/www.hydraulic-cylinders.net\/nb\/produkt\/bucket-cylinder-for-caterpillar-small-excavator-e120-120b\/","title":{"rendered":"Skuffesylinder for Caterpillar liten gravemaskin E120\/120B"},"content":{"rendered":"<h1>Skuffesylinder for Caterpillar liten gravemaskin E120\/120B<\/h1>\n<h2>Introduksjon<\/h2>\n<p>En skuffesylinder for Caterpillar liten gravemaskin E120\/120B er en spesialisert hydraulisk sylinder som prim\u00e6rt er utviklet for \u00e5 kontrollere bevegelsen til skuffer i tunge maskiner som gravemaskiner, traktorgravere og frontlastere. Hovedfunksjonen er \u00e5 gj\u00f8re det mulig \u00e5 l\u00f8fte, senke og vippe skuffen, noe som gj\u00f8r det enklere \u00e5 h\u00e5ndtere ulike materialh\u00e5ndteringsoppgaver. I det hydrauliske systemet oppn\u00e5r skuffesylinderen presis kontroll over skuffen gjennom endringer i trykket i hydraulikkoljen, slik at operat\u00f8rer effektivt kan h\u00e5ndtere tunge laster, tilpasse seg komplekse arbeidsmilj\u00f8er og ulike driftskrav.<\/p>\n<p><img decoding=\"async\" src=\"https:\/\/www.hydraulic-cylinders.net\/wp-content\/uploads\/2025\/01\/songte-company-2.webp\" alt=\"B\u00f8ttesylinder\" \/><\/p>\n<h2>Funksjoner<\/h2>\n<ul>\n<li>\n<h3>H\u00f8y styrke og holdbarhet:<\/h3>\n<p> B\u00f8ttesylinderen er vanligvis laget av h\u00f8yfast st\u00e5l eller aluminium, som t\u00e5ler h\u00f8yt trykk og tunge belastninger, tilpasser seg t\u00f8ffe arbeidsmilj\u00f8er, og er designet for \u00e5 vurdere slitestyrke og korrosjonsmotstand for \u00e5 forlenge levetiden.<\/li>\n<li>\n<h3>Effektiv hydraulisk drift:<\/h3>\n<p> Skuffesylinderen bruker trykket fra hydraulikkoljen for \u00e5 oppn\u00e5 jevn teleskopbevegelse, kan raskt reagere p\u00e5 kontrollkommandoer, gi kraftige skyve- og trekkekrefter, og er egnet for h\u00e5ndtering av tunge belastninger og komplekse driftsoppgaver.<\/li>\n<li>\n<h3>Ulike typer:<\/h3>\n<p> Enkeltvirkende (hydraulisk brukes kun i \u00e9n retning) eller dobbeltvirkende (hydraulisk brukes i begge retninger) sylindere kan velges i henhold til krav for \u00e5 m\u00f8te ulike driftsbehov. Noen modeller er teleskopiske, noe som gir st\u00f8rre forlengelse uten \u00e5 \u00f8ke de ytre m\u00e5lene, noe som gj\u00f8r dem ideelle for applikasjoner der plassen er begrenset.<\/li>\n<li>\n<h3>Produktutskifting:<\/h3>\n<p> Vi kan produsere dette produktet, og produktet v\u00e5rt kan erstatte disse hydrauliske sylindrene perfekt.<\/li>\n<\/ul>\n<p><img decoding=\"async\" src=\"https:\/\/www.hydraulic-cylinders.net\/wp-content\/uploads\/2025\/01\/songte-cylinder-head-with-all-kinds-excavator-models.webp\" alt=\"Utskifting av b\u00f8ttesylinder\" \/><\/p>\n<h2>Bruksomr\u00e5der<\/h2>\n<p>B\u00f8ttesylinderen finner anvendelse i ulike bransjer, hvorav noen er:<\/p>\n<ul>\n<li>\n<h3>Anleggsutstyr:<\/h3>\n<p> I gravemaskiner er de avgj\u00f8rende for utgraving, lasting og flytting av jord eller rusk. I gravemaskinlastere hjelper skuffesylinderen til med b\u00e5de graving og l\u00f8fting.<\/li>\n<li>\n<h3>Landbruksmaskiner:<\/h3>\n<p> Skuffesylinderen brukes i frontlastere til \u00e5 utarbeide, l\u00f8fte og transportere jord, h\u00f8y og andre materialer, og oppn\u00e5r gravefunksjon ved \u00e5 la skuffen trenge ned i jorden.<\/li>\n<li>\n<h3>Laster:<\/h3>\n<p> I frontlastere hjelper de med \u00e5 l\u00f8fte og tilte varer effektivt.<\/li>\n<\/ul>\n<p>Hver applikasjon kan utvides ytterligere etter behov med n\u00f8kkelord og beskrivelser.<\/p>\n<h2>Designhensyn og utvalgskriterier<\/h2>\n<p>Fra et designmessig hensyn m\u00e5 b\u00f8ttesylinderen kunne b\u00e6re lasten, gi tilstrekkelig tetning, holdbarhet, sikkerhet og vedlikeholdsvennlighet. F\u00f8lgende punkter m\u00e5 vurderes:<\/p>\n<ul>\n<li>\n<h3>B\u00e6reevne:<\/h3>\n<p> Skuffesylinderen m\u00e5 kunne t\u00e5le det maksimale trykket og kraften den kan m\u00f8te under drift. Denne kapasiteten bestemmes av sylinderens st\u00f8rrelse og materialet som brukes til produksjonen.<\/li>\n<li>\n<h3>Tetting:<\/h3>\n<p> Bruken av forskjellige tetningselementer som stempeltetninger og stangtetninger laget av slitesterke materialer som polyuretan og nitrilgummi reduserer risikoen for lekkasje og forbedrer sylinderens holdbarhet. I tillegg gjennomg\u00e5r sylinderboringen og gjengeendeflatene finbearbeiding for \u00e5 forbedre slitestyrken.<\/li>\n<li>\n<h3>Varighet:<\/h3>\n<p> Designet m\u00e5 sikre at sylinderen t\u00e5ler den h\u00f8yeste belastningen og de t\u00f8ffeste arbeidsforholdene. Sylinderne m\u00e5 ogs\u00e5 ha utmerket korrosjonsbestandighet for \u00e5 forlenge levetiden.<\/li>\n<li>\n<h3>Sikkerhet:<\/h3>\n<p> Sylinderne m\u00e5 v\u00e6re konstruert for \u00e5 forhindre utilsiktet aktivering eller funksjonsfeil under drift. Konstruksjonen m\u00e5 ogs\u00e5 ta hensyn til operat\u00f8rens sikkerhet under bruk av maskinen.<\/li>\n<li>\n<h3>Vedlikeholdbarhet:<\/h3>\n<p> Sylinderen m\u00e5 v\u00e6re konstruert for \u00e5 gj\u00f8re vedlikehold enklere og kreve minimal nedetid. Designet m\u00e5 ogs\u00e5 ta hensyn til hvor enkelt det er \u00e5 bytte ut slitte deler.<\/li>\n<\/ul>\n<p><img decoding=\"async\" src=\"https:\/\/www.hydraulic-cylinders.net\/wp-content\/uploads\/2025\/01\/songte-oil-pipes-and-spare-parts.webp\" alt=\"B\u00f8ttesylinder med reservedeler\" \/><\/p>\n<h2>Tetting og sm\u00f8ring<\/h2>\n<p>B\u00f8ttesylinderen m\u00e5 bruke forskjellige tetningselementer for \u00e5 forhindre lekkasje. Bruk av slitesterke materialer som polyuretan og nitrilgummi sikrer sylinderens holdbarhet. Regelmessig tilsetning av en passende mengde hydraulisk olje for \u00e5 sm\u00f8re sylinderen kan bidra til \u00e5 forlenge levetiden. Sylinderboringen og gjengeflatene gjennomg\u00e5r finbearbeiding for \u00e5 forbedre slitestyrken.<\/p>\n<h2>Forebyggende vedlikehold og inspeksjon<\/h2>\n<p>Regelmessig inspeksjon og forebyggende vedlikehold er n\u00f8dvendig for \u00e5 unng\u00e5 betydelig skade p\u00e5 sylinderen. Noen vedlikeholdsoppgaver som kan utf\u00f8res er:<\/p>\n<ul>\n<li>\n<h3>Regelmessig inspeksjon:<\/h3>\n<p> Regelmessig inspeksjon av sylinderen kan bidra til \u00e5 identifisere eventuelle problemer f\u00f8r de blir mer alvorlige. Inspeksjoner b\u00f8r omfatte kontroll av lekkasjer, skader p\u00e5 tetningene og riktig justering.<\/li>\n<li>\n<h3>Riktig sm\u00f8ring:<\/h3>\n<p> \u00c5 tilsette en passende mengde hydraulikkolje kan bidra til \u00e5 forbedre sylinderens levetid og sikre problemfri drift.<\/li>\n<li>\n<h3>Utskifting av tetning:<\/h3>\n<p> Regelmessig utskifting av pakningene kan bidra til \u00e5 redusere lekkasjer og forbedre sylinderens levetid.<\/li>\n<li>\n<h3>Kalibreringssjekk:<\/h3>\n<p> Regelmessige kalibreringer kan sikre at sylinderen opererer innenfor de n\u00f8dvendige toleransegrensene.<\/li>\n<\/ul>\n<p>Riktig installasjon, sm\u00f8ring og justering er avgj\u00f8rende for langvarig bruk av b\u00f8ttesylinderen. Det anbefales \u00e5 justere sylinderen riktig og bruke passende monteringsbraketter for \u00e5 feste sylinderen godt.<\/p>\n<p><img decoding=\"async\" src=\"https:\/\/www.hydraulic-cylinders.net\/wp-content\/uploads\/2025\/01\/songte-chushion-collar.webp\" alt=\"Montering av b\u00f8ttesylinder\" \/><\/p>\n<h2>Sikkerhets- og milj\u00f8hensyn<\/h2>\n<p>N\u00e5r du bruker b\u00f8ttesylinderen, m\u00e5 det f\u00f8lges n\u00f8dvendige sikkerhetstiltak for \u00e5 sikre sikkerheten til f\u00f8reren og personer rundt dem. I tillegg m\u00e5 b\u00f8ttesylinderen kastes p\u00e5 riktig m\u00e5te for \u00e5 forhindre milj\u00f8forurensning.<\/p>\n<h2>Feildiagnose og feils\u00f8king<\/h2>\n<p>De vanligste problemene som kan oppst\u00e5 med b\u00f8ttesylinderen er lekkasje, skadede tetninger og feil justering. For \u00e5 l\u00f8se disse problemene er regelmessige inspeksjoner og forebyggende vedlikehold n\u00f8dvendig. Ved problemer kan riktig feils\u00f8king utf\u00f8res for \u00e5 identifisere og l\u00f8se problemet.<\/p>\n<p><img decoding=\"async\" src=\"https:\/\/www.hydraulic-cylinders.net\/wp-content\/uploads\/2025\/01\/songte-bushings-with-all-kinds-of-excavator-models.webp\" alt=\"B\u00f8ttesylinderforinger\" \/><\/p>\n<h2>Om selskapet v\u00e5rt<\/h2>\n<p>Vi er en produsent av hydrauliske sylindere for utskifting og har et komplett produktsortiment. Vi er en ledende produsent og grossistdistribut\u00f8r av hydrauliske sylindere i det innenlandske og utenlandske markedet. Vi f\u00f8lger en policy om utmerket kvalitet, er avhengige av den industrielle produksjonsstyringsstrategien til fine produksjonsverksteder, stoler p\u00e5 teknologiske talenter, digitalt high-end produksjonsutstyr og profesjonelle deteksjonssystemer, forbedrer kontinuerlig produksjonsplattformen til verkstedet, perfeksjonerer produktets produksjonskvalitetsrute og har sterk kreativ evne. Vi m\u00f8ter ulike kundebehov med h\u00f8y effektivitet, presisjon og kvalitet.<\/p>\n<p><img decoding=\"async\" src=\"https:\/\/hzpt.com\/wp-content\/uploads\/2024\/11\/songte-company-1.webp\" alt=\"Selskapets image\" \/><\/p>\n<h3>Profesjonalitet:<\/h3>\n<p>V\u00e5rt ekspertteam har \u00e5relang erfaring i produksjonsindustrien, noe som gj\u00f8r at vi kan produsere produkter av h\u00f8y kvalitet. Vi f\u00f8lger strenge kvalitetskontrollprosedyrer i hvert trinn, fra design til produksjon.<\/p>\n<h3>Internasjonal sertifisering:<\/h3>\n<p>Vi er sertifisert i henhold til diverse internasjonale standarder som ISO 9001 og CE, noe som er et bevis p\u00e5 v\u00e5r forpliktelse til kvalitet og fortreffelighet.<\/p>\n<h3>Tilpasningstjenester:<\/h3>\n<p>Vi tilbyr tilpasningstjenester, der kundene kan velge mellom en rekke alternativer som passer deres behov. Vi kan ogs\u00e5 designe og produsere i henhold til kundens spesifikasjoner.<\/p>\n<h3>Produksjonsutstyr:<\/h3>\n<p>Vi bruker avansert produksjonsutstyr for \u00e5 produsere produktene v\u00e5re. Vi har CNC-maskiner, dreiebenker og annet spesialutstyr som lar oss produsere hydrauliske sylindere av h\u00f8y kvalitet.<\/p>\n<h3>Ettersalgstjenester:<\/h3>\n<p>Vi tilbyr kundeservice etter salg, hvor vi tilbyr st\u00f8tte og assistanse med eventuelle problemer de m\u00e5tte ha. V\u00e5rt ekspertteam er alltid klare til \u00e5 hjelpe kundene v\u00e5re.<\/p>\n<h4>Forfatter: lyl<\/h4>","protected":false},"excerpt":{"rendered":"<p>Bucket Cylinder For Caterpillar Small Excavator E120\/120B Introduction A bucket cylinder for Caterpillar small excavator E120\/120B is a specialized hydraulic cylinder designed primarily to control the movement of buckets in heavy machinery such as excavators, backhoes, and front loaders. Its main function is to enable the bucket to be lifted, lowered, and tilted, making it [&hellip;]<\/p>","protected":false},"featured_media":14782,"comment_status":"open","ping_status":"closed","template":"","meta":{"_et_pb_use_builder":"","_et_pb_old_content":"","_et_gb_content_width":""},"product_brand":[],"product_cat":[1494],"product_tag":[1495,1496],"class_list":{"0":"post-15212","1":"product","2":"type-product","3":"status-publish","4":"has-post-thumbnail","6":"product_cat-bucket-cylinders","7":"product_tag-bucket-cylinders","8":"product_tag-hydraulic-cylinders","10":"first","11":"instock","12":"shipping-taxable","13":"product-type-simple"},"amp_enabled":true,"_links":{"self":[{"href":"https:\/\/www.hydraulic-cylinders.net\/nb\/wp-json\/wp\/v2\/product\/15212","targetHints":{"allow":["GET"]}}],"collection":[{"href":"https:\/\/www.hydraulic-cylinders.net\/nb\/wp-json\/wp\/v2\/product"}],"about":[{"href":"https:\/\/www.hydraulic-cylinders.net\/nb\/wp-json\/wp\/v2\/types\/product"}],"replies":[{"embeddable":true,"href":"https:\/\/www.hydraulic-cylinders.net\/nb\/wp-json\/wp\/v2\/comments?post=15212"}],"wp:featuredmedia":[{"embeddable":true,"href":"https:\/\/www.hydraulic-cylinders.net\/nb\/wp-json\/wp\/v2\/media\/14782"}],"wp:attachment":[{"href":"https:\/\/www.hydraulic-cylinders.net\/nb\/wp-json\/wp\/v2\/media?parent=15212"}],"wp:term":[{"taxonomy":"product_brand","embeddable":true,"href":"https:\/\/www.hydraulic-cylinders.net\/nb\/wp-json\/wp\/v2\/product_brand?post=15212"},{"taxonomy":"product_cat","embeddable":true,"href":"https:\/\/www.hydraulic-cylinders.net\/nb\/wp-json\/wp\/v2\/product_cat?post=15212"},{"taxonomy":"product_tag","embeddable":true,"href":"https:\/\/www.hydraulic-cylinders.net\/nb\/wp-json\/wp\/v2\/product_tag?post=15212"}],"curies":[{"name":"wp","href":"https:\/\/api.w.org\/{rel}","templated":true}]}}