{"id":15217,"date":"2025-01-19T14:15:08","date_gmt":"2025-01-19T14:15:08","guid":{"rendered":"https:\/\/www.hydraulic-cylinders.net\/product\/bucket-cylinder-for-caterpillar-small-excavator-e313bcr\/"},"modified":"2025-01-19T14:15:11","modified_gmt":"2025-01-19T14:15:11","slug":"bucket-cylinder-for-caterpillar-small-excavator-e313bcr","status":"publish","type":"product","link":"https:\/\/www.hydraulic-cylinders.net\/nb\/produkt\/bucket-cylinder-for-caterpillar-small-excavator-e313bcr\/","title":{"rendered":"Skuffesylinder for Caterpillar liten gravemaskin E313BCR"},"content":{"rendered":"<h1>Skuffesylinder for Caterpillar liten gravemaskin E313BCR<\/h1>\n<h2>Introduksjon<\/h2>\n<p>Skuffesylinderen for Caterpillar Small Excavator E313BCR er en spesialdesignet hydraulisk sylinder som prim\u00e6rt brukes til \u00e5 kontrollere bevegelsen til skuffer i tunge maskiner som gravemaskiner, traktorgravere og frontlastere. Hovedfunksjonen er \u00e5 gj\u00f8re det mulig for skuffen \u00e5 l\u00f8fte, senke og tilte, noe som gj\u00f8r det enklere \u00e5 h\u00e5ndtere ulike materialer. I det hydrauliske systemet kontrollerer skuffesylinderen n\u00f8yaktig skuffens bevegelser gjennom endringer i hydraulikkoljetrykket, slik at operat\u00f8rer effektivt kan h\u00e5ndtere tunge laster og tilpasse seg komplekse arbeidsmilj\u00f8er og ulike driftskrav.<\/p>\n<p><img decoding=\"async\" src=\"https:\/\/www.hydraulic-cylinders.net\/wp-content\/uploads\/2025\/01\/songte-company-2.webp\" alt=\"Bilde av b\u00f8ttesylinder\"><\/p>\n<h2>Funksjoner<\/h2>\n<ul>\n<li>H\u00f8y styrke og holdbarhet: Den er vanligvis laget av h\u00f8yfast st\u00e5l eller aluminium, t\u00e5ler h\u00f8yt trykk og tunge belastninger og er designet med slitestyrke og korrosjonsbestandighet i tankene, noe som forlenger levetiden.<\/li>\n<li>Effektiv hydraulisk drift: Den bruker hydraulisk oljetrykk for \u00e5 oppn\u00e5 jevn forlengelse og tilbaketrekking, kan raskt reagere p\u00e5 kontrollkommandoer, gir kraftig skyve- og trekkekraft, og er egnet for h\u00e5ndtering av tunge belastninger og komplekse driftsoppgaver.<\/li>\n<li>Ulike typer: Enkeltvirkende (med hydraulikk i kun \u00e9n retning) eller dobbeltvirkende (med hydraulikk i to retninger) sylindere kan velges etter behov for \u00e5 m\u00f8te ulike driftskrav. Noen modeller er teleskopiske, noe som gir st\u00f8rre forlengelse uten \u00e5 \u00f8ke de ytre m\u00e5lene og er ideelle for plassbegrensede applikasjoner.<\/li>\n<li>Enkel \u00e5 produsere: Vi kan produsere dette produktet, og produktene v\u00e5re kan erstatte disse hydrauliske sylindrene perfekt.<\/li>\n<\/ul>\n<p><img decoding=\"async\" src=\"https:\/\/www.hydraulic-cylinders.net\/wp-content\/uploads\/2025\/01\/songte-cylinder-head-with-all-kinds-excavator-models.webp\" alt=\"Bilde av b\u00f8ttesylinder\"><\/p>\n<h2>Bruksomr\u00e5der<\/h2>\n<h3>Anleggsutstyr<\/h3>\n<p>I gravemaskiner er de viktige for graving, lasting og flytting av jord eller rusk. I gravemaskinlastere hjelper skuffesylinderen med graving og l\u00f8fting. I frontlastere hjelper de med \u00e5 l\u00f8fte og dumpe last effektivt.<\/p>\n<h3>Landbruksmaskiner<\/h3>\n<p>Brukes til frontlastere, utgraving, l\u00f8fting og transport av jord, h\u00f8y og andre materialer. I gravemaskiner muliggj\u00f8r skuffesylinderen graving ved \u00e5 la skuffen trenge ned i jorden. <\/p>\n<p><img decoding=\"async\" src=\"https:\/\/www.hydraulic-cylinders.net\/wp-content\/uploads\/2025\/01\/songte-chushion-collar.webp\" alt=\"Bilde av b\u00f8ttesylinder\"><\/p>\n<h2>Designhensyn og utvalgskriterier<\/h2>\n<ul>\n<li>B\u00e6reevne: Sylinderens b\u00e6reevne skal kunne t\u00e5le den maksimale forventede belastningen.<\/li>\n<li>Tetting: Tetninger, som stempeltetninger og stangtetninger, b\u00f8r v\u00e6re laget av slitesterke materialer som polyuretan og nitrilgummi, og sylinderhuset og den gjengede endeflaten b\u00f8r v\u00e6re finbearbeidet for \u00e5 forbedre slitestyrken.<\/li>\n<li>Holdbarhet: Sylinderen b\u00f8r v\u00e6re konstruert for \u00e5 t\u00e5le t\u00f8ffe milj\u00f8forhold og v\u00e6re motstandsdyktig mot korrosjon.<\/li>\n<li>Sikkerhet: Sikkerhetstiltak b\u00f8r utformes for \u00e5 sikre sikker drift og forhindre ulykker.<\/li>\n<li>Vedlikehold: Sylinderen b\u00f8r v\u00e6re konstruert med tanke p\u00e5 enkelt vedlikehold, og regelmessige vedlikeholdskontroller b\u00f8r utf\u00f8res for \u00e5 sikre at den fungerer som den skal.<\/li>\n<\/ul>\n<p><img decoding=\"async\" src=\"https:\/\/www.hydraulic-cylinders.net\/wp-content\/uploads\/2025\/01\/songte-oil-pipes-and-spare-parts.webp\" alt=\"Bilde av b\u00f8ttesylinder\"><\/p>\n<h2>Tetting og sm\u00f8ring<\/h2>\n<p>Ulike tetningsanordninger, som stempeltetninger og stangtetninger, brukes for \u00e5 sikre at hydraulikkoljen ikke lekker fra sylinderen. Polyuretan og nitrilgummimaterialer brukes ofte som slitesterke tetningsmaterialer. Sylinderhuset og den gjengede endeflaten er fint bearbeidet for \u00e5 \u00f8ke slitestyrken. Sylinderen krever regelmessig sm\u00f8ring med en passende mengde hydraulikkolje for \u00e5 sikre problemfri drift.<\/p>\n<h2>Forebyggende vedlikehold og inspeksjon<\/h2>\n<p>For \u00e5 minimere potensielle problemer b\u00f8r regelmessig inspeksjon og forebyggende vedlikehold utf\u00f8res, inkludert:<\/p>\n<ul>\n<li>Regelmessig sm\u00f8ring<\/li>\n<li>Regelmessig inspeksjon av tetninger for lekkasjer eller slitasje<\/li>\n<li>Periodiske kalibreringskontroller<\/li>\n<\/ul>\n<h2>Sikkerhetshensyn og milj\u00f8faktorer<\/h2>\n<p>Sikkerhetstiltak b\u00f8r alltid tas ved bruk av tunge maskiner, inkludert riktig oppl\u00e6ring av operat\u00f8rer, regelmessig inspeksjon av utstyr og overholdelse av anbefalte sikkerhetsprosedyrer. Milj\u00f8faktorer, som bruk av biologisk nedbrytbar hydraulikkolje, b\u00f8r ogs\u00e5 vurderes n\u00e5r man velger en hydraulisk sylinder.<\/p>\n<h2>Feils\u00f8king og vanlige problemer<\/h2>\n<p>Vanlige problemer inkluderer lekkasjer i pakningene, skade p\u00e5 stempelstangen og utilstrekkelig sm\u00f8ring. Feils\u00f8kingstips inkluderer \u00e5 sjekke for lekkasjer, inspisere stempelstangen og s\u00f8rge for riktig sm\u00f8ring.<\/p>\n<p><img decoding=\"async\" src=\"https:\/\/www.hydraulic-cylinders.net\/wp-content\/uploads\/2025\/01\/songte-bushings-with-all-kinds-of-excavator-models.webp\" alt=\"Bilde av b\u00f8ttesylinder\"><\/p>\n<h2>Om selskapet v\u00e5rt<\/h2>\n<p>Vi er en produsent av hydrauliske sylindere for erstatning, med et komplett produktsortiment, og har blitt en av de ledende produsentene og grossistene av hydrauliske sylindere i innenlandske og internasjonale markeder. Vi f\u00f8lger en policy for utmerket kvalitet, og er avhengige av den industrielle produksjonsstyringsstrategien til finproduksjonsverksteder. Vi forbedrer kontinuerlig produksjonsplattformen til verkstedet, perfeksjonerer produktkvaliteten og har sterk kreativitet. Vi m\u00f8ter kundenes ulike behov med prinsippene om h\u00f8y effektivitet, h\u00f8y presisjon og h\u00f8y kvalitet.<\/p>\n<ul>\n<li>Profesjonalitet<\/li>\n<li>Internasjonal sertifisering<\/li>\n<li>Tilpasningstjenester<\/li>\n<li>Avansert produksjonsutstyr<\/li>\n<li>Ettersalgsservice<\/li>\n<\/ul>\n<p><img decoding=\"async\" src=\"https:\/\/hzpt.com\/wp-content\/uploads\/2024\/11\/songte-company-1.webp\" alt=\"Bilde av b\u00f8ttesylinder\"><\/p>\n<p>Forfatter: lyl<\/p>","protected":false},"excerpt":{"rendered":"<p>Bucket Cylinder For Caterpillar Small Excavator E313BCR Introduction The Bucket Cylinder for Caterpillar Small Excavator E313BCR is a specially designed hydraulic cylinder primarily used to control the movement of buckets in heavy machinery such as excavators, backhoe loaders, and front-end loaders. Its main function is to enable the bucket to lift, lower, and tilt, making [&hellip;]<\/p>","protected":false},"featured_media":14771,"comment_status":"open","ping_status":"closed","template":"","meta":{"_et_pb_use_builder":"","_et_pb_old_content":"","_et_gb_content_width":""},"product_brand":[],"product_cat":[1494],"product_tag":[1495,1496],"class_list":{"0":"post-15217","1":"product","2":"type-product","3":"status-publish","4":"has-post-thumbnail","6":"product_cat-bucket-cylinders","7":"product_tag-bucket-cylinders","8":"product_tag-hydraulic-cylinders","10":"first","11":"instock","12":"shipping-taxable","13":"product-type-simple"},"amp_enabled":true,"_links":{"self":[{"href":"https:\/\/www.hydraulic-cylinders.net\/nb\/wp-json\/wp\/v2\/product\/15217","targetHints":{"allow":["GET"]}}],"collection":[{"href":"https:\/\/www.hydraulic-cylinders.net\/nb\/wp-json\/wp\/v2\/product"}],"about":[{"href":"https:\/\/www.hydraulic-cylinders.net\/nb\/wp-json\/wp\/v2\/types\/product"}],"replies":[{"embeddable":true,"href":"https:\/\/www.hydraulic-cylinders.net\/nb\/wp-json\/wp\/v2\/comments?post=15217"}],"wp:featuredmedia":[{"embeddable":true,"href":"https:\/\/www.hydraulic-cylinders.net\/nb\/wp-json\/wp\/v2\/media\/14771"}],"wp:attachment":[{"href":"https:\/\/www.hydraulic-cylinders.net\/nb\/wp-json\/wp\/v2\/media?parent=15217"}],"wp:term":[{"taxonomy":"product_brand","embeddable":true,"href":"https:\/\/www.hydraulic-cylinders.net\/nb\/wp-json\/wp\/v2\/product_brand?post=15217"},{"taxonomy":"product_cat","embeddable":true,"href":"https:\/\/www.hydraulic-cylinders.net\/nb\/wp-json\/wp\/v2\/product_cat?post=15217"},{"taxonomy":"product_tag","embeddable":true,"href":"https:\/\/www.hydraulic-cylinders.net\/nb\/wp-json\/wp\/v2\/product_tag?post=15217"}],"curies":[{"name":"wp","href":"https:\/\/api.w.org\/{rel}","templated":true}]}}