{"id":15219,"date":"2025-01-19T14:15:18","date_gmt":"2025-01-19T14:15:18","guid":{"rendered":"https:\/\/www.hydraulic-cylinders.net\/product\/bucket-cylinder-for-caterpillar-small-excavator-e301-7dcr\/"},"modified":"2025-01-19T14:15:20","modified_gmt":"2025-01-19T14:15:20","slug":"bucket-cylinder-for-caterpillar-small-excavator-e301-7dcr","status":"publish","type":"product","link":"https:\/\/www.hydraulic-cylinders.net\/nb\/produkt\/bucket-cylinder-for-caterpillar-small-excavator-e301-7dcr\/","title":{"rendered":"Skuffesylinder for Caterpillar liten gravemaskin E301.7DCR"},"content":{"rendered":"<h1>Skuffesylinder for Caterpillar liten gravemaskin E301.7DCR<\/h1>\n<h2>Introduksjon<\/h2>\n<p>Skuffesylinderen for Caterpillar Small Excavator E301.7DCR er en spesialisert hydraulisk sylinder som prim\u00e6rt brukes til \u00e5 kontrollere bevegelsen til skuffer i tunge maskiner som gravemaskiner, traktorgravere og frontlastere. Hovedfunksjonen er \u00e5 gj\u00f8re det mulig for skuffen \u00e5 l\u00f8fte, senke og vippe, noe som gj\u00f8r det enklere \u00e5 transportere forskjellige materialer. I hydrauliske systemer bruker skuffesylinderen trykkendringene i hydraulikkoljen for \u00e5 oppn\u00e5 presis kontroll over skuffen, slik at f\u00f8reren kan h\u00e5ndtere tunge gjenstander effektivt og tilpasse seg komplekse arbeidsmilj\u00f8er og ulike driftskrav. <\/p>\n<p><img decoding=\"async\" src=\"https:\/\/www.hydraulic-cylinders.net\/wp-content\/uploads\/2025\/01\/songte-company-2.webp\" alt=\"Bilde av b\u00f8ttesylinder\"><\/p>\n<h2>Funksjoner<\/h2>\n<ul>\n<li>\n<h3>H\u00f8y styrke og holdbarhet:<\/h3>\n<p> Vanligvis laget av h\u00f8yfast st\u00e5l eller aluminium, kan den t\u00e5le h\u00f8yt trykk og tunge belastninger, tilpasse seg t\u00f8ffe arbeidsmilj\u00f8er og vurdere slitestyrke og korrosjonsbestandighet i designet for \u00e5 forlenge levetiden.<\/li>\n<li>\n<h3>Effektiv hydraulisk drift:<\/h3>\n<p> Den bruker trykket fra hydraulikkoljen for \u00e5 oppn\u00e5 jevne ekspansjons- og sammentrekningsbevegelser, kan raskt reagere p\u00e5 kontrollkommandoer, gi kraftig skyve- og trekkekraft, og er egnet for h\u00e5ndtering av tunge gjenstander og komplekse driftsoppgaver.<\/li>\n<li>\n<h3>Ulike typer:<\/h3>\n<p> Enkeltvirkende (hydraulisk brukt i kun \u00e9n retning) eller dobbeltvirkende (hydraulisk brukt i begge retninger) sylindere kan velges i henhold til driftsbehov. Noen modeller er teleskopiske, noe som gir st\u00f8rre forlengelse uten \u00e5 \u00f8ke de ytre dimensjonene, egnet for bruksomr\u00e5der med begrenset plass.<\/li>\n<li>\n<h3>Tilpassbar:<\/h3>\n<p> Vi kan produsere dette produktet, og produktet v\u00e5rt kan erstatte disse hydrauliske sylindrene perfekt.<\/li>\n<\/ul>\n<p><img decoding=\"async\" src=\"https:\/\/www.hydraulic-cylinders.net\/wp-content\/uploads\/2025\/01\/songte-cylinder-head-with-all-kinds-excavator-models.webp\" alt=\"Tilpassbart produktbilde\"><\/p>\n<h2>Bruksomr\u00e5der<\/h2>\n<p>Skuffesylinderen til Caterpillar liten gravemaskin E301.7DCR kan brukes i ulike bransjer, for eksempel anleggsmaskiner, landbruksmaskiner, gravemaskiner og frontlastere.<\/p>\n<ul>\n<li>\n<h3>Anleggsutstyr:<\/h3>\n<p> I gravemaskiner er de viktige for graving, lasting og flytting av jord eller rusk. I gravemaskiner hjelper b\u00f8ttesylinderen med b\u00e5de graving og l\u00f8fting. <\/li>\n<li>\n<h3>Landbruksmaskiner:<\/h3>\n<p> De brukes i frontlastere, og hjelper til med \u00e5 utarbeide, l\u00f8fte og flytte jord, h\u00f8y og andre materialer.<\/li>\n<li>\n<h3>Gravemaskiner:<\/h3>\n<p> Skuffesylinderen muliggj\u00f8r gravearbeid ved \u00e5 la skuffen trenge ned i jorden. <\/li>\n<li>\n<h3>Frontlastere:<\/h3>\n<p> I frontlastere hjelper de med \u00e5 l\u00f8fte og dumpe gods effektivt. <\/li>\n<\/ul>\n<h2>Designhensyn og utvalgskriterier<\/h2>\n<ul>\n<li>\n<h3>B\u00e6reevne:<\/h3>\n<p> Den hydrauliske sylinderen m\u00e5 v\u00e6re sterk nok til \u00e5 t\u00e5le belastningen for\u00e5rsaket av tunge belastninger.<\/li>\n<li>\n<h3>Tetting:<\/h3>\n<p> Ulike tetningskomponenter som stempeltetninger, stangtetninger, viskertetninger og sliteringer m\u00e5 velges n\u00f8ye. De b\u00f8r v\u00e6re laget av slitesterke materialer som polyuretan eller nitrilgummi for \u00e5 sikre lang levetid. <\/li>\n<li>\n<h3>Varighet:<\/h3>\n<p> Sylinderhuset og gjengede endeflater m\u00e5 bearbeides presist for \u00e5 \u00f8ke slitestyrken. <\/li>\n<li>\n<h3>Sikkerhet:<\/h3>\n<p> Alle sylindere m\u00e5 overholde sikkerhetsstandarder for \u00e5 forhindre feil i det hydrauliske systemet, noe som kan f\u00f8re til ulykker.<\/li>\n<li>\n<h3>Vedlikeholdbarhet:<\/h3>\n<p> Den hydrauliske sylinderens design b\u00f8r ta hensyn til vedlikeholdsvennlighet for \u00e5 legge til rette for enkel reparasjon og vedlikehold.<\/li>\n<\/ul>\n<p><img decoding=\"async\" src=\"https:\/\/www.hydraulic-cylinders.net\/wp-content\/uploads\/2025\/01\/songte-oil-pipes-and-spare-parts.webp\" alt=\"Bilde av reservedeler\"><\/p>\n<h2>Tetting og sm\u00f8ring<\/h2>\n<p>Et bredt spekter av tetningskomponenter b\u00f8r brukes, fra stempeltetninger til stangtetninger, viskertetninger og slitasjeringer. De b\u00f8r v\u00e6re laget av slitesterke materialer som polyuretan eller nitrilgummi for \u00e5 sikre lang levetid. Sylinderhuset og gjengede endeflater b\u00f8r bearbeides n\u00f8yaktig for \u00e5 \u00f8ke slitestyrken. Regelmessig sm\u00f8ring er viktig for \u00e5 sikre riktig drift av den hydrauliske sylinderen. Hydraulikkolje b\u00f8r etterfylles med jevne mellomrom for \u00e5 sm\u00f8re komponentene og holde dem i god stand.<\/p>\n<h2>Vedlikehold og reparasjon<\/h2>\n<p>Regelmessig vedlikehold er viktig for \u00e5 sikre den hydrauliske sylinderens levetid. Det anbefales \u00e5 kontrollere og vedlikeholde sylinderen regelmessig. Regelmessige vedlikeholdsoppgaver kan omfatte sm\u00f8ring, utskifting av pakninger og kalibreringskontroller. Riktig installasjon og justering av sylinderen er avgj\u00f8rende for optimal ytelse. Riktige vedlikeholds- og reparasjonsprosedyrer kan v\u00e6re nyttige for \u00e5 diagnostisere og l\u00f8se problemer.<\/p>\n<p><img decoding=\"async\" src=\"https:\/\/www.hydraulic-cylinders.net\/wp-content\/uploads\/2025\/01\/songte-chushion-collar.webp\" alt=\"Vedlikeholdsbilde\"><\/p>\n<h2>Sikkerhetshensyn og milj\u00f8faktorer<\/h2>\n<p>Ved bruk av hydrauliske sylindere m\u00e5 sikkerhetsforanstaltninger tas for \u00e5 forhindre ulykker. Det er viktig \u00e5 f\u00f8lge sikkerhetsretningslinjer og forskrifter n\u00f8ye. Hydrauliske systemer m\u00e5 kontrolleres regelmessig for lekkasjer, korrosjon og andre tegn p\u00e5 slitasje for \u00e5 sikre at de forblir trygge og funksjonelle. <\/p>\n<p><img decoding=\"async\" src=\"https:\/\/hzpt.com\/wp-content\/uploads\/2024\/11\/songte-company-1.webp\" alt=\"Sikkerhetsbilde\"><\/p>\n<h2>Vanlige problemer og feils\u00f8king<\/h2>\n<ul>\n<li>\n<h3>Lekkasje:<\/h3>\n<p> Et av de vanligste problemene er oljelekkasje fra den hydrauliske sylinderen. Dette kan skyldes defekte pakninger eller slitte komponenter. For \u00e5 forhindre lekkasje m\u00e5 alle pakninger kontrolleres regelmessig og skiftes ut etter behov. <\/li>\n<li>\n<h3>Treg drift:<\/h3>\n<p> Treg drift av hydrauliske sylindere kan skyldes ulike faktorer, inkludert lavt hydraulisk trykk, et tett eller skittent hydraulisk filter eller slitte komponenter. Det hydrauliske systemet b\u00f8r kontrolleres for \u00e5 identifisere roten til problemet. <\/li>\n<li>\n<h3>Overdreven st\u00f8y:<\/h3>\n<p> Overdreven st\u00f8y kan for\u00e5rsakes av luft i det hydrauliske systemet eller en slitt hydraulisk sylinder. Systemet b\u00f8r luftes ut, og den hydrauliske sylinderen b\u00f8r kontrolleres for tegn p\u00e5 slitasje.<\/li>\n<\/ul>\n<p>Forebyggende tiltak b\u00f8r iverksettes for \u00e5 unng\u00e5 disse problemene. Dette kan omfatte regelmessige vedlikeholdsoppgaver som sm\u00f8ring, rengj\u00f8ring og utskifting av tetninger. <\/p>\n<p><img decoding=\"async\" src=\"https:\/\/www.hydraulic-cylinders.net\/wp-content\/uploads\/2025\/01\/songte-bushings-with-all-kinds-of-excavator-models.webp\" alt=\"Feils\u00f8kingsbilde\"><\/p>\n<h2>Om selskapet v\u00e5rt<\/h2>\n<p>Vi er en produsent av hydrauliske sylindere som kan erstatte eksisterende hydrauliske sylindere. V\u00e5rt selskap har et bredt spekter av produktkategorier og har blitt en av de ledende produsentene og grossistene av hydrauliske sylindere i det innenlandske og internasjonale markedet. Vi f\u00f8lger prinsippet om utmerket kvalitet og er avhengige av den industrialiserte produksjonsstyringsstrategien til fine produksjonsverksteder. Produktene v\u00e5re produseres ved hjelp av avansert digitalt produksjonsutstyr og profesjonelle testsystemer, og vi forbedrer kontinuerlig produksjonslinjene v\u00e5re for bedre produktkvalitet. Vi har en sterk evne til \u00e5 skape med h\u00f8y effektivitet, h\u00f8y presisjon og h\u00f8y kvalitet for \u00e5 m\u00f8te ulike kundebehov. <\/p>\n<p><img decoding=\"async\" src=\"https:\/\/www.hydraulic-cylinders.net\/wp-content\/uploads\/2025\/01\/songte-company-3.webp\" alt=\"Selskapets image\"><\/p>\n<h2>Professionalitet, internasjonal sertifisering, tilpasningstjenester, produksjonsutstyr og ettersalgstjenester<\/h2>\n<ul>\n<li>\n<h3>Profesjonalitet:<\/h3>\n<p> Vi har et profesjonelt teknisk team og et produksjonsteam for h\u00f8y kvalitet.<\/li>\n<li>\n<h3>Internasjonal sertifisering:<\/h3>\n<p> Produktene v\u00e5re har oppn\u00e5dd internasjonale sertifiseringer som ISO9001 og CE.<\/li>\n<li>\n<h3>Tilpasningstjenester:<\/h3>\n<p> Vi kan tilby tilpassede produkter i henhold til kundens behov og tekniske krav.<\/li>\n<li>\n<h3>Produksjonsutstyr:<\/h3>\n<p> Vi bruker avansert digitalt produksjonsutstyr og profesjonelle testsystemer for \u00e5 forbedre produktkvaliteten.<\/li>\n<li>\n<h3>Ettersalgstjenester:<\/h3>\n<p> Vi tilbyr kundene et komplett utvalg av ettersalgstjenester, inkludert produktvedlikehold, teknisk st\u00f8tte og produkterstatningstjenester.<\/li>\n<\/ul>\n<p>V\u00e5rt firma er forpliktet til \u00e5 tilby kundene hydrauliske sylindere av h\u00f8y kvalitet, profesjonell teknisk st\u00f8tte og utmerket ettersalgsservice. <\/p>\n<p>Forfatter: lyl.<\/p>","protected":false},"excerpt":{"rendered":"<p>Bucket Cylinder For Caterpillar Small Excavator E301.7DCR Introduction The Bucket Cylinder for Caterpillar Small Excavator E301.7DCR is a specialized hydraulic cylinder primarily used for controlling the movement of buckets in heavy machinery such as excavators, backhoe excavators, and front-end loaders. Its main function is to enable the bucket to lift, lower, and tilt, making it [&hellip;]<\/p>","protected":false},"featured_media":14765,"comment_status":"open","ping_status":"closed","template":"","meta":{"_et_pb_use_builder":"","_et_pb_old_content":"","_et_gb_content_width":""},"product_brand":[],"product_cat":[1494],"product_tag":[1495,1496],"class_list":{"0":"post-15219","1":"product","2":"type-product","3":"status-publish","4":"has-post-thumbnail","6":"product_cat-bucket-cylinders","7":"product_tag-bucket-cylinders","8":"product_tag-hydraulic-cylinders","10":"first","11":"instock","12":"shipping-taxable","13":"product-type-simple"},"amp_enabled":true,"_links":{"self":[{"href":"https:\/\/www.hydraulic-cylinders.net\/nb\/wp-json\/wp\/v2\/product\/15219","targetHints":{"allow":["GET"]}}],"collection":[{"href":"https:\/\/www.hydraulic-cylinders.net\/nb\/wp-json\/wp\/v2\/product"}],"about":[{"href":"https:\/\/www.hydraulic-cylinders.net\/nb\/wp-json\/wp\/v2\/types\/product"}],"replies":[{"embeddable":true,"href":"https:\/\/www.hydraulic-cylinders.net\/nb\/wp-json\/wp\/v2\/comments?post=15219"}],"wp:featuredmedia":[{"embeddable":true,"href":"https:\/\/www.hydraulic-cylinders.net\/nb\/wp-json\/wp\/v2\/media\/14765"}],"wp:attachment":[{"href":"https:\/\/www.hydraulic-cylinders.net\/nb\/wp-json\/wp\/v2\/media?parent=15219"}],"wp:term":[{"taxonomy":"product_brand","embeddable":true,"href":"https:\/\/www.hydraulic-cylinders.net\/nb\/wp-json\/wp\/v2\/product_brand?post=15219"},{"taxonomy":"product_cat","embeddable":true,"href":"https:\/\/www.hydraulic-cylinders.net\/nb\/wp-json\/wp\/v2\/product_cat?post=15219"},{"taxonomy":"product_tag","embeddable":true,"href":"https:\/\/www.hydraulic-cylinders.net\/nb\/wp-json\/wp\/v2\/product_tag?post=15219"}],"curies":[{"name":"wp","href":"https:\/\/api.w.org\/{rel}","templated":true}]}}