{"id":15223,"date":"2025-01-19T14:15:33","date_gmt":"2025-01-19T14:15:33","guid":{"rendered":"https:\/\/www.hydraulic-cylinders.net\/product\/bucket-cylinder-for-caterpillar-small-excavator-e313d\/"},"modified":"2025-01-19T14:15:35","modified_gmt":"2025-01-19T14:15:35","slug":"bucket-cylinder-for-caterpillar-small-excavator-e313d","status":"publish","type":"product","link":"https:\/\/www.hydraulic-cylinders.net\/nb\/produkt\/bucket-cylinder-for-caterpillar-small-excavator-e313d\/","title":{"rendered":"Skuffesylinder for Caterpillar liten gravemaskin E313D"},"content":{"rendered":"<h1>Skuffesylinder for Caterpillar liten gravemaskin E313D<\/h1>\n<p><img decoding=\"async\" src=\"https:\/\/www.hydraulic-cylinders.net\/wp-content\/uploads\/2025\/01\/songte-company-2.webp\"><\/p>\n<h2>Introduksjon<\/h2>\n<p>Skuffesylinderen for Caterpillar liten gravemaskin E313D er en spesialdesignet hydraulisk sylinder som brukes til \u00e5 kontrollere bevegelsen til skuffen i tunge maskiner som gravemaskiner, traktorgravere og frontlastere. Hovedfunksjonen er \u00e5 gj\u00f8re det mulig \u00e5 l\u00f8fte, senke og tilte skuffen, noe som gj\u00f8r den praktisk for ulike materialh\u00e5ndteringsoppgaver. I et hydraulisk system oppn\u00e5r skuffesylinderen presis kontroll over skuffen ved hjelp av trykkvariasjonen i hydraulikkoljen, slik at operat\u00f8rer kan h\u00e5ndtere tunge laster effektivt og tilpasse seg komplekse arbeidsmilj\u00f8er og ulike driftsbehov.<\/p>\n<h2>Funksjoner<\/h2>\n<ul>\n<li>H\u00f8y styrke og holdbarhet: Vanligvis laget av h\u00f8yfast st\u00e5l eller aluminium, t\u00e5ler den h\u00f8yt trykk og tunge belastninger, og tilpasser seg t\u00f8ffe arbeidsmilj\u00f8er. Den er designet med hensyn til slitestyrke og korrosjonsbestandighet, noe som forlenger levetiden.<\/li>\n<li>Effektiv hydraulisk drift: Ved \u00e5 utnytte trykket fra hydraulikkoljen oppn\u00e5r den jevne forlengelses- og tilbaketrekksbevegelser, reagerer raskt p\u00e5 kontrollkommandoer, gir kraftige skyve- og trekkkrefter og er egnet for h\u00e5ndtering av tunge belastninger og komplekse driftsoppgaver.<\/li>\n<li>Ulike typer: Skuffesylinderen kan velges som enkeltvirkende (hydraulisk brukt i kun \u00e9n retning) eller dobbeltvirkende (hydraulisk brukt i begge retninger) sylindere i henhold til kravene, for \u00e5 dekke ulike driftsbehov. Noen modeller er teleskopiske, noe som gir st\u00f8rre forlengelse uten \u00e5 \u00f8ke de ytre m\u00e5lene, noe som gj\u00f8r dem egnet for applikasjoner med begrenset plass.<\/li>\n<li>Erstatning for hydrauliske sylindere: Produktene v\u00e5re kan erstatte disse hydrauliske sylinderene perfekt. <img decoding=\"async\" src=\"https:\/\/www.hydraulic-cylinders.net\/wp-content\/uploads\/2025\/01\/songte-cylinder-head-with-all-kinds-excavator-models.webp\"><\/li>\n<\/ul>\n<h2>Bruksomr\u00e5der<\/h2>\n<p>Skuffesylinderen til Caterpillar liten gravemaskin E313D finner sin anvendelse i diverse utstyr:<\/p>\n<ul>\n<li>Anleggsutstyr: I gravemaskiner er de viktige for graving, lasting og flytting av jord eller rusk. I gravemaskiner hjelper skuffesylinderen til med b\u00e5de graving og l\u00f8fting.<\/li>\n<li>Landbruksmaskiner: Brukes i frontlastere til \u00e5 utarbeide, l\u00f8fte og transportere jord, h\u00f8y og andre materialer.<\/li>\n<li>Gravemaskiner: Skuffesylinderen muliggj\u00f8r graveaksjonen ved \u00e5 la skuffen trenge ned i jorden.<\/li>\n<li>Lastere: Frontlastere hjelper til med \u00e5 l\u00f8fte og dumpe varer effektivt.<\/li>\n<\/ul>\n<h2>Designhensyn og utvalgskriterier<\/h2>\n<p>Designhensynene og utvalgskriteriene for b\u00f8ttesylinderen er som f\u00f8lger:<\/p>\n<ul>\n<li>B\u00e6reevne: Sylinderen b\u00f8r v\u00e6re konstruert for \u00e5 h\u00e5ndtere den n\u00f8dvendige belastningen uten \u00e5 svikte.<\/li>\n<li>Tetningsevne: Riktig tetting er avgj\u00f8rende for \u00e5 forhindre lekkasje og sikre effektiviteten til det hydrauliske systemet.<\/li>\n<li>Holdbarhet: Sylinderen skal kunne t\u00e5le forventede arbeidsforhold og ha lang levetid.<\/li>\n<li>Sikkerhet: Sikkerhetsfunksjoner b\u00f8r innarbeides for \u00e5 forhindre ulykker og sikre operat\u00f8rbeskyttelse.<\/li>\n<li>Vedlikeholdsvennlighet: Sylinderdesignet skal tillate enkelt vedlikehold, reparasjoner og utskiftinger n\u00e5r det er n\u00f8dvendig. <img decoding=\"async\" src=\"https:\/\/www.hydraulic-cylinders.net\/wp-content\/uploads\/2025\/01\/songte-oil-pipes-and-spare-parts.webp\"><\/li>\n<\/ul>\n<h2>Tetting og sm\u00f8ring<\/h2>\n<p>Skuffesylinderen bruker forskjellige tetningselementer, som stempeltetninger og stangtetninger laget av slitesterke materialer som polyuretan og nitrilgummi. Sylinderhuset og gjengede ender gjennomg\u00e5r finbehandling for \u00e5 forbedre slitestyrken. Regelmessig sm\u00f8ring med riktig mengde hydraulikkolje er n\u00f8dvendig for \u00e5 opprettholde problemfri drift.<\/p>\n<h2>Regelmessig inspeksjon og forebyggende vedlikehold<\/h2>\n<p>For \u00e5 sikre optimal ytelse og levetid anbefales regelmessige inspeksjoner og forebyggende vedlikeholdstiltak. Noen viktige punkter inkluderer:<\/p>\n<ul>\n<li>Kontroll av eventuelle lekkasjer eller skader<\/li>\n<li>Riktig sm\u00f8ring<\/li>\n<li>Utskifting av pakninger og kalibreringskontroller<\/li>\n<\/ul>\n<p>Riktig installasjon spiller en avgj\u00f8rende rolle i skuffesylinderens levetid. Riktig justering og bruk av passende monteringsbraketter anbefales. Anbefalte inspeksjons-, reparasjons- og utskiftingsprosedyrer er tilgjengelige, sammen med komponentutskifting og ombyggingstjenester for \u00e5 forlenge skuffesylinderens levetid. <img decoding=\"async\" src=\"https:\/\/www.hydraulic-cylinders.net\/wp-content\/uploads\/2025\/01\/songte-chushion-collar.webp\"><\/p>\n<h2>Sikkerhetshensyn og milj\u00f8faktorer<\/h2>\n<p>N\u00e5r man bruker b\u00f8ttesylinderen, er det viktig \u00e5 prioritere sikkerhetstiltak for \u00e5 forhindre ulykker og minimere milj\u00f8p\u00e5virkningen.<\/p>\n<h2>Feils\u00f8king og vanlige problemer<\/h2>\n<p>Vanlige problemer og feils\u00f8kingstips for b\u00f8ttesylinderen inkluderer:<\/p>\n<ul>\n<li>Identifisere og l\u00f8se problemer<\/li>\n<li>Tilrettelegging av forebyggende tiltak for \u00e5 minimere potensielle problemer<\/li>\n<\/ul>\n<p>Effektive diagnose- og probleml\u00f8sningsteknikker gis for \u00e5 hjelpe leserne med \u00e5 h\u00e5ndtere og l\u00f8se problemer. Regelmessig vedlikehold og overholdelse av korrekt installasjon, sm\u00f8ring og justering vektlegges for \u00e5 sikre optimal ytelse og forlenget levetid for b\u00f8ttesylinderen. <img decoding=\"async\" src=\"https:\/\/www.hydraulic-cylinders.net\/wp-content\/uploads\/2025\/01\/songte-bushings-with-all-kinds-of-excavator-models.webp\"><\/p>\n<p>Husk \u00e5 organisere artikkelen logisk, bruke underoverskrifter for enkel navigering, innlemme relevante bilder eller diagrammer for bedre forst\u00e5else, og s\u00f8rge for at innholdet er klart, konsist og egnet for lesere med varierende tekniske kunnskapsniv\u00e5er.<\/p>\n<h2>Om selskapet v\u00e5rt<\/h2>\n<p>Vi er en produsent av hydrauliske sylindere for utskifting, og tilbyr et bredt spekter av produkter. Vi har blitt en av de ledende produsentene og grossistdistribut\u00f8rene av hydrauliske sylindere i innenlandske og internasjonale markeder. V\u00e5rt selskap f\u00f8lger en strategi for industrialisert produksjonsstyring, med utmerket kvalitet, fine produksjonsverksteder og bruk av avansert produksjonsutstyr og profesjonelle testsystemer. Vi forbedrer kontinuerlig v\u00e5r produksjonsplattform, optimaliserer produksjonskvalitetsruten og har en sterk innovasjonsevne, og m\u00f8ter ulike kundebehov med h\u00f8y effektivitet, presisjon og kvalitetsprinsipper. <img decoding=\"async\" src=\"https:\/\/www.hydraulic-cylinders.net\/wp-content\/uploads\/2025\/01\/songte-company-3.webp\"><\/p>\n<p>Videre vektlegger vi v\u00e5r profesjonalitet, internasjonale sertifiseringer, tilpassede tjenester, produksjonsutstyr og ettersalgsservice.<\/p>\n<p>Forfatter: lyl<\/p>","protected":false},"excerpt":{"rendered":"<p>Bucket Cylinder For Caterpillar Small Excavator E313D Introduction Bucket cylinder for Caterpillar small excavator E313D is a specially designed hydraulic cylinder used to control the movement of the bucket in heavy machinery such as excavators, backhoe loaders, and front loaders. Its main function is to enable the bucket to lift, lower, and tilt, making it [&hellip;]<\/p>","protected":false},"featured_media":14788,"comment_status":"open","ping_status":"closed","template":"","meta":{"_et_pb_use_builder":"","_et_pb_old_content":"","_et_gb_content_width":""},"product_brand":[],"product_cat":[1494],"product_tag":[1495,1496],"class_list":{"0":"post-15223","1":"product","2":"type-product","3":"status-publish","4":"has-post-thumbnail","6":"product_cat-bucket-cylinders","7":"product_tag-bucket-cylinders","8":"product_tag-hydraulic-cylinders","10":"first","11":"instock","12":"shipping-taxable","13":"product-type-simple"},"amp_enabled":true,"_links":{"self":[{"href":"https:\/\/www.hydraulic-cylinders.net\/nb\/wp-json\/wp\/v2\/product\/15223","targetHints":{"allow":["GET"]}}],"collection":[{"href":"https:\/\/www.hydraulic-cylinders.net\/nb\/wp-json\/wp\/v2\/product"}],"about":[{"href":"https:\/\/www.hydraulic-cylinders.net\/nb\/wp-json\/wp\/v2\/types\/product"}],"replies":[{"embeddable":true,"href":"https:\/\/www.hydraulic-cylinders.net\/nb\/wp-json\/wp\/v2\/comments?post=15223"}],"wp:featuredmedia":[{"embeddable":true,"href":"https:\/\/www.hydraulic-cylinders.net\/nb\/wp-json\/wp\/v2\/media\/14788"}],"wp:attachment":[{"href":"https:\/\/www.hydraulic-cylinders.net\/nb\/wp-json\/wp\/v2\/media?parent=15223"}],"wp:term":[{"taxonomy":"product_brand","embeddable":true,"href":"https:\/\/www.hydraulic-cylinders.net\/nb\/wp-json\/wp\/v2\/product_brand?post=15223"},{"taxonomy":"product_cat","embeddable":true,"href":"https:\/\/www.hydraulic-cylinders.net\/nb\/wp-json\/wp\/v2\/product_cat?post=15223"},{"taxonomy":"product_tag","embeddable":true,"href":"https:\/\/www.hydraulic-cylinders.net\/nb\/wp-json\/wp\/v2\/product_tag?post=15223"}],"curies":[{"name":"wp","href":"https:\/\/api.w.org\/{rel}","templated":true}]}}