{"id":15224,"date":"2025-01-19T14:15:37","date_gmt":"2025-01-19T14:15:37","guid":{"rendered":"https:\/\/www.hydraulic-cylinders.net\/product\/bucket-cylinder-for-caterpillar-small-excavator-e318dl\/"},"modified":"2025-01-19T14:15:39","modified_gmt":"2025-01-19T14:15:39","slug":"bucket-cylinder-for-caterpillar-small-excavator-e318dl","status":"publish","type":"product","link":"https:\/\/www.hydraulic-cylinders.net\/nb\/produkt\/bucket-cylinder-for-caterpillar-small-excavator-e318dl\/","title":{"rendered":"B\u00f8ttesylinder for Caterpillar liten gravemaskin E318DL"},"content":{"rendered":"<h1>B\u00f8ttesylinder for Caterpillar liten gravemaskin E318DL<\/h1>\n<h2>Introduksjon<\/h2>\n<p>Skuffesylinderen for Caterpillar Small Excavator E318DL er en spesialdesignet hydraulisk sylinder som brukes til \u00e5 kontrollere bevegelsen til skuffen i tunge maskiner som gravemaskiner, traktorgravere og frontlastere. Hovedfunksjonen er \u00e5 gj\u00f8re det mulig \u00e5 l\u00f8fte, senke og tilte skuffen, noe som gj\u00f8r det enklere \u00e5 h\u00e5ndtere forskjellige materialer. I det hydrauliske systemet kontrollerer skuffesylinderen skuffens bevegelser presist ved \u00e5 endre hydraulikkoljens trykk, slik at f\u00f8reren effektivt kan h\u00e5ndtere tunge lass og tilpasse seg komplekse arbeidsmilj\u00f8er og ulike driftsbehov.<\/p>\n<p><img decoding=\"async\" src=\"https:\/\/www.hydraulic-cylinders.net\/wp-content\/uploads\/2025\/01\/songte-company-2.webp\" alt=\"Bilde av b\u00f8ttesylinder\"><\/p>\n<h2>Produktfunksjoner<\/h2>\n<ul>\n<li>H\u00f8y styrke og holdbarhet: Laget av h\u00f8yfast st\u00e5l eller aluminium, t\u00e5ler den h\u00f8yt trykk og tunge belastninger, og tilpasser seg t\u00f8ffe arbeidsmilj\u00f8er. Designet tar hensyn til slitestyrke og korrosjonsbestandighet, noe som forlenger levetiden.<\/li>\n<li>Effektiv hydraulisk drift: Utnytter hydraulisk oljetrykk for \u00e5 oppn\u00e5 jevne, teleskopiske bevegelser, rask respons p\u00e5 kontrollkommandoer og gir kraftig skyve- og trekkekraft, som er egnet for h\u00e5ndtering av tunge belastninger og kompliserte driftsoppgaver.<\/li>\n<li>Ulike typer: Sylindertyper kan velges i henhold til driftsbehov, for eksempel enkeltvirkende (hydraulisk kun brukt i \u00e9n retning) eller dobbeltvirkende (hydraulisk brukt i begge retninger) sylindere. Noen modeller er utvidbare, noe som gir st\u00f8rre utvidelse uten \u00e5 \u00f8ke den utvendige st\u00f8rrelsen, egnet for applikasjoner med begrenset plass.<\/li>\n<li>Kan produseres av v\u00e5rt firma: Produktene v\u00e5re kan erstatte disse hydrauliske sylindrene perfekt.<\/li>\n<\/ul>\n<p><img decoding=\"async\" src=\"https:\/\/www.hydraulic-cylinders.net\/wp-content\/uploads\/2025\/01\/songte-cylinder-head-with-all-kinds-excavator-models.webp\" alt=\"Bilde av utskifting av b\u00f8ttesylinder\"><\/p>\n<h2>Bruksomr\u00e5der<\/h2>\n<p>Skuffesylinderen til Caterpillar Small Excavator E318DL er mye brukt i diverse tunge maskiner, for eksempel:<\/p>\n<ul>\n<li>Anleggsutstyr: I gravemaskiner er de viktige for graving, lasting og flytting av jord eller rusk. I gravemaskiner hjelper skuffesylindere med graving og l\u00f8fting. <\/li>\n<li>Landbruksmaskiner: Brukes til frontlastere, for \u00e5 plukke opp, l\u00f8fte og transportere jord, h\u00f8y og andre materialer. <\/li>\n<li>Gravemaskiner: Skuffesylindere muliggj\u00f8r utgraving ved \u00e5 la skuffen trenge ned i jorden. <\/li>\n<li>Lastere: Frontlastere hjelper til med \u00e5 l\u00f8fte og dumpe varer effektivt. <\/li>\n<\/ul>\n<h2>Designhensyn og utvalgskriterier<\/h2>\n<p>Utformingen av skuffesylinderen for Caterpillar liten gravemaskin E318DL tar hensyn til f\u00f8lgende faktorer:<\/p>\n<ul>\n<li>B\u00e6reevne: Sylinderen m\u00e5 ha tilstrekkelig b\u00e6reevne til \u00e5 b\u00e6re vekten av lasten uten \u00e5 b\u00f8ye seg eller brekke. <\/li>\n<li>Tetting: Sylinderen m\u00e5 v\u00e6re tett for \u00e5 forhindre lekkasje av hydraulisk olje, som kan skade sylinderen og andre maskinkomponenter.<\/li>\n<li>Holdbarhet: Sylinderen m\u00e5 v\u00e6re slitesterk og t\u00e5le slitasje for\u00e5rsaket av konstant bruk, t\u00f8ffe arbeidsmilj\u00f8er og v\u00e6rp\u00e5virkning. <\/li>\n<li>Sikkerhet: Sylinderen m\u00e5 v\u00e6re utformet med tanke p\u00e5 sikkerhet, inkludert sikkerhetsfunksjoner som n\u00f8dstoppknapper, trykkavlastningsventiler og overbelastningsbeskyttelse. <\/li>\n<li>Vedlikeholdsvennlighet: Sylinderen skal v\u00e6re enkel \u00e5 vedlikeholde og reparere, slik at slitte eller skadede deler kan byttes raskt og enkelt ut. <\/li>\n<\/ul>\n<p><img decoding=\"async\" src=\"https:\/\/www.hydraulic-cylinders.net\/wp-content\/uploads\/2025\/01\/songte-oil-pipes-and-spare-parts.webp\" alt=\"Bilde av deler av b\u00f8ttesylinderen\"><\/p>\n<h2>Tetting og sm\u00f8ring<\/h2>\n<p>Skuffesylinderen til Caterpillar Small Excavator E318DL bruker forskjellige tetningskomponenter, som stempeltetninger, stangtetninger osv., laget av slitesterke materialer som polyuretan og nitrilgummi. Sylinderens hus og gjengede ender gjennomg\u00e5r presis bearbeiding for \u00e5 forbedre slitestyrken. Regelmessig sm\u00f8ring med passende hydraulikkolje er n\u00f8dvendig for \u00e5 opprettholde sylinderens korrekte drift og forlenge levetiden. <\/p>\n<h2>Vedlikehold og forebyggende tiltak<\/h2>\n<p>F\u00f8lgende forebyggende tiltak og vedlikeholdsoppgaver anbefales:<\/p>\n<ul>\n<li>Regelmessig inspeksjon: Inspiser sylinderen regelmessig for tegn p\u00e5 slitasje, lekkasjer og annen skade. <\/li>\n<li>Sm\u00f8ring: Sm\u00f8r sylinderen regelmessig med passende hydraulikkolje. <\/li>\n<li>Utskifting av tetning: Skift sylindertetninger etter behov. <\/li>\n<li>Kalibreringssjekk: Sjekk sylinderens kalibrering regelmessig for \u00e5 sikre at den fungerer som den skal. <\/li>\n<\/ul>\n<p><img decoding=\"async\" src=\"https:\/\/www.hydraulic-cylinders.net\/wp-content\/uploads\/2025\/01\/songte-chushion-collar.webp\" alt=\"Bilde av installasjon av b\u00f8ttesylinder\"><\/p>\n<h2>Sikkerhetshensyn og milj\u00f8faktorer<\/h2>\n<p>Riktige sikkerhetstiltak m\u00e5 f\u00f8lges ved bruk av tungt maskineri som bruker b\u00f8ttesylinderen til Caterpillar Small Excavator E318DL. Milj\u00f8faktorer, som temperatur, fuktighet og luftkvalitet, kan ogs\u00e5 p\u00e5virke sylinderens drift og m\u00e5 tas i betraktning.<\/p>\n<h2>Vanlige problemer og feils\u00f8king<\/h2>\n<p>Vanlige problemer som kan oppst\u00e5 med skuffesylinderen til Caterpillar liten gravemaskin E318DL inkluderer lekkasjer, slitte tetninger og kalibreringsproblemer. Feils\u00f8kingstips og l\u00f8sninger kan omfatte \u00e5 bytte ut skadede deler, justere kalibreringen osv. Forebyggende tiltak kan bidra til \u00e5 minimere potensielle problemer.<\/p>\n<p><img decoding=\"async\" src=\"https:\/\/www.hydraulic-cylinders.net\/wp-content\/uploads\/2025\/01\/songte-bushings-with-all-kinds-of-excavator-models.webp\" alt=\"Bilde av b\u00f8ttersylinderforinger\"><\/p>\n<h2>Om selskapet v\u00e5rt<\/h2>\n<p>Vi er en produsent av hydrauliske sylindere for utskifting, og tilbyr et bredt spekter av produkter. Vi er en ledende produsent og grossist av hydrauliske sylindere i b\u00e5de det innenlandske og internasjonale markedet. Vi f\u00f8lger utmerket kvalitet og er avhengige av strategier for industriell produksjonsstyring fra fine produksjonsverksteder. Vi bruker teknologiske talenter, avansert digitalt produksjonsutstyr og et profesjonelt testsystem for kontinuerlig \u00e5 forbedre produksjonsplattformen, perfeksjonere produksjonslinjen med h\u00f8y produktkvalitet og ha sterk kreativ evne. Med h\u00f8y effektivitet, h\u00f8y presisjon og prinsipper for h\u00f8y kvalitet, m\u00f8ter vi kundenes ulike behov.<\/p>\n<ul>\n<li>Profesjonalitet<\/li>\n<li>Internasjonal sertifisering<\/li>\n<li>Tilpasningstjenester<\/li>\n<li>Produksjonsutstyr<\/li>\n<li>Ettersalgstjenester<\/li>\n<\/ul>\n<p><img decoding=\"async\" src=\"https:\/\/hzpt.com\/wp-content\/uploads\/2024\/11\/songte-company-1.webp\" alt=\"Selskapets image\"><\/p>\n<p>Forfatter: lyl<\/p>","protected":false},"excerpt":{"rendered":"<p>Bucket Cylinder For Caterpillar Small Excavator E318DL Introduction The Bucket Cylinder for Caterpillar Small Excavator E318DL is a specially designed hydraulic cylinder used to control the movement of the bucket in heavy machinery such as excavators, backhoe excavators, and front loader machines. Its main function is to enable the bucket to lift, lower, and tilt, [&hellip;]<\/p>","protected":false},"featured_media":14787,"comment_status":"open","ping_status":"closed","template":"","meta":{"_et_pb_use_builder":"","_et_pb_old_content":"","_et_gb_content_width":""},"product_brand":[],"product_cat":[1494],"product_tag":[1495,1496],"class_list":{"0":"post-15224","1":"product","2":"type-product","3":"status-publish","4":"has-post-thumbnail","6":"product_cat-bucket-cylinders","7":"product_tag-bucket-cylinders","8":"product_tag-hydraulic-cylinders","10":"first","11":"instock","12":"shipping-taxable","13":"product-type-simple"},"amp_enabled":true,"_links":{"self":[{"href":"https:\/\/www.hydraulic-cylinders.net\/nb\/wp-json\/wp\/v2\/product\/15224","targetHints":{"allow":["GET"]}}],"collection":[{"href":"https:\/\/www.hydraulic-cylinders.net\/nb\/wp-json\/wp\/v2\/product"}],"about":[{"href":"https:\/\/www.hydraulic-cylinders.net\/nb\/wp-json\/wp\/v2\/types\/product"}],"replies":[{"embeddable":true,"href":"https:\/\/www.hydraulic-cylinders.net\/nb\/wp-json\/wp\/v2\/comments?post=15224"}],"wp:featuredmedia":[{"embeddable":true,"href":"https:\/\/www.hydraulic-cylinders.net\/nb\/wp-json\/wp\/v2\/media\/14787"}],"wp:attachment":[{"href":"https:\/\/www.hydraulic-cylinders.net\/nb\/wp-json\/wp\/v2\/media?parent=15224"}],"wp:term":[{"taxonomy":"product_brand","embeddable":true,"href":"https:\/\/www.hydraulic-cylinders.net\/nb\/wp-json\/wp\/v2\/product_brand?post=15224"},{"taxonomy":"product_cat","embeddable":true,"href":"https:\/\/www.hydraulic-cylinders.net\/nb\/wp-json\/wp\/v2\/product_cat?post=15224"},{"taxonomy":"product_tag","embeddable":true,"href":"https:\/\/www.hydraulic-cylinders.net\/nb\/wp-json\/wp\/v2\/product_tag?post=15224"}],"curies":[{"name":"wp","href":"https:\/\/api.w.org\/{rel}","templated":true}]}}