{"id":15225,"date":"2025-01-19T14:15:41","date_gmt":"2025-01-19T14:15:41","guid":{"rendered":"https:\/\/www.hydraulic-cylinders.net\/product\/bucket-cylinder-for-caterpillar-middle-excavator-e200b\/"},"modified":"2025-01-19T14:15:43","modified_gmt":"2025-01-19T14:15:43","slug":"bucket-cylinder-for-caterpillar-middle-excavator-e200b","status":"publish","type":"product","link":"https:\/\/www.hydraulic-cylinders.net\/nb\/produkt\/bucket-cylinder-for-caterpillar-middle-excavator-e200b\/","title":{"rendered":"B\u00f8ttesylinder for Caterpillar mellomgraver E200B"},"content":{"rendered":"<h1>B\u00f8ttesylinder for Caterpillar mellomgraver E200B<\/h1>\n<h2>Introduksjon<\/h2>\n<p>En skuffesylinder er en type hydraulisk sylinder som er spesielt utviklet for \u00e5 kontrollere bevegelsen til skuffen i tunge maskiner som gravemaskiner, traktorgravere og frontlastere. Hovedfunksjonen er \u00e5 gj\u00f8re det mulig for skuffen \u00e5 utf\u00f8re l\u00f8fte-, senke- og vippeoperasjoner, og dermed forenkle materialh\u00e5ndteringsoppgaver av ulike slag. I det hydrauliske systemet oppn\u00e5r skuffesylinderen presis kontroll over skuffens bevegelse gjennom endringer i hydraulikkoljetrykket, slik at operat\u00f8rer kan h\u00e5ndtere tunge laster effektivt og tilpasse seg komplekse arbeidsmilj\u00f8er og ulike jobbkrav.<\/p>\n<p><img decoding=\"async\" src=\"https:\/\/www.hydraulic-cylinders.net\/wp-content\/uploads\/2025\/01\/songte-company-2.webp\" alt=\"B\u00f8ttesylinder\"><\/p>\n<h2>Funksjoner<\/h2>\n<ul>\n<li>H\u00f8y styrke og holdbarhet: Vanligvis laget av h\u00f8yfast st\u00e5l eller aluminium, t\u00e5ler den h\u00f8yt trykk og tunge belastninger, og tilpasser seg t\u00f8ffe arbeidsmilj\u00f8er. Den er designet med slitestyrke og korrosjonsbestandighet i tankene, og forlenger levetiden.<\/li>\n<li>Effektiv hydraulisk drift: Ved \u00e5 bruke hydraulisk oljetrykk for \u00e5 oppn\u00e5 jevn forlengelse og inntrekking, kan den reagere raskt p\u00e5 kontrollkommandoer, og gi kraftig skyve- og trekkekraft som er egnet for h\u00e5ndtering av tunge belastninger og komplekse arbeidsoppgaver.<\/li>\n<li>Ulike typer: Enkeltvirkende (hydraulisk brukt kun i \u00e9n retning) eller dobbeltvirkende (hydraulisk brukt i begge retninger) sylindere kan velges etter behov for \u00e5 oppfylle ulike driftskrav. Noen modeller er teleskopiske, noe som gir st\u00f8rre forlengelse uten \u00e5 \u00f8ke de ytre m\u00e5lene, egnet for applikasjoner med begrenset plass.<\/li>\n<li>Perfekt erstatning: Produktet v\u00e5rt kan erstatte andre hydrauliske sylindere perfekt.<\/li>\n<\/ul>\n<p><img decoding=\"async\" src=\"https:\/\/www.hydraulic-cylinders.net\/wp-content\/uploads\/2025\/01\/songte-cylinder-head-with-all-kinds-excavator-models.webp\" alt=\"Utskifting av b\u00f8ttesylinder\"><\/p>\n<h2>Bruksomr\u00e5der<\/h2>\n<p>B\u00f8ttesylindere er mye brukt i forskjellige bruksomr\u00e5der som:<\/p>\n<ul>\n<li>Anleggsutstyr: I gravemaskiner er de avgj\u00f8rende for graving, lasting og flytting av jord eller rusk. I gravemaskiner hjelper skuffesylindere med b\u00e5de graving og l\u00f8fting. <\/li>\n<li>Landbruksmaskiner: Brukes i frontlastere til \u00e5 utarbeide, l\u00f8fte og transportere jord, h\u00f8y og andre materialer. <\/li>\n<li>Gravemaskiner: Skuffesylindere oppn\u00e5r gravefunksjon ved \u00e5 la skuffen trenge ned i jorden. <\/li>\n<li>Lastere: Frontlastere hjelper til med \u00e5 l\u00f8fte og tilte varer effektivt. <\/li>\n<\/ul>\n<h2>Designhensyn og utvalgskriterier<\/h2>\n<p>N\u00e5r du velger b\u00f8ttesylindere, er det flere viktige designhensyn \u00e5 huske p\u00e5:<\/p>\n<ul>\n<li>B\u00e6reevne: Sylinderen m\u00e5 kunne t\u00e5le h\u00f8yt trykk og tunge belastninger. <\/li>\n<li>Tetting: Stempeltetningsringen, stangtetningsringen og andre tetningskomponenter m\u00e5 v\u00e6re laget av slitesterke materialer som polyuretan eller nitrilgummi, og sylinderhuset og gjengeenden m\u00e5 finbearbeides for \u00e5 forbedre slitestyrken. <\/li>\n<li>Holdbarhet: Sylinderen skal t\u00e5le t\u00f8ffe driftsforhold og ha lang levetid. <\/li>\n<li>Sikkerhet: Sylinderen m\u00e5 v\u00e6re konstruert med sikkerhet i tankene, slik at den ikke svikter eller for\u00e5rsaker skade under drift. <\/li>\n<li>Vedlikeholdsvennlighet: Sylinderen m\u00e5 v\u00e6re enkel \u00e5 vedlikeholde og reparere, slik at slitte deler kan byttes raskt og nedetid minimeres.<\/li>\n<\/ul>\n<p><img decoding=\"async\" src=\"https:\/\/www.hydraulic-cylinders.net\/wp-content\/uploads\/2025\/01\/songte-oil-pipes-and-spare-parts.webp\" alt=\"Deler av b\u00f8ttesylinder\"><\/p>\n<h2>Tetting og sm\u00f8ring<\/h2>\n<p>B\u00f8ttesylindere bruker forskjellige tetningskomponenter som stempeltetningsringer og stangtetningsringer, laget av slitesterke materialer som polyuretan eller nitrilgummi. Sylinderhuset og gjengeenden er fint bearbeidet for \u00e5 forbedre slitestyrken. Sylinderen krever regelmessig sm\u00f8ring med hydraulikkolje for \u00e5 sikre problemfri drift.<\/p>\n<h2>Vedlikehold og reparasjon<\/h2>\n<p>For \u00e5 sikre optimal ytelse og forlenge levetiden til b\u00f8ttesylindrene, kreves regelmessig vedlikehold. Vanlige vedlikeholdsoppgaver inkluderer:<\/p>\n<ul>\n<li>Regelmessige inspeksjoner<\/li>\n<li>Riktig sm\u00f8ring<\/li>\n<li>Utskifting av pakning<\/li>\n<li>Kalibreringskontroller<\/li>\n<\/ul>\n<p>Riktig installasjon er ogs\u00e5 avgj\u00f8rende, og retningslinjer for justering b\u00f8r gis. Sylinderen b\u00f8r festes med passende monteringsbraketter. Anbefalte inspeksjons-, reparasjons- og utskiftingsprosedyrer b\u00f8r f\u00f8lges for \u00e5 maksimere sylinderens levetid.<\/p>\n<p><img decoding=\"async\" src=\"https:\/\/www.hydraulic-cylinders.net\/wp-content\/uploads\/2025\/01\/songte-chushion-collar.webp\" alt=\"Montering av b\u00f8ttesylinder\"><\/p>\n<h2>Sikkerhetshensyn og milj\u00f8faktorer<\/h2>\n<p>Skuffesylindere skal brukes i samsvar med alle relevante sikkerhetsforskrifter og retningslinjer. Riktige sikkerhetstiltak b\u00f8r tas ved arbeid med tunge maskiner. Milj\u00f8faktorer som temperatur og fuktighet b\u00f8r ogs\u00e5 tas i betraktning ved valg og bruk av skuffesylindere.<\/p>\n<h2>Vanlige feil og feils\u00f8king<\/h2>\n<p>Vanlige feil som kan oppst\u00e5 med b\u00f8ttesylindere inkluderer:<\/p>\n<ul>\n<li>Lekkasje av olje<\/li>\n<li>Treg drift<\/li>\n<li>Uregelmessig bevegelse<\/li>\n<\/ul>\n<p>For \u00e5 diagnostisere og l\u00f8se disse problemene effektivt, b\u00f8r riktige feils\u00f8kingsteknikker f\u00f8lges. Regelmessig vedlikehold og inspeksjon kan bidra til \u00e5 forhindre potensielle problemer.<\/p>\n<p><img decoding=\"async\" src=\"https:\/\/www.hydraulic-cylinders.net\/wp-content\/uploads\/2025\/01\/songte-bushings-with-all-kinds-of-excavator-models.webp\" alt=\"B\u00f8ttesylinderforinger\"><\/p>\n<h2>Om oss<\/h2>\n<p>Vi er en ledende produsent og grossist av hydrauliske sylindere i det innenlandske og internasjonale markedet. V\u00e5rt komplette produktsortiment og utmerkede kvalitet har gjort oss til et av de mest p\u00e5litelige og respekterte navnene i bransjen. Vi legger stor vekt p\u00e5 kvaliteten p\u00e5 produktene v\u00e5re, bruker et godt produksjonsstyringssystem i v\u00e5re avanserte produksjonsanlegg, og forbedrer kontinuerlig kvaliteten p\u00e5 produktene v\u00e5re ved hjelp av teknologi, ekspertpersonell og profesjonelle testsystemer. Vi har et sterkt FoU-team og er forpliktet til \u00e5 tilby h\u00f8yeffektive, presise og h\u00f8ykvalitetsprodukter som m\u00f8ter kundenes ulike behov.<\/p>\n<p><img decoding=\"async\" src=\"https:\/\/hzpt.com\/wp-content\/uploads\/2024\/11\/songte-company-1.webp\" alt=\"Bedrift\"><\/p>\n<h3>V\u00e5re styrker inkluderer:<\/h3>\n<ul>\n<li>Profesjonalitet<\/li>\n<li>Internasjonal sertifisering<\/li>\n<li>Tilpasningstjenester<\/li>\n<li>Avansert produksjonsutstyr<\/li>\n<li>Ettersalgsservice<\/li>\n<\/ul>\n<p>Forfatter: lyl<\/p>","protected":false},"excerpt":{"rendered":"<p>Bucket Cylinder For Caterpillar Middle Excavator E200B Introduction A bucket cylinder is a type of hydraulic cylinder specially designed for controlling the movement of the bucket in heavy machinery such as excavators, backhoes, and front loaders. Its main function is to enable the bucket to perform lifting, lowering, and tilting operations, thus facilitating material handling [&hellip;]<\/p>","protected":false},"featured_media":14785,"comment_status":"open","ping_status":"closed","template":"","meta":{"_et_pb_use_builder":"","_et_pb_old_content":"","_et_gb_content_width":""},"product_brand":[],"product_cat":[1494],"product_tag":[1495,1496],"class_list":{"0":"post-15225","1":"product","2":"type-product","3":"status-publish","4":"has-post-thumbnail","6":"product_cat-bucket-cylinders","7":"product_tag-bucket-cylinders","8":"product_tag-hydraulic-cylinders","10":"first","11":"instock","12":"shipping-taxable","13":"product-type-simple"},"amp_enabled":true,"_links":{"self":[{"href":"https:\/\/www.hydraulic-cylinders.net\/nb\/wp-json\/wp\/v2\/product\/15225","targetHints":{"allow":["GET"]}}],"collection":[{"href":"https:\/\/www.hydraulic-cylinders.net\/nb\/wp-json\/wp\/v2\/product"}],"about":[{"href":"https:\/\/www.hydraulic-cylinders.net\/nb\/wp-json\/wp\/v2\/types\/product"}],"replies":[{"embeddable":true,"href":"https:\/\/www.hydraulic-cylinders.net\/nb\/wp-json\/wp\/v2\/comments?post=15225"}],"wp:featuredmedia":[{"embeddable":true,"href":"https:\/\/www.hydraulic-cylinders.net\/nb\/wp-json\/wp\/v2\/media\/14785"}],"wp:attachment":[{"href":"https:\/\/www.hydraulic-cylinders.net\/nb\/wp-json\/wp\/v2\/media?parent=15225"}],"wp:term":[{"taxonomy":"product_brand","embeddable":true,"href":"https:\/\/www.hydraulic-cylinders.net\/nb\/wp-json\/wp\/v2\/product_brand?post=15225"},{"taxonomy":"product_cat","embeddable":true,"href":"https:\/\/www.hydraulic-cylinders.net\/nb\/wp-json\/wp\/v2\/product_cat?post=15225"},{"taxonomy":"product_tag","embeddable":true,"href":"https:\/\/www.hydraulic-cylinders.net\/nb\/wp-json\/wp\/v2\/product_tag?post=15225"}],"curies":[{"name":"wp","href":"https:\/\/api.w.org\/{rel}","templated":true}]}}