{"id":15226,"date":"2025-01-19T14:15:44","date_gmt":"2025-01-19T14:15:44","guid":{"rendered":"https:\/\/www.hydraulic-cylinders.net\/product\/bucket-cylinder-for-caterpillar-middle-excavator-e320-320b\/"},"modified":"2025-01-19T14:15:46","modified_gmt":"2025-01-19T14:15:46","slug":"bucket-cylinder-for-caterpillar-middle-excavator-e320-320b","status":"publish","type":"product","link":"https:\/\/www.hydraulic-cylinders.net\/nb\/produkt\/bucket-cylinder-for-caterpillar-middle-excavator-e320-320b\/","title":{"rendered":"Skuffesylinder for Caterpillar mellomgraver E320\/320B"},"content":{"rendered":"<p><!--h1-->Skuffesylinder for Caterpillar mellomgraver E320\/320B<!--\/h1--><\/p>\n<p><!--h2-->Introduksjon<!--\/h2--><\/p>\n<p>En skuffesylinder er en spesialdesignet hydraulisk sylinder som brukes til \u00e5 kontrollere bevegelsen til skuffen i tunge maskiner som gravemaskiner, traktorgravere og hjullastere. Hovedfunksjonen er \u00e5 muliggj\u00f8re l\u00f8fting, senking og tilting av skuffen, noe som gj\u00f8r det enklere \u00e5 h\u00e5ndtere ulike materialh\u00e5ndteringsoppgaver. I et hydraulisk system oppn\u00e5r skuffesylinderen presis kontroll over skuffen ved \u00e5 variere trykket i hydraulikkoljen, slik at operat\u00f8rer effektivt kan h\u00e5ndtere tunge laster og tilpasse seg komplekse arbeidsmilj\u00f8er og ulike jobbkrav.<\/p>\n<p><!--img--><br \/>\n<img decoding=\"async\" src=\"https:\/\/www.hydraulic-cylinders.net\/wp-content\/uploads\/2025\/01\/songte-company-2.webp\"><\/p>\n<p><!--h2-->Funksjoner<!--\/h2--><\/p>\n<ul>\n<li><strong>H\u00f8y styrke og holdbarhet:<\/strong> B\u00f8ttesylinderen er vanligvis laget av h\u00f8yfast st\u00e5l eller aluminium, og t\u00e5ler h\u00f8yt trykk og tunge belastninger, og tilpasser seg t\u00f8ffe arbeidsmilj\u00f8er. Designet tar ogs\u00e5 hensyn til slitestyrke og korrosjonsmotstand, noe som forlenger levetiden.<\/li>\n<li><strong>Effektiv hydraulisk drift:<\/strong> Ved \u00e5 utnytte trykket fra hydraulikkoljen oppn\u00e5r skuffesylinderen jevne forlengelses- og inntrekksbevegelser, noe som gir rask respons p\u00e5 kontrollkommandoer og leverer kraftige skyve- og trekkkrefter. Den er egnet for h\u00e5ndtering av tunge lass og komplekse arbeidsoppgaver.<\/li>\n<li><strong>Ulike typer:<\/strong> Skuffesylinderen kan velges som enkeltvirkende (med hydraulikk kun i \u00e9n retning) eller dobbeltvirkende (med hydraulikk i begge retninger) sylindere i henhold til spesifikke driftsbehov. Enkelte modeller er teleskopiske, noe som gir st\u00f8rre forlengelse uten \u00e5 \u00f8ke de ytre m\u00e5lene, noe som gj\u00f8r dem egnet for bruksomr\u00e5der med begrenset plass.<\/li>\n<li><strong>Perfekt erstatning:<\/strong> Produktet v\u00e5rt kan erstatte disse hydrauliske sylindrene perfekt.<\/li>\n<\/ul>\n<p><!--img--><br \/>\n<img decoding=\"async\" src=\"https:\/\/www.hydraulic-cylinders.net\/wp-content\/uploads\/2025\/01\/songte-cylinder-head-with-all-kinds-excavator-models.webp\"><\/p>\n<p><!--h2-->Bruksomr\u00e5der<!--\/h2--><\/p>\n<p>Skuffesylinderen finner sine bruksomr\u00e5der i diverse utstyr:<\/p>\n<ul>\n<li><strong>Anleggsutstyr:<\/strong> De finnes i gravemaskiner og er viktige for graving, lasting og flytting av jord eller rusk. I gravemaskiner hjelper skuffesylinderen til med b\u00e5de graving og l\u00f8fting.<\/li>\n<li><strong>Landbruksmaskiner:<\/strong> De brukes i frontlastere, og hjelper til med \u00e5 ut\u00f8pe, l\u00f8fte og transportere jord, h\u00f8y og andre materialer.<\/li>\n<li><strong>Gravemaskiner:<\/strong> Skuffesylinderen muliggj\u00f8r graveaksjoner ved \u00e5 la skuffen trenge ned i jorden.<\/li>\n<li><strong>Hjullastere:<\/strong> I frontlastere hjelper de med \u00e5 l\u00f8fte og dumpe varer effektivt.<\/li>\n<\/ul>\n<p><!--img--><br \/>\n<img decoding=\"async\" src=\"https:\/\/www.hydraulic-cylinders.net\/wp-content\/uploads\/2025\/01\/songte-oil-pipes-and-spare-parts.webp\"><\/p>\n<p><!--h2-->Designhensyn og utvalgskriterier<!--\/h2--><\/p>\n<p>N\u00e5r det gjelder designhensyn og utvalgskriterier for b\u00f8ttesylindere, er flere faktorer avgj\u00f8rende:<\/p>\n<ul>\n<li><strong>B\u00e6reevne:<\/strong> Sylinderen b\u00f8r v\u00e6re konstruert for \u00e5 t\u00e5le forventede belastninger og krefter.<\/li>\n<li><strong>Tetting:<\/strong> Ulike tetningskomponenter som stempeltetninger og stangtetninger brukes, vanligvis laget av slitesterke materialer som polyuretan og nitrilgummi. Sylinderhuset og gjengede ender er finbehandlet for \u00e5 forbedre slitestyrken.<\/li>\n<li><strong>Varighet:<\/strong> Skuffesylinderen b\u00f8r v\u00e6re konstruert for holdbarhet, med tanke p\u00e5 arbeidsforholdene og materialene den vil m\u00f8te.<\/li>\n<li><strong>Sikkerhet:<\/strong> Sikkerhetsfunksjoner b\u00f8r innarbeides for \u00e5 forhindre ulykker og sikre operat\u00f8rbeskyttelse.<\/li>\n<li><strong>Vedlikehold:<\/strong> Enkelt vedlikehold og reparasjonsmuligheter er viktige faktorer for \u00e5 minimere nedetid.<\/li>\n<\/ul>\n<p><!--img--><br \/>\n<img decoding=\"async\" src=\"https:\/\/www.hydraulic-cylinders.net\/wp-content\/uploads\/2025\/01\/songte-chushion-collar.webp\"><\/p>\n<p><!--h2-->Tetting og sm\u00f8ring<!--\/h2--><\/p>\n<p>Skuffesylinderen benytter ulike tetningskomponenter, som stempeltetninger og stangtetninger, laget av slitesterke materialer som polyuretan og nitrilgummi. Sylinderhuset og gjengede ender gjennomg\u00e5r finbehandling for \u00e5 forbedre slitestyrken. Regelmessig sm\u00f8ring med passende hydraulikkolje er n\u00f8dvendig for \u00e5 sikre jevn drift og forhindre overdreven slitasje.<\/p>\n<p><!--h2-->Regelmessig inspeksjon og forebyggende vedlikehold<!--\/h2--><\/p>\n<p>For \u00e5 sikre optimal ytelse og levetid er regelmessig inspeksjon og forebyggende vedlikehold avgj\u00f8rende:<\/p>\n<ul>\n<li>Inspiser b\u00f8ttesylinderen regelmessig for tegn p\u00e5 slitasje, skade eller lekkasjer.<\/li>\n<li>Riktig sm\u00f8ring med angitte intervaller.<\/li>\n<li>Skift ut tetninger og pakninger n\u00e5r det er n\u00f8dvendig.<\/li>\n<li>Sjekk og kalibrer sylinderen regelmessig for riktig justering og drift.<\/li>\n<\/ul>\n<p><!--img--><br \/>\n<img decoding=\"async\" src=\"https:\/\/www.hydraulic-cylinders.net\/wp-content\/uploads\/2025\/01\/songte-bushings-with-all-kinds-of-excavator-models.webp\"><\/p>\n<p><!--h2-->Sikkerhetshensyn og milj\u00f8faktorer<!--\/h2--><\/p>\n<p>Det er avgj\u00f8rende \u00e5 ivareta sikkerhetstiltak ved bruk av b\u00f8ttesylinderen for \u00e5 forhindre ulykker og beskytte personell. Milj\u00f8faktorer b\u00f8r ogs\u00e5 vurderes for \u00e5 minimere negativ p\u00e5virkning p\u00e5 omgivelsene.<\/p>\n<p><!--h2-->Feils\u00f8king og vanlige problemer<!--\/h2--><\/p>\n<p>N\u00e5r man st\u00f8ter p\u00e5 problemer med b\u00f8ttesylinderen, er det viktig \u00e5 diagnostisere og h\u00e5ndtere dem raskt. Her er vanlige feils\u00f8kingstips og l\u00f8sninger:<\/p>\n<ul>\n<li>Gi tips og l\u00f8sninger for feils\u00f8king.<\/li>\n<li>Foresl\u00e5 forebyggende tiltak for \u00e5 minimere potensielle problemer.<\/li>\n<\/ul>\n<p><!--img--><br \/>\n<img decoding=\"async\" src=\"https:\/\/www.hydraulic-cylinders.net\/wp-content\/uploads\/2025\/01\/songte-company-1.webp\"><\/p>\n<p><!--h2-->Introduksjon til selskapet<!--\/h2--><\/p>\n<p>Vi er en produsent av hydrauliske sylindere for utskifting, og tilbyr et komplett utvalg av produkter. Vi har blitt en av de ledende produsentene og grossistdistribut\u00f8rene av hydrauliske sylindere i b\u00e5de innenlandske og internasjonale markeder. V\u00e5rt selskap f\u00f8lger prinsippene om fortreffelighet og er avhengig av industrialiserte produksjonsstyringsstrategier i velutstyrte produksjonsverksteder. Med teknisk talent, toppmoderne produksjonsutstyr og profesjonelle testsystemer forbedrer vi kontinuerlig v\u00e5r produksjonsplattform, perfekte produksjonslinjer av perfekt produktkvalitet og har sterke innovasjonsevner. Vi prioriterer effektivitet, presisjon og h\u00f8y kvalitet for \u00e5 m\u00f8te ulike kundebehov.<\/p>\n<p><!--img--><br \/>\n<img decoding=\"async\" src=\"https:\/\/www.hydraulic-cylinders.net\/wp-content\/uploads\/2025\/01\/songte-company-3.webp\"><\/p>\n<p><!--h2-->Selskapets h\u00f8ydepunkter<!--\/h2--><\/p>\n<ul>\n<li>Profesjonalitet<\/li>\n<li>Internasjonale sertifiseringer<\/li>\n<li>Tilpasningstjenester<\/li>\n<li>Avansert produksjonsutstyr<\/li>\n<li>Ettersalgstjenester<\/li>\n<\/ul>\n<p><!--h2-->Forfatterskap<!--\/h2--><\/p>\n<p>Forfatter: lyl<\/p>","protected":false},"excerpt":{"rendered":"<p>Bucket Cylinder For Caterpillar Middle Excavator E320\/320B Introduction A bucket cylinder is a specially designed hydraulic cylinder used to control the movement of the bucket in heavy machinery such as excavators, backhoe loaders, and wheel loaders. Its main function is to enable the lifting, lowering, and tilting of the bucket, making it easier to handle [&hellip;]<\/p>","protected":false},"featured_media":14784,"comment_status":"open","ping_status":"closed","template":"","meta":{"_et_pb_use_builder":"","_et_pb_old_content":"","_et_gb_content_width":""},"product_brand":[],"product_cat":[1494],"product_tag":[1495,1496],"class_list":{"0":"post-15226","1":"product","2":"type-product","3":"status-publish","4":"has-post-thumbnail","6":"product_cat-bucket-cylinders","7":"product_tag-bucket-cylinders","8":"product_tag-hydraulic-cylinders","10":"first","11":"instock","12":"shipping-taxable","13":"product-type-simple"},"amp_enabled":true,"_links":{"self":[{"href":"https:\/\/www.hydraulic-cylinders.net\/nb\/wp-json\/wp\/v2\/product\/15226","targetHints":{"allow":["GET"]}}],"collection":[{"href":"https:\/\/www.hydraulic-cylinders.net\/nb\/wp-json\/wp\/v2\/product"}],"about":[{"href":"https:\/\/www.hydraulic-cylinders.net\/nb\/wp-json\/wp\/v2\/types\/product"}],"replies":[{"embeddable":true,"href":"https:\/\/www.hydraulic-cylinders.net\/nb\/wp-json\/wp\/v2\/comments?post=15226"}],"wp:featuredmedia":[{"embeddable":true,"href":"https:\/\/www.hydraulic-cylinders.net\/nb\/wp-json\/wp\/v2\/media\/14784"}],"wp:attachment":[{"href":"https:\/\/www.hydraulic-cylinders.net\/nb\/wp-json\/wp\/v2\/media?parent=15226"}],"wp:term":[{"taxonomy":"product_brand","embeddable":true,"href":"https:\/\/www.hydraulic-cylinders.net\/nb\/wp-json\/wp\/v2\/product_brand?post=15226"},{"taxonomy":"product_cat","embeddable":true,"href":"https:\/\/www.hydraulic-cylinders.net\/nb\/wp-json\/wp\/v2\/product_cat?post=15226"},{"taxonomy":"product_tag","embeddable":true,"href":"https:\/\/www.hydraulic-cylinders.net\/nb\/wp-json\/wp\/v2\/product_tag?post=15226"}],"curies":[{"name":"wp","href":"https:\/\/api.w.org\/{rel}","templated":true}]}}