{"id":15230,"date":"2025-01-19T14:16:10","date_gmt":"2025-01-19T14:16:10","guid":{"rendered":"https:\/\/www.hydraulic-cylinders.net\/product\/bucket-cylinder-for-caterpillar-middle-excavator-e240bl\/"},"modified":"2025-01-19T14:16:12","modified_gmt":"2025-01-19T14:16:12","slug":"bucket-cylinder-for-caterpillar-middle-excavator-e240bl","status":"publish","type":"product","link":"https:\/\/www.hydraulic-cylinders.net\/nb\/produkt\/bucket-cylinder-for-caterpillar-middle-excavator-e240bl\/","title":{"rendered":"Skuffesylinder for Caterpillar mellomgraver E240BL"},"content":{"rendered":"<h1>Skuffesylinder for Caterpillar mellomgraver E240BL<\/h1>\n<h2>Introduksjon<\/h2>\n<p>En skuffesylinder er en spesialdesignet hydraulisk sylinder som brukes til \u00e5 kontrollere bevegelsen til skuffer i tunge maskiner som gravemaskiner, traktorgravere og frontlastere. Hovedfunksjonen er \u00e5 gj\u00f8re det mulig for skuffen \u00e5 utf\u00f8re l\u00f8fte-, senke- og vippebevegelser, noe som gj\u00f8r det enklere \u00e5 h\u00e5ndtere ulike materialh\u00e5ndteringsoppgaver. I det hydrauliske systemet oppn\u00e5r skuffesylinderen presis kontroll over skuffens bevegelse gjennom endringer i hydraulikkoljetrykket, slik at operat\u00f8rer effektivt kan h\u00e5ndtere tunge laster og tilpasse seg komplekse arbeidsmilj\u00f8er og ulike driftskrav.<\/p>\n<p><img decoding=\"async\" src=\"https:\/\/www.hydraulic-cylinders.net\/wp-content\/uploads\/2025\/01\/songte-company-2.webp\" alt=\"Bilde av b\u00f8ttesylinder\"><\/p>\n<h2>Funksjoner<\/h2>\n<ul>\n<li>H\u00f8y styrke og holdbarhet: Den er vanligvis laget av h\u00f8yfast st\u00e5l eller aluminium, t\u00e5ler h\u00f8yt trykk og tunge belastninger, tilpasser seg t\u00f8ffe arbeidsmilj\u00f8er og er designet for \u00e5 ta hensyn til slitestyrke og korrosjonsmotstand, noe som forlenger levetiden.<\/li>\n<li>Effektiv hydraulisk drift: Jevn forlengelse og sammentrekning oppn\u00e5s ved \u00e5 utnytte trykket fra hydraulikkoljen, og den kan raskt reagere p\u00e5 kontrollkommandoer, og gir kraftige skyve- og trekkekrefter, noe som gj\u00f8r den egnet for h\u00e5ndtering av tunge belastninger og komplekse arbeidsoppgaver.<\/li>\n<li>Ulike typer: Enkeltvirkende (hydraulisk brukt i \u00e9n retning) eller dobbeltvirkende (hydraulisk brukt i to retninger) sylindere kan velges i henhold til krav for \u00e5 m\u00f8te ulike driftsbehov. Noen modeller er teleskopiske, noe som gir st\u00f8rre forlengelse uten \u00e5 \u00f8ke de ytre m\u00e5lene, noe som gj\u00f8r dem egnet for applikasjoner med begrenset plass.<\/li>\n<li>Produktet v\u00e5rt kan erstatte disse hydrauliske sylindrene perfekt.<\/li>\n<\/ul>\n<p><img decoding=\"async\" src=\"https:\/\/www.hydraulic-cylinders.net\/wp-content\/uploads\/2025\/01\/songte-cylinder-head-with-all-kinds-excavator-models.webp\" alt=\"Bilde av b\u00f8ttesylinder\"><\/p>\n<h2>Bruksomr\u00e5der<\/h2>\n<p>Skuffesylinderen brukes i en rekke tunge maskiner:<\/p>\n<ul>\n<li>Anleggsutstyr: De er viktige for gravemaskiner n\u00e5r de graver, laster og flytter jord eller rusk. I gravemaskiner hjelper skuffesylinderen b\u00e5de til med utgraving og l\u00f8fting. <\/li>\n<li>Landbruksmaskiner: Brukes i frontlastere til \u00e5 utarbeide, l\u00f8fte og transportere jord, h\u00f8y og andre materialer. <\/li>\n<li>Gravemaskiner: Skuffesylindere muliggj\u00f8r gravefunksjon ved \u00e5 la skuffen trenge ned i jorden. <\/li>\n<li>Lastere: Frontlastere hjelper til med \u00e5 l\u00f8fte og tilte varer effektivt. <\/li>\n<\/ul>\n<h2>Designhensyn og utvalgskriterier<\/h2>\n<p>Utformingen av b\u00f8ttesylinderen er viktig for \u00e5 sikre at den fungerer p\u00e5litelig under t\u00f8ffe arbeidsforhold. F\u00f8lgende er noen kritiske designhensyn og utvalgskriterier:<\/p>\n<ul>\n<li>B\u00e6reevne: Den m\u00e5 kunne t\u00e5le h\u00f8yt trykk og tunge belastninger. <\/li>\n<li>Tetting: Den m\u00e5 ha tetningselementer av h\u00f8y kvalitet, som stempeltetninger og stangtetninger, som er laget av slitesterke materialer som polyuretan og nitrilgummi. <\/li>\n<li>Holdbarhet: Sylinderhuset og gjengede endeflater m\u00e5 finbearbeides for \u00e5 forbedre slitestyrken. <\/li>\n<li>Sikkerhet: Den m\u00e5 ha sikkerhetsfunksjoner som bypassventiler og trykkavlastningsventiler for \u00e5 forhindre overbelastning. <\/li>\n<li>Vedlikeholdbarhet: Den m\u00e5 ha slitedeler som er enkle \u00e5 bytte ut og en design som er enkel \u00e5 demontere for vedlikehold. <\/li>\n<\/ul>\n<p><img decoding=\"async\" src=\"https:\/\/www.hydraulic-cylinders.net\/wp-content\/uploads\/2025\/01\/songte-oil-pipes-and-spare-parts.webp\" alt=\"Bilde av b\u00f8ttesylinder\"><\/p>\n<h2>Tetting og sm\u00f8ring<\/h2>\n<p>Skuffesylinderen krever diverse tetningselementer for \u00e5 forhindre oljelekkasje og sikre riktig sm\u00f8ring. F\u00f8lgende er noen viktige punkter \u00e5 vurdere:<\/p>\n<ul>\n<li>Bruk forskjellige tetningselementer som stempeltetninger og stangtetninger<\/li>\n<li>Velg tetningselementer laget av slitesterke materialer som polyuretan og nitrilgummi<\/li>\n<li>S\u00f8rg for at sylinderhuset og de gjengede endeflatene er fint bearbeidet for \u00e5 forbedre slitestyrken<\/li>\n<li>Tilsett regelmessig passende hydraulikkolje for \u00e5 sm\u00f8re<\/li>\n<\/ul>\n<h2>Vedlikehold og reparasjon<\/h2>\n<p>Skuffesylinderen krever regelmessig inspeksjon og forebyggende vedlikehold for \u00e5 sikre optimal ytelse og holdbarhet. F\u00f8lgende er noen vanlige vedlikeholdsoppgaver:<\/p>\n<ul>\n<li>Regelmessig inspeksjon<\/li>\n<li>Riktig sm\u00f8ring<\/li>\n<li>Utskifting av pakning<\/li>\n<li>Kalibreringskontroll<\/li>\n<\/ul>\n<p><img decoding=\"async\" src=\"https:\/\/www.hydraulic-cylinders.net\/wp-content\/uploads\/2025\/01\/songte-chushion-collar.webp\" alt=\"Bilde av b\u00f8ttesylinder\"><\/p>\n<h2>Sikkerhets- og milj\u00f8hensyn<\/h2>\n<p>Ved bruk av b\u00f8ttesylinderen b\u00f8r sikkerhetstiltak tas for \u00e5 sikre sikker drift. I tillegg b\u00f8r milj\u00f8hensyn, som oljelekkasje, ogs\u00e5 tas i betraktning.<\/p>\n<h2>Diagnostiske og vanlige problemer<\/h2>\n<p>F\u00f8lgende er noen vanlige problemer som kan oppst\u00e5 n\u00e5r du bruker b\u00f8ttesylinderen:<\/p>\n<ul>\n<li>Oljelekkasje<\/li>\n<li>Utilstrekkelig trykk<\/li>\n<li>Langsom bevegelse<\/li>\n<li>Overdreven vibrasjon<\/li>\n<\/ul>\n<h2>Introduksjon til selskapet<\/h2>\n<p>Vi er en produsent av hydrauliske sylindere som kan erstatte de originale sylinderene. Selskapets produkter er varierte og har blitt en av de ledende produsentene og grossistdistribut\u00f8rene av hydrauliske sylindere i det innenlandske og internasjonale markedet. Vi f\u00f8lger prinsippet om utmerket kvalitet og stoler p\u00e5 industrielle produksjonsstyringsstrategier i fint produserte verksteder. Vi forbedrer kontinuerlig v\u00e5re produksjonsplattformer og perfeksjonerer v\u00e5re produksjonslinjer med produktkvalitet, og har sterke produksjonsevner. V\u00e5re kunders ulike behov blir m\u00f8tt basert p\u00e5 v\u00e5re prinsipper om h\u00f8y effektivitet, h\u00f8y n\u00f8yaktighet og h\u00f8y kvalitet.<\/p>\n<p>V\u00e5rt firma tilbyr ogs\u00e5 tilpassede tjenester og internasjonale sertifiseringer, inkludert ISO9001-, ISO14001- og CE-sertifisering. Vi har profesjonelt produksjonsutstyr og ettersalgstjenester, inkludert utskifting av reservedeler og ombyggingstjenester for \u00e5 sikre lang levetid for produktene v\u00e5re.<\/p>\n<p><img decoding=\"async\" src=\"https:\/\/hzpt.com\/wp-content\/uploads\/2024\/11\/songte-company-1.webp\" alt=\"Bilde av b\u00f8ttesylinder\"><\/p>\n<p>Forfatter: lyl<\/p>","protected":false},"excerpt":{"rendered":"<p>Bucket Cylinder For Caterpillar Middle Excavator E240BL Introduction A bucket cylinder is a specially designed hydraulic cylinder used to control the movement of buckets in heavy-duty machinery such as excavators, backhoes, and front loaders. Its main function is to enable the bucket to perform lifting, lowering, and tilting actions, making it easier to handle various [&hellip;]<\/p>","protected":false},"featured_media":14776,"comment_status":"open","ping_status":"closed","template":"","meta":{"_et_pb_use_builder":"","_et_pb_old_content":"","_et_gb_content_width":""},"product_brand":[],"product_cat":[1494],"product_tag":[1495,1496],"class_list":{"0":"post-15230","1":"product","2":"type-product","3":"status-publish","4":"has-post-thumbnail","6":"product_cat-bucket-cylinders","7":"product_tag-bucket-cylinders","8":"product_tag-hydraulic-cylinders","10":"first","11":"instock","12":"shipping-taxable","13":"product-type-simple"},"amp_enabled":true,"_links":{"self":[{"href":"https:\/\/www.hydraulic-cylinders.net\/nb\/wp-json\/wp\/v2\/product\/15230","targetHints":{"allow":["GET"]}}],"collection":[{"href":"https:\/\/www.hydraulic-cylinders.net\/nb\/wp-json\/wp\/v2\/product"}],"about":[{"href":"https:\/\/www.hydraulic-cylinders.net\/nb\/wp-json\/wp\/v2\/types\/product"}],"replies":[{"embeddable":true,"href":"https:\/\/www.hydraulic-cylinders.net\/nb\/wp-json\/wp\/v2\/comments?post=15230"}],"wp:featuredmedia":[{"embeddable":true,"href":"https:\/\/www.hydraulic-cylinders.net\/nb\/wp-json\/wp\/v2\/media\/14776"}],"wp:attachment":[{"href":"https:\/\/www.hydraulic-cylinders.net\/nb\/wp-json\/wp\/v2\/media?parent=15230"}],"wp:term":[{"taxonomy":"product_brand","embeddable":true,"href":"https:\/\/www.hydraulic-cylinders.net\/nb\/wp-json\/wp\/v2\/product_brand?post=15230"},{"taxonomy":"product_cat","embeddable":true,"href":"https:\/\/www.hydraulic-cylinders.net\/nb\/wp-json\/wp\/v2\/product_cat?post=15230"},{"taxonomy":"product_tag","embeddable":true,"href":"https:\/\/www.hydraulic-cylinders.net\/nb\/wp-json\/wp\/v2\/product_tag?post=15230"}],"curies":[{"name":"wp","href":"https:\/\/api.w.org\/{rel}","templated":true}]}}