{"id":15235,"date":"2025-01-19T14:16:31","date_gmt":"2025-01-19T14:16:31","guid":{"rendered":"https:\/\/www.hydraulic-cylinders.net\/product\/bucket-cylinder-for-caterpillar-middle-excavator-e300-300b\/"},"modified":"2025-01-19T14:16:33","modified_gmt":"2025-01-19T14:16:33","slug":"bucket-cylinder-for-caterpillar-middle-excavator-e300-300b","status":"publish","type":"product","link":"https:\/\/www.hydraulic-cylinders.net\/nb\/produkt\/bucket-cylinder-for-caterpillar-middle-excavator-e300-300b\/","title":{"rendered":"Skuffesylinder for Caterpillar mellomgraver E300\/300B"},"content":{"rendered":"<h1>Skuffesylinder for Caterpillar mellomgraver E300\/300B<\/h1>\n<h2>Introduksjon<\/h2>\n<p>Skuffesylinderen til Caterpillar mellomgraver E300\/300B er en spesialdesignet hydraulisk sylinder som prim\u00e6rt brukes til \u00e5 kontrollere bevegelsen til skuffen i tunge maskiner som gravemaskiner, traktorgravere og frontlastere. Hovedfunksjonen er \u00e5 la skuffen l\u00f8ftes, senkes og vippes, noe som gj\u00f8r det enklere \u00e5 h\u00e5ndtere ulike materialh\u00e5ndteringsoppgaver. I det hydrauliske systemet oppn\u00e5r skuffesylinderen presis kontroll over skuffen ved \u00e5 variere trykket i hydraulikkoljen, slik at operat\u00f8rer effektivt kan h\u00e5ndtere tunge laster og tilpasse seg komplekse arbeidsmilj\u00f8er og ulike driftskrav.<\/p>\n<p><img decoding=\"async\" src=\"https:\/\/www.hydraulic-cylinders.net\/wp-content\/uploads\/2025\/01\/songte-company-2.webp\" alt=\"Bilde av b\u00f8ttesylinder\"><\/p>\n<h2>Funksjoner<\/h2>\n<ul>\n<li>H\u00f8y styrke og holdbarhet: B\u00f8ttesylinderen er vanligvis laget av h\u00f8yfast st\u00e5l eller aluminium, og t\u00e5ler h\u00f8yt trykk og tunge belastninger, og tilpasser seg t\u00f8ffe arbeidsmilj\u00f8er. Designet tar hensyn til slitestyrke og korrosjonsmotstand, noe som forlenger levetiden.<\/li>\n<li>Effektiv hydraulisk drift: Ved \u00e5 utnytte trykket fra den hydrauliske oljen oppn\u00e5r b\u00f8ttesylinderen jevne forlengelses- og inntrekksbevegelser, noe som gir rask respons p\u00e5 kontrollkommandoer og kraftige skyve- og trekkkrefter, noe som gj\u00f8r den egnet for h\u00e5ndtering av tunge belastninger og komplekse driftsoppgaver.<\/li>\n<li>Ulike typer: Skuffesylinderen kan v\u00e6re enkeltvirkende (hydraulisk kun i \u00e9n retning) eller dobbeltvirkende (hydraulisk i begge retninger) for \u00e5 m\u00f8te ulike driftskrav. Noen modeller er teleskopiske, noe som gir st\u00f8rre forlengelse uten \u00e5 \u00f8ke de ytre m\u00e5lene, noe som gj\u00f8r dem egnet for bruksomr\u00e5der med begrenset plass.<\/li>\n<li>Perfekt erstatning: Produktene v\u00e5re kan erstatte disse hydrauliske sylindrene perfekt.<\/li>\n<\/ul>\n<p><img decoding=\"async\" src=\"https:\/\/www.hydraulic-cylinders.net\/wp-content\/uploads\/2025\/01\/songte-cylinder-head-with-all-kinds-excavator-models.webp\" alt=\"Produktbilde\"><\/p>\n<h2>Bruksomr\u00e5der<\/h2>\n<ul>\n<li>Anleggsutstyr: De finnes i gravemaskiner og er avgj\u00f8rende for utgraving, lasting og flytting av jord eller rusk. I gravemaskinen hjelper skuffesylinderen med b\u00e5de graving og l\u00f8fting.<\/li>\n<li>Landbruksmaskiner: Brukes i frontlastere, og de hjelper til med \u00e5 utarbeide, l\u00f8fte og transportere jord, h\u00f8y og andre materialer.<\/li>\n<li>Gravemaskiner: Skuffesylinderen muliggj\u00f8r graveaksjoner ved \u00e5 la skuffen trenge ned i jorden.<\/li>\n<li>Lastere: Frontlastere hjelper til med \u00e5 l\u00f8fte og dumpe varer effektivt.<\/li>\n<\/ul>\n<h2>Designhensyn og utvalgskriterier<\/h2>\n<ul>\n<li>B\u00e6reevne: Skuffesylinderen er konstruert for \u00e5 t\u00e5le de spesifiserte belastningskravene.<\/li>\n<li>Tetting: Ulike tetningselementer som stempeltetninger og stangtetninger brukes for \u00e5 sikre riktig tetting og forhindre lekkasje.<\/li>\n<li>Holdbarhet: Skuffesylinderen er bygget for \u00e5 t\u00e5le t\u00f8ffe driftsforhold og gi langvarig ytelse.<\/li>\n<li>Sikkerhet: Sikkerhetsfunksjoner som trykkavlastningsventiler er integrert for \u00e5 forhindre overbelastning og sikre sikker drift.<\/li>\n<li>Vedlikeholdsvennlighet: Designet muliggj\u00f8r enkelt vedlikehold og reparasjon, noe som minimerer nedetid.<\/li>\n<\/ul>\n<p><img decoding=\"async\" src=\"https:\/\/www.hydraulic-cylinders.net\/wp-content\/uploads\/2025\/01\/songte-oil-pipes-and-spare-parts.webp\" alt=\"Produktbilde\"><\/p>\n<h2>Tetting og sm\u00f8ring<\/h2>\n<p>Skuffesylinderen benytter forskjellige tetningselementer som stempeltetninger og stangtetninger laget av slitesterke materialer som polyuretan og nitrilgummi. Sylinderhuset og gjengede ender er fint behandlet for \u00e5 forbedre slitestyrken. Regelmessig sm\u00f8ring med passende hydraulikkolje er n\u00f8dvendig for \u00e5 sikre problemfri drift.<\/p>\n<h2>Inspeksjon og forebyggende vedlikehold<\/h2>\n<ul>\n<li>Inspiser b\u00f8ttesylinderen regelmessig for tegn p\u00e5 skade, lekkasje eller slitasje.<\/li>\n<li>S\u00f8rg for riktig sm\u00f8ring av sylinderen og dens komponenter.<\/li>\n<li>Skift ut pakninger og andre slitte deler for \u00e5 opprettholde optimal ytelse.<\/li>\n<\/ul>\n<h2>Installasjonsveiledning<\/h2>\n<p>Riktig montering av b\u00f8ttesylinderen er avgj\u00f8rende for dens ytelse og levetid. F\u00f8lg disse retningslinjene:<\/p>\n<ul>\n<li>Juster sylinderen riktig under installasjonen.<\/li>\n<li>Bruk passende monteringsbraketter for \u00e5 feste sylinderen.<\/li>\n<\/ul>\n<p><img decoding=\"async\" src=\"https:\/\/www.hydraulic-cylinders.net\/wp-content\/uploads\/2025\/01\/songte-chushion-collar.webp\" alt=\"Produktbilde\"><\/p>\n<h2>Vedlikeholdsoppgaver<\/h2>\n<p>Vanlige vedlikeholdsoppgaver for b\u00f8ttesylinderen inkluderer:<\/p>\n<ul>\n<li>Regelmessige inspeksjoner<\/li>\n<li>Riktig sm\u00f8ring<\/li>\n<li>Utskifting av tetninger<\/li>\n<li>Kalibreringskontroller<\/li>\n<\/ul>\n<p>Det er viktig \u00e5 understreke betydningen av korrekt installasjon, sm\u00f8ring og justering. Det er avgj\u00f8rende \u00e5 gi riktig veiledning om justering av sylinderen under installasjon. Anbefalte inspeksjons-, reparasjons- og utskiftingsprosedyrer b\u00f8r gis for \u00e5 forlenge levetiden til b\u00f8ttesylinderen. Tips for utskifting av komponenter og ombyggingstjenester b\u00f8r ogs\u00e5 gis for \u00e5 forbedre produktets levetid.<\/p>\n<p><img decoding=\"async\" src=\"https:\/\/www.hydraulic-cylinders.net\/wp-content\/uploads\/2025\/01\/songte-bushings-with-all-kinds-of-excavator-models.webp\" alt=\"Produktbilde\"><\/p>\n<h2>Sikkerhetshensyn og milj\u00f8faktorer<\/h2>\n<p>N\u00e5r du bruker b\u00f8ttesylinderen, er det viktig \u00e5 f\u00f8lge sikkerhetstiltak for \u00e5 forhindre ulykker og sikre sikker drift.<\/p>\n<h2>Feils\u00f8king og vanlige problemer<\/h2>\n<p>Identifiser og beskriv vanlige problemer som kan oppst\u00e5 med b\u00f8ttesylinderen. Gi feils\u00f8kingstips og l\u00f8sninger for \u00e5 hjelpe leserne med \u00e5 diagnostisere og l\u00f8se problemer. Tilby forebyggende tiltak for \u00e5 minimere potensielle problemer.<\/p>\n<p><img decoding=\"async\" src=\"https:\/\/hzpt.com\/wp-content\/uploads\/2024\/11\/songte-company-1.webp\" alt=\"Produktbilde\"><\/p>\n<h2>Om selskapet v\u00e5rt<\/h2>\n<p>We are a leading manufacturer and wholesale distributor of hydraulic cylinders in the domestic and international markets. Our extensive product range and commitment to excellence have made us one of the industry&#8217;s top hydraulic cylinder manufacturers and wholesalers. We follow a strategy of industrialized production management, relying on a refined manufacturing workshop, advanced digital manufacturing equipment, and professional testing systems to continuously improve our manufacturing platform and product quality production lines. With a strong ability to innovate, we aim to meet diverse customer needs with high efficiency, precision, and quality.<\/p>\n<p><img decoding=\"async\" src=\"https:\/\/www.hydraulic-cylinders.net\/wp-content\/uploads\/2025\/01\/songte-company-3.webp\" alt=\"Selskapets image\"><\/p>\n<h3>Profesjonalitet<\/h3>\n<p>Vi har et team av dyktige fagfolk som sikrer de h\u00f8yeste kvalitetsstandardene gjennom hele produksjonsprosessen.<\/p>\n<h3>Internasjonale sertifiseringer<\/h3>\n<p>Produktene v\u00e5re oppfyller internasjonale kvalitets- og sikkerhetsstandarder, noe som sikrer p\u00e5litelighet og kundetilfredshet.<\/p>\n<h3>Tilpasningstjenester<\/h3>\n<p>Vi tilbyr tilpasningstjenester for \u00e5 m\u00f8te spesifikke kundekrav og levere skreddersydde l\u00f8sninger.<\/p>\n<h3>Produksjonsutstyr<\/h3>\n<p>Vi bruker avansert produksjonsutstyr for \u00e5 sikre presisjon og effektivitet i alle trinn av produksjonen.<\/p>\n<h3>Ettersalgsservice<\/h3>\n<p>Vi tilbyr omfattende ettersalgsservice og st\u00f8tte for \u00e5 hjelpe kunder med eventuelle sp\u00f8rsm\u00e5l eller bekymringer.<\/p>\n<p>Forfatter: lyl<\/p>","protected":false},"excerpt":{"rendered":"<p>Bucket Cylinder For Caterpillar Middle Excavator E300\/300B Introduction The bucket cylinder for Caterpillar middle excavator E300\/300B is a specially designed hydraulic cylinder that is primarily used to control the movement of the bucket in heavy machinery such as excavators, backhoe loaders, and front-end loaders. Its main function is to allow the bucket to lift, lower, [&hellip;]<\/p>","protected":false},"featured_media":14762,"comment_status":"open","ping_status":"closed","template":"","meta":{"_et_pb_use_builder":"","_et_pb_old_content":"","_et_gb_content_width":""},"product_brand":[],"product_cat":[1494],"product_tag":[1495,1496],"class_list":{"0":"post-15235","1":"product","2":"type-product","3":"status-publish","4":"has-post-thumbnail","6":"product_cat-bucket-cylinders","7":"product_tag-bucket-cylinders","8":"product_tag-hydraulic-cylinders","10":"first","11":"instock","12":"shipping-taxable","13":"product-type-simple"},"amp_enabled":true,"_links":{"self":[{"href":"https:\/\/www.hydraulic-cylinders.net\/nb\/wp-json\/wp\/v2\/product\/15235","targetHints":{"allow":["GET"]}}],"collection":[{"href":"https:\/\/www.hydraulic-cylinders.net\/nb\/wp-json\/wp\/v2\/product"}],"about":[{"href":"https:\/\/www.hydraulic-cylinders.net\/nb\/wp-json\/wp\/v2\/types\/product"}],"replies":[{"embeddable":true,"href":"https:\/\/www.hydraulic-cylinders.net\/nb\/wp-json\/wp\/v2\/comments?post=15235"}],"wp:featuredmedia":[{"embeddable":true,"href":"https:\/\/www.hydraulic-cylinders.net\/nb\/wp-json\/wp\/v2\/media\/14762"}],"wp:attachment":[{"href":"https:\/\/www.hydraulic-cylinders.net\/nb\/wp-json\/wp\/v2\/media?parent=15235"}],"wp:term":[{"taxonomy":"product_brand","embeddable":true,"href":"https:\/\/www.hydraulic-cylinders.net\/nb\/wp-json\/wp\/v2\/product_brand?post=15235"},{"taxonomy":"product_cat","embeddable":true,"href":"https:\/\/www.hydraulic-cylinders.net\/nb\/wp-json\/wp\/v2\/product_cat?post=15235"},{"taxonomy":"product_tag","embeddable":true,"href":"https:\/\/www.hydraulic-cylinders.net\/nb\/wp-json\/wp\/v2\/product_tag?post=15235"}],"curies":[{"name":"wp","href":"https:\/\/api.w.org\/{rel}","templated":true}]}}