{"id":15248,"date":"2025-01-19T14:17:29","date_gmt":"2025-01-19T14:17:29","guid":{"rendered":"https:\/\/www.hydraulic-cylinders.net\/product\/bucket-cylinder-for-caterpillar-large-excavator-e330b330c\/"},"modified":"2025-01-19T14:17:31","modified_gmt":"2025-01-19T14:17:31","slug":"bucket-cylinder-for-caterpillar-large-excavator-e330b330c","status":"publish","type":"product","link":"https:\/\/www.hydraulic-cylinders.net\/nb\/produkt\/bucket-cylinder-for-caterpillar-large-excavator-e330b330c\/","title":{"rendered":"Skuffesylinder for Caterpillar stor gravemaskin E330B330C"},"content":{"rendered":"<h1>Skuffesylinder for Caterpillar stor gravemaskin E330B330C<\/h1>\n<h2>Introduksjon<\/h2>\n<p>En skuffesylinder er en spesialdesignet hydraulisk sylinder som brukes til \u00e5 kontrollere bevegelsen til skuffer i tunge maskiner som gravemaskiner, traktorgravere og frontlastere. Hovedfunksjonen er \u00e5 muliggj\u00f8re l\u00f8fting, senking og tilting av skuffen, noe som gj\u00f8r den praktisk for ulike materialh\u00e5ndteringsoppgaver. I det hydrauliske systemet oppn\u00e5r skuffesylinderen presis kontroll over skuffen ved \u00e5 bruke endringer i hydraulikkoljetrykket, slik at operat\u00f8rer kan h\u00e5ndtere tunge laster effektivt og tilpasse seg komplekse arbeidsmilj\u00f8er og ulike driftskrav.<\/p>\n<p><img decoding=\"async\" src=\"https:\/\/www.hydraulic-cylinders.net\/wp-content\/uploads\/2025\/01\/songte-company-2.webp\"><\/p>\n<h2>Funksjoner<\/h2>\n<ul>\n<li>H\u00f8y styrke og holdbarhet: Den er vanligvis laget av h\u00f8yfast st\u00e5l eller aluminium, t\u00e5ler h\u00f8yt trykk og tunge belastninger, tilpasser seg t\u00f8ffe arbeidsmilj\u00f8er og er designet med hensyn til slitestyrke og korrosjonsbestandighet, noe som forlenger levetiden.<\/li>\n<li>Effektiv hydraulisk drift: Ved \u00e5 utnytte trykket fra hydraulikkoljen oppn\u00e5r den jevne teleskopbevegelser, reagerer raskt p\u00e5 kontrollkommandoer, gir kraftig skyve- og trekkekrefter og er egnet for h\u00e5ndtering av tunge belastninger og komplekse driftsoppgaver.<\/li>\n<li>Ulike typer: Tilgjengelig som enkeltvirkende (hydraulisk brukes kun i \u00e9n retning) eller dobbeltvirkende (hydraulisk brukes i begge retninger) sylindere, avhengig av driftskravene. Noen modeller er teleskopiske, noe som gir st\u00f8rre forlengelse uten \u00e5 \u00f8ke de ytre m\u00e5lene, noe som gj\u00f8r dem egnet for applikasjoner med begrenset plass.<\/li>\n<li>Perfekt erstatning: Produktet v\u00e5rt kan erstatte disse hydrauliske sylindrene perfekt.<\/li>\n<\/ul>\n<p><img decoding=\"async\" src=\"https:\/\/www.hydraulic-cylinders.net\/wp-content\/uploads\/2025\/01\/songte-cylinder-head-with-all-kinds-excavator-models.webp\"><\/p>\n<h2>Bruksomr\u00e5der<\/h2>\n<p>Skuffesylinderen finner bruksomr\u00e5der i diverse utstyr:<\/p>\n<ul>\n<li>Anleggsmaskiner: De finnes i gravemaskiner og er avgj\u00f8rende for utgraving, lasting og flytting av jord eller rusk. I gravemaskiner hjelper skuffesylinderen b\u00e5de til med utgraving og l\u00f8fting.<\/li>\n<li>Landbruksmaskiner: Brukes i frontlastere til graving, l\u00f8fting og transport av jord, h\u00f8y og andre materialer.<\/li>\n<li>Gravemaskiner: Skuffesylinderen muliggj\u00f8r graveaksjoner ved \u00e5 la skuffen trenge ned i jorden.<\/li>\n<li>Lastere: I frontlastere hjelper de med effektiv l\u00f8fting og dumping av varer.<\/li>\n<\/ul>\n<h2>Designhensyn og utvalgskriterier<\/h2>\n<p>N\u00e5r det gjelder designhensyn og utvalgskriterier for b\u00f8ttesylinderen, b\u00f8r flere faktorer tas i betraktning:<\/p>\n<ul>\n<li>B\u00e6reevne: Sylinderen b\u00f8r v\u00e6re konstruert for \u00e5 h\u00e5ndtere den n\u00f8dvendige lasten p\u00e5 en sikker og p\u00e5litelig m\u00e5te.<\/li>\n<li>Tetting: Ulike tetninger, som stempeltetninger og stangtetninger, laget av slitesterke materialer som polyuretan og nitrilgummi, brukes for \u00e5 sikre effektiv tetting. Sylinderhuset og gjengede ender er fint behandlet for \u00e5 forbedre slitestyrken.<\/li>\n<li>Holdbarhet: Sylinderen b\u00f8r v\u00e6re konstruert for \u00e5 t\u00e5le p\u00e5kjenningene i driftsmilj\u00f8et og gi langvarig ytelse.<\/li>\n<li>Sikkerhet: Sikkerhetsfunksjoner b\u00f8r innlemmes i designet for \u00e5 forhindre ulykker og sikre operat\u00f8rens sikkerhet.<\/li>\n<li>Vedlikeholdsvennlighet: Sylinderen b\u00f8r v\u00e6re konstruert for enkelt vedlikehold, slik at inspeksjon, sm\u00f8ring og utskifting av deler er praktisk.<\/li>\n<\/ul>\n<p><img decoding=\"async\" src=\"https:\/\/www.hydraulic-cylinders.net\/wp-content\/uploads\/2025\/01\/songte-oil-pipes-and-spare-parts.webp\"><\/p>\n<h2>Tetting og sm\u00f8ring<\/h2>\n<p>Skuffesylinderen benytter forskjellige tetninger, som stempeltetninger og stangtetninger, laget av slitesterke materialer som polyuretan og nitrilgummi. Sylinderhuset og gjengede ender er fint behandlet for \u00e5 forbedre slitestyrken. Regelmessig sm\u00f8ring er n\u00f8dvendig for \u00e5 sikre problemfri drift. Det anbefales \u00e5 jevnlig etterfylle en passende mengde hydraulisk olje for sm\u00f8ring.<\/p>\n<h2>Regelmessig inspeksjon og forebyggende vedlikehold<\/h2>\n<p>For \u00e5 opprettholde optimal ytelse til b\u00f8ttesylinderen er regelmessig inspeksjon og forebyggende vedlikehold avgj\u00f8rende. Her er noen foresl\u00e5tte tiltak:<\/p>\n<ul>\n<li>Inspiser sylinderen regelmessig for tegn p\u00e5 slitasje, lekkasje eller skade.<\/li>\n<li>S\u00f8rg for riktig sm\u00f8ring i henhold til produsentens retningslinjer.<\/li>\n<li>Skift pakninger om n\u00f8dvendig for \u00e5 opprettholde effektiv tetning.<\/li>\n<li>Utf\u00f8r kalibreringskontroller for \u00e5 sikre presis drift.<\/li>\n<\/ul>\n<p><img decoding=\"async\" src=\"https:\/\/www.hydraulic-cylinders.net\/wp-content\/uploads\/2025\/01\/songte-chushion-collar.webp\"><\/p>\n<h2>Sikkerhetshensyn og milj\u00f8faktorer<\/h2>\n<p>N\u00e5r man bruker b\u00f8ttesylinderen, er sikkerhetstiltak av st\u00f8rste betydning. Operat\u00f8rer b\u00f8r f\u00f8lge sikkerhetsretningslinjer og forholdsregler for \u00e5 forhindre ulykker og sikre et trygt arbeidsmilj\u00f8. Videre er det viktig \u00e5 vurdere milj\u00f8faktorer som riktig avfallsh\u00e5ndtering og overholdelse av forskrifter for \u00e5 minimere eventuelle negative p\u00e5virkninger.<\/p>\n<h2>Feils\u00f8king og vanlige problemer<\/h2>\n<p>Til tross for holdbarheten kan det hende at b\u00f8ttesylindere st\u00f8ter p\u00e5 problemer. Her er noen vanlige problemer og feils\u00f8kingstips:<\/p>\n<ul>\n<li>Problem: Lekkasje L\u00f8sning: Kontroller og skift ut pakninger om n\u00f8dvendig.<\/li>\n<li>Problem: Langsom eller uresponsiv bevegelse L\u00f8sning: Kontroller hydraulikkv\u00e6skeniv\u00e5et og s\u00f8rg for riktig sm\u00f8ring.<\/li>\n<li>Problem: Unormal st\u00f8y L\u00f8sning: Unders\u00f8k om det er l\u00f8se eller slitte deler, og stram eller skift dem ut deretter.<\/li>\n<\/ul>\n<p><img decoding=\"async\" src=\"https:\/\/www.hydraulic-cylinders.net\/wp-content\/uploads\/2025\/01\/songte-bushings-with-all-kinds-of-excavator-models.webp\"><\/p>\n<p>Ved \u00e5 f\u00f8lge riktige installasjons-, sm\u00f8re- og justeringsprosedyrer kan leserne effektivt diagnostisere og l\u00f8se problemer og implementere forebyggende tiltak for \u00e5 minimere potensielle problemer, noe som sikrer skuffesylinderens levetid.<\/p>\n<h2>Om selskapet v\u00e5rt<\/h2>\n<p>Vi er en ledende produsent og grossistdistribut\u00f8r av hydrauliske sylindere i b\u00e5de innenlandske og internasjonale markeder. V\u00e5rt selskap tilbyr et bredt spekter av produkter og er forpliktet til \u00e5 levere f\u00f8rsteklasses kvalitet. Med avanserte produksjonsanlegg, et team av dyktige fagfolk og fokus p\u00e5 kundetilfredshet, streber vi etter \u00e5 m\u00f8te ulike kundebehov med h\u00f8y effektivitet, presisjon og kvalitet.<\/p>\n<p><img decoding=\"async\" src=\"https:\/\/www.hydraulic-cylinders.net\/wp-content\/uploads\/2025\/01\/songte-company-3.webp\"><\/p>\n<p>V\u00e5rt firma er stolt av profesjonalitet, internasjonale sertifiseringer, tilpassede tjenester, toppmoderne produksjonsutstyr og omfattende ettersalgstjenester. Vi prioriterer de h\u00f8yeste standardene i alle aspekter av v\u00e5r virksomhet for \u00e5 sikre kundetilfredshet.<\/p>\n<p>Forfatter: lyl<\/p>","protected":false},"excerpt":{"rendered":"<p>Bucket Cylinder For Caterpillar Large Excavator E330B330C Introduction A bucket cylinder is a specially designed hydraulic cylinder that is used to control the movement of buckets in heavy machinery such as excavators, backhoe loaders, and front-end loaders. Its main function is to enable the lifting, lowering, and tilting of the bucket, making it convenient for [&hellip;]<\/p>","protected":false},"featured_media":14769,"comment_status":"open","ping_status":"closed","template":"","meta":{"_et_pb_use_builder":"","_et_pb_old_content":"","_et_gb_content_width":""},"product_brand":[],"product_cat":[1494],"product_tag":[1495,1496],"class_list":{"0":"post-15248","1":"product","2":"type-product","3":"status-publish","4":"has-post-thumbnail","6":"product_cat-bucket-cylinders","7":"product_tag-bucket-cylinders","8":"product_tag-hydraulic-cylinders","10":"first","11":"instock","12":"shipping-taxable","13":"product-type-simple"},"amp_enabled":true,"_links":{"self":[{"href":"https:\/\/www.hydraulic-cylinders.net\/nb\/wp-json\/wp\/v2\/product\/15248","targetHints":{"allow":["GET"]}}],"collection":[{"href":"https:\/\/www.hydraulic-cylinders.net\/nb\/wp-json\/wp\/v2\/product"}],"about":[{"href":"https:\/\/www.hydraulic-cylinders.net\/nb\/wp-json\/wp\/v2\/types\/product"}],"replies":[{"embeddable":true,"href":"https:\/\/www.hydraulic-cylinders.net\/nb\/wp-json\/wp\/v2\/comments?post=15248"}],"wp:featuredmedia":[{"embeddable":true,"href":"https:\/\/www.hydraulic-cylinders.net\/nb\/wp-json\/wp\/v2\/media\/14769"}],"wp:attachment":[{"href":"https:\/\/www.hydraulic-cylinders.net\/nb\/wp-json\/wp\/v2\/media?parent=15248"}],"wp:term":[{"taxonomy":"product_brand","embeddable":true,"href":"https:\/\/www.hydraulic-cylinders.net\/nb\/wp-json\/wp\/v2\/product_brand?post=15248"},{"taxonomy":"product_cat","embeddable":true,"href":"https:\/\/www.hydraulic-cylinders.net\/nb\/wp-json\/wp\/v2\/product_cat?post=15248"},{"taxonomy":"product_tag","embeddable":true,"href":"https:\/\/www.hydraulic-cylinders.net\/nb\/wp-json\/wp\/v2\/product_tag?post=15248"}],"curies":[{"name":"wp","href":"https:\/\/api.w.org\/{rel}","templated":true}]}}