{"id":15253,"date":"2025-01-19T14:17:48","date_gmt":"2025-01-19T14:17:48","guid":{"rendered":"https:\/\/www.hydraulic-cylinders.net\/product\/bucket-cylinder-for-caterpillar-large-excavator-e450\/"},"modified":"2025-01-19T14:17:50","modified_gmt":"2025-01-19T14:17:50","slug":"bucket-cylinder-for-caterpillar-large-excavator-e450","status":"publish","type":"product","link":"https:\/\/www.hydraulic-cylinders.net\/nb\/produkt\/bucket-cylinder-for-caterpillar-large-excavator-e450\/","title":{"rendered":"Skuffesylinder for Caterpillar stor gravemaskin E450"},"content":{"rendered":"<p><!DOCTYPE html><br \/>\n<html><br \/>\n<head><br \/>\n<title>Skuffesylinder for Caterpillar stor gravemaskin E450<\/title><br \/>\n<\/head><br \/>\n<body><\/p>\n<h1>Skuffesylinder for Caterpillar stor gravemaskin E450<\/h1>\n<h2>Introduksjon<\/h2>\n<p>Skuffesylinderen til Caterpillar storgravemaskin E450 er en spesialdesignet hydraulisk sylinder som brukes til \u00e5 kontrollere bevegelsen til skuffen i tunge maskiner som gravemaskiner, traktorgravere og frontlastere. Hovedfunksjonen er \u00e5 muliggj\u00f8re l\u00f8fting, senking og tilting av skuffen, noe som gj\u00f8r det enklere for ulike materialh\u00e5ndteringsoppgaver. I det hydrauliske systemet oppn\u00e5r skuffesylinderen presis kontroll over skuffen ved \u00e5 utnytte trykkendringene i hydraulikkoljen, slik at operat\u00f8rer effektivt kan h\u00e5ndtere tunge laster og tilpasse seg komplekse arbeidsmilj\u00f8er og ulike jobbkrav.<\/p>\n<p><img decoding=\"async\" src=\"https:\/\/www.hydraulic-cylinders.net\/wp-content\/uploads\/2025\/01\/songte-company-2.webp\"><\/p>\n<h2>Funksjoner<\/h2>\n<ul>\n<li>H\u00f8y styrke og holdbarhet: B\u00f8ttesylinderen er vanligvis laget av h\u00f8yfast st\u00e5l eller aluminium, og t\u00e5ler h\u00f8yt trykk og tunge belastninger, og tilpasser seg t\u00f8ffe arbeidsmilj\u00f8er. Designhensynene inkluderer slitestyrke og korrosjonsmotstand, noe som forlenger levetiden.<\/li>\n<li>Effektiv hydraulisk drift: Ved \u00e5 utnytte trykket fra hydraulikkoljen oppn\u00e5r skuffesylinderen jevne forlengelses- og inntrekksbevegelser, noe som muliggj\u00f8r rask respons p\u00e5 kontrollkommandoer og gir kraftige skyve- og trekkkrefter. Dette gj\u00f8r den egnet for h\u00e5ndtering av tunge belastninger og komplekse arbeidsoppgaver.<\/li>\n<li>Ulike typer: Skuffesylinderen kan velges som enkeltvirkende (hydraulisk trykk brukes i kun \u00e9n retning) eller dobbeltvirkende (hydraulisk trykk brukes i begge retninger) for \u00e5 m\u00f8te ulike driftsbehov. Noen modeller er teleskopiske, noe som gir st\u00f8rre forlengelse uten \u00e5 \u00f8ke de ytre m\u00e5lene, noe som gj\u00f8r dem ideelle for applikasjoner med begrenset plass.<\/li>\n<\/ul>\n<p><img decoding=\"async\" src=\"https:\/\/www.hydraulic-cylinders.net\/wp-content\/uploads\/2025\/01\/songte-cylinder-head-with-all-kinds-excavator-models.webp\"><\/p>\n<h2>Bruksomr\u00e5der<\/h2>\n<h3>Anleggsutstyr<\/h3>\n<p>I gravemaskiner er skuffesylinderen avgj\u00f8rende for graving, lasting og flytting av jord eller rusk. I gravemaskinlastere hjelper skuffesylinderen til med b\u00e5de graving og l\u00f8fting.<\/p>\n<h3>Landbruksmaskiner<\/h3>\n<p>Brukes i frontlastere til \u00e5 utarbeide, l\u00f8fte og transportere jord, h\u00f8y og andre materialer.<\/p>\n<h3>Gravemaskiner<\/h3>\n<p>Skuffesylinderen muliggj\u00f8r graveaksjoner ved \u00e5 la skuffen trenge ned i jorden.<\/p>\n<h3>Lastere<\/h3>\n<p>I frontlastere hjelper de med \u00e5 l\u00f8fte og losse last effektivt.<\/p>\n<h2>Designhensyn og utvalgskriterier<\/h2>\n<ul>\n<li>B\u00e6reevne: Skuffesylinderen er konstruert for \u00e5 t\u00e5le tunge belastninger og sikre sikker drift.<\/li>\n<li>Tetting: Ulike tetningselementer, som stempeltetninger og stangtetninger laget av slitesterke materialer som polyuretan og nitrilgummi, brukes for \u00e5 sikre god tetting. Sylinderhuset og gjengede ender gjennomg\u00e5r fin bearbeiding for \u00e5 forbedre slitestyrken.<\/li>\n<\/ul>\n<p><img decoding=\"async\" src=\"https:\/\/www.hydraulic-cylinders.net\/wp-content\/uploads\/2025\/01\/songte-oil-pipes-and-spare-parts.webp\"><\/p>\n<h2>Tetting og sm\u00f8ring<\/h2>\n<p>Skuffesylinderen benytter forskjellige tetningskomponenter som stempeltetninger og stangtetninger, som er laget av slitesterke materialer som polyuretan og nitrilgummi. Sylinderhuset og gjengede endeflater er fint bearbeidet for \u00e5 forbedre slitestyrken. Regelmessig sm\u00f8ring er n\u00f8dvendig, og en passende mengde hydraulisk olje b\u00f8r tilsettes for \u00e5 sikre riktig sm\u00f8ring.<\/p>\n<h2>Inspeksjon og forebyggende vedlikehold<\/h2>\n<ul>\n<li>Regelmessig inspeksjon og vedlikehold er avgj\u00f8rende for \u00e5 sikre optimal ytelse og levetid for b\u00f8ttesylinderen.<\/li>\n<li>Riktig installasjon, sm\u00f8ring og justering spiller en viktig rolle i b\u00f8ttesylinderens levetid. Riktig justeringsveiledning b\u00f8r gis under installasjonsprosessen, og bruk av passende installasjonsbraketter for \u00e5 feste sylinderen anbefales.<\/li>\n<li>Anbefalte inspeksjons-, reparasjons- og utskiftingsprosedyrer b\u00f8r f\u00f8lges. Reservedeler og ombyggingstjenester er tilgjengelige for \u00e5 forlenge levetiden til b\u00f8ttesylinderen.<\/li>\n<\/ul>\n<p><img decoding=\"async\" src=\"https:\/\/www.hydraulic-cylinders.net\/wp-content\/uploads\/2025\/01\/songte-chushion-collar.webp\"><\/p>\n<h2>Sikkerhetshensyn og milj\u00f8faktorer<\/h2>\n<p>N\u00e5r du bruker b\u00f8ttesylinderen, er det viktig \u00e5 f\u00f8lge sikkerhetstiltakene for \u00e5 forhindre ulykker og sikre et trygt arbeidsmilj\u00f8.<\/p>\n<h2>Feildiagnose og vanlige problemer<\/h2>\n<p>Det er avgj\u00f8rende \u00e5 gi feils\u00f8kingstips og l\u00f8sninger for \u00e5 effektivt diagnostisere og l\u00f8se problemer. Forebyggende tiltak b\u00f8r foresl\u00e5s for \u00e5 minimere potensielle problemer.<\/p>\n<p><img decoding=\"async\" src=\"https:\/\/www.hydraulic-cylinders.net\/wp-content\/uploads\/2025\/01\/songte-bushings-with-all-kinds-of-excavator-models.webp\"><\/p>\n<h2>Konklusjon<\/h2>\n<p>Avslutningsvis er skuffesylinderen til Caterpillars store gravemaskin E450 en viktig komponent i tungt maskineri for ulike materialh\u00e5ndteringsoppgaver. V\u00e5rt selskap er en ledende produsent og grossist av hydrauliske sylindere, og tilbyr et bredt spekter av produkter for \u00e5 m\u00f8te kravene fra b\u00e5de innenlandske og internasjonale markeder. Med v\u00e5r forpliktelse til kvalitet og avanserte produksjonsanlegg, streber vi etter \u00e5 levere produkter av h\u00f8y kvalitet og eksepsjonell kundeservice. <\/p>\n<p><img decoding=\"async\" src=\"https:\/\/www.hydraulic-cylinders.net\/wp-content\/uploads\/2025\/01\/songte-company-3.webp\"><\/p>\n<p>Forfatter: lyl<\/p>\n<p><\/body><br \/>\n<\/html><\/p>","protected":false},"excerpt":{"rendered":"<p>Bucket Cylinder For Caterpillar Large Excavator E450 Bucket Cylinder For Caterpillar Large Excavator E450 Introduction The bucket cylinder for Caterpillar large excavator E450 is a specially designed hydraulic cylinder that is used to control the movement of the bucket in heavy machinery such as excavators, backhoe loaders, and front loaders. Its main function is to [&hellip;]<\/p>","protected":false},"featured_media":14788,"comment_status":"open","ping_status":"closed","template":"","meta":{"_et_pb_use_builder":"","_et_pb_old_content":"","_et_gb_content_width":""},"product_brand":[],"product_cat":[1494],"product_tag":[1495,1496],"class_list":{"0":"post-15253","1":"product","2":"type-product","3":"status-publish","4":"has-post-thumbnail","6":"product_cat-bucket-cylinders","7":"product_tag-bucket-cylinders","8":"product_tag-hydraulic-cylinders","10":"first","11":"instock","12":"shipping-taxable","13":"product-type-simple"},"amp_enabled":true,"_links":{"self":[{"href":"https:\/\/www.hydraulic-cylinders.net\/nb\/wp-json\/wp\/v2\/product\/15253","targetHints":{"allow":["GET"]}}],"collection":[{"href":"https:\/\/www.hydraulic-cylinders.net\/nb\/wp-json\/wp\/v2\/product"}],"about":[{"href":"https:\/\/www.hydraulic-cylinders.net\/nb\/wp-json\/wp\/v2\/types\/product"}],"replies":[{"embeddable":true,"href":"https:\/\/www.hydraulic-cylinders.net\/nb\/wp-json\/wp\/v2\/comments?post=15253"}],"wp:featuredmedia":[{"embeddable":true,"href":"https:\/\/www.hydraulic-cylinders.net\/nb\/wp-json\/wp\/v2\/media\/14788"}],"wp:attachment":[{"href":"https:\/\/www.hydraulic-cylinders.net\/nb\/wp-json\/wp\/v2\/media?parent=15253"}],"wp:term":[{"taxonomy":"product_brand","embeddable":true,"href":"https:\/\/www.hydraulic-cylinders.net\/nb\/wp-json\/wp\/v2\/product_brand?post=15253"},{"taxonomy":"product_cat","embeddable":true,"href":"https:\/\/www.hydraulic-cylinders.net\/nb\/wp-json\/wp\/v2\/product_cat?post=15253"},{"taxonomy":"product_tag","embeddable":true,"href":"https:\/\/www.hydraulic-cylinders.net\/nb\/wp-json\/wp\/v2\/product_tag?post=15253"}],"curies":[{"name":"wp","href":"https:\/\/api.w.org\/{rel}","templated":true}]}}