{"id":15261,"date":"2025-01-19T14:18:27","date_gmt":"2025-01-19T14:18:27","guid":{"rendered":"https:\/\/www.hydraulic-cylinders.net\/product\/bucket-cylinder-for-caterpillar-wheel-excavator-m326d\/"},"modified":"2025-01-19T14:18:29","modified_gmt":"2025-01-19T14:18:29","slug":"bucket-cylinder-for-caterpillar-wheel-excavator-m326d","status":"publish","type":"product","link":"https:\/\/www.hydraulic-cylinders.net\/nb\/produkt\/bucket-cylinder-for-caterpillar-wheel-excavator-m326d\/","title":{"rendered":"Skuffesylinder for Caterpillar hjulgraver M326D"},"content":{"rendered":"<h1>Skuffesylinder for Caterpillar hjulgraver M326D<\/h1>\n<h2>Introduksjon<\/h2>\n<p>Skuffesylinderen til Caterpillar-hjulgraveren M326D er en spesialisert hydraulisk sylinder som er utviklet for \u00e5 kontrollere bevegelsen til skuffen i tunge maskiner som gravemaskiner, traktorgravere og frontlastere. Hovedfunksjonen er \u00e5 gj\u00f8re det mulig for skuffen \u00e5 l\u00f8fte, senke og tilte, og dermed forenkle ulike materialh\u00e5ndteringsoppgaver. I det hydrauliske systemet oppn\u00e5r skuffesylinderen presis kontroll over skuffen ved \u00e5 variere trykket i hydraulikkoljen, slik at f\u00f8reren kan h\u00e5ndtere tunge laster effektivt og tilpasse seg komplekse arbeidsmilj\u00f8er og ulike jobbkrav.<\/p>\n<p><img decoding=\"async\" src=\"https:\/\/www.hydraulic-cylinders.net\/wp-content\/uploads\/2025\/01\/songte-company-2.webp\"><\/p>\n<h2>Funksjoner<\/h2>\n<ul>\n<li>H\u00f8y styrke og holdbarhet: Vanligvis laget av h\u00f8yfast st\u00e5l eller aluminium, t\u00e5ler den h\u00f8yt trykk og tunge belastninger, tilpasser seg t\u00f8ffe arbeidsmilj\u00f8er og er designet med slitestyrke og korrosjonsbestandighet i tankene, noe som forlenger levetiden.<\/li>\n<li>Effektiv hydraulisk drift: Jevne forlengelses- og inntrekksbevegelser oppn\u00e5s ved hjelp av hydraulisk oljetrykk, og den kan reagere raskt p\u00e5 kontrollkommandoer, og gir kraftige skyve- og trekkkrefter som er egnet for h\u00e5ndtering av tunge belastninger og komplekse arbeidsoppgaver.<\/li>\n<li>Ulike typer: Enkeltvirkende (hydraulisk brukt i kun \u00e9n retning) eller dobbeltvirkende (hydraulisk brukt i begge retninger) sylindere kan velges etter behov for \u00e5 m\u00f8te ulike driftskrav. Noen modeller er teleskopiske, noe som gir st\u00f8rre forlengelse uten \u00e5 \u00f8ke de ytre m\u00e5lene, noe som gj\u00f8r dem egnet for applikasjoner med begrenset plass.<\/li>\n<li>Utskiftbar: Produktet v\u00e5rt kan erstatte disse hydrauliske sylindrene perfekt.<\/li>\n<\/ul>\n<p><img decoding=\"async\" src=\"https:\/\/www.hydraulic-cylinders.net\/wp-content\/uploads\/2025\/01\/songte-cylinder-head-with-all-kinds-excavator-models.webp\"><\/p>\n<h2>Bruksomr\u00e5der<\/h2>\n<p>Skuffesylinderen til Caterpillar hjulgraver M326D er mye brukt i ulike bransjer som:<\/p>\n<ul>\n<li>Anleggsutstyr: I gravemaskiner er de avgj\u00f8rende for graving, lasting og flytting av jord eller rusk. I gravemaskiner hjelper skuffesylindere b\u00e5de med graving og l\u00f8fting. <\/li>\n<li>Landbruksmaskiner: Brukes i frontlastere for \u00e5 \u00f8se, l\u00f8fte og transportere jord, h\u00f8y og andre materialer; i gravemaskiner muliggj\u00f8r skuffesylindere graving ved \u00e5 la skuffen trenge ned i jorden. <\/li>\n<li>Lastere: I frontlastere hjelper de med \u00e5 l\u00f8fte og dumpe gjenstander effektivt. <\/li>\n<\/ul>\n<h2>Designhensyn og utvalgskriterier<\/h2>\n<p>The bucket cylinder&#8217;s design considerations and selection criteria are as follows:<\/p>\n<ul>\n<li>Load-Bearing Capacity: The cylinder&#8217;s load-bearing capacity is a crucial consideration, and it should be able to withstand the maximum pressure and load.<\/li>\n<li>Tetting: Ulike tetningskomponenter som stempeltetninger og stangtetninger b\u00f8r brukes. Tetninger laget av slitesterke materialer som polyuretan og nitrilgummi er \u00e5 foretrekke.<\/li>\n<li>Holdbarhet: Sylinderen m\u00e5 v\u00e6re konstruert med tanke p\u00e5 holdbarhet og b\u00f8r v\u00e6re motstandsdyktig mot slitasje og korrosjon.<\/li>\n<li>Safety: The cylinder&#8217;s design must ensure safety during operation and maintenance.<\/li>\n<li>Vedlikehold: Sylinderen b\u00f8r utformes med tanke p\u00e5 vedlikehold og b\u00f8r v\u00e6re enkel \u00e5 vedlikeholde og reparere.<\/li>\n<\/ul>\n<p><img decoding=\"async\" src=\"https:\/\/www.hydraulic-cylinders.net\/wp-content\/uploads\/2025\/01\/songte-oil-pipes-and-spare-parts.webp\"><\/p>\n<h2>Tetting og sm\u00f8ring<\/h2>\n<p>Skuffesylinderen b\u00f8r bruke forskjellige tetningskomponenter, som stempeltetninger og stangtetninger, laget av slitesterke materialer som polyuretan og nitrilgummi. Sylinderhuset og gjengede endeflater b\u00f8r finbearbeides for \u00e5 forbedre slitestyrken. Det er ogs\u00e5 n\u00f8dvendig \u00e5 tilsette riktig mengde hydraulisk olje for sm\u00f8ring regelmessig.<\/p>\n<h2>Inspeksjon og forebyggende vedlikeholdstiltak<\/h2>\n<p>Regelmessig inspeksjon og forebyggende vedlikeholdstiltak er avgj\u00f8rende for \u00e5 forlenge levetiden til b\u00f8ttesylinderen. Disse tiltakene inkluderer:<\/p>\n<ul>\n<li>Regelmessig sm\u00f8ring<\/li>\n<li>Periodisk utskifting av tetninger<\/li>\n<li>Kalibreringskontroll<\/li>\n<\/ul>\n<p>It is essential to provide proper guidance for aligning the cylinder during installation and to use appropriate installation brackets to secure the cylinder. It is also recommended to follow the recommended inspection, repair, and replacement procedures and provide rebuilding services to improve the cylinder&#8217;s service life.<\/p>\n<p><img decoding=\"async\" src=\"https:\/\/www.hydraulic-cylinders.net\/wp-content\/uploads\/2025\/01\/songte-chushion-collar.webp\"><\/p>\n<h2>Sikkerhetshensyn og milj\u00f8faktorer<\/h2>\n<p>N\u00e5r man bruker b\u00f8ttesylinderen, er sikkerhetstiltak avgj\u00f8rende. Arbeidstakere b\u00f8r trenes i \u00e5 bruke sylinderen p\u00e5 en sikker m\u00e5te, og sylinderen b\u00f8r inspiseres regelmessig for tegn p\u00e5 skade eller slitasje. Riktig avhending av hydraulikkolje er ogs\u00e5 n\u00f8dvendig.<\/p>\n<h2>Feils\u00f8king og vanlige problemer<\/h2>\n<p>Noen vanlige problemer som kan oppst\u00e5 med b\u00f8ttesylinderen inkluderer:<\/p>\n<ul>\n<li>Lekkasje av olje<\/li>\n<li>Langsomme bevegelser<\/li>\n<li>St\u00f8y under drift<\/li>\n<\/ul>\n<p>Riktige feils\u00f8kings- og probleml\u00f8sningsmetoder b\u00f8r brukes for \u00e5 diagnostisere og l\u00f8se disse problemene. Riktig vedlikehold og reparasjon kan ogs\u00e5 bidra til \u00e5 forhindre potensielle problemer.<\/p>\n<p><img decoding=\"async\" src=\"https:\/\/www.hydraulic-cylinders.net\/wp-content\/uploads\/2025\/01\/songte-bushings-with-all-kinds-of-excavator-models.webp\"><\/p>\n<h2>Om selskapet v\u00e5rt<\/h2>\n<p>Vi er en produsent av hydrauliske sylindere for erstatning med et komplett produktsortiment, og vi har blitt en av de ledende produsentene og grossistdistribut\u00f8rene av hydrauliske sylindere i innenlandske og utenlandske markeder. Vi f\u00f8lger prinsippet om overlegen kvalitet og stoler p\u00e5 den industrialiserte produksjonsstyringsstrategien til presisjonsproduksjonsverksteder. Selskapet forbedrer kontinuerlig produksjonsplattformen til verkstedet, forbedrer kvaliteten p\u00e5 produksjonslinjene for produkter og har sterk produksjonsevne. Vi m\u00f8ter de ulike behovene til v\u00e5re kunder med prinsippene om h\u00f8y effektivitet, h\u00f8y presisjon og h\u00f8y kvalitet.<\/p>\n<ul>\n<li>Profesjonalitet<\/li>\n<li>Internasjonal sertifisering<\/li>\n<li>Tilpassede tjenester<\/li>\n<li>Produksjonsutstyr<\/li>\n<li>Ettersalgsservice<\/li>\n<\/ul>\n<p><img decoding=\"async\" src=\"https:\/\/hzpt.com\/wp-content\/uploads\/2024\/11\/songte-company-1.webp\"><\/p>\n<h3>Forfatter: lyl<\/h3>","protected":false},"excerpt":{"rendered":"<p>Bucket Cylinder For Caterpillar Wheel Excavator M326D Introduction The bucket cylinder for Caterpillar wheel excavator M326D is a specialized hydraulic cylinder designed to control the movement of the bucket in heavy machinery such as excavators, backhoes, and front-end loaders. Its main function is to enable the bucket to lift, lower, and tilt, thus facilitating various [&hellip;]<\/p>","protected":false},"featured_media":14773,"comment_status":"open","ping_status":"closed","template":"","meta":{"_et_pb_use_builder":"","_et_pb_old_content":"","_et_gb_content_width":""},"product_brand":[],"product_cat":[1494],"product_tag":[1495,1496],"class_list":{"0":"post-15261","1":"product","2":"type-product","3":"status-publish","4":"has-post-thumbnail","6":"product_cat-bucket-cylinders","7":"product_tag-bucket-cylinders","8":"product_tag-hydraulic-cylinders","10":"first","11":"instock","12":"shipping-taxable","13":"product-type-simple"},"amp_enabled":true,"_links":{"self":[{"href":"https:\/\/www.hydraulic-cylinders.net\/nb\/wp-json\/wp\/v2\/product\/15261","targetHints":{"allow":["GET"]}}],"collection":[{"href":"https:\/\/www.hydraulic-cylinders.net\/nb\/wp-json\/wp\/v2\/product"}],"about":[{"href":"https:\/\/www.hydraulic-cylinders.net\/nb\/wp-json\/wp\/v2\/types\/product"}],"replies":[{"embeddable":true,"href":"https:\/\/www.hydraulic-cylinders.net\/nb\/wp-json\/wp\/v2\/comments?post=15261"}],"wp:featuredmedia":[{"embeddable":true,"href":"https:\/\/www.hydraulic-cylinders.net\/nb\/wp-json\/wp\/v2\/media\/14773"}],"wp:attachment":[{"href":"https:\/\/www.hydraulic-cylinders.net\/nb\/wp-json\/wp\/v2\/media?parent=15261"}],"wp:term":[{"taxonomy":"product_brand","embeddable":true,"href":"https:\/\/www.hydraulic-cylinders.net\/nb\/wp-json\/wp\/v2\/product_brand?post=15261"},{"taxonomy":"product_cat","embeddable":true,"href":"https:\/\/www.hydraulic-cylinders.net\/nb\/wp-json\/wp\/v2\/product_cat?post=15261"},{"taxonomy":"product_tag","embeddable":true,"href":"https:\/\/www.hydraulic-cylinders.net\/nb\/wp-json\/wp\/v2\/product_tag?post=15261"}],"curies":[{"name":"wp","href":"https:\/\/api.w.org\/{rel}","templated":true}]}}