{"id":15264,"date":"2025-01-19T14:18:38","date_gmt":"2025-01-19T14:18:38","guid":{"rendered":"https:\/\/www.hydraulic-cylinders.net\/product\/bucket-cylinder-for-caterpillar-wheel-excavator-m315dz\/"},"modified":"2025-01-19T14:18:40","modified_gmt":"2025-01-19T14:18:40","slug":"bucket-cylinder-for-caterpillar-wheel-excavator-m315dz","status":"publish","type":"product","link":"https:\/\/www.hydraulic-cylinders.net\/nb\/produkt\/bucket-cylinder-for-caterpillar-wheel-excavator-m315dz\/","title":{"rendered":"Skuffesylinder for Caterpillar hjulgraver M315DZ"},"content":{"rendered":"<p><!DOCTYPE html><br \/>\n<html><br \/>\n<head><br \/>\n<title>Skuffesylinder for Caterpillar hjulgraver M315DZ<\/title><br \/>\n<\/head><br \/>\n<body><\/p>\n<h1>Skuffesylinder for Caterpillar hjulgraver M315DZ<\/h1>\n<p><img decoding=\"async\" src=\"https:\/\/hzpt.com\/wp-content\/uploads\/2024\/11\/songte-company-1.webp\" alt=\"Produktbilde\"><\/p>\n<h2>Produktdefinisjon<\/h2>\n<p>En skuffesylinder er en spesialdesignet hydraulisk sylinder som brukes til \u00e5 kontrollere bevegelsen til skuffen i tunge maskiner som gravemaskiner, traktorgravere og hjullastere. Hovedfunksjonen er \u00e5 gj\u00f8re det mulig \u00e5 l\u00f8fte, senke og vippe skuffen, noe som forenkler ulike materialh\u00e5ndteringsoppgaver. I et hydraulisk system oppn\u00e5r skuffesylinderen presis kontroll over skuffen ved \u00e5 utnytte endringer i hydraulikkoljetrykket, slik at operat\u00f8rer effektivt kan h\u00e5ndtere tunge laster og tilpasse seg ulike arbeidsmilj\u00f8er og krav.<\/p>\n<h3>Funksjoner<\/h3>\n<ul>\n<li>H\u00f8y styrke og holdbarhet: Vanligvis laget av h\u00f8yfast st\u00e5l eller aluminium, i stand til \u00e5 t\u00e5le h\u00f8yt trykk og tunge belastninger, og tilpasser seg t\u00f8ffe arbeidsmilj\u00f8er. Utviklet med tanke p\u00e5 slitestyrke og korrosjonsbestandighet for \u00e5 forlenge levetiden.<\/li>\n<li>Effektiv hydraulisk drift: Utnytter hydraulisk oljetrykk for \u00e5 oppn\u00e5 jevne forlengelses- og inntrekksbevegelser, rask respons p\u00e5 kontrollkommandoer, og gir kraftig skyve- og trekkkraft som er egnet for h\u00e5ndtering av tunge belastninger og komplekse oppgaver.<\/li>\n<li>Ulike typer: Velg mellom enkeltvirkende (hydraulisk kun i \u00e9n retning) eller dobbeltvirkende (hydraulisk i begge retninger) sylindere i henhold til driftsbehov. Noen modeller er teleskopiske, noe som gir st\u00f8rre rekkevidde uten \u00e5 \u00f8ke de ytre m\u00e5lene, ideelt for applikasjoner med begrenset plass.<\/li>\n<li>Perfekt erstatning: Produktet v\u00e5rt kan erstatte disse hydrauliske sylindrene perfekt.<\/li>\n<\/ul>\n<p><img decoding=\"async\" src=\"https:\/\/www.hydraulic-cylinders.net\/wp-content\/uploads\/2025\/01\/songte-cylinder-head-with-all-kinds-excavator-models.webp\" alt=\"Produktbilde\"><\/p>\n<h2>Bruksomr\u00e5der<\/h2>\n<ul>\n<li>Anleggsutstyr: De finnes i gravemaskiner og er avgj\u00f8rende for graving, lasting og flytting av jord eller rusk. I gravemaskiner hjelper skuffesylindere til med b\u00e5de graving og l\u00f8fting.<\/li>\n<li>Landbruksmaskiner: Brukes i frontlastere til \u00e5 utarbeide, l\u00f8fte og transportere jord, h\u00f8y og andre materialer.<\/li>\n<li>Gravemaskiner: Skuffesylindere muliggj\u00f8r graveaksjoner ved \u00e5 la skuffen trenge ned i jorden.<\/li>\n<li>Hjullastere: Frontlastere hjelper til med \u00e5 l\u00f8fte og dumpe last effektivt.<\/li>\n<\/ul>\n<h2>Designhensyn og utvalgskriterier<\/h2>\n<p>N\u00e5r det gjelder designhensyn, er viktige aspekter som b\u00e6reevne, tetting, holdbarhet, sikkerhet og vedlikeholdbarhet viktige faktorer \u00e5 vurdere.<\/p>\n<p><img decoding=\"async\" src=\"https:\/\/www.hydraulic-cylinders.net\/wp-content\/uploads\/2025\/01\/songte-oil-pipes-and-spare-parts.webp\" alt=\"Produktbilde\"><\/p>\n<h2>Tetting og sm\u00f8ring<\/h2>\n<p>Skuffesylinderen bruker forskjellige tetningskomponenter som stempeltetninger og stangtetninger laget av slitesterke materialer som polyuretan og nitrilgummi. Sylinderhuset og gjengede endeflater er fint behandlet for \u00e5 forbedre slitestyrken. Regelmessig sm\u00f8ring med passende hydraulikkolje er n\u00f8dvendig for \u00e5 sikre problemfri drift.<\/p>\n<h2>Regelmessig inspeksjon og forebyggende vedlikehold<\/h2>\n<p>For \u00e5 opprettholde optimal ytelse b\u00f8r regelmessige inspeksjoner og forebyggende vedlikeholdstiltak iverksettes. Dette inkluderer \u00e5 kontrollere for tegn p\u00e5 slitasje eller skade, s\u00f8rge for riktig sm\u00f8ring og bytte av pakninger etter behov.<\/p>\n<h2>Produktinstallasjonsveiledning<\/h2>\n<p>Riktig installasjon er avgj\u00f8rende for b\u00f8ttesylinderens ytelse. Justeringsveiledningen b\u00f8r f\u00f8lges, og bruk av passende monteringsbraketter for \u00e5 feste sylinderen anbefales. Installasjonsveiledningen gir anbefalte prosedyrer for inspeksjon, reparasjoner og utskifting av komponenter, sammen med tips for \u00e5 forlenge sylinderens levetid.<\/p>\n<p><img decoding=\"async\" src=\"https:\/\/www.hydraulic-cylinders.net\/wp-content\/uploads\/2025\/01\/songte-chushion-collar.webp\" alt=\"Produktbilde\"><\/p>\n<h2>Sikkerhetshensyn og milj\u00f8faktorer<\/h2>\n<p>N\u00e5r du bruker b\u00f8ttesylinderen, er det viktig \u00e5 f\u00f8lge sikkerhetstiltak for \u00e5 forhindre ulykker. \u00c5 ta hensyn til milj\u00f8faktorer som riktig avfallsh\u00e5ndtering og minimering av v\u00e6skelekkasjer er avgj\u00f8rende for \u00e5 opprettholde et trygt og milj\u00f8vennlig arbeidsmilj\u00f8.<\/p>\n<h2>Feils\u00f8king og vanlige problemer<\/h2>\n<p>Ved funksjonsfeil er det viktig \u00e5 diagnostisere og h\u00e5ndtere vanlige problemer raskt. Denne delen inneholder feils\u00f8kingstips og l\u00f8sninger som hjelper leserne med \u00e5 identifisere og l\u00f8se problemer effektivt. I tillegg foresl\u00e5s forebyggende tiltak for \u00e5 minimere potensielle problemer.<\/p>\n<p><img decoding=\"async\" src=\"https:\/\/www.hydraulic-cylinders.net\/wp-content\/uploads\/2025\/01\/songte-bushings-with-all-kinds-of-excavator-models.webp\" alt=\"Produktbilde\"><\/p>\n<p>Husk \u00e5 organisere artikkelen logisk, bruke underoverskrifter for enkel navigering, innlemme relevante bilder eller diagrammer for bedre forst\u00e5else, og s\u00f8rge for at innholdet er klart, konsist og egnet for lesere med varierende niv\u00e5er av teknisk kunnskap.<\/p>\n<h1>Om selskapet v\u00e5rt<\/h1>\n<p><img decoding=\"async\" src=\"https:\/\/www.hydraulic-cylinders.net\/wp-content\/uploads\/2025\/01\/songte-company-3.webp\" alt=\"Selskapets image\"><\/p>\n<p>Vi er en produsent av hydrauliske sylindere for utskifting og en av de ledende produsentene og grossistdistribut\u00f8rene i det innenlandske og internasjonale markedet. V\u00e5rt selskap f\u00f8lger en strategi for industrialisert produksjonsstyring, og er avhengig av utmerket kvalitet, fine produksjonsverksteder, teknologiske talenter, avansert digitalt produksjonsutstyr og profesjonelle testsystemer. Vi forbedrer kontinuerlig v\u00e5r produksjonsplattform, perfeksjonerer produksjonsruten for produktkvalitet og har sterke kreative evner. Vi tar sikte p\u00e5 \u00e5 m\u00f8te ulike kundebehov med h\u00f8y effektivitet, presisjon og kvalitet.<\/p>\n<h2>V\u00e5re bedriftsh\u00f8ydepunkter<\/h2>\n<ul>\n<li>Profesjonalitet: Vi prioriterer profesjonalitet i alle aspekter av driften v\u00e5r, og sikrer produkter og tjenester av h\u00f8y kvalitet.<\/li>\n<li>Internasjonal sertifisering: Vi har relevante internasjonale sertifiseringer, som viser v\u00e5r forpliktelse til \u00e5 m\u00f8te bransjestandarder.<\/li>\n<li>Tilpasningstjenester: Vi tilbyr tilpasningstjenester for \u00e5 m\u00f8te spesifikke kundekrav.<\/li>\n<li>Produksjonsutstyr: Utstyrt med toppmoderne produksjonsutstyr for \u00e5 sikre presisjon og effektivitet.<\/li>\n<li>Ettersalgsservice: Vi tilbyr omfattende ettersalgsservice for \u00e5 sikre kundetilfredshet.<\/li>\n<\/ul>\n<footer>Forfatter: lyl<\/footer>\n<p><\/body><br \/>\n<\/html><\/p>","protected":false},"excerpt":{"rendered":"<p>Bucket Cylinder For Caterpillar Wheel Excavator M315DZ Bucket Cylinder For Caterpillar Wheel Excavator M315DZ Product Definition A bucket cylinder is a specially designed hydraulic cylinder used to control the movement of the bucket in heavy machinery such as excavators, backhoe loaders, and wheel loaders. Its main function is to enable the bucket to be lifted, [&hellip;]<\/p>","protected":false},"featured_media":14765,"comment_status":"open","ping_status":"closed","template":"","meta":{"_et_pb_use_builder":"","_et_pb_old_content":"","_et_gb_content_width":""},"product_brand":[],"product_cat":[1494],"product_tag":[1495,1496],"class_list":{"0":"post-15264","1":"product","2":"type-product","3":"status-publish","4":"has-post-thumbnail","6":"product_cat-bucket-cylinders","7":"product_tag-bucket-cylinders","8":"product_tag-hydraulic-cylinders","10":"first","11":"instock","12":"shipping-taxable","13":"product-type-simple"},"amp_enabled":true,"_links":{"self":[{"href":"https:\/\/www.hydraulic-cylinders.net\/nb\/wp-json\/wp\/v2\/product\/15264","targetHints":{"allow":["GET"]}}],"collection":[{"href":"https:\/\/www.hydraulic-cylinders.net\/nb\/wp-json\/wp\/v2\/product"}],"about":[{"href":"https:\/\/www.hydraulic-cylinders.net\/nb\/wp-json\/wp\/v2\/types\/product"}],"replies":[{"embeddable":true,"href":"https:\/\/www.hydraulic-cylinders.net\/nb\/wp-json\/wp\/v2\/comments?post=15264"}],"wp:featuredmedia":[{"embeddable":true,"href":"https:\/\/www.hydraulic-cylinders.net\/nb\/wp-json\/wp\/v2\/media\/14765"}],"wp:attachment":[{"href":"https:\/\/www.hydraulic-cylinders.net\/nb\/wp-json\/wp\/v2\/media?parent=15264"}],"wp:term":[{"taxonomy":"product_brand","embeddable":true,"href":"https:\/\/www.hydraulic-cylinders.net\/nb\/wp-json\/wp\/v2\/product_brand?post=15264"},{"taxonomy":"product_cat","embeddable":true,"href":"https:\/\/www.hydraulic-cylinders.net\/nb\/wp-json\/wp\/v2\/product_cat?post=15264"},{"taxonomy":"product_tag","embeddable":true,"href":"https:\/\/www.hydraulic-cylinders.net\/nb\/wp-json\/wp\/v2\/product_tag?post=15264"}],"curies":[{"name":"wp","href":"https:\/\/api.w.org\/{rel}","templated":true}]}}