{"id":15270,"date":"2025-01-19T14:19:09","date_gmt":"2025-01-19T14:19:09","guid":{"rendered":"https:\/\/www.hydraulic-cylinders.net\/product\/bucket-cylinder-for-doosan-small-excavator-dx150lc-7\/"},"modified":"2025-01-19T14:19:11","modified_gmt":"2025-01-19T14:19:11","slug":"bucket-cylinder-for-doosan-small-excavator-dx150lc-7","status":"publish","type":"product","link":"https:\/\/www.hydraulic-cylinders.net\/nb\/produkt\/bucket-cylinder-for-doosan-small-excavator-dx150lc-7\/","title":{"rendered":"Skuffesylinder for Doosan liten gravemaskin DX150LC-7"},"content":{"rendered":"<p><!DOCTYPE html><br \/>\n<html><br \/>\n<head><br \/>\n<title>Skuffesylinder for Doosan liten gravemaskin DX150LC-7<\/title><br \/>\n<\/head><br \/>\n<body><\/p>\n<h1>Skuffesylinder for Doosan liten gravemaskin DX150LC-7<\/h1>\n<h2>Introduksjon<\/h2>\n<p>Skuffesylinderen til Doosan liten gravemaskin DX150LC-7 er en spesialdesignet hydraulisk sylinder som brukes til \u00e5 kontrollere bevegelsen til skuffen i tunge maskiner som gravemaskiner, traktorgravere og hjullastere. Hovedfunksjonen er \u00e5 muliggj\u00f8re l\u00f8fting, senking og tilting av skuffen, noe som forenkler ulike materialh\u00e5ndteringsoppgaver. I det hydrauliske systemet oppn\u00e5r skuffesylinderen presis kontroll over skuffen ved \u00e5 utnytte trykkendringene i hydraulikkoljen, slik at operat\u00f8rer effektivt kan h\u00e5ndtere tunge laster og tilpasse seg komplekse arbeidsmilj\u00f8er og ulike driftskrav.<\/p>\n<p><img decoding=\"async\" src=\"https:\/\/www.hydraulic-cylinders.net\/wp-content\/uploads\/2025\/01\/songte-company-2.webp\" alt=\"Bilde av b\u00f8ttesylinder\"><\/p>\n<h2>Funksjoner<\/h2>\n<ul>\n<li>H\u00f8y styrke og holdbarhet: Vanligvis laget av h\u00f8yfast st\u00e5l eller aluminium, t\u00e5ler den h\u00f8yt trykk og tunge belastninger, og tilpasser seg t\u00f8ffe arbeidsmilj\u00f8er. Designet tar hensyn til slitestyrke og korrosjonsmotstand for \u00e5 forlenge levetiden.<\/li>\n<li>Effektiv hydraulisk drift: Ved \u00e5 utnytte trykket fra hydraulikkoljen for \u00e5 oppn\u00e5 jevne forlengelses- og tilbaketrekningsbevegelser, kan den raskt reagere p\u00e5 kontrollkommandoer, og gi kraftige skyve- og trekkkrefter som er egnet for h\u00e5ndtering av tunge belastninger og komplekse driftsoppgaver.<\/li>\n<li>Ulike typer: Tilgjengelig som enkeltvirkende (hydraulikk brukes kun i \u00e9n retning) eller dobbeltvirkende (hydraulikk brukes i begge retninger) sylindere, noe som gir rom for ulike driftskrav. Noen modeller er teleskopiske, noe som gir st\u00f8rre forlengelse uten \u00e5 \u00f8ke de ytre m\u00e5lene, noe som gj\u00f8r dem egnet for bruksomr\u00e5der med begrenset plass.<\/li>\n<li>Perfekt erstatning: Produktet v\u00e5rt kan erstatte disse hydrauliske sylindrene perfekt.<\/li>\n<\/ul>\n<p><img decoding=\"async\" src=\"https:\/\/www.hydraulic-cylinders.net\/wp-content\/uploads\/2025\/01\/songte-cylinder-head-with-all-kinds-excavator-models.webp\" alt=\"Produktbilde\"><\/p>\n<h2>Bruksomr\u00e5der<\/h2>\n<ul>\n<li>Anleggsutstyr: De finnes i gravemaskiner og er avgj\u00f8rende for graving, lasting og flytting av jord eller rusk. I gravemaskiner hjelper skuffesylinderen med b\u00e5de graving og l\u00f8fting.<\/li>\n<li>Landbruksmaskiner: Brukes i frontlastere til \u00e5 utarbeide, l\u00f8fte og transportere jord, h\u00f8y og andre materialer.<\/li>\n<li>Gravemaskiner: Skuffesylinderen muliggj\u00f8r gravefunksjon ved \u00e5 la skuffen trenge ned i jorden.<\/li>\n<li>Hjullastere: I hjullastere hjelper de med effektiv l\u00f8fting og dumping av varer.<\/li>\n<\/ul>\n<h2>Designhensyn og utvalgskriterier<\/h2>\n<ul>\n<li>B\u00e6reevne: Diskuter sylinderens evne til \u00e5 motst\u00e5 belastninger.<\/li>\n<li>Tetting: Diskuter viktigheten av riktig tetting for \u00e5 forhindre lekkasje.<\/li>\n<li>Holdbarhet: Diskuter sylinderens evne til \u00e5 motst\u00e5 slitasje.<\/li>\n<li>Sikkerhet: Diskuter sikkerhetsfunksjoner og hensyn i designet.<\/li>\n<li>Vedlikeholdbarhet: Diskuter hvor enkelt vedlikehold og reparasjon er.<\/li>\n<\/ul>\n<p><img decoding=\"async\" src=\"https:\/\/www.hydraulic-cylinders.net\/wp-content\/uploads\/2025\/01\/songte-oil-pipes-and-spare-parts.webp\" alt=\"Hydrauliske sylinderdeler\"><\/p>\n<h2>Tetting og sm\u00f8ring<\/h2>\n<p>Skuffesylinderen bruker forskjellige tetninger, som stempeltetninger og stangtetninger, laget av slitesterke materialer som polyuretan og nitrilgummi. Sylinderhuset og gjengede endeflater gjennomg\u00e5r finbehandling for \u00e5 forbedre slitestyrken. Regelmessig sm\u00f8ring med hydraulikkolje er n\u00f8dvendig for \u00e5 sikre problemfri drift.<\/p>\n<h2>Regelmessig inspeksjon og forebyggende vedlikehold<\/h2>\n<ul>\n<li>Inspiser sylinderen regelmessig for tegn p\u00e5 slitasje eller skade.<\/li>\n<li>S\u00f8rg for riktig sm\u00f8ring av alle bevegelige deler.<\/li>\n<li>Skift ut pakningene med jevne mellomrom for \u00e5 opprettholde optimal ytelse.<\/li>\n<li>Utf\u00f8r kalibreringskontroller for \u00e5 sikre n\u00f8yaktig drift.<\/li>\n<\/ul>\n<h2>Produktinstallasjonsveiledning<\/h2>\n<p>F\u00f8lg disse trinnene for riktig montering av b\u00f8ttesylinderen:<\/p>\n<ol>\n<li>Juster sylinderen riktig i henhold til den medf\u00f8lgende veiledningen.<\/li>\n<li>Bruk passende monteringsbraketter for \u00e5 feste sylinderen.<\/li>\n<li>Se anbefalte prosedyrer for inspeksjon, reparasjon og utskifting.<\/li>\n<li>Gi tips for \u00e5 forlenge levetiden til sylinderen.<\/li>\n<\/ol>\n<p><img decoding=\"async\" src=\"https:\/\/www.hydraulic-cylinders.net\/wp-content\/uploads\/2025\/01\/songte-chushion-collar.webp\" alt=\"Sylinderinstallasjon\"><\/p>\n<h2>Sikkerhetshensyn og milj\u00f8faktorer<\/h2>\n<p>Diskuter viktigheten av sikkerhetstiltak ved bruk av b\u00f8ttesylinderen og hvordan det bidrar til et tryggere arbeidsmilj\u00f8.<\/p>\n<h2>Feils\u00f8king og vanlige problemer<\/h2>\n<p>Diskuter vanlige problemer som kan oppst\u00e5, og gi tips og l\u00f8sninger for feils\u00f8king som hjelper leserne med \u00e5 diagnostisere og l\u00f8se problemer effektivt. Inkluder forebyggende tiltak for \u00e5 minimere potensielle problemer.<\/p>\n<p><img decoding=\"async\" src=\"https:\/\/www.hydraulic-cylinders.net\/wp-content\/uploads\/2025\/01\/songte-bushings-with-all-kinds-of-excavator-models.webp\" alt=\"Vanlige problemer\"><\/p>\n<h2>V\u00e5rt selskap<\/h2>\n<p>Vi er en ledende produsent og grossistdistribut\u00f8r av hydrauliske sylindere for utskifting i hjemme- og internasjonale markeder. V\u00e5rt selskap tilbyr et bredt spekter av produkter og f\u00f8lger en produksjonsstrategi basert p\u00e5 utmerket kvalitet. Med v\u00e5r tekniske ekspertise, toppmoderne produksjonsutstyr og profesjonelle testsystemer forbedrer vi kontinuerlig v\u00e5r produksjonsplattform og sikrer produksjon av h\u00f8yeffektive, presise og h\u00f8ykvalitetsprodukter for \u00e5 m\u00f8te ulike kundebehov.<\/p>\n<p><img decoding=\"async\" src=\"https:\/\/www.hydraulic-cylinders.net\/wp-content\/uploads\/2025\/01\/songte-company-3.webp\" alt=\"Selskapets image\"><\/p>\n<h3>Profesjonalitet:<\/h3>\n<p>Forklar selskapets profesjonalitet i \u00e5 levere kvalitetsprodukter og -tjenester.<\/p>\n<h3>Internasjonale sertifiseringer:<\/h3>\n<p>Fremhev eventuelle relevante internasjonale sertifiseringer som selskapet har oppn\u00e5dd.<\/p>\n<h3>Tilpasningstjenester:<\/h3>\n<p>Diskuter selskapets evne til \u00e5 tilby tilpassede tjenester.<\/p>\n<h3>Produksjonsutstyr:<\/h3>\n<p>Beskriv det avanserte produksjonsutstyret som brukes av bedriften.<\/p>\n<h3>Ettersalgsservice:<\/h3>\n<p>Legg vekt p\u00e5 selskapets forpliktelse til utmerket ettersalgsservice.<\/p>\n<p><img decoding=\"async\" src=\"https:\/\/hzpt.com\/wp-content\/uploads\/2024\/11\/songte-company-1.webp\" alt=\"Selskapets image\"><\/p>\n<p>Forfatter: lyl<\/p>\n<p><\/body><br \/>\n<\/html><\/p>","protected":false},"excerpt":{"rendered":"<p>Bucket Cylinder For Doosan Small Excavator DX150LC-7 Bucket Cylinder For Doosan Small Excavator DX150LC-7 Introduction The bucket cylinder for Doosan small excavator DX150LC-7 is a specially designed hydraulic cylinder used to control the movement of the bucket in heavy machinery such as excavators, backhoe loaders, and wheel loaders. Its main function is to enable the [&hellip;]<\/p>","protected":false},"featured_media":14785,"comment_status":"open","ping_status":"closed","template":"","meta":{"_et_pb_use_builder":"","_et_pb_old_content":"","_et_gb_content_width":""},"product_brand":[],"product_cat":[1494],"product_tag":[1495,1496],"class_list":{"0":"post-15270","1":"product","2":"type-product","3":"status-publish","4":"has-post-thumbnail","6":"product_cat-bucket-cylinders","7":"product_tag-bucket-cylinders","8":"product_tag-hydraulic-cylinders","10":"first","11":"instock","12":"shipping-taxable","13":"product-type-simple"},"amp_enabled":true,"_links":{"self":[{"href":"https:\/\/www.hydraulic-cylinders.net\/nb\/wp-json\/wp\/v2\/product\/15270","targetHints":{"allow":["GET"]}}],"collection":[{"href":"https:\/\/www.hydraulic-cylinders.net\/nb\/wp-json\/wp\/v2\/product"}],"about":[{"href":"https:\/\/www.hydraulic-cylinders.net\/nb\/wp-json\/wp\/v2\/types\/product"}],"replies":[{"embeddable":true,"href":"https:\/\/www.hydraulic-cylinders.net\/nb\/wp-json\/wp\/v2\/comments?post=15270"}],"wp:featuredmedia":[{"embeddable":true,"href":"https:\/\/www.hydraulic-cylinders.net\/nb\/wp-json\/wp\/v2\/media\/14785"}],"wp:attachment":[{"href":"https:\/\/www.hydraulic-cylinders.net\/nb\/wp-json\/wp\/v2\/media?parent=15270"}],"wp:term":[{"taxonomy":"product_brand","embeddable":true,"href":"https:\/\/www.hydraulic-cylinders.net\/nb\/wp-json\/wp\/v2\/product_brand?post=15270"},{"taxonomy":"product_cat","embeddable":true,"href":"https:\/\/www.hydraulic-cylinders.net\/nb\/wp-json\/wp\/v2\/product_cat?post=15270"},{"taxonomy":"product_tag","embeddable":true,"href":"https:\/\/www.hydraulic-cylinders.net\/nb\/wp-json\/wp\/v2\/product_tag?post=15270"}],"curies":[{"name":"wp","href":"https:\/\/api.w.org\/{rel}","templated":true}]}}