{"id":15271,"date":"2025-01-19T14:19:13","date_gmt":"2025-01-19T14:19:13","guid":{"rendered":"https:\/\/www.hydraulic-cylinders.net\/product\/bucket-cylinder-for-doosan-small-excavator-dh55-5\/"},"modified":"2025-01-19T14:19:15","modified_gmt":"2025-01-19T14:19:15","slug":"bucket-cylinder-for-doosan-small-excavator-dh55-5","status":"publish","type":"product","link":"https:\/\/www.hydraulic-cylinders.net\/nb\/produkt\/bucket-cylinder-for-doosan-small-excavator-dh55-5\/","title":{"rendered":"Skuffesylinder for Doosan liten gravemaskin DH55-5"},"content":{"rendered":"<h1>Skuffesylinder for Doosan liten gravemaskin DH55-5<\/h1>\n<h2>Introduksjon<\/h2>\n<h3>Definerende b\u00f8ttesylinder for Doosan liten gravemaskin DH55-5<\/h3>\n<p>En skuffesylinder er en spesialdesignet hydraulisk sylinder som prim\u00e6rt brukes til \u00e5 kontrollere bevegelsen til skuffen i tunge maskiner som gravemaskiner, traktorgravere og frontlastere. Hovedfunksjonen er \u00e5 gj\u00f8re det mulig for skuffen \u00e5 l\u00f8fte, senke og vippe, og dermed forenkle ulike materialh\u00e5ndteringsoppgaver. I det hydrauliske systemet oppn\u00e5r skuffesylinderen presis kontroll over skuffen ved \u00e5 endre trykket i hydraulikkoljen, slik at operat\u00f8rer kan h\u00e5ndtere tunge laster effektivt og tilpasse seg komplekse arbeidsmilj\u00f8er og ulike driftskrav.<\/p>\n<p><img decoding=\"async\" src=\"https:\/\/www.hydraulic-cylinders.net\/wp-content\/uploads\/2025\/01\/songte-company-2.webp\" alt=\"B\u00f8ttesylinder\" \/><\/p>\n<h3>Funksjoner p\u00e5 b\u00f8ttesylinder for Doosan liten gravemaskin DH55-5<\/h3>\n<ul>\n<li>H\u00f8y styrke og holdbarhet: Vanligvis laget av h\u00f8yfast st\u00e5l eller aluminium, t\u00e5ler den h\u00f8yt trykk og tunge belastninger, tilpasser seg t\u00f8ffe arbeidsmilj\u00f8er og er designet med slitestyrke og korrosjonsbestandighet i tankene, noe som forlenger levetiden.<\/li>\n<li>Effektiv hydraulisk drift: Ved \u00e5 utnytte trykket fra hydraulikkoljen for \u00e5 oppn\u00e5 jevne teleskopbevegelser, kan den reagere raskt p\u00e5 kontrollkommandoer, gi kraftige skyve- og trekkekrefter, og er egnet for h\u00e5ndtering av tunge belastninger og komplekse driftsoppgaver.<\/li>\n<li>Flere typer: Enkeltvirkende (hydraulisk kun i \u00e9n retning) eller dobbeltvirkende (hydraulisk i begge retninger) sylindere kan velges i henhold til driftskrav. Noen modeller er teleskopiske, noe som gir st\u00f8rre forlengelse uten \u00e5 \u00f8ke de ytre dimensjonene, noe som gj\u00f8r dem egnet for bruksomr\u00e5der med begrenset plass.<\/li>\n<li>Utskiftbar: Produktet v\u00e5rt kan erstatte disse hydrauliske sylindrene perfekt.<\/li>\n<\/ul>\n<p><img decoding=\"async\" src=\"https:\/\/www.hydraulic-cylinders.net\/wp-content\/uploads\/2025\/01\/songte-cylinder-head-with-all-kinds-excavator-models.webp\" alt=\"Modeller av b\u00f8ttesylindere\" \/><\/p>\n<h3>Bruk av b\u00f8ttesylinder for Doosan liten gravemaskin DH55-5<\/h3>\n<p>B\u00f8ttesylinderen er mye brukt i forskjellige tunge maskiner, for eksempel:<\/p>\n<ul>\n<li>Anleggsutstyr: I gravemaskiner er de viktige for utgraving, lasting og flytting av jord eller rusk. I gravemaskiner hjelper skuffesylindere med b\u00e5de utgraving og l\u00f8fting. <\/li>\n<li>Landbruksmaskiner: Brukes i frontlastere til \u00e5 utarbeide, l\u00f8fte og transportere jord, h\u00f8y og andre materialer. <\/li>\n<li>Gravemaskiner: Skuffesylinderen utf\u00f8rer utgraving ved \u00e5 la skuffen trenge ned i jorden. <\/li>\n<li>Lastere: I frontlastere hjelper de med \u00e5 l\u00f8fte og vippe last effektivt. <\/li>\n<\/ul>\n<p>Hver bruksomr\u00e5de for b\u00f8ttesylinderen er ytterligere utdypet nedenfor.<\/p>\n<h3>Designhensyn og utvalgskriterier<\/h3>\n<p>Skuffesylinderen er konstruert med f\u00f8lgende hensyn:<\/p>\n<ul>\n<li>B\u00e6reevne: Sylinderen m\u00e5 kunne t\u00e5le h\u00f8ye belastninger og opprettholde stabilitet under drift.<\/li>\n<li>Tetting: Sylinderen m\u00e5 v\u00e6re forseglet for \u00e5 forhindre v\u00e6skelekkasje og opprettholde riktig trykk.<\/li>\n<li>Holdbarhet: Sylinderen m\u00e5 v\u00e6re konstruert for \u00e5 t\u00e5le t\u00f8ffe driftsforhold og motst\u00e5 slitasje og korrosjon.<\/li>\n<li>Sikkerhet: Sylinderen m\u00e5 v\u00e6re konstruert for \u00e5 forhindre ulykker og minimere risikoen for skade p\u00e5 operat\u00f8rer.<\/li>\n<li>Vedlikeholdsvennlighet: Sylinderen m\u00e5 v\u00e6re enkel \u00e5 vedlikeholde og reparere.<\/li>\n<\/ul>\n<p><img decoding=\"async\" src=\"https:\/\/www.hydraulic-cylinders.net\/wp-content\/uploads\/2025\/01\/songte-oil-pipes-and-spare-parts.webp\" alt=\"Deler av b\u00f8ttesylinder\" \/><\/p>\n<h3>Tetting og sm\u00f8ring av skuffesylinder for Doosan liten gravemaskin DH55-5<\/h3>\n<ul>\n<li>Ulike tetningselementer: Slik som stempeltetninger, stangtetninger osv. brukes i sylinderen. Tetningselementene er laget av slitesterke materialer som polyuretan og nitrilgummi.<\/li>\n<li>Finbearbeidet sylinderhus: Sylinderhuset og gjengeenden er finbearbeidet for \u00e5 forbedre slitestyrken.<\/li>\n<li>Sm\u00f8ring: Sylinderen m\u00e5 sm\u00f8res regelmessig med en passende mengde hydraulisk olje.<\/li>\n<\/ul>\n<h3>Regelmessig inspeksjon og forebyggende vedlikeholdstiltak<\/h3>\n<p>Det anbefales \u00e5 utf\u00f8re f\u00f8lgende vedlikeholdsoppgaver regelmessig:<\/p>\n<ul>\n<li>Regelmessig inspeksjon: Inspiser sylinderen regelmessig for tegn p\u00e5 skade, lekkasje og slitasje.<\/li>\n<li>Riktig sm\u00f8ring: S\u00f8rg for at sylinderen er skikkelig smurt.<\/li>\n<li>Utskifting av tetning: Skift ut tetningene etter behov.<\/li>\n<li>Kalibreringssjekk: Sjekk sylinderens kalibrering med jevne mellomrom.<\/li>\n<\/ul>\n<p>Riktig installasjon, sm\u00f8ring og justering er avgj\u00f8rende for \u00e5 sikre sikker og effektiv drift av b\u00f8ttesylinderen. Det anbefales \u00e5 justere sylinderen riktig under installasjon og bruke passende monteringsbraketter for \u00e5 feste sylinderen. V\u00e5rt firma tilbyr reservedeler og ombyggingstjenester for \u00e5 forlenge levetiden til b\u00f8ttesylinderen din.<\/p>\n<p><img decoding=\"async\" src=\"https:\/\/www.hydraulic-cylinders.net\/wp-content\/uploads\/2025\/01\/songte-chushion-collar.webp\" alt=\"Montering av b\u00f8ttesylinder\" \/><\/p>\n<h3>Sikkerhetshensyn og milj\u00f8faktorer<\/h3>\n<p>N\u00e5r du bruker b\u00f8ttesylinderen, er det viktig \u00e5 f\u00f8lge sikkerhetsregler for \u00e5 forhindre ulykker og skader. Det er ogs\u00e5 viktig \u00e5 vurdere milj\u00f8faktorer, som for eksempel virkningen av hydraulisk v\u00e6skelekkasje p\u00e5 milj\u00f8et og hvordan avfall skal kastes p\u00e5 riktig m\u00e5te.<\/p>\n<h3>Feils\u00f8king og vanlige problemer med skuffesylinder for Doosan liten gravemaskin DH55-5<\/h3>\n<p>Vanlige problemer som kan oppst\u00e5 med b\u00f8ttesylinderen inkluderer oljelekkasje, sylinderavdrift og utilstrekkelig kraft. V\u00e5re feils\u00f8kingstips og l\u00f8sninger hjelper med \u00e5 diagnostisere og l\u00f8se disse problemene effektivt. Det anbefales ogs\u00e5 \u00e5 ta forebyggende tiltak for \u00e5 minimere potensielle problemer.<\/p>\n<p><img decoding=\"async\" src=\"https:\/\/www.hydraulic-cylinders.net\/wp-content\/uploads\/2025\/01\/songte-bushings-with-all-kinds-of-excavator-models.webp\" alt=\"B\u00f8ttesylinderforinger\" \/><\/p>\n<h2>Om selskapet v\u00e5rt<\/h2>\n<p>Vi er en produsent av hydrauliske sylindere som kan erstatte konvensjonelle hydrauliske sylindere. V\u00e5rt firma tilbyr et komplett utvalg av hydrauliske sylindere og har blitt en av de ledende produsentene og grossistdistribut\u00f8rene i det innenlandske og internasjonale markedet. Vi f\u00f8lger prinsippene om utmerket kvalitet, er avhengige av industrialiserte produksjonsstyringsstrategier og har kontinuerlig forbedret v\u00e5re produksjonsplattformer ved \u00e5 bruke teknologiske talenter, digitalisert avansert produksjonsutstyr og profesjonelle testsystemer. Vi har en sterk evne til \u00e5 lage h\u00f8yeffektive, presise og h\u00f8ykvalitetsprodukter for \u00e5 m\u00f8te v\u00e5re kunders ulike behov.<\/p>\n<p><img decoding=\"async\" src=\"https:\/\/hzpt.com\/wp-content\/uploads\/2024\/11\/songte-company-1.webp\" alt=\"Selskapsoversikt\" \/><\/p>\n<h3>V\u00e5r ekspertise<\/h3>\n<p>V\u00e5rt firma har ekspertise innen f\u00f8lgende omr\u00e5der:<\/p>\n<ul>\n<li>Internasjonal sertifisering: Produktene v\u00e5re har best\u00e5tt en rekke internasjonale sertifiseringer, inkludert ISO9001, CE, SGS og TUV. <\/li>\n<li>Tilpassede tjenester: V\u00e5rt firma kan tilby tilpassede tjenester i henhold til kundenes behov, for eksempel skreddersydd produktdesign, tilpasset emballasje, etc.<\/li>\n<li>Produksjonsutstyr: Vi bruker avansert CNC-maskineringsutstyr, avansert sveiseutstyr og diverse testutstyr for \u00e5 sikre produktkvalitet.<\/li>\n<li>Ettersalgsservice: Vi tilbyr omfattende ettersalgsst\u00f8tte, inkludert installasjon, vedlikehold og reparasjonstjenester.<\/li>\n<\/ul>\n<p>Takk for at du vurderer produktene v\u00e5re. For mer informasjon, vennligst bes\u00f8k nettstedet v\u00e5rt eller kontakt oss direkte.<\/p>\n<footer>Forfatter: lyl<\/footer>","protected":false},"excerpt":{"rendered":"<p>Bucket Cylinder For Doosan Small Excavator DH55-5 Introduction Defining Bucket Cylinder for Doosan Small Excavator DH55-5 A bucket cylinder is a specially designed hydraulic cylinder that is primarily used to control the movement of the bucket in heavy machinery such as excavators, backhoe loaders, and front-end loaders. Its main function is to enable the bucket [&hellip;]<\/p>","protected":false},"featured_media":14784,"comment_status":"open","ping_status":"closed","template":"","meta":{"_et_pb_use_builder":"","_et_pb_old_content":"","_et_gb_content_width":""},"product_brand":[],"product_cat":[1494],"product_tag":[1495,1496],"class_list":{"0":"post-15271","1":"product","2":"type-product","3":"status-publish","4":"has-post-thumbnail","6":"product_cat-bucket-cylinders","7":"product_tag-bucket-cylinders","8":"product_tag-hydraulic-cylinders","10":"first","11":"instock","12":"shipping-taxable","13":"product-type-simple"},"amp_enabled":true,"_links":{"self":[{"href":"https:\/\/www.hydraulic-cylinders.net\/nb\/wp-json\/wp\/v2\/product\/15271","targetHints":{"allow":["GET"]}}],"collection":[{"href":"https:\/\/www.hydraulic-cylinders.net\/nb\/wp-json\/wp\/v2\/product"}],"about":[{"href":"https:\/\/www.hydraulic-cylinders.net\/nb\/wp-json\/wp\/v2\/types\/product"}],"replies":[{"embeddable":true,"href":"https:\/\/www.hydraulic-cylinders.net\/nb\/wp-json\/wp\/v2\/comments?post=15271"}],"wp:featuredmedia":[{"embeddable":true,"href":"https:\/\/www.hydraulic-cylinders.net\/nb\/wp-json\/wp\/v2\/media\/14784"}],"wp:attachment":[{"href":"https:\/\/www.hydraulic-cylinders.net\/nb\/wp-json\/wp\/v2\/media?parent=15271"}],"wp:term":[{"taxonomy":"product_brand","embeddable":true,"href":"https:\/\/www.hydraulic-cylinders.net\/nb\/wp-json\/wp\/v2\/product_brand?post=15271"},{"taxonomy":"product_cat","embeddable":true,"href":"https:\/\/www.hydraulic-cylinders.net\/nb\/wp-json\/wp\/v2\/product_cat?post=15271"},{"taxonomy":"product_tag","embeddable":true,"href":"https:\/\/www.hydraulic-cylinders.net\/nb\/wp-json\/wp\/v2\/product_tag?post=15271"}],"curies":[{"name":"wp","href":"https:\/\/api.w.org\/{rel}","templated":true}]}}