{"id":15275,"date":"2025-01-19T14:19:32","date_gmt":"2025-01-19T14:19:32","guid":{"rendered":"https:\/\/www.hydraulic-cylinders.net\/product\/bucket-cylinder-for-doosan-middle-excavator-dh200-5-7\/"},"modified":"2025-01-19T14:19:34","modified_gmt":"2025-01-19T14:19:34","slug":"bucket-cylinder-for-doosan-middle-excavator-dh200-5-7","status":"publish","type":"product","link":"https:\/\/www.hydraulic-cylinders.net\/nb\/produkt\/bucket-cylinder-for-doosan-middle-excavator-dh200-5-7\/","title":{"rendered":"B\u00f8ttesylinder for Doosan mellomgraver DH200-5-7"},"content":{"rendered":"<h1>Skuffesylinder for Doosan mellomgraver DH200-5-7<\/h1>\n<h2>Introduksjon<\/h2>\n<p>En skuffesylinder er en spesialdesignet hydraulisk sylinder som prim\u00e6rt brukes til \u00e5 kontrollere bevegelsen til skuffen i tunge maskiner som gravemaskiner, traktorgravere og frontlastere. Hovedfunksjonen er \u00e5 gj\u00f8re det mulig for skuffen \u00e5 l\u00f8fte, senke og tilte, noe som gj\u00f8r det enklere \u00e5 h\u00e5ndtere ulike materialh\u00e5ndteringsoppgaver. I det hydrauliske systemet kontrollerer skuffesylinderen den presise bevegelsen til skuffen gjennom endringer i hydraulikkoljetrykket, slik at operat\u00f8rer kan h\u00e5ndtere tunge laster effektivt og tilpasse seg komplekse arbeidsmilj\u00f8er og ulike jobbkrav.<\/p>\n<p><img decoding=\"async\" src=\"https:\/\/www.hydraulic-cylinders.net\/wp-content\/uploads\/2025\/01\/songte-company-2.webp\" alt=\"Bilde av b\u00f8ttesylinder\"><\/p>\n<h2>Funksjoner<\/h2>\n<ul>\n<li>\n<h3>H\u00f8y styrke og holdbarhet<\/h3>\n<p>Skuffesylinderne er vanligvis laget av h\u00f8yfast st\u00e5l eller aluminium, som t\u00e5ler h\u00f8yt trykk og tunge belastninger, og tilpasser seg t\u00f8ffe arbeidsforhold. Designet tar hensyn til slitestyrke og korrosjonsbestandighet, noe som forlenger levetiden.<\/p>\n<\/li>\n<li>\n<h3>Effektiv hydraulisk drift<\/h3>\n<p>Det hydrauliske trykket brukes til \u00e5 oppn\u00e5 jevne forlengelses- og sammentrekningsbevegelser, noe som gir rask respons p\u00e5 kontrollkommandoer, kraftige skyv-trekkkrefter og er egnet for h\u00e5ndtering av tunge belastninger og komplekse arbeidsoppgaver.<\/p>\n<\/li>\n<li>\n<h3>Ulike typer<\/h3>\n<p>Skuffesylinderne kan v\u00e6re enkeltvirkende (ved bruk av hydraulikk i kun \u00e9n retning) eller dobbeltvirkende (ved bruk av hydraulikk i begge retninger) avhengig av driftskravene. Noen modeller er teleskopiske, noe som gir st\u00f8rre forlengelse uten \u00e5 \u00f8ke de ytre m\u00e5lene, noe som gj\u00f8r dem egnet for bruksomr\u00e5der med begrenset plass.<\/p>\n<\/li>\n<li>\n<h3>Perfekt erstatning<\/h3>\n<p>Produktene v\u00e5re kan erstatte disse hydrauliske sylindrene perfekt.<\/p>\n<\/li>\n<\/ul>\n<p><img decoding=\"async\" src=\"https:\/\/www.hydraulic-cylinders.net\/wp-content\/uploads\/2025\/01\/songte-cylinder-head-with-all-kinds-excavator-models.webp\" alt=\"Bilde av erstatning av b\u00f8ttesylinder\"><\/p>\n<h2>Bruksomr\u00e5der<\/h2>\n<p>Skuffesylindere er mye brukt i forskjellige maskiner, for eksempel:<\/p>\n<ul>\n<li>\n<h3>Anleggsutstyr<\/h3>\n<p>I gravemaskiner er de viktige for graving, lasting og flytting av jord eller rusk. I gravemaskinlastere hjelper skuffesylinderen med b\u00e5de graving og l\u00f8fting. <\/p>\n<\/li>\n<li>\n<h3>Landbruksmaskiner<\/h3>\n<p>Brukes i frontlastere for \u00e5 utarbeide, l\u00f8fte og transportere jord, h\u00f8y og andre materialer.<\/p>\n<\/li>\n<li>\n<h3>Gravemaskiner<\/h3>\n<p>Skuffesylinderen tillater penetrering av jorden for \u00e5 oppn\u00e5 utgraving.<\/p>\n<\/li>\n<li>\n<h3>Lastere<\/h3>\n<p>I frontlastere hjelper de med \u00e5 l\u00f8fte og dumpe gods effektivt.<\/p>\n<\/li>\n<\/ul>\n<h2>Designhensyn og utvalgskriterier<\/h2>\n<ul>\n<li>\n<h3>B\u00e6reevne<\/h3>\n<p>Sylinderen m\u00e5 ha tilstrekkelig b\u00e6reevne for \u00e5 sikre sikker drift og forhindre overbelastning. <\/p>\n<\/li>\n<li>\n<h3>Tetting<\/h3>\n<p>Stempelpakningen, stangpakningen og andre pakninger m\u00e5 v\u00e6re laget av slitesterke materialer som polyuretan og nitrilgummi for \u00e5 forlenge levetiden. <\/p>\n<\/li>\n<li>\n<h3>Varighet<\/h3>\n<p>Sylinderhuset og gjengeendeflaten m\u00e5 gjennomg\u00e5 finbearbeiding for \u00e5 forbedre slitestyrken. <\/p>\n<\/li>\n<li>\n<h3>Sikkerhet<\/h3>\n<p>Sylinderen m\u00e5 v\u00e6re utstyrt med sikkerhetsinnretninger for \u00e5 forhindre ulykker for\u00e5rsaket av plutselige trykkfall eller for store belastninger. <\/p>\n<\/li>\n<li>\n<h3>Vedlikeholdbarhet<\/h3>\n<p>Sylinderen m\u00e5 v\u00e6re enkel \u00e5 demontere og montere, skifte ut skadede deler og vedlikeholde.<\/p>\n<\/li>\n<\/ul>\n<p><img decoding=\"async\" src=\"https:\/\/www.hydraulic-cylinders.net\/wp-content\/uploads\/2025\/01\/songte-oil-pipes-and-spare-parts.webp\" alt=\"Bilde av reservedeler\"><\/p>\n<h2>Tetting og sm\u00f8ring<\/h2>\n<p>Ulike tetningskomponenter som stempeltetninger og stangtetninger brukes for \u00e5 forhindre oljelekkasje og sikre sm\u00f8ring av bevegelige komponenter. Tetningene er laget av slitesterke materialer som polyuretan og nitrilgummi, og sylinderhuset og gjengeenden er finbearbeidet for \u00e5 forbedre slitestyrken. Sylinderen m\u00e5 ogs\u00e5 regelmessig fylles med en passende mengde hydraulisk olje for sm\u00f8ring.<\/p>\n<h2>Inspeksjon og forebyggende vedlikeholdstiltak<\/h2>\n<p>Regelmessige inspeksjoner, passende sm\u00f8ring, utskifting av pakninger og kalibreringskontroller er vanlige vedlikeholdsoppgaver. Riktig installasjon, sm\u00f8ring og justering er avgj\u00f8rende, og korrekt justering av sylinderen b\u00f8r s\u00f8rges for under installasjon. Det anbefales \u00e5 bruke passende monteringsbraketter for \u00e5 feste sylinderen. Anbefalte inspeksjons-, reparasjons- og utskiftingsprosedyrer er gitt, sammen med tips for \u00e5 forlenge sylinderens levetid.<\/p>\n<p><img decoding=\"async\" src=\"https:\/\/www.hydraulic-cylinders.net\/wp-content\/uploads\/2025\/01\/songte-chushion-collar.webp\" alt=\"Installasjonsbilde\"><\/p>\n<h2>Sikkerhetshensyn og milj\u00f8faktorer<\/h2>\n<p>Sikkerhetstiltak er avgj\u00f8rende n\u00e5r du bruker sylinderen. Det er n\u00f8dvendig \u00e5 s\u00f8rge for at sylinderen installeres og brukes riktig for \u00e5 forhindre ulykker. Milj\u00f8faktorer som temperatur, trykk og fuktighet m\u00e5 ogs\u00e5 vurderes for \u00e5 forhindre potensielle sikkerhetsfarer.<\/p>\n<h2>Vanlig feildiagnose og l\u00f8sninger<\/h2>\n<p>Vanlige feil som oljelekkasje, utilstrekkelig trykk og ustabil drift kan oppst\u00e5 under bruk av sylinderen. Sylinderh\u00e5ndboken gir feils\u00f8kingstips og l\u00f8sninger som hjelper leserne med \u00e5 diagnostisere og l\u00f8se problemer effektivt, og forebyggende tiltak for \u00e5 redusere potensielle problemer.<\/p>\n<p><img decoding=\"async\" src=\"https:\/\/www.hydraulic-cylinders.net\/wp-content\/uploads\/2025\/01\/songte-bushings-with-all-kinds-of-excavator-models.webp\" alt=\"Feildiagnosebilde\"><\/p>\n<h2>Om selskapet v\u00e5rt<\/h2>\n<p>Vi er en produsent av hydrauliske sylindererstatninger med et komplett produktsortiment, og har blitt en av de ledende produsentene og grossistene av hydrauliske sylindere i det innenlandske og internasjonale markedet. Vi f\u00f8lger prinsippene om utmerket kvalitet og er avhengige av den industrielle produksjonsstyringsstrategien til fine produksjonsverksteder med tekniske talenter, digitalt high-end produksjonsutstyr og profesjonelle testsystemer. V\u00e5rt selskap forbedrer kontinuerlig produksjonsplattformen til verkstedet, perfeksjonerer produktkvaliteten og har sterk produksjonsevne for \u00e5 m\u00f8te kundenes ulike behov med prinsippene om h\u00f8y effektivitet, h\u00f8y presisjon og h\u00f8y kvalitet.<\/p>\n<p><img decoding=\"async\" src=\"https:\/\/hzpt.com\/wp-content\/uploads\/2024\/11\/songte-company-1.webp\" alt=\"Selskapets image\"><\/p>\n<h3>Profesjonalitet<\/h3>\n<p>Vi har et profesjonelt design- og produksjonsteam som kan tilby kundene tilpassede tjenester for \u00e5 m\u00f8te deres spesifikke behov.<\/p>\n<h3>Internasjonal sertifisering<\/h3>\n<p>V\u00e5re produkter har oppn\u00e5dd ISO9001-, CE- og andre internasjonale sertifiseringer, noe som fullt ut demonstrerer v\u00e5r utmerkede produktkvalitet og serviceniv\u00e5.<\/p>\n<h3>Tilpasset tjeneste<\/h3>\n<p>Vi kan tilby tilpassede tjenester i henhold til kundenes ulike behov, og v\u00e5rt profesjonelle designteam kan gi kundene personlige l\u00f8sninger.<\/p>\n<h3>Produksjonsutstyr<\/h3>\n<p>Vi har avansert produksjonsutstyr som CNC-maskiner og testutstyr, som kan sikre h\u00f8y kvalitet og presisjon p\u00e5 produktene v\u00e5re.<\/p>\n<h3>Ettersalgsservice<\/h3>\n<p>Vi tilbyr kundene omfattende ettersalgstjenester, inkludert installasjonsveiledning, teknisk st\u00f8tte og vedlikeholdstjenester, for \u00e5 sikre at kundene kan bruke produktene v\u00e5re med ro i sinnet.<\/p>\n<p>Forfatter: lyl<\/p>","protected":false},"excerpt":{"rendered":"<p>Bucket Cylinder for Doosan Middle Excavator DH200-5-7 Introduction A bucket cylinder is a specially designed hydraulic cylinder that is primarily used to control the movement of the bucket in heavy machinery such as excavators, backhoe loaders, and front-end loaders. Its main function is to enable the bucket to lift, lower, and tilt, making it easier [&hellip;]<\/p>","protected":false},"featured_media":14776,"comment_status":"open","ping_status":"closed","template":"","meta":{"_et_pb_use_builder":"","_et_pb_old_content":"","_et_gb_content_width":""},"product_brand":[],"product_cat":[1494],"product_tag":[1495,1496],"class_list":{"0":"post-15275","1":"product","2":"type-product","3":"status-publish","4":"has-post-thumbnail","6":"product_cat-bucket-cylinders","7":"product_tag-bucket-cylinders","8":"product_tag-hydraulic-cylinders","10":"first","11":"instock","12":"shipping-taxable","13":"product-type-simple"},"amp_enabled":true,"_links":{"self":[{"href":"https:\/\/www.hydraulic-cylinders.net\/nb\/wp-json\/wp\/v2\/product\/15275","targetHints":{"allow":["GET"]}}],"collection":[{"href":"https:\/\/www.hydraulic-cylinders.net\/nb\/wp-json\/wp\/v2\/product"}],"about":[{"href":"https:\/\/www.hydraulic-cylinders.net\/nb\/wp-json\/wp\/v2\/types\/product"}],"replies":[{"embeddable":true,"href":"https:\/\/www.hydraulic-cylinders.net\/nb\/wp-json\/wp\/v2\/comments?post=15275"}],"wp:featuredmedia":[{"embeddable":true,"href":"https:\/\/www.hydraulic-cylinders.net\/nb\/wp-json\/wp\/v2\/media\/14776"}],"wp:attachment":[{"href":"https:\/\/www.hydraulic-cylinders.net\/nb\/wp-json\/wp\/v2\/media?parent=15275"}],"wp:term":[{"taxonomy":"product_brand","embeddable":true,"href":"https:\/\/www.hydraulic-cylinders.net\/nb\/wp-json\/wp\/v2\/product_brand?post=15275"},{"taxonomy":"product_cat","embeddable":true,"href":"https:\/\/www.hydraulic-cylinders.net\/nb\/wp-json\/wp\/v2\/product_cat?post=15275"},{"taxonomy":"product_tag","embeddable":true,"href":"https:\/\/www.hydraulic-cylinders.net\/nb\/wp-json\/wp\/v2\/product_tag?post=15275"}],"curies":[{"name":"wp","href":"https:\/\/api.w.org\/{rel}","templated":true}]}}