{"id":15281,"date":"2025-01-19T14:19:55","date_gmt":"2025-01-19T14:19:55","guid":{"rendered":"https:\/\/www.hydraulic-cylinders.net\/product\/bucket-cylinder-for-doosan-middle-excavator-dh220lc-9e\/"},"modified":"2025-01-19T14:20:04","modified_gmt":"2025-01-19T14:20:04","slug":"bucket-cylinder-for-doosan-middle-excavator-dh220lc-9e","status":"publish","type":"product","link":"https:\/\/www.hydraulic-cylinders.net\/nb\/produkt\/bucket-cylinder-for-doosan-middle-excavator-dh220lc-9e\/","title":{"rendered":"Skuffesylinder for Doosan mellomgraver DH220LC-9E"},"content":{"rendered":"<h1>Skuffesylinder for Doosan mellomgraver DH220LC-9E<\/h1>\n<h2>Introduksjon<\/h2>\n<p>Skuffesylinderen for Doosan mellomstor gravemaskin DH220LC-9E er en hydraulisk sylinder som er utviklet for \u00e5 kontrollere bevegelsen til skuffen i tunge maskiner som gravemaskiner, traktorgravere og frontlastere. Hovedfunksjonen er \u00e5 gj\u00f8re det mulig \u00e5 l\u00f8fte, senke og tilte skuffen, noe som gj\u00f8r det enklere \u00e5 utf\u00f8re ulike materialh\u00e5ndteringsoppgaver. I det hydrauliske systemet bruker skuffesylinderen trykket fra hydraulikkoljen til \u00e5 kontrollere skuffen presist, slik at operat\u00f8rer effektivt kan h\u00e5ndtere tunge laster, tilpasse seg komplekse arbeidsmilj\u00f8er og oppfylle ulike jobbkrav.<\/p>\n<p><img decoding=\"async\" src=\"https:\/\/www.hydraulic-cylinders.net\/wp-content\/uploads\/2025\/01\/songte-company-2.webp\" alt=\"Bilde av b\u00f8ttesylinder\"><\/p>\n<h2>Funksjoner<\/h2>\n<ul>\n<li>H\u00f8y styrke og holdbarhet: vanligvis laget av h\u00f8yfast st\u00e5l eller aluminium, t\u00e5ler h\u00f8yt trykk og tunge belastninger, egnet for t\u00f8ffe arbeidsmilj\u00f8er, designet med slitestyrke og korrosjonsbestandighet i tankene for \u00e5 forlenge levetiden.<\/li>\n<li>Effektiv hydraulisk drift: Bruk av hydraulikkoljetrykk for \u00e5 oppn\u00e5 jevn forlengelse og sammentrekning, i stand til \u00e5 reagere raskt p\u00e5 kontrollkommandoer, gir kraftig skyve- og trekkekraft, egnet for h\u00e5ndtering av tunge belastninger og komplekse arbeidsoppgaver.<\/li>\n<li>Ulike typer: enkeltvirkende (med hydraulikk i kun \u00e9n retning) eller dobbeltvirkende (med hydraulikk i to retninger) sylindere kan velges etter behov, noen modeller er teleskopiske, noe som gir st\u00f8rre forlengelse uten \u00e5 \u00f8ke de ytre m\u00e5lene, egnet for applikasjoner med begrenset plass.<\/li>\n<li>Perfekt erstatning: Produktene v\u00e5re kan erstatte disse hydrauliske sylindrene perfekt.<\/li>\n<\/ul>\n<p><img decoding=\"async\" src=\"https:\/\/www.hydraulic-cylinders.net\/wp-content\/uploads\/2025\/01\/songte-cylinder-head-with-all-kinds-excavator-models.webp\" alt=\"Bilde av utskifting av b\u00f8ttesylinder\"><\/p>\n<h2>Bruksomr\u00e5der<\/h2>\n<p>Skuffesylinderen til Doosan mellomgraver DH220LC-9E er mye brukt i ulike tunge maskiner, for eksempel:<\/p>\n<ul>\n<li>Anleggsutstyr: avgj\u00f8rende for utgraving, lasting og flytting av jord eller rusk i gravemaskiner og gravemaskiner; b\u00f8ttesylindere hjelper til med graving og l\u00f8fting i gravemaskiner.<\/li>\n<li>Landbruksmaskiner: brukes i frontlastere til \u00e5 m\u00e5ke, l\u00f8fte og transportere jord, h\u00f8y og andre materialer; skuffesylindere muliggj\u00f8r gravefunksjon ved \u00e5 la skuffen trenge ned i jorden i gravemaskiner.<\/li>\n<li>Laster: I frontlastere hjelper skuffesylindere med \u00e5 l\u00f8fte og dumpe varer effektivt.<\/li>\n<\/ul>\n<h2>Designhensyn og utvalgskriterier<\/h2>\n<p>Skuffesylinderen for Doosan mellomgraver DH220LC-9E er designet med flere viktige hensyn, som for eksempel:<\/p>\n<ul>\n<li>B\u00e6reevne: Sylinderen m\u00e5 kunne t\u00e5le de maksimale belastningene den vil bli utsatt for.<\/li>\n<li>Tetting: kritisk for \u00e5 forhindre lekkasjer og opprettholde hydraulisk trykk.<\/li>\n<li>Holdbarhet: Sylinderen m\u00e5 t\u00e5le t\u00f8ffe milj\u00f8er og tung bruk.<\/li>\n<li>Sikkerhet: Sylinderen m\u00e5 v\u00e6re utformet med sikkerhetsfunksjoner for \u00e5 forhindre ulykker eller skader.<\/li>\n<li>Vedlikeholdsvennlighet: Sylinderen m\u00e5 v\u00e6re enkel \u00e5 vedlikeholde og reparere for \u00e5 minimere nedetid.<\/li>\n<\/ul>\n<p><img decoding=\"async\" src=\"https:\/\/www.hydraulic-cylinders.net\/wp-content\/uploads\/2025\/01\/songte-oil-pipes-and-spare-parts.webp\" alt=\"Komponenter for b\u00f8ttesylinder\"><\/p>\n<h2>Tetting og sm\u00f8ring<\/h2>\n<p>Skuffesylinderen til Doosan mellomgraver DH220LC-9E bruker forskjellige tetningskomponenter som stempeltetninger, stangtetninger osv. laget av slitesterke materialer som polyuretan, nitrilgummi osv. Sylinderhuset og de gjengede endeflatene er fint bearbeidet for \u00e5 forbedre slitestyrken. Regelmessig sm\u00f8ring med riktig mengde hydraulikkolje er n\u00f8dvendig for problemfri drift.<\/p>\n<h2>Vedlikehold og reparasjon<\/h2>\n<p>Regelmessig inspeksjon, sm\u00f8ring og utskifting av pakninger er noen av de vanlige vedlikeholdsoppgavene for skuffesylinderen til Doosan mellomstor gravemaskin DH220LC-9E. Riktig installasjon, sm\u00f8ring og justering er avgj\u00f8rende for optimal ytelse. Riktig justering av sylinderen og bruk av passende monteringsbraketter anbefales. Vi tilbyr ogs\u00e5 reservedeler og ombyggingstjenester for \u00e5 forlenge sylinderens levetid.<\/p>\n<p><img decoding=\"async\" src=\"https:\/\/www.hydraulic-cylinders.net\/wp-content\/uploads\/2025\/01\/songte-chushion-collar.webp\" alt=\"Bilde av installasjon av b\u00f8ttesylinder\"><\/p>\n<h2>Sikkerhets- og milj\u00f8hensyn<\/h2>\n<p>Riktige sikkerhetstiltak m\u00e5 f\u00f8lges ved bruk av b\u00f8ttesylinderen til Doosan mellomstor gravemaskin DH220LC-9E. Hydrauliske systemer opererer med h\u00f8yt trykk og kan for\u00e5rsake alvorlige skader eller ulykker hvis de ikke h\u00e5ndteres riktig. Riktig avhending av brukt hydraulikkolje og andre komponenter er n\u00f8dvendig for \u00e5 minimere milj\u00f8p\u00e5virkningen.<\/p>\n<h2>Feils\u00f8king og vanlige problemer<\/h2>\n<p>Skuffesylinderen til Doosan mellomgraver DH220LC-9E kan st\u00f8te p\u00e5 problemer som lekkasje, redusert ytelse og skade p\u00e5 grunn av feil bruk eller slitasje. Riktig diagnose og rettidig reparasjon er n\u00f8dvendig for \u00e5 forhindre ytterligere skade. Vi tilbyr feils\u00f8kingstips og l\u00f8sninger for \u00e5 hjelpe leserne med \u00e5 diagnostisere og l\u00f8se problemer effektivt. Forebyggende tiltak foresl\u00e5s ogs\u00e5 for \u00e5 minimere potensielle problemer.<\/p>\n<p><img decoding=\"async\" src=\"https:\/\/www.hydraulic-cylinders.net\/wp-content\/uploads\/2025\/01\/songte-bushings-with-all-kinds-of-excavator-models.webp\" alt=\"Bilde av b\u00f8ttersylinderforinger\"><\/p>\n<h2>Om oss<\/h2>\n<p>Vi er en produsent av hydrauliske sylinderutskiftninger og tilbyr et bredt spekter av produkter. Vi er en av de ledende produsentene og grossistene av hydrauliske sylindere i det innenlandske og internasjonale markedet. Vi f\u00f8lger prinsippene om utmerket kvalitet, er avhengige av den industrialiserte produksjonsstyringsstrategien til det raffinerte produksjonsverkstedet, og forbedrer kontinuerlig verkstedets produksjonsplattform, forbedrer produktkvaliteten og har sterke innovasjonsevner. Vi tilfredsstiller kundenes ulike behov med prinsipper for h\u00f8y effektivitet, h\u00f8y presisjon og h\u00f8y kvalitet.<\/p>\n<p>Vi tilbyr profesjonelle, internasjonalt sertifiserte, tilpassede tjenester, og bruker avansert produksjonsutstyr og profesjonelle testsystemer. Vi tilbyr p\u00e5litelig produksjonsutstyr og utmerket ettersalgsservice.<\/p>\n<p><img decoding=\"async\" src=\"https:\/\/www.hydraulic-cylinders.net\/wp-content\/uploads\/2025\/01\/songte-company-3.webp\" alt=\"Selskapets image\"><\/p>\n<p><em>Forfatter: lyl<\/em><\/p>","protected":false},"excerpt":{"rendered":"<p>Bucket Cylinder For Doosan Middle Excavator DH220LC-9E Introduction The Bucket Cylinder for Doosan Middle Excavator DH220LC-9E is a hydraulic cylinder designed to control the movement of the bucket in heavy machinery such as excavators, backhoe excavators, and front-end loaders. Its main function is to enable the bucket to lift, lower, and tilt, making it easier [&hellip;]<\/p>","protected":false},"featured_media":14761,"comment_status":"open","ping_status":"closed","template":"","meta":{"_et_pb_use_builder":"","_et_pb_old_content":"","_et_gb_content_width":""},"product_brand":[],"product_cat":[1494],"product_tag":[1495,1496],"class_list":{"0":"post-15281","1":"product","2":"type-product","3":"status-publish","4":"has-post-thumbnail","6":"product_cat-bucket-cylinders","7":"product_tag-bucket-cylinders","8":"product_tag-hydraulic-cylinders","10":"first","11":"instock","12":"shipping-taxable","13":"product-type-simple"},"amp_enabled":true,"_links":{"self":[{"href":"https:\/\/www.hydraulic-cylinders.net\/nb\/wp-json\/wp\/v2\/product\/15281","targetHints":{"allow":["GET"]}}],"collection":[{"href":"https:\/\/www.hydraulic-cylinders.net\/nb\/wp-json\/wp\/v2\/product"}],"about":[{"href":"https:\/\/www.hydraulic-cylinders.net\/nb\/wp-json\/wp\/v2\/types\/product"}],"replies":[{"embeddable":true,"href":"https:\/\/www.hydraulic-cylinders.net\/nb\/wp-json\/wp\/v2\/comments?post=15281"}],"wp:featuredmedia":[{"embeddable":true,"href":"https:\/\/www.hydraulic-cylinders.net\/nb\/wp-json\/wp\/v2\/media\/14761"}],"wp:attachment":[{"href":"https:\/\/www.hydraulic-cylinders.net\/nb\/wp-json\/wp\/v2\/media?parent=15281"}],"wp:term":[{"taxonomy":"product_brand","embeddable":true,"href":"https:\/\/www.hydraulic-cylinders.net\/nb\/wp-json\/wp\/v2\/product_brand?post=15281"},{"taxonomy":"product_cat","embeddable":true,"href":"https:\/\/www.hydraulic-cylinders.net\/nb\/wp-json\/wp\/v2\/product_cat?post=15281"},{"taxonomy":"product_tag","embeddable":true,"href":"https:\/\/www.hydraulic-cylinders.net\/nb\/wp-json\/wp\/v2\/product_tag?post=15281"}],"curies":[{"name":"wp","href":"https:\/\/api.w.org\/{rel}","templated":true}]}}