{"id":15286,"date":"2025-01-19T14:20:24","date_gmt":"2025-01-19T14:20:24","guid":{"rendered":"https:\/\/www.hydraulic-cylinders.net\/product\/bucket-cylinder-for-doosan-large-excavator-dh320\/"},"modified":"2025-01-19T14:20:26","modified_gmt":"2025-01-19T14:20:26","slug":"bucket-cylinder-for-doosan-large-excavator-dh320","status":"publish","type":"product","link":"https:\/\/www.hydraulic-cylinders.net\/nb\/produkt\/bucket-cylinder-for-doosan-large-excavator-dh320\/","title":{"rendered":"Skuffesylinder for Doosan stor gravemaskin DH320"},"content":{"rendered":"<h1>Skuffesylinder for Doosan stor gravemaskin DH320<\/h1>\n<h2>Introduksjon<\/h2>\n<p>En b\u00f8ttesylinder for Doosan storgravemaskin DH320 er en spesialisert type hydraulisk sylinder som brukes til \u00e5 kontrollere bevegelsen til b\u00f8tten i tunge maskiner som gravemaskiner, traktorgravere og frontlastere. Hovedfunksjonen er \u00e5 l\u00f8fte, senke og vippe b\u00f8tten for enkel materialh\u00e5ndtering. I det hydrauliske systemet bruker b\u00f8ttesylinderen trykket fra hydraulikkoljen for \u00e5 oppn\u00e5 presis kontroll over b\u00f8tten, slik at operat\u00f8rer effektivt kan h\u00e5ndtere tunge gjenstander og tilpasse seg komplekse arbeidsmilj\u00f8er og ulike jobbkrav.<\/p>\n<p><img decoding=\"async\" src=\"https:\/\/www.hydraulic-cylinders.net\/wp-content\/uploads\/2025\/01\/songte-company-2.webp\"><\/p>\n<h2>Funksjoner<\/h2>\n<ul>\n<li>\n<h3>H\u00f8y styrke og holdbarhet<\/h3>\n<p>B\u00f8ttesylindere er vanligvis laget av h\u00f8yfast st\u00e5l eller aluminium, som t\u00e5ler h\u00f8yt trykk og tunge belastninger. De er konstruert for \u00e5 v\u00e6re slitesterke og korrosjonsbestandige, og dermed forlenge levetiden.<\/p>\n<\/li>\n<li>\n<h3>Effektiv hydraulisk drift<\/h3>\n<p>Skuffesylindere bruker trykket fra hydraulikkoljen for \u00e5 oppn\u00e5 jevne ekspansjons- og sammentrekningsbevegelser, reagere raskt p\u00e5 kontrollkommandoer og gi kraftige skyve- og trekkekrefter, noe som gj\u00f8r dem egnet for h\u00e5ndtering av tunge gjenstander og komplekse arbeidsoppgaver.<\/p>\n<\/li>\n<li>\n<h3>Ulike typer<\/h3>\n<p>Skuffesylindere kan v\u00e6re enkeltvirkende (bruker kun hydraulisk trykk i \u00e9n retning) eller dobbeltvirkende (bruker hydraulisk trykk i begge retninger) avhengig av driftskravene. Noen modeller er teleskopiske, noe som gir st\u00f8rre forlengelse uten \u00e5 \u00f8ke den utvendige st\u00f8rrelsen, noe som gj\u00f8r dem egnet for applikasjoner med begrenset plass.<\/p>\n<\/li>\n<li>\n<h3>Perfekt erstatning for hydrauliske sylindere<\/h3>\n<p>Produktene v\u00e5re kan erstatte disse hydrauliske sylindrene perfekt, og vi kan produsere dette produktet.<\/p>\n<\/li>\n<\/ul>\n<p><img decoding=\"async\" src=\"https:\/\/www.hydraulic-cylinders.net\/wp-content\/uploads\/2025\/01\/songte-cylinder-head-with-all-kinds-excavator-models.webp\"><\/p>\n<h2>Bruksomr\u00e5der<\/h2>\n<p>Skuffesylindere har ulike bruksomr\u00e5der i ulike bransjer, inkludert anleggsmaskiner, landbruksmaskiner, gravemaskiner og lastere:<\/p>\n<ul>\n<li>\n<h3>Anleggsutstyr<\/h3>\n<p>I gravemaskiner er skuffesylindere viktige for graving, lasting og flytting av jord eller rusk. I gravemaskiner hjelper skuffesylindere med b\u00e5de graving og l\u00f8fting. I lastere hjelper de med \u00e5 l\u00f8fte og vippe gods effektivt.<\/p>\n<\/li>\n<li>\n<h3>Landbruksmaskiner<\/h3>\n<p>Skuffesylindere brukes til frontlastere, for \u00e5 plukke opp, l\u00f8fte og transportere jord, h\u00f8y og andre materialer.<\/p>\n<\/li>\n<li>\n<h3>Gravemaskiner<\/h3>\n<p>Skuffesylinderen lar skuffen trenge ned i jorden for \u00e5 oppn\u00e5 gravefunksjon.<\/p>\n<\/li>\n<li>\n<h3>Lastere<\/h3>\n<p>Skuffesylindere hjelper til med \u00e5 l\u00f8fte og dumpe gods i frontlastere effektivt.<\/p>\n<\/li>\n<\/ul>\n<h2>Designhensyn og utvalgskriterier<\/h2>\n<p>N\u00e5r man vurderer design og valg av b\u00f8ttesylindere, b\u00f8r f\u00f8lgende faktorer vurderes:<\/p>\n<ul>\n<li>\n<h3>B\u00e6reevne<\/h3>\n<p>Sylinderen b\u00f8r v\u00e6re konstruert for \u00e5 t\u00e5le forventet belastning og trykk.<\/p>\n<\/li>\n<li>\n<h3>Tetting og holdbarhet<\/h3>\n<p>Sylinderen b\u00f8r v\u00e6re konstruert med tilstrekkelig tetning og holdbarhetsfunksjoner for \u00e5 sikre lang levetid.<\/p>\n<\/li>\n<li>\n<h3>Sikkerhet og vedlikehold<\/h3>\n<p>Sylinderen b\u00f8r v\u00e6re utformet for \u00e5 sikre sikkerhet under drift og enkelt vedlikehold.<\/p>\n<\/li>\n<\/ul>\n<p><img decoding=\"async\" src=\"https:\/\/www.hydraulic-cylinders.net\/wp-content\/uploads\/2025\/01\/songte-oil-pipes-and-spare-parts.webp\"><\/p>\n<h2>Tetting og sm\u00f8ring<\/h2>\n<p>B\u00f8ttesylindere bruker forskjellige tetningselementer som stempeltetninger og stangtetninger laget av slitesterke materialer som polyuretan og nitrilgummi. Sylinderhodet og gjengede endeflater er presist maskinert for \u00e5 forbedre slitestyrken. Regelmessig sm\u00f8ring med passende hydraulikkolje er n\u00f8dvendig for \u00e5 sikre jevn drift og lang levetid.<\/p>\n<h2>Vedlikehold og installasjon<\/h2>\n<p>Regelmessig vedlikehold og installasjon er viktig for \u00e5 sikre at b\u00f8ttesylinderen fungerer som den skal og har lang levetid. F\u00f8lgende vedlikeholdsoppgaver anbefales:<\/p>\n<ul>\n<li>\n<h3>Regelmessig inspeksjon<\/h3>\n<p>Regelmessig inspeksjon av sylinderens tetninger, beslag og andre komponenter er n\u00f8dvendig for \u00e5 sikre at de er i god stand og fungerer som de skal.<\/p>\n<\/li>\n<li>\n<h3>Sm\u00f8ring<\/h3>\n<p>Regelmessig sm\u00f8ring av sylinderen med riktig hydraulikkolje er n\u00f8dvendig for \u00e5 sikre problemfri drift og lang levetid.<\/p>\n<\/li>\n<li>\n<h3>Utskifting av tetning og kalibreringskontroll<\/h3>\n<p>Det kan v\u00e6re n\u00f8dvendig \u00e5 skifte pakninger med jevne mellomrom, og en kalibreringskontroll kan v\u00e6re n\u00f8dvendig for \u00e5 sikre at sylinderen fungerer som den skal.<\/p>\n<\/li>\n<\/ul>\n<p><img decoding=\"async\" src=\"https:\/\/www.hydraulic-cylinders.net\/wp-content\/uploads\/2025\/01\/songte-chushion-collar.webp\"><\/p>\n<h2>Sikkerhets- og milj\u00f8hensyn<\/h2>\n<p>Skuffesylindere skal installeres og brukes i henhold til anbefalte sikkerhetsprosedyrer for \u00e5 sikre f\u00f8rerens og milj\u00f8ets sikkerhet. Tilstrekkelige sikkerhetstiltak b\u00f8r iverksettes for \u00e5 forhindre utilsiktet skade og unng\u00e5 oljelekkasje eller s\u00f8l.<\/p>\n<h2>Diagnose og feils\u00f8king<\/h2>\n<p>Hvis sylinderen ikke fungerer som den skal, kan f\u00f8lgende problemer diagnostiseres:<\/p>\n<ul>\n<li>\n<h3>Lekkasje av tetninger<\/h3>\n<p>Hvis sylinderen lekker olje, kan det skyldes slitte pakninger som m\u00e5 byttes.<\/p>\n<\/li>\n<li>\n<h3>St\u00f8yende drift<\/h3>\n<p>Hvis sylinderen g\u00e5r mye st\u00f8y, kan det tyde p\u00e5 luftlommer i det hydrauliske systemet eller utilstrekkelig sm\u00f8ring.<\/p>\n<\/li>\n<li>\n<h3>Treg drift<\/h3>\n<p>Hvis sylinderen g\u00e5r sakte, kan det tyde p\u00e5 utilstrekkelig hydraulisk trykk eller en blokkert oljetilf\u00f8rsel.<\/p>\n<\/li>\n<\/ul>\n<p>F\u00f8lgende feils\u00f8kingstips og l\u00f8sninger kan v\u00e6re nyttige:<\/p>\n<ul>\n<li>\n<h3>Utskifting av tetning<\/h3>\n<p>Slitte tetninger b\u00f8r byttes ut med nye.<\/p>\n<\/li>\n<li>\n<h3>Lufting av hydraulikksystemet<\/h3>\n<p>Luftlommer i det hydrauliske systemet b\u00f8r luftes ut.<\/p>\n<\/li>\n<li>\n<h3>Sm\u00f8ring<\/h3>\n<p>Sylinderen b\u00f8r sm\u00f8res med riktig hydraulikkolje.<\/p>\n<\/li>\n<\/ul>\n<p><img decoding=\"async\" src=\"https:\/\/www.hydraulic-cylinders.net\/wp-content\/uploads\/2025\/01\/songte-bushings-with-all-kinds-of-excavator-models.webp\"><\/p>\n<h2>Om selskapet v\u00e5rt<\/h2>\n<p>Vi er en ledende produsent og grossist av hydrauliske sylindere i det innenlandske og internasjonale markedet. Vi har et komplett produktsortiment og f\u00f8lger strategien for industriell produksjonsstyring med utmerket kvalitet, og er avhengige av fine produksjonsverksteder, teknologiske talenter, digitalt, avansert produksjonsutstyr og profesjonelle testsystemer. V\u00e5r produksjonsplattform i verkstedet forbedres kontinuerlig, produktkvaliteten p\u00e5 produksjonslinjen er perfekt, og vi har sterk innovasjonsevne for \u00e5 m\u00f8te kundenes ulike behov med h\u00f8y effektivitet, presisjon og kvalitet.<\/p>\n<h3>Profesjonalitet<\/h3>\n<p>V\u00e5rt firma har profesjonell teknisk ekspertise og strenge kvalitetskontrolltiltak for \u00e5 sikre at produktene v\u00e5re oppfyller bransjestandarder og kundenes krav.<\/p>\n<h3>Internasjonal sertifisering<\/h3>\n<p>Produktene v\u00e5re er sertifiserte og oppfyller internasjonale standarder, som ISO, CE og SGS.<\/p>\n<h3>Tilpassede tjenester<\/h3>\n<p>Vi tilbyr skreddersydde tjenester for \u00e5 m\u00f8te spesifikke kundekrav.<\/p>\n<h3>Produksjonsutstyr<\/h3>\n<p>V\u00e5rt firma bruker avansert digitalt og h\u00f8yteknologisk produksjonsutstyr, som CNC-maskineringssentre, presisjonsslipemaskiner og automatiske sveisemaskiner, for \u00e5 sikre produktene v\u00e5re av h\u00f8yeste kvalitet.<\/p>\n<h3>Ettersalgsservice<\/h3>\n<p>V\u00e5rt firma tilbyr omfattende ettersalgsservice, inkludert produktvedlikehold, reparasjon og utskiftingstjenester.<\/p>\n<p><img decoding=\"async\" src=\"https:\/\/hzpt.com\/wp-content\/uploads\/2024\/11\/songte-company-1.webp\"><\/p>\n<p>Forfatter: lyl<\/p>","protected":false},"excerpt":{"rendered":"<p>Bucket Cylinder For Doosan Large Excavator DH320 Introduction A bucket cylinder for Doosan large excavator DH320 is a specialized type of hydraulic cylinder used to control the movement of the bucket in heavy machinery such as excavators, backhoe excavators, and front-end loaders. Its main function is to lift, lower, and tilt the bucket for easy [&hellip;]<\/p>","protected":false},"featured_media":14784,"comment_status":"open","ping_status":"closed","template":"","meta":{"_et_pb_use_builder":"","_et_pb_old_content":"","_et_gb_content_width":""},"product_brand":[],"product_cat":[1494],"product_tag":[1495,1496],"class_list":{"0":"post-15286","1":"product","2":"type-product","3":"status-publish","4":"has-post-thumbnail","6":"product_cat-bucket-cylinders","7":"product_tag-bucket-cylinders","8":"product_tag-hydraulic-cylinders","10":"first","11":"instock","12":"shipping-taxable","13":"product-type-simple"},"amp_enabled":true,"_links":{"self":[{"href":"https:\/\/www.hydraulic-cylinders.net\/nb\/wp-json\/wp\/v2\/product\/15286","targetHints":{"allow":["GET"]}}],"collection":[{"href":"https:\/\/www.hydraulic-cylinders.net\/nb\/wp-json\/wp\/v2\/product"}],"about":[{"href":"https:\/\/www.hydraulic-cylinders.net\/nb\/wp-json\/wp\/v2\/types\/product"}],"replies":[{"embeddable":true,"href":"https:\/\/www.hydraulic-cylinders.net\/nb\/wp-json\/wp\/v2\/comments?post=15286"}],"wp:featuredmedia":[{"embeddable":true,"href":"https:\/\/www.hydraulic-cylinders.net\/nb\/wp-json\/wp\/v2\/media\/14784"}],"wp:attachment":[{"href":"https:\/\/www.hydraulic-cylinders.net\/nb\/wp-json\/wp\/v2\/media?parent=15286"}],"wp:term":[{"taxonomy":"product_brand","embeddable":true,"href":"https:\/\/www.hydraulic-cylinders.net\/nb\/wp-json\/wp\/v2\/product_brand?post=15286"},{"taxonomy":"product_cat","embeddable":true,"href":"https:\/\/www.hydraulic-cylinders.net\/nb\/wp-json\/wp\/v2\/product_cat?post=15286"},{"taxonomy":"product_tag","embeddable":true,"href":"https:\/\/www.hydraulic-cylinders.net\/nb\/wp-json\/wp\/v2\/product_tag?post=15286"}],"curies":[{"name":"wp","href":"https:\/\/api.w.org\/{rel}","templated":true}]}}