{"id":15292,"date":"2025-01-19T14:20:47","date_gmt":"2025-01-19T14:20:47","guid":{"rendered":"https:\/\/www.hydraulic-cylinders.net\/product\/bucket-cylinder-for-doosan-large-excavator-d370l-9\/"},"modified":"2025-01-19T14:20:49","modified_gmt":"2025-01-19T14:20:49","slug":"bucket-cylinder-for-doosan-large-excavator-d370l-9","status":"publish","type":"product","link":"https:\/\/www.hydraulic-cylinders.net\/nb\/produkt\/bucket-cylinder-for-doosan-large-excavator-d370l-9\/","title":{"rendered":"Skuffesylinder for Doosan stor gravemaskin D370L-9"},"content":{"rendered":"<h1>Skuffesylinder for Doosan stor gravemaskin D370L-9<\/h1>\n<h2>Introduksjon<\/h2>\n<p>En skuffesylinder er en spesialdesignet hydraulisk sylinder som brukes til \u00e5 kontrollere bevegelsen til skuffer i tunge maskiner som gravemaskiner, traktorgravere og frontlastere. Hovedfunksjonen er \u00e5 la skuffen l\u00f8fte, senke og vippe, noe som gj\u00f8r det enklere \u00e5 h\u00e5ndtere ulike materialh\u00e5ndteringsoppgaver. I det hydrauliske systemet kontrollerer skuffesylinderen skuffens presise bevegelser gjennom endringer i hydraulikkoljetrykket, slik at operat\u00f8rer effektivt kan h\u00e5ndtere tunge laster og tilpasse seg komplekse arbeidsmilj\u00f8er og ulike jobbkrav.<\/p>\n<p><img decoding=\"async\" src=\"https:\/\/www.hydraulic-cylinders.net\/wp-content\/uploads\/2025\/01\/songte-company-2.webp\" alt=\"Skuffesylinder for Doosan stor gravemaskin D370L-9\"><\/p>\n<h2>Funksjoner<\/h2>\n<ul>\n<li>H\u00f8y styrke og holdbarhet: Vanligvis laget av h\u00f8yfast st\u00e5l eller aluminium, i stand til \u00e5 t\u00e5le h\u00f8yt trykk og tunge belastninger, og designet med hensyn til slitestyrke og korrosjonsmotstand for \u00e5 forlenge levetiden.<\/li>\n<li>Effektiv hydraulisk drift: Utnytter hydraulisk oljetrykk for \u00e5 oppn\u00e5 jevne forlengelses- og sammentrekningsbevegelser, i stand til \u00e5 reagere raskt p\u00e5 kontrollkommandoer og gi kraftige skyve- og trekkekrefter, egnet for h\u00e5ndtering av tunge belastninger og komplekse arbeidsoppgaver.<\/li>\n<li>Ulike typer: Kan velge mellom enkeltvirkende (hydraulisk kun i \u00e9n retning) eller dobbeltvirkende (hydraulisk i begge retninger) sylindere etter behov for \u00e5 m\u00f8te ulike driftskrav. Noen modeller er teleskopiske, noe som gir st\u00f8rre forlengelse uten \u00e5 \u00f8ke de ytre m\u00e5lene, egnet for applikasjoner med begrenset plass.<\/li>\n<li>Utskiftingsmulighet: Produktet v\u00e5rt kan erstatte disse hydrauliske sylindrene perfekt.<\/li>\n<\/ul>\n<p><img decoding=\"async\" src=\"https:\/\/www.hydraulic-cylinders.net\/wp-content\/uploads\/2025\/01\/songte-cylinder-head-with-all-kinds-excavator-models.webp\" alt=\"Skuffesylinder for Doosan stor gravemaskin D370L-9\"><\/p>\n<h2>Bruksomr\u00e5der<\/h2>\n<p>B\u00f8ttesylinderen er mye brukt i diverse utstyr, inkludert:<\/p>\n<h3>Anleggsutstyr<\/h3>\n<p>Anleggsmaskiner er i stor grad avhengige av gravemaskiner for graving, lasting og flytting av jord eller rusk. I gravemaskiner hjelper skuffesylindere med b\u00e5de graving og l\u00f8fting. Frontlastere bruker skuffesylindere for \u00e5 l\u00f8fte og tilte last effektivt.<\/p>\n<h3>Landbruksmaskiner<\/h3>\n<p>Brukes for frontlastere, for \u00e5 plukke opp, l\u00f8fte og transportere jord, h\u00f8y og andre materialer. I gravemaskiner oppn\u00e5r skuffesylindere gravefunksjoner ved \u00e5 la skuffen trenge ned i jorden. I frontlastere bidrar de til \u00e5 l\u00f8fte og dumpe varer effektivt.<\/p>\n<p><img decoding=\"async\" src=\"https:\/\/www.hydraulic-cylinders.net\/wp-content\/uploads\/2025\/01\/songte-bushings-with-all-kinds-of-excavator-models.webp\" alt=\"Skuffesylinder for Doosan stor gravemaskin D370L-9\"><\/p>\n<h2>Designhensyn og utvalgskriterier<\/h2>\n<p>Fra et designperspektiv m\u00e5 b\u00f8ttesylindere ta hensyn til b\u00e6reevne, tetting, holdbarhet, sikkerhet og vedlikehold. F\u00f8lgende punkter forklarer disse faktorene mer detaljert:<\/p>\n<h3>B\u00e6reevne<\/h3>\n<p>Sylinderen m\u00e5 ha tilstrekkelig styrke til \u00e5 t\u00e5le maksimal belastning uten \u00e5 deformeres. Det er viktig \u00e5 velge riktig sylinderst\u00f8rrelse for \u00e5 sikre maksimal ytelse og levetid.<\/p>\n<h3>Tetting<\/h3>\n<p>Sylinderen m\u00e5 ha tetninger av h\u00f8y kvalitet for \u00e5 forhindre lekkasjer og forurensning. Passende materialer, som polyuretan og nitrilgummi, b\u00f8r velges til tetningene for \u00e5 sikre slitestyrke og lang levetid.<\/p>\n<h3>Varighet<\/h3>\n<p>Sylinderkomponentene, som sylinderhuset og stempelstangen, b\u00f8r v\u00e6re laget av materialer av h\u00f8y kvalitet for \u00e5 t\u00e5le t\u00f8ffe arbeidsforhold og gi langvarig ytelse. Overflaten p\u00e5 sylinderhuset og gjengede ender b\u00f8r v\u00e6re finbearbeidet for \u00e5 forbedre slitestyrken.<\/p>\n<h3>Sikkerhet<\/h3>\n<p>Sikkerhet er av st\u00f8rste betydning n\u00e5r man arbeider med tungt utstyr. Skuffesylinderen b\u00f8r v\u00e6re utformet med sikkerhetsfunksjoner som trykkavlastningsventiler for \u00e5 forhindre overbelastning og sikkerhetsl\u00e5ser for \u00e5 forhindre ulykker for\u00e5rsaket av plutselig tap av hydraulisk trykk.<\/p>\n<h3>Vedlikehold<\/h3>\n<p>Regelmessig vedlikehold er n\u00f8dvendig for \u00e5 sikre optimal ytelse og levetid p\u00e5 b\u00f8ttesylinderen. Riktig sm\u00f8ring og utskifting av tetninger er avgj\u00f8rende for \u00e5 forhindre skade p\u00e5 sylinderens indre komponenter. Ved \u00e5 f\u00f8lge produsentens anbefalte vedlikeholdsplan kan b\u00f8ttesylinderens levetid forlenges betraktelig.<\/p>\n<p><img decoding=\"async\" src=\"https:\/\/www.hydraulic-cylinders.net\/wp-content\/uploads\/2025\/01\/songte-oil-pipes-and-spare-parts.webp\" alt=\"Skuffesylinder for Doosan stor gravemaskin D370L-9\"><\/p>\n<h2>Tetting og sm\u00f8ring<\/h2>\n<p>B\u00f8ttesylinderen bruker ulike tetningskomponenter, inkludert stempeltetninger og stangtetninger, for \u00e5 forhindre lekkasje av hydraulisk v\u00e6ske. H\u00f8ykvalitetstetninger laget av slitesterke materialer som polyuretan eller nitrilgummi m\u00e5 brukes for langvarig ytelse. Regelmessig sm\u00f8ring er n\u00f8dvendig for \u00e5 opprettholde sylinderens optimale ytelse og forhindre slitasje p\u00e5 indre deler p\u00e5 grunn av friksjon. Den hydrauliske sylinderen krever periodiske oljeskift avhengig av bruk og driftsforhold for \u00e5 sikre riktig sm\u00f8ring og beskytte indre komponenter mot skade.<\/p>\n<h2>Vedlikehold<\/h2>\n<p>Regelmessig vedlikehold og forebyggende tiltak forbedrer levetiden til b\u00f8ttesylinderen. Vanlige vedlikeholdsoppgaver inkluderer regelmessig inspeksjon, passende sm\u00f8ring, utskifting av tetninger og kalibreringskontroller. Riktig installasjon er avgj\u00f8rende for optimal ytelse. Under installasjon m\u00e5 sylinderen v\u00e6re riktig justert og festet sikkert p\u00e5 plass med passende monteringsbraketter. Anbefalte inspeksjons-, reparasjons- og utskiftingsprosedyrer b\u00f8r f\u00f8lges for \u00e5 sikre b\u00f8ttesylinderens optimale ytelse og levetid.<\/p>\n<p><img decoding=\"async\" src=\"https:\/\/www.hydraulic-cylinders.net\/wp-content\/uploads\/2025\/01\/songte-chushion-collar.webp\" alt=\"Skuffesylinder for Doosan stor gravemaskin D370L-9\"><\/p>\n<h2>Sikkerhetshensyn og milj\u00f8faktorer<\/h2>\n<p>Skuffesylinderen er en kritisk komponent i tungt maskineri og m\u00e5 designes og installeres med tanke p\u00e5 sikkerhet. Operat\u00f8rer m\u00e5 v\u00e6re oppl\u00e6rt til \u00e5 betjene maskineriet p\u00e5 en sikker m\u00e5te og f\u00f8lge alle sikkerhetsretningslinjer. Det er ogs\u00e5 viktig \u00e5 ta hensyn til milj\u00f8faktorer som st\u00f8yforurensning, luftforurensning og jordforurensning som f\u00f8lge av bruk av tungt maskineri.<\/p>\n<h2>Feils\u00f8king og vanlige problemer<\/h2>\n<p>Vanlige problemer med b\u00f8ttesylindere inkluderer lekkasje, d\u00e5rlig ytelse og unormale lyder. Regelmessig inspeksjon og vedlikehold kan forhindre de fleste problemer. Ved problemer b\u00f8r sylinderens hydrauliske system diagnostiseres n\u00f8ye for \u00e5 identifisere den underliggende \u00e5rsaken. Passende l\u00f8sninger b\u00f8r iverksettes for \u00e5 l\u00f8se problemet, og forebyggende tiltak b\u00f8r iverksettes for \u00e5 forhindre lignende problemer i fremtiden.<\/p>\n<h2>Om oss<\/h2>\n<p>Vi er en produsent som spesialiserer seg p\u00e5 produksjon av hydrauliske sylindere for utskifting. Produktene v\u00e5re dekker et bredt spekter av typer og har blitt en av de ledende produsentene og grossistdistribut\u00f8rene av hydrauliske sylindere i innenlandske og internasjonale markeder. Vi f\u00f8lger prinsippet om utmerket kvalitet, stoler p\u00e5 industrialiserte produksjonsstyringsstrategier i fine produksjonsverksteder, forbedrer kontinuerlig produksjonsplattformen v\u00e5r og perfeksjonerer v\u00e5r produktkvalitetsproduksjonsrute. Vi har en sterk kreativ evne til \u00e5 m\u00f8te kundenes ulike behov med effektive, presise og h\u00f8ykvalitetsprinsipper.<\/p>\n<p>V\u00e5rt selskaps styrker inkluderer:<\/p>\n<ul>\n<li>Profesjonalitet<\/li>\n<li>Internasjonal sertifisering<\/li>\n<li>Tilpasningstjenester<\/li>\n<li>Avansert produksjonsutstyr<\/li>\n<li>Ettersalgsservice<\/li>\n<\/ul>\n<p><img decoding=\"async\" src=\"https:\/\/hzpt.com\/wp-content\/uploads\/2024\/11\/songte-company-1.webp\" alt=\"Skuffesylinder for Doosan stor gravemaskin D370L-9\"><\/p>\n<p>Vi streber etter \u00e5 tilby kundene v\u00e5re produkter og tjenester av h\u00f8y kvalitet og sikre at de er forn\u00f8yde. Vi er forpliktet til kvalitet og forbedrer kontinuerlig v\u00e5re produkter og tjenester for \u00e5 m\u00f8te kundenes behov.<\/p>\n<p>Forfatter: lyl.<\/p>","protected":false},"excerpt":{"rendered":"<p>Bucket Cylinder For Doosan Large Excavator D370L-9 Introduction A bucket cylinder is a specially designed hydraulic cylinder used to control the movement of buckets in heavy machinery such as excavators, backhoes, and front-end loaders. Its primary function is to allow the bucket to lift, lower, and tilt, making it easier to handle various material handling [&hellip;]<\/p>","protected":false},"featured_media":14771,"comment_status":"open","ping_status":"closed","template":"","meta":{"_et_pb_use_builder":"","_et_pb_old_content":"","_et_gb_content_width":""},"product_brand":[],"product_cat":[1494],"product_tag":[1495,1496],"class_list":{"0":"post-15292","1":"product","2":"type-product","3":"status-publish","4":"has-post-thumbnail","6":"product_cat-bucket-cylinders","7":"product_tag-bucket-cylinders","8":"product_tag-hydraulic-cylinders","10":"first","11":"instock","12":"shipping-taxable","13":"product-type-simple"},"amp_enabled":true,"_links":{"self":[{"href":"https:\/\/www.hydraulic-cylinders.net\/nb\/wp-json\/wp\/v2\/product\/15292","targetHints":{"allow":["GET"]}}],"collection":[{"href":"https:\/\/www.hydraulic-cylinders.net\/nb\/wp-json\/wp\/v2\/product"}],"about":[{"href":"https:\/\/www.hydraulic-cylinders.net\/nb\/wp-json\/wp\/v2\/types\/product"}],"replies":[{"embeddable":true,"href":"https:\/\/www.hydraulic-cylinders.net\/nb\/wp-json\/wp\/v2\/comments?post=15292"}],"wp:featuredmedia":[{"embeddable":true,"href":"https:\/\/www.hydraulic-cylinders.net\/nb\/wp-json\/wp\/v2\/media\/14771"}],"wp:attachment":[{"href":"https:\/\/www.hydraulic-cylinders.net\/nb\/wp-json\/wp\/v2\/media?parent=15292"}],"wp:term":[{"taxonomy":"product_brand","embeddable":true,"href":"https:\/\/www.hydraulic-cylinders.net\/nb\/wp-json\/wp\/v2\/product_brand?post=15292"},{"taxonomy":"product_cat","embeddable":true,"href":"https:\/\/www.hydraulic-cylinders.net\/nb\/wp-json\/wp\/v2\/product_cat?post=15292"},{"taxonomy":"product_tag","embeddable":true,"href":"https:\/\/www.hydraulic-cylinders.net\/nb\/wp-json\/wp\/v2\/product_tag?post=15292"}],"curies":[{"name":"wp","href":"https:\/\/api.w.org\/{rel}","templated":true}]}}