{"id":15297,"date":"2025-01-19T14:21:13","date_gmt":"2025-01-19T14:21:13","guid":{"rendered":"https:\/\/www.hydraulic-cylinders.net\/product\/bucket-cylinder-for-doosan-large-excavator-dh420lc-7\/"},"modified":"2025-01-19T14:21:15","modified_gmt":"2025-01-19T14:21:15","slug":"bucket-cylinder-for-doosan-large-excavator-dh420lc-7","status":"publish","type":"product","link":"https:\/\/www.hydraulic-cylinders.net\/nb\/produkt\/bucket-cylinder-for-doosan-large-excavator-dh420lc-7\/","title":{"rendered":"Skuffesylinder for Doosan stor gravemaskin DH420LC-7"},"content":{"rendered":"<h1>Skuffesylinder for Doosan stor gravemaskin DH420LC-7<\/h1>\n<h2>Introduksjon<\/h2>\n<p>Skuffesylinderen til Doosan storgravemaskin DH420LC-7 er en spesialisert hydraulisk sylinder som er utviklet for \u00e5 kontrollere bevegelsen til skuffen i tunge maskiner som gravemaskiner, traktorgravere og lastere. Hovedfunksjonen er \u00e5 gj\u00f8re det mulig for skuffen \u00e5 l\u00f8fte, senke og vippe, noe som forenkler ulike materialh\u00e5ndteringsoppgaver. I hydrauliske systemer oppn\u00e5r skuffesylinderen presis kontroll over skuffebevegelsen gjennom trykkendringen i hydraulikkoljen, slik at operat\u00f8rer effektivt kan h\u00e5ndtere tunge laster og tilpasse seg komplekse arbeidsmilj\u00f8er og ulike jobbkrav.<\/p>\n<p><img decoding=\"async\" src=\"https:\/\/www.hydraulic-cylinders.net\/wp-content\/uploads\/2025\/01\/songte-company-2.webp\"><\/p>\n<h2>Funksjoner<\/h2>\n<ul>\n<li>H\u00f8y styrke og holdbarhet: vanligvis laget av h\u00f8yfast st\u00e5l eller aluminium, t\u00e5ler h\u00f8yt trykk og tunge belastninger, kan tilpasses t\u00f8ffe arbeidsmilj\u00f8er, er konstruert med slitestyrke og korrosjonsbestandighet i tankene, noe som forlenger levetiden.<\/li>\n<li>Effektiv hydraulisk drift: utnytter trykket fra hydraulikkoljen for \u00e5 oppn\u00e5 jevne forlengelses- og inntrekkingsbevegelser, reagerer raskt p\u00e5 kontrollkommandoer, gir kraftig skyve- og trekkkraft, egnet for h\u00e5ndtering av tunge belastninger og komplekse arbeidsoppgaver.<\/li>\n<li>Ulike typer: enkeltvirkende (med hydraulikk kun i \u00e9n retning) eller dobbeltvirkende (med hydraulikk i to retninger) sylindere kan velges i henhold til kravene for \u00e5 m\u00f8te ulike driftsbehov. Noen modeller er teleskopiske, noe som gir st\u00f8rre forlengelse uten \u00e5 \u00f8ke den ytre dimensjonen, egnet for plassbegrensede applikasjoner.<\/li>\n<li>Kan byttes ut med andre hydrauliske sylindere: Produktet v\u00e5rt kan erstatte disse hydrauliske sylinderene perfekt.<\/li>\n<\/ul>\n<p><img decoding=\"async\" src=\"https:\/\/www.hydraulic-cylinders.net\/wp-content\/uploads\/2025\/01\/songte-cylinder-head-with-all-kinds-excavator-models.webp\"><\/p>\n<h2>Bruksomr\u00e5der<\/h2>\n<p>Skuffesylindere er mye brukt i forskjellige tunge maskiner, inkludert, men ikke begrenset til:<\/p>\n<ul>\n<li>Anleggsutstyr: I gravemaskiner er de avgj\u00f8rende for graving, lasting og flytting av jord eller rusk. I gravemaskiner hjelper skuffesylinderen med b\u00e5de graving og l\u00f8fting. <\/li>\n<li>Landbruksmaskiner: brukes i frontlastere til \u00e5 \u00f8se, l\u00f8fte og transportere jord, h\u00f8y og andre materialer.<\/li>\n<li>Gravemaskiner: Skuffesylinderen muliggj\u00f8r gravefunksjon ved \u00e5 la skuffen trenge ned i jorden.<\/li>\n<li>Lastere: i frontlastere hjelper de med \u00e5 l\u00f8fte og dumpe gods effektivt.<\/li>\n<\/ul>\n<p>Hver applikasjon er utdypet nedenfor:<\/p>\n<h3>Anleggsutstyr<\/h3>\n<p>I gravemaskiner er skuffesylindere viktige for graving, lasting og flytting av jord eller rusk. I gravemaskiner hjelper de med b\u00e5de graving og l\u00f8fting. Skuffesylinderens styrke og holdbarhet gj\u00f8r at den t\u00e5ler t\u00f8ffe arbeidsforhold, mens den effektive hydrauliske driften muliggj\u00f8r raske og presise bevegelser, noe som forbedrer arbeidseffektiviteten og produktiviteten.<\/p>\n<h3>Landbruksmaskiner<\/h3>\n<p>Skuffesylindere brukes mye i frontlastere for \u00e5 ut\u00f8se, l\u00f8fte og transportere jord, h\u00f8y og andre materialer. Dette utstyret er avgj\u00f8rende for landbruksarbeid, da det muliggj\u00f8r rask og effektiv h\u00e5ndtering av avlinger og husdyrf\u00f4r, noe som sparer tid og l\u00f8nnskostnader.<\/p>\n<h3>Gravemaskiner<\/h3>\n<p>Skuffesylinderen er en kritisk komponent i gravemaskiner, slik at skuffen kan trenge ned i jorden for effektiv graving. Sylinderens styrke og holdbarhet, kombinert med den effektive hydrauliske driften, gir den n\u00f8dvendige kraften til \u00e5 grave ut selv det t\u00f8ffeste terrenget raskt og effektivt.<\/p>\n<h3>Lastere<\/h3>\n<p>I frontlastere hjelper skuffesylindre med \u00e5 l\u00f8fte og dumpe varer effektivt. Sylinderens effektive hydrauliske drift gir jevne og presise bevegelser, noe som sikrer at varer transporteres trygt og uten skader.<\/p>\n<p><img decoding=\"async\" src=\"https:\/\/www.hydraulic-cylinders.net\/wp-content\/uploads\/2025\/01\/songte-bushings-with-all-kinds-of-excavator-models.webp\"><\/p>\n<h2>Designhensyn og utvalgskriterier<\/h2>\n<p>Ved design og valg av b\u00f8ttesylindere m\u00e5 ulike faktorer vurderes, inkludert:<\/p>\n<ul>\n<li>B\u00e6reevne: Skuffesylinderen m\u00e5 v\u00e6re sterk nok til \u00e5 b\u00e6re vekten av lasten den b\u00e6rer.<\/li>\n<li>Tetningsevne: Sylinderen m\u00e5 ha et effektivt tetningssystem for \u00e5 forhindre hydrauliske lekkasjer og forurensning, og sikre korrekt funksjon.<\/li>\n<li>Holdbarhet: Sylinderen m\u00e5 v\u00e6re slitesterk nok til \u00e5 t\u00e5le t\u00f8ffe arbeidsmilj\u00f8er, noe som reduserer vedlikeholdsbehov og -kostnader.<\/li>\n<li>Sikkerhet: Sylinderen m\u00e5 v\u00e6re konstruert med sikkerhetsfunksjoner som sikrer sikker drift og forhindrer ulykker.<\/li>\n<li>Vedlikeholdsvennlighet: Sylinderen m\u00e5 v\u00e6re enkel \u00e5 vedlikeholde, slik at reparasjoner og utskifting av defekte deler kan gj\u00f8res raskt ved behov.<\/li>\n<\/ul>\n<p>V\u00e5re b\u00f8ttesylindere er designet og produsert for \u00e5 oppfylle disse kriteriene. Vi bruker materialer av h\u00f8y kvalitet og avanserte produksjonsteknikker for \u00e5 produsere sylindere som er sterke, slitesterke og p\u00e5litelige.<\/p>\n<p><img decoding=\"async\" src=\"https:\/\/www.hydraulic-cylinders.net\/wp-content\/uploads\/2025\/01\/songte-oil-pipes-and-spare-parts.webp\"><\/p>\n<h2>Tetting og sm\u00f8ring<\/h2>\n<p>V\u00e5re b\u00f8ttesylindere bruker forskjellige tetninger, som stempeltetninger og stangtetninger, laget av slitesterke materialer som polyuretan og nitrilgummi. Sylinderhuset og den gjengede endeflaten er fint bearbeidet for \u00e5 forbedre slitestyrken. Riktig sm\u00f8ring er ogs\u00e5 avgj\u00f8rende for \u00e5 sikre at sylinderen fungerer som den skal, og vi anbefaler \u00e5 bruke riktig mengde hydraulikkolje regelmessig.<\/p>\n<p><img decoding=\"async\" src=\"https:\/\/www.hydraulic-cylinders.net\/wp-content\/uploads\/2025\/01\/songte-chushion-collar.webp\"><\/p>\n<h2>Vedlikehold og reparasjon<\/h2>\n<p>Regelmessig vedlikehold og passende reparasjonstiltak kan forlenge b\u00f8ttesylinderens levetid og sikre effektiv drift. Vanlige vedlikeholdsoppgaver inkluderer regelmessig inspeksjon, sm\u00f8ring, utskifting av pakninger og kalibreringskontroller. Riktig installasjon, sm\u00f8ring og justering er avgj\u00f8rende for \u00e5 sikre sylinderens trygge og effektive drift. Vi anbefaler \u00e5 bruke passende monteringsbraketter for \u00e5 sikre sylinderen, og \u00e5 f\u00f8lge v\u00e5re anbefalte inspeksjons-, reparasjons- og utskiftingsprosedyrer for \u00e5 sikre best mulig resultat.<\/p>\n<h2>Sikkerhets- og milj\u00f8hensyn<\/h2>\n<p>B\u00f8ttesylindere m\u00e5 brukes med passende sikkerhetstiltak for \u00e5 forhindre ulykker og skader. Brukere m\u00e5 f\u00f8lge riktige driftsprosedyrer og s\u00f8rge for at utstyret er i god stand f\u00f8r bruk. Milj\u00f8hensyn inkluderer riktig avhending av brukt hydraulikkolje og brukte tetninger for \u00e5 unng\u00e5 forurensning av jord og vannkilder.<\/p>\n<h2>Feils\u00f8king og vanlige problemer<\/h2>\n<p>Vanlige problemer med b\u00f8ttesylindere inkluderer hydraulisk lekkasje, utilstrekkelig kraft og langsom bevegelse. Disse problemene kan v\u00e6re for\u00e5rsaket av ulike faktorer som slitte pakninger, skadede stenger eller stempler og utilstrekkelig oljetrykk. Riktig inspeksjon og diagnose er n\u00f8dvendig for \u00e5 finne den underliggende \u00e5rsaken til problemet og iverksette passende reparasjonstiltak. Vi tilbyr feils\u00f8kingstips og reparasjonsl\u00f8sninger for \u00e5 hjelpe brukere med \u00e5 diagnostisere og l\u00f8se problemer effektivt.<\/p>\n<h2>Om oss<\/h2>\n<p>Vi er en ledende produsent og grossist av hydrauliske sylindere, og spesialiserer oss p\u00e5 produksjon av hydrauliske reservesylindere. Med et komplett produktsortiment har vi som m\u00e5l \u00e5 tilfredsstille ulike kundebehov og tilby effektive og p\u00e5litelige hydrauliske sylindere. V\u00e5r bransjeledende produksjonsstrategi, st\u00f8ttet av avansert teknologi, profesjonelle talenter og sofistikert utstyr, sikrer utmerket produktkvalitet og kundetilfredshet.<\/p>\n<p>Vi er stolte av v\u00e5r profesjonalitet, internasjonale sertifiseringer, tilpassede tjenester, produksjonsutstyr og ettersalgsservice. V\u00e5rt oppdrag er \u00e5 tilby produkter og tjenester av h\u00f8y kvalitet, overg\u00e5 kundenes forventninger og fortsette \u00e5 vokse som en global leder innen hydrauliske sylindere.<\/p>\n<p><img decoding=\"async\" src=\"https:\/\/hzpt.com\/wp-content\/uploads\/2024\/11\/songte-company-1.webp\"><\/p>\n<p>Forfatter: lyl<\/p>","protected":false},"excerpt":{"rendered":"<p>Bucket Cylinder For Doosan Large Excavator DH420LC-7 Introduction The bucket cylinder for Doosan large excavator DH420LC-7 is a specialized hydraulic cylinder designed to control the movement of the bucket in heavy-duty machinery such as excavators, backhoes, and loaders. Its main function is to enable the bucket to lift, lower, and tilt, facilitating various material handling [&hellip;]<\/p>","protected":false},"featured_media":14789,"comment_status":"open","ping_status":"closed","template":"","meta":{"_et_pb_use_builder":"","_et_pb_old_content":"","_et_gb_content_width":""},"product_brand":[],"product_cat":[1494],"product_tag":[1495,1496],"class_list":{"0":"post-15297","1":"product","2":"type-product","3":"status-publish","4":"has-post-thumbnail","6":"product_cat-bucket-cylinders","7":"product_tag-bucket-cylinders","8":"product_tag-hydraulic-cylinders","10":"first","11":"instock","12":"shipping-taxable","13":"product-type-simple"},"amp_enabled":true,"_links":{"self":[{"href":"https:\/\/www.hydraulic-cylinders.net\/nb\/wp-json\/wp\/v2\/product\/15297","targetHints":{"allow":["GET"]}}],"collection":[{"href":"https:\/\/www.hydraulic-cylinders.net\/nb\/wp-json\/wp\/v2\/product"}],"about":[{"href":"https:\/\/www.hydraulic-cylinders.net\/nb\/wp-json\/wp\/v2\/types\/product"}],"replies":[{"embeddable":true,"href":"https:\/\/www.hydraulic-cylinders.net\/nb\/wp-json\/wp\/v2\/comments?post=15297"}],"wp:featuredmedia":[{"embeddable":true,"href":"https:\/\/www.hydraulic-cylinders.net\/nb\/wp-json\/wp\/v2\/media\/14789"}],"wp:attachment":[{"href":"https:\/\/www.hydraulic-cylinders.net\/nb\/wp-json\/wp\/v2\/media?parent=15297"}],"wp:term":[{"taxonomy":"product_brand","embeddable":true,"href":"https:\/\/www.hydraulic-cylinders.net\/nb\/wp-json\/wp\/v2\/product_brand?post=15297"},{"taxonomy":"product_cat","embeddable":true,"href":"https:\/\/www.hydraulic-cylinders.net\/nb\/wp-json\/wp\/v2\/product_cat?post=15297"},{"taxonomy":"product_tag","embeddable":true,"href":"https:\/\/www.hydraulic-cylinders.net\/nb\/wp-json\/wp\/v2\/product_tag?post=15297"}],"curies":[{"name":"wp","href":"https:\/\/api.w.org\/{rel}","templated":true}]}}