{"id":15300,"date":"2025-01-19T14:21:25","date_gmt":"2025-01-19T14:21:25","guid":{"rendered":"https:\/\/www.hydraulic-cylinders.net\/product\/bucket-cylinder-for-doosan-large-excavator-dh360\/"},"modified":"2025-01-19T14:21:27","modified_gmt":"2025-01-19T14:21:27","slug":"bucket-cylinder-for-doosan-large-excavator-dh360","status":"publish","type":"product","link":"https:\/\/www.hydraulic-cylinders.net\/nb\/produkt\/bucket-cylinder-for-doosan-large-excavator-dh360\/","title":{"rendered":"Skuffesylinder for Doosan stor gravemaskin DH360"},"content":{"rendered":"<p><!DOCTYPE html><br \/>\n<html><br \/>\n<head><br \/>\n  <title>Skuffesylinder for Doosan stor gravemaskin DH360<\/title><br \/>\n<\/head><br \/>\n<body><\/p>\n<h1>Skuffesylinder for Doosan stor gravemaskin DH360<\/h1>\n<h2>Introduksjon<\/h2>\n<p>Skuffesylinderen til Doosan storgravemaskin DH360 er en spesialdesignet hydraulisk sylinder som prim\u00e6rt brukes til \u00e5 kontrollere bevegelsen til skuffen i tunge maskiner som gravemaskiner, traktorgravere og frontlastere. Hovedfunksjonen er \u00e5 forenkle l\u00f8fting, senking og tilting av skuffen, noe som muliggj\u00f8r effektiv h\u00e5ndtering av ulike materialer. I et hydraulisk system oppn\u00e5r skuffesylinderen presis kontroll over skuffen ved \u00e5 utnytte trykkendringene i hydraulikkoljen, slik at operat\u00f8rer effektivt kan h\u00e5ndtere tunge laster og tilpasse seg komplekse arbeidsmilj\u00f8er og ulike jobbkrav.<\/p>\n<p>  <img decoding=\"async\" src=\"https:\/\/www.hydraulic-cylinders.net\/wp-content\/uploads\/2025\/01\/songte-company-2.webp\" alt=\"Produktbilde\"><\/p>\n<h2>Funksjoner<\/h2>\n<ul>\n<li>H\u00f8y styrke og holdbarhet: Skuffesylinderen er vanligvis laget av h\u00f8yfast st\u00e5l eller aluminium, og t\u00e5ler h\u00f8yt trykk og tunge belastninger, og tilpasser seg t\u00f8ffe arbeidsforhold. Designet tar ogs\u00e5 hensyn til slitestyrke og korrosjonsmotstand for \u00e5 forlenge levetiden.<\/li>\n<li>Effektiv hydraulisk drift: Ved \u00e5 utnytte trykket fra hydraulikkoljen oppn\u00e5r skuffesylinderen jevne forlengelses- og inntrekksbevegelser, noe som gir rask respons p\u00e5 kontrollkommandoer og kraftige skyve- og trekkkrefter. Den er egnet for h\u00e5ndtering av tunge belastninger og komplekse oppgaver.<\/li>\n<li>Ulike typer: Skuffesylinderen kan velges som enkeltvirkende (hydraulisk kraft p\u00e5f\u00f8res kun i \u00e9n retning) eller dobbeltvirkende (hydraulisk kraft p\u00e5f\u00f8res i begge retninger) for \u00e5 m\u00f8te ulike driftsbehov. Noen modeller er teleskopiske, noe som gir st\u00f8rre forlengelse uten \u00e5 \u00f8ke de ytre m\u00e5lene, noe som gj\u00f8r dem egnet for bruksomr\u00e5der med begrenset plass.<\/li>\n<li>Perfekt erstatning: Produktene v\u00e5re kan erstatte eksisterende hydrauliske sylindere perfekt. <img decoding=\"async\" src=\"https:\/\/www.hydraulic-cylinders.net\/wp-content\/uploads\/2025\/01\/songte-cylinder-head-with-all-kinds-excavator-models.webp\" alt=\"Produktutskiftningsbilde\"><\/li>\n<\/ul>\n<h2>Bruksomr\u00e5der<\/h2>\n<ul>\n<li>Anleggsutstyr: Finnes i gravemaskiner, og er avgj\u00f8rende for utgraving, lasting og materialflytting.<\/li>\n<li>Landbruksmaskiner: Brukes i frontlastere til \u00e5 utarbeide, l\u00f8fte og transportere jord, h\u00f8y og andre materialer.<\/li>\n<li>Gravemaskiner: Skuffesylinderen muliggj\u00f8r gravearbeidet ved \u00e5 la skuffen trenge ned i jorden.<\/li>\n<li>Lastere: Frontlastere hjelper til med \u00e5 l\u00f8fte og dumpe varer effektivt.<\/li>\n<\/ul>\n<h2>Designhensyn og utvalgskriterier<\/h2>\n<ul>\n<li>B\u00e6reevne: Skuffesylinderen er konstruert for \u00e5 t\u00e5le den spesifiserte lastekapasiteten.<\/li>\n<li>Tetting: Ulike tetninger, som stempeltetninger og stangtetninger, brukes for \u00e5 sikre god tetting. De er laget av slitesterke materialer som polyuretan og nitrilgummi.<\/li>\n<li>Holdbarhet: Sylinderhuset og de gjengede endeflatene er fint behandlet for \u00e5 forbedre slitestyrken.<\/li>\n<li>Sikkerhet: Sikkerhetstiltak er implementert for \u00e5 forhindre ulykker og sikre operat\u00f8rens sikkerhet.<\/li>\n<li>Vedlikehold: Skuffesylinderen er konstruert for enkelt vedlikehold og reparasjon.<\/li>\n<\/ul>\n<p>  <img decoding=\"async\" src=\"https:\/\/www.hydraulic-cylinders.net\/wp-content\/uploads\/2025\/01\/songte-oil-pipes-and-spare-parts.webp\" alt=\"Produktdesignbilde\"><\/p>\n<h2>Tetting og sm\u00f8ring<\/h2>\n<p>Skuffesylinderen bruker forskjellige tetninger, som stempeltetninger og stangtetninger, som er laget av slitesterke materialer som polyuretan og nitrilgummi. Sylinderhuset og gjengede endeflater er fint behandlet for \u00e5 forbedre slitestyrken. Regelmessig sm\u00f8ring med riktig mengde hydraulikkolje er n\u00f8dvendig for problemfri drift.<\/p>\n<h2>Regelmessig inspeksjon og forebyggende vedlikehold<\/h2>\n<ul>\n<li>Inspiser b\u00f8ttesylinderen regelmessig for tegn p\u00e5 lekkasje, skade eller slitasje.<\/li>\n<li>S\u00f8rg for riktig sm\u00f8ring av sylinderen og dens komponenter.<\/li>\n<li>Skift pakninger n\u00e5r det er n\u00f8dvendig for \u00e5 opprettholde riktig tetningsevne.<\/li>\n<li>Utf\u00f8r kalibreringskontroller for \u00e5 sikre at b\u00f8ttesylinderen fungerer n\u00f8yaktig.<\/li>\n<\/ul>\n<h2>Riktige retningslinjer for produktinstallasjon<\/h2>\n<p>Riktig montering av b\u00f8ttesylinderen er viktig for \u00e5 sikre optimal ytelse og levetid. F\u00f8lg disse retningslinjene:<\/p>\n<ul>\n<li>Juster sylinderen riktig under installasjonen.<\/li>\n<li>Bruk passende monteringsbraketter for \u00e5 feste sylinderen.<\/li>\n<li>F\u00f8lg anbefalte prosedyrer for inspeksjon, reparasjon og utskifting.<\/li>\n<li>Gi tips for \u00e5 forlenge levetiden til b\u00f8ttesylinderen.<\/li>\n<\/ul>\n<p>  <img decoding=\"async\" src=\"https:\/\/www.hydraulic-cylinders.net\/wp-content\/uploads\/2025\/01\/songte-chushion-collar.webp\" alt=\"Bilde av installasjonsveiledningen\"><\/p>\n<h2>Sikkerhetshensyn og milj\u00f8faktorer<\/h2>\n<p>N\u00e5r du bruker b\u00f8ttesylinderen, er det viktig \u00e5 prioritere sikkerhetstiltak for \u00e5 forhindre ulykker og sikre et trygt arbeidsmilj\u00f8.<\/p>\n<h2>Feils\u00f8king og vanlige problemer<\/h2>\n<p>Identifiser potensielle problemer og gi feils\u00f8kingstips og l\u00f8sninger for effektiv problemdiagnose og -l\u00f8sning. Legg vekt p\u00e5 forebyggende tiltak for \u00e5 minimere potensielle problemer.<\/p>\n<p>  <img decoding=\"async\" src=\"https:\/\/www.hydraulic-cylinders.net\/wp-content\/uploads\/2025\/01\/songte-bushings-with-all-kinds-of-excavator-models.webp\" alt=\"Feils\u00f8kingsbilde\"><\/p>\n<h2>Om selskapet v\u00e5rt<\/h2>\n<p>Vi er en produsent av hydrauliske sylindere for utskifting og en av de ledende produsentene og grossistdistribut\u00f8rene i det innenlandske og internasjonale markedet. V\u00e5rt selskap fokuserer p\u00e5 utmerket kvalitet og benytter industrialiserte produksjonsstyringsstrategier i v\u00e5rt raffinerte produksjonsverksted. Med sterk kreativitet m\u00f8ter vi kundenes ulike behov basert p\u00e5 prinsippene om effektivitet, presisjon og h\u00f8y kvalitet.<\/p>\n<p>  <img decoding=\"async\" src=\"https:\/\/hzpt.com\/wp-content\/uploads\/2024\/11\/songte-company-1.webp\" alt=\"Selskapets image\"><\/p>\n<h3>Profesjonalitet:<\/h3>\n<p>Vi f\u00f8lger de h\u00f8yeste standarder for profesjonalitet og ekspertise innen produksjon av hydrauliske sylindere.<\/p>\n<h3>Internasjonale sertifiseringer:<\/h3>\n<p>Produktene v\u00e5re oppfyller internasjonale sertifiseringer for \u00e5 sikre kvalitet og p\u00e5litelighet.<\/p>\n<h3>Tilpasningstjenester:<\/h3>\n<p>Vi tilbyr tilpasningstjenester for \u00e5 m\u00f8te spesifikke kundekrav.<\/p>\n<h3>Produksjonsutstyr:<\/h3>\n<p>Vi bruker avansert produksjonsutstyr for \u00e5 sikre presisjonen og kvaliteten p\u00e5 produktene v\u00e5re.<\/p>\n<h3>Ettersalgsservice:<\/h3>\n<p>Vi tilbyr omfattende ettersalgstjenester for \u00e5 hjelpe kunder med eventuelle problemer eller bekymringer.<\/p>\n<p>  <img decoding=\"async\" src=\"https:\/\/www.hydraulic-cylinders.net\/wp-content\/uploads\/2025\/01\/songte-company-3.webp\" alt=\"Bilde av selskapsinformasjon\"><\/p>\n<p>Forfatter: lyl<\/p>\n<p><\/body><br \/>\n<\/html><\/p>","protected":false},"excerpt":{"rendered":"<p>Bucket Cylinder For Doosan Large Excavator DH360 Bucket Cylinder For Doosan Large Excavator DH360 Introduction The bucket cylinder for Doosan large excavator DH360 is a specially designed hydraulic cylinder that is primarily used to control the movement of the bucket in heavy machinery such as excavators, backhoe loaders, and front loaders. Its main function is [&hellip;]<\/p>","protected":false},"featured_media":14785,"comment_status":"open","ping_status":"closed","template":"","meta":{"_et_pb_use_builder":"","_et_pb_old_content":"","_et_gb_content_width":""},"product_brand":[],"product_cat":[1494],"product_tag":[1495,1496],"class_list":{"0":"post-15300","1":"product","2":"type-product","3":"status-publish","4":"has-post-thumbnail","6":"product_cat-bucket-cylinders","7":"product_tag-bucket-cylinders","8":"product_tag-hydraulic-cylinders","10":"first","11":"instock","12":"shipping-taxable","13":"product-type-simple"},"amp_enabled":true,"_links":{"self":[{"href":"https:\/\/www.hydraulic-cylinders.net\/nb\/wp-json\/wp\/v2\/product\/15300","targetHints":{"allow":["GET"]}}],"collection":[{"href":"https:\/\/www.hydraulic-cylinders.net\/nb\/wp-json\/wp\/v2\/product"}],"about":[{"href":"https:\/\/www.hydraulic-cylinders.net\/nb\/wp-json\/wp\/v2\/types\/product"}],"replies":[{"embeddable":true,"href":"https:\/\/www.hydraulic-cylinders.net\/nb\/wp-json\/wp\/v2\/comments?post=15300"}],"wp:featuredmedia":[{"embeddable":true,"href":"https:\/\/www.hydraulic-cylinders.net\/nb\/wp-json\/wp\/v2\/media\/14785"}],"wp:attachment":[{"href":"https:\/\/www.hydraulic-cylinders.net\/nb\/wp-json\/wp\/v2\/media?parent=15300"}],"wp:term":[{"taxonomy":"product_brand","embeddable":true,"href":"https:\/\/www.hydraulic-cylinders.net\/nb\/wp-json\/wp\/v2\/product_brand?post=15300"},{"taxonomy":"product_cat","embeddable":true,"href":"https:\/\/www.hydraulic-cylinders.net\/nb\/wp-json\/wp\/v2\/product_cat?post=15300"},{"taxonomy":"product_tag","embeddable":true,"href":"https:\/\/www.hydraulic-cylinders.net\/nb\/wp-json\/wp\/v2\/product_tag?post=15300"}],"curies":[{"name":"wp","href":"https:\/\/api.w.org\/{rel}","templated":true}]}}