{"id":15305,"date":"2025-01-19T14:21:46","date_gmt":"2025-01-19T14:21:46","guid":{"rendered":"https:\/\/www.hydraulic-cylinders.net\/product\/bucket-cylinder-for-doosan-wheel-excavator-dx60n\/"},"modified":"2025-01-19T14:21:48","modified_gmt":"2025-01-19T14:21:48","slug":"bucket-cylinder-for-doosan-wheel-excavator-dx60n","status":"publish","type":"product","link":"https:\/\/www.hydraulic-cylinders.net\/nb\/produkt\/bucket-cylinder-for-doosan-wheel-excavator-dx60n\/","title":{"rendered":"Skuffesylinder for Doosan hjulgraver DX60N"},"content":{"rendered":"<h1>Skuffesylinder for Doosan hjulgraver DX60N<\/h1>\n<h2>Introduksjon<\/h2>\n<p>Skuffesylinderen til Doosan-hjulgraveren DX60N er en spesialisert hydraulisk sylinder som er utviklet for \u00e5 kontrollere bevegelsene til skuffen i tunge maskiner som gravemaskiner, traktorgravere og frontlastere. Hovedfunksjonen er \u00e5 gj\u00f8re det mulig for skuffen \u00e5 l\u00f8fte, senke og vippe, noe som gj\u00f8r den egnet for ulike materialh\u00e5ndteringsoppgaver. I det hydrauliske systemet oppn\u00e5r skuffesylinderen presis kontroll over skuffens bevegelser gjennom endringer i hydraulikkoljetrykket, slik at operat\u00f8rer kan h\u00e5ndtere tunge laster effektivt og tilpasse seg komplekse arbeidsmilj\u00f8er og ulike driftskrav.<\/p>\n<p><img decoding=\"async\" src=\"https:\/\/www.hydraulic-cylinders.net\/wp-content\/uploads\/2025\/01\/songte-company-2.webp\" alt=\"Skuffesylinder for Doosan hjulgraver DX60N\"><\/p>\n<h2>Produktfunksjoner<\/h2>\n<ul>\n<li>H\u00f8y styrke og holdbarhet: Den er vanligvis laget av h\u00f8yfast st\u00e5l eller aluminium, t\u00e5ler h\u00f8yt trykk og tunge belastninger, tilpasser seg t\u00f8ffe arbeidsmilj\u00f8er og er designet for \u00e5 ta hensyn til slitestyrke og korrosjonsbestandighet, noe som forlenger levetiden.<\/li>\n<li>Effektiv hydraulisk drift: Ved \u00e5 bruke hydraulisk oljetrykk for \u00e5 oppn\u00e5 jevne forlengelses- og tilbaketrekningsbevegelser, kan den raskt reagere p\u00e5 kontrollkommandoer, gi kraftige skyve- og trekkekrefter, og er egnet for h\u00e5ndtering av tunge belastninger og komplekse arbeidsoppgaver.<\/li>\n<li>Ulike typer: Enkeltvirkende (hydraulisk brukt i kun \u00e9n retning) eller dobbeltvirkende (hydraulisk brukt i begge retninger) sylindere kan velges etter behov for \u00e5 m\u00f8te ulike driftskrav. Noen modeller er teleskopiske, noe som gir st\u00f8rre forlengelse uten \u00e5 \u00f8ke de ytre m\u00e5lene, noe som gj\u00f8r dem egnet for applikasjoner med begrenset plass.<\/li>\n<li>Direkte utskifting: Produktet v\u00e5rt kan erstatte diverse hydrauliske sylindere.<\/li>\n<\/ul>\n<p><img decoding=\"async\" src=\"https:\/\/www.hydraulic-cylinders.net\/wp-content\/uploads\/2025\/01\/songte-cylinder-head-with-all-kinds-excavator-models.webp\" alt=\"Skuffesylinder for Doosan hjulgraver DX60N\"><\/p>\n<h2>Bruksomr\u00e5der<\/h2>\n<p>Skuffesylinderen til Doosan-hjulgraver DX60N er mye brukt i diverse tunge maskiner, inkludert:<\/p>\n<ul>\n<li>Anleggsutstyr: I gravemaskiner er de viktige for utgraving, lasting og flytting av jord eller rusk. I gravemaskiner hjelper skuffesylinderen med b\u00e5de utgraving og l\u00f8fting. <\/li>\n<li>Landbruksmaskiner: Brukes i frontlastere til \u00e5 utarbeide, l\u00f8fte og transportere jord, h\u00f8y og andre materialer. <\/li>\n<li>Gravemaskiner: Skuffesylinderen muliggj\u00f8r graving ved \u00e5 la skuffen trenge ned i jorden. <\/li>\n<li>Frontlastere: I frontlastere hjelper de med \u00e5 l\u00f8fte og dumpe varer effektivt.<\/li>\n<\/ul>\n<h2>Designhensyn og utvalgskriterier<\/h2>\n<p>Skuffesylinderen til Doosan-hjulgraver DX60N er konstruert for \u00e5 ta hensyn til ulike faktorer, inkludert:<\/p>\n<ul>\n<li>B\u00e6reevne: Sylinderen m\u00e5 kunne t\u00e5le belastningene den utsettes for uten \u00e5 svikte eller deformeres. <\/li>\n<li>Tetting: Riktig tetting er n\u00f8dvendig for \u00e5 forhindre lekkasjer av hydraulisk v\u00e6ske, noe som kan for\u00e5rsake skade p\u00e5 utstyret og \u00f8ke risikoen for ulykker. <\/li>\n<li>Holdbarhet: Sylinderen m\u00e5 kunne vare lenge uten \u00e5 trenge hyppige reparasjoner eller utskiftinger. <\/li>\n<li>Sikkerhet: Sylinderen m\u00e5 v\u00e6re konstruert for \u00e5 v\u00e6re trygg \u00e5 bruke og vedlikeholde, med passende sikkerhetstiltak p\u00e5 plass for \u00e5 forhindre ulykker. <\/li>\n<li>Vedlikeholdsvennlighet: Sylinderen m\u00e5 v\u00e6re enkel \u00e5 vedlikeholde og reparere, med reservedeler lett tilgjengelige. <\/li>\n<\/ul>\n<p><img decoding=\"async\" src=\"https:\/\/www.hydraulic-cylinders.net\/wp-content\/uploads\/2025\/01\/songte-oil-pipes-and-spare-parts.webp\" alt=\"Skuffesylinder for Doosan hjulgraver DX60N\"><\/p>\n<h2>Tetting og sm\u00f8ring<\/h2>\n<p>Skuffesylinderen til Doosan hjulgraver DX60N bruker forskjellige tetningskomponenter som stempeltetninger og stangtetninger. Disse tetningskomponentene er laget av slitesterke materialer som polyuretan og nitrilgummi. Sylinderhuset og den gjengede endeflaten er fint bearbeidet for \u00e5 forbedre slitestyrken. Regelmessig sm\u00f8ring med passende hydraulikkolje er n\u00f8dvendig for at sylinderen skal fungere problemfritt.<\/p>\n<h2>Vedlikehold og reparasjon<\/h2>\n<p>Regelmessig inspeksjon og forebyggende vedlikehold er viktig for \u00e5 holde skuffesylinderen til Doosan-hjulgraveren DX60N i god stand. Vanlige vedlikeholdsoppgaver inkluderer:<\/p>\n<ul>\n<li>Regelmessig inspeksjon<\/li>\n<li>Riktig sm\u00f8ring<\/li>\n<li>Utskifting av pakning<\/li>\n<li>Kalibreringskontroll<\/li>\n<\/ul>\n<p>Riktig installasjon, sm\u00f8ring og justering er avgj\u00f8rende for \u00e5 sikre sylinderens levetid. Riktig justering og bruk av passende monteringsbrakett for \u00e5 feste sylinderen anbefales. Vi tilbyr ogs\u00e5 anbefalte kontroll-, reparasjons- og utskiftingsprosedyrer, reservedeler og ombyggingstjenester for \u00e5 forbedre levetiden til b\u00f8ttesylinderen for Doosan-hjulgraver DX60N.<\/p>\n<p><img decoding=\"async\" src=\"https:\/\/www.hydraulic-cylinders.net\/wp-content\/uploads\/2025\/01\/songte-chushion-collar.webp\" alt=\"Skuffesylinder for Doosan hjulgraver DX60N\"><\/p>\n<h2>Sikkerhets- og milj\u00f8hensyn<\/h2>\n<p>Riktige sikkerhetstiltak, som \u00e5 bruke verneutstyr og f\u00f8lge sikkerhetsretningslinjer under installasjon og vedlikehold, er avgj\u00f8rende for \u00e5 forhindre ulykker. Milj\u00f8hensyn som riktig avhending av brukt hydraulisk v\u00e6ske og annet avfall som genereres under vedlikehold og reparasjon b\u00f8r tas i betraktning.<\/p>\n<h2>Diagnose og feils\u00f8king<\/h2>\n<p>Skuffesylinderen til Doosan-hjulgraveren DX60N kan oppleve problemer som lekkasjer, utilstrekkelig kraft eller langsom bevegelse. Riktig diagnose og feils\u00f8king er avgj\u00f8rende for \u00e5 identifisere og l\u00f8se disse problemene. Riktige forebyggende tiltak kan bidra til \u00e5 unng\u00e5 at disse problemene oppst\u00e5r.<\/p>\n<p><img decoding=\"async\" src=\"https:\/\/www.hydraulic-cylinders.net\/wp-content\/uploads\/2025\/01\/songte-bushings-with-all-kinds-of-excavator-models.webp\" alt=\"Skuffesylinder for Doosan hjulgraver DX60N\"><\/p>\n<h2>Om selskapet v\u00e5rt<\/h2>\n<p>Vi er en ledende produsent og grossistdistribut\u00f8r av diverse hydrauliske sylindere, inkludert b\u00f8ttesylinderen til Doosan-hjulgraveren DX60N. V\u00e5rt firma tilbyr omfattende produktlinjer og tilpassede l\u00f8sninger for \u00e5 m\u00f8te ulike kundebehov. Vi er forpliktet til kvalitetssikring, bruker strategier for industriell produksjonsstyring og forbedrer produktkvaliteten i produksjonsrutene med teknisk talent, digitalt, avansert produksjonsutstyr og et profesjonelt deteksjonssystem. Vi bruker prinsipper for h\u00f8y effektivitet, h\u00f8y presisjon og h\u00f8y kvalitet for \u00e5 m\u00f8te ulike kundebehov. Vi er en p\u00e5litelig partner for dine behov for hydrauliske sylindere.<\/p>\n<p><img decoding=\"async\" src=\"https:\/\/hzpt.com\/wp-content\/uploads\/2024\/11\/songte-company-1.webp\" alt=\"Skuffesylinder for Doosan hjulgraver DX60N\"><\/p>\n<p>Forfatter: lyl<\/p>","protected":false},"excerpt":{"rendered":"<p>Bucket Cylinder For Doosan Wheel Excavator DX60N Introduction The bucket cylinder for Doosan wheel excavator DX60N is a specialized hydraulic cylinder designed to control the movements of the bucket in heavy machinery such as excavators, backhoe loaders, and front-end loaders. Its main function is to enable the bucket to lift, lower, and tilt, making it [&hellip;]<\/p>","protected":false},"featured_media":14776,"comment_status":"open","ping_status":"closed","template":"","meta":{"_et_pb_use_builder":"","_et_pb_old_content":"","_et_gb_content_width":""},"product_brand":[],"product_cat":[1494],"product_tag":[1495,1496],"class_list":{"0":"post-15305","1":"product","2":"type-product","3":"status-publish","4":"has-post-thumbnail","6":"product_cat-bucket-cylinders","7":"product_tag-bucket-cylinders","8":"product_tag-hydraulic-cylinders","10":"first","11":"instock","12":"shipping-taxable","13":"product-type-simple"},"amp_enabled":true,"_links":{"self":[{"href":"https:\/\/www.hydraulic-cylinders.net\/nb\/wp-json\/wp\/v2\/product\/15305","targetHints":{"allow":["GET"]}}],"collection":[{"href":"https:\/\/www.hydraulic-cylinders.net\/nb\/wp-json\/wp\/v2\/product"}],"about":[{"href":"https:\/\/www.hydraulic-cylinders.net\/nb\/wp-json\/wp\/v2\/types\/product"}],"replies":[{"embeddable":true,"href":"https:\/\/www.hydraulic-cylinders.net\/nb\/wp-json\/wp\/v2\/comments?post=15305"}],"wp:featuredmedia":[{"embeddable":true,"href":"https:\/\/www.hydraulic-cylinders.net\/nb\/wp-json\/wp\/v2\/media\/14776"}],"wp:attachment":[{"href":"https:\/\/www.hydraulic-cylinders.net\/nb\/wp-json\/wp\/v2\/media?parent=15305"}],"wp:term":[{"taxonomy":"product_brand","embeddable":true,"href":"https:\/\/www.hydraulic-cylinders.net\/nb\/wp-json\/wp\/v2\/product_brand?post=15305"},{"taxonomy":"product_cat","embeddable":true,"href":"https:\/\/www.hydraulic-cylinders.net\/nb\/wp-json\/wp\/v2\/product_cat?post=15305"},{"taxonomy":"product_tag","embeddable":true,"href":"https:\/\/www.hydraulic-cylinders.net\/nb\/wp-json\/wp\/v2\/product_tag?post=15305"}],"curies":[{"name":"wp","href":"https:\/\/api.w.org\/{rel}","templated":true}]}}