{"id":15308,"date":"2025-01-19T14:21:57","date_gmt":"2025-01-19T14:21:57","guid":{"rendered":"https:\/\/www.hydraulic-cylinders.net\/product\/bucket-cylinder-for-hyundai-small-excavator-r130-5\/"},"modified":"2025-01-19T14:21:59","modified_gmt":"2025-01-19T14:21:59","slug":"bucket-cylinder-for-hyundai-small-excavator-r130-5","status":"publish","type":"product","link":"https:\/\/www.hydraulic-cylinders.net\/nb\/produkt\/bucket-cylinder-for-hyundai-small-excavator-r130-5\/","title":{"rendered":"B\u00f8ttesylinder for Hyundai liten gravemaskin R130-5"},"content":{"rendered":"<h1>B\u00f8ttesylinder for Hyundai liten gravemaskin R130-5<\/h1>\n<h2>Introduksjon<\/h2>\n<p>Skuffesylinderen til Hyundai liten gravemaskin R130-5 er en spesialdesignet hydraulisk sylinder som hovedsakelig brukes til \u00e5 kontrollere bevegelsen til skuffen i tunge maskiner, som gravemaskiner, traktorgravere og frontlastere. Hovedfunksjonen er \u00e5 gj\u00f8re det mulig \u00e5 l\u00f8fte, senke og vippe skuffen, noe som gj\u00f8r det enklere \u00e5 h\u00e5ndtere ulike materialh\u00e5ndteringsoppgaver. I det hydrauliske systemet oppn\u00e5r skuffesylinderen presis kontroll over skuffen gjennom endringer i hydraulikkoljetrykket, slik at operat\u00f8rer effektivt kan h\u00e5ndtere tunge laster og tilpasse seg komplekse arbeidsmilj\u00f8er og ulike jobbkrav.<\/p>\n<p><img decoding=\"async\" src=\"https:\/\/www.hydraulic-cylinders.net\/wp-content\/uploads\/2025\/01\/songte-company-2.webp\" alt=\"B\u00f8ttesylinder\" \/><\/p>\n<h2>Funksjoner<\/h2>\n<ul>\n<li>H\u00f8y styrke og holdbarhet: Vanligvis laget av h\u00f8yfast st\u00e5l eller aluminium, t\u00e5ler den h\u00f8yt trykk og tunge belastninger, tilpasser seg t\u00f8ffe arbeidsmilj\u00f8er og er designet for slitestyrke og korrosjonsbestandighet, noe som forlenger levetiden.<\/li>\n<li>Effektiv hydraulisk drift: Jevne forlengelses- og sammentrekningsbevegelser oppn\u00e5s ved \u00e5 utnytte trykket fra hydraulikkoljen. Den kan raskt reagere p\u00e5 driftskommandoer, gi kraftig skyve-trekk-kraft og er egnet for h\u00e5ndtering av tunge belastninger og komplekse arbeidsoppgaver.<\/li>\n<li>Ulike typer: Den kan velges som enkeltvirkende (hydraulisk kun brukt i \u00e9n retning) eller dobbeltvirkende (hydraulisk brukt i begge retninger) sylinder i henhold til behovene for \u00e5 oppfylle ulike driftskrav. Noen modeller er teleskopiske, noe som gir st\u00f8rre forlengelse uten \u00e5 \u00f8ke de ytre m\u00e5lene, egnet for applikasjoner med begrenset plass.<\/li>\n<li>Enkel \u00e5 installere og vedlikeholde: Produktene v\u00e5re kan erstatte disse hydrauliske sylindrene perfekt.<\/li>\n<\/ul>\n<p><img decoding=\"async\" src=\"https:\/\/www.hydraulic-cylinders.net\/wp-content\/uploads\/2025\/01\/songte-cylinder-head-with-all-kinds-excavator-models.webp\" alt=\"Modeller av b\u00f8ttesylindere\" \/><\/p>\n<h2>Bruksomr\u00e5der<\/h2>\n<p>Skuffesylinderen har et bredt spekter av bruksomr\u00e5der, inkludert:<\/p>\n<ul>\n<li>Anleggsutstyr: I gravemaskiner er de avgj\u00f8rende for graving, lasting og flytting av jord eller rusk. I gravemaskiner hjelper skuffesylinderen til med b\u00e5de graving og l\u00f8fting. <\/li>\n<li>Landbruksmaskiner: Brukes i frontlastere til \u00e5 samle opp, l\u00f8fte og transportere jord, h\u00f8y og andre materialer. <\/li>\n<li>Gravemaskiner: Skuffesylinderen oppn\u00e5r gravefunksjon ved \u00e5 la skuffen trenge ned i jorden. <\/li>\n<li>Lastere: I frontlastere hjelper de med \u00e5 l\u00f8fte og tilte varer effektivt. <\/li>\n<\/ul>\n<h2>Designhensyn og utvalgskriterier<\/h2>\n<p>Ved bruk av b\u00f8ttesylinderen b\u00f8r f\u00f8lgende designhensyn og utvalgskriterier tas i betraktning:<\/p>\n<ul>\n<li>B\u00e6reevne: Sylinderen m\u00e5 kunne b\u00e6re vekten av lasten den b\u00e6rer.<\/li>\n<li>Tetting: Ulike tetningskomponenter m\u00e5 velges basert p\u00e5 slitestyrke, for eksempel stempeltetninger, stangtetninger osv. Valg av tetningsmateriale b\u00f8r ogs\u00e5 vurderes for \u00e5 forhindre lekkasje av hydraulikkolje.<\/li>\n<li>Holdbarhet: Sylinderen m\u00e5 kunne t\u00e5le de tunge belastningene og t\u00f8ffe arbeidsmilj\u00f8ene den kan m\u00f8te, og overflaten p\u00e5 sylinderhuset og gjengeenden b\u00f8r behandles godt for \u00e5 forbedre slitestyrken.<\/li>\n<li>Sikkerhet: Sikkerhetstiltak b\u00f8r iverksettes for \u00e5 forhindre ulykker under drift.<\/li>\n<li>Vedlikehold: Sylinderen m\u00e5 sm\u00f8res med hydraulikkolje regelmessig, og diverse komponenter b\u00f8r kontrolleres regelmessig for vedlikehold.<\/li>\n<\/ul>\n<p><img decoding=\"async\" src=\"https:\/\/www.hydraulic-cylinders.net\/wp-content\/uploads\/2025\/01\/songte-oil-pipes-and-spare-parts.webp\" alt=\"Reservedeler\" \/><\/p>\n<h2>Tetting og sm\u00f8ring<\/h2>\n<p>Ulike tetningskomponenter som stempeltetninger, stangtetninger osv. m\u00e5 brukes, og tetningsmaterialer som polyuretan og nitrilgummi osv. b\u00f8r vurderes for slitestyrke for \u00e5 forhindre oljelekkasje. Sylinderhuset og den gjengede endeflaten b\u00f8r finbehandles for \u00e5 forbedre slitestyrken og sm\u00f8res regelmessig med hydraulikkolje for \u00e5 sikre jevn drift.<\/p>\n<h2>Vedlikehold og reparasjon<\/h2>\n<p>Regelmessige kontroller, passende sm\u00f8ring, utskifting av tetninger og kalibreringskontroller er vanlige vedlikeholdsoppgaver. Riktig installasjon, sm\u00f8ring og justering er avgj\u00f8rende, og riktig justeringsveiledning b\u00f8r gis under installasjonen. Det anbefales \u00e5 bruke passende installasjonsbraketter for \u00e5 feste sylinderen, og \u00e5 gi anbefalte inspeksjons-, reparasjons- og utskiftingsprosedyrer for \u00e5 forlenge sylinderens levetid.<\/p>\n<p><img decoding=\"async\" src=\"https:\/\/www.hydraulic-cylinders.net\/wp-content\/uploads\/2025\/01\/songte-chushion-collar.webp\" alt=\"Putekrage\" \/><\/p>\n<h2>Sikkerhets- og milj\u00f8hensyn<\/h2>\n<p>Ved bruk av b\u00f8ttesylinderen b\u00f8r det tas sikkerhetstiltak for \u00e5 forhindre ulykker under drift. Milj\u00f8hensyn som oljelekkasje og avfallsh\u00e5ndtering b\u00f8r ogs\u00e5 tas i betraktning.<\/p>\n<h2>Vanlige problemer og feils\u00f8king<\/h2>\n<p>Vanlige problemer med b\u00f8ttesylinderen inkluderer lekkasjer, unormal lyd og deformasjon av sylinderhuset. Feils\u00f8kingstips og l\u00f8sninger kan hjelpe leserne med \u00e5 diagnostisere og l\u00f8se problemer effektivt, og forebyggende tiltak kan minimere potensielle problemer.<\/p>\n<p><img decoding=\"async\" src=\"https:\/\/www.hydraulic-cylinders.net\/wp-content\/uploads\/2025\/01\/songte-bushings-with-all-kinds-of-excavator-models.webp\" alt=\"Foringer\" \/><\/p>\n<h2>Om selskapet v\u00e5rt<\/h2>\n<p>Vi er en produsent av hydrauliske sylindere som spesialiserer seg p\u00e5 erstatningssylindere. Produktene v\u00e5re er komplette, noe som gj\u00f8r oss til en av de ledende produsentene og grossistdistribut\u00f8rene av hydrauliske sylindere i det innenlandske og internasjonale markedet. Vi f\u00f8lger prinsippet om utmerket kvalitet og er avhengige av den industrielle produksjonsstyringsstrategien til et raffinert produksjonsverksted. Vi forbedrer kontinuerlig produksjonsplattformen, perfeksjonerer produktkvaliteten i produksjonsruten, og har sterk kreativitet og prinsipper for h\u00f8y effektivitet, h\u00f8y n\u00f8yaktighet og h\u00f8y kvalitet for \u00e5 m\u00f8te kundenes ulike behov.<\/p>\n<p><img decoding=\"async\" src=\"https:\/\/hzpt.com\/wp-content\/uploads\/2024\/11\/songte-company-1.webp\" alt=\"Bedrift\" \/><\/p>\n<h2>Profesjonalitet<\/h2>\n<p>V\u00e5rt firma har en gruppe profesjonelle tekniske personer som kan designe og utvikle tilpassede hydrauliske sylindere i henhold til kundens krav. Vi har et erfarent team som kan tilby profesjonelle tjenester og p\u00e5litelig st\u00f8tte til kundene.<\/p>\n<h2>Internasjonal sertifisering<\/h2>\n<p>Vi har oppn\u00e5dd internasjonale sertifiseringer som ISO9001 og har best\u00e5tt diverse kvalitets- og sikkerhetstester for \u00e5 sikre at produktene v\u00e5re oppfyller internasjonale standarder og er av h\u00f8y kvalitet.<\/p>\n<h2>Tilpassede tjenester<\/h2>\n<p>V\u00e5rt firma tilbyr tilpassede tjenester, og vi kan produsere hydrauliske sylindere i henhold til kundens krav og tegninger, og gir kundene skreddersydde hydrauliske sylinderl\u00f8sninger som m\u00f8ter deres unike behov.<\/p>\n<h2>Produksjonsutstyr<\/h2>\n<p>V\u00e5rt firma har et komplett sett med avansert produksjonsutstyr og testutstyr, inkludert CNC-dreiebenker, CNC-maskineringssentre, overflateslipere og annet produksjonsutstyr. Vi bruker en raffinert produksjonsprosess for \u00e5 sikre n\u00f8yaktigheten og kvaliteten til hver hydrauliske sylinder.<\/p>\n<h2>Ettersalgsservice<\/h2>\n<p>V\u00e5rt firma tilbyr kundene v\u00e5re kvalitetsservice etter salg, inkludert regelmessig vedlikehold, reparasjon og utskifting av deler. Vi tilbyr ogs\u00e5 kundene teknisk st\u00f8tte og veiledning for \u00e5 hjelpe dem med \u00e5 l\u00f8se problemer ved bruk av hydrauliske sylindere.<\/p>\n<p>Forfatter: lyl<\/p>","protected":false},"excerpt":{"rendered":"<p>Bucket Cylinder For Hyundai Small Excavator R130-5 Introduction The bucket cylinder for Hyundai small excavator R130-5 is a specially designed hydraulic cylinder mainly used to control the movement of the bucket in heavy machinery, such as excavators, backhoe loaders, and front-end loaders. Its main function is to enable the bucket to be lifted, lowered, and [&hellip;]<\/p>","protected":false},"featured_media":14769,"comment_status":"open","ping_status":"closed","template":"","meta":{"_et_pb_use_builder":"","_et_pb_old_content":"","_et_gb_content_width":""},"product_brand":[],"product_cat":[1494],"product_tag":[1495,1496],"class_list":{"0":"post-15308","1":"product","2":"type-product","3":"status-publish","4":"has-post-thumbnail","6":"product_cat-bucket-cylinders","7":"product_tag-bucket-cylinders","8":"product_tag-hydraulic-cylinders","10":"first","11":"instock","12":"shipping-taxable","13":"product-type-simple"},"amp_enabled":true,"_links":{"self":[{"href":"https:\/\/www.hydraulic-cylinders.net\/nb\/wp-json\/wp\/v2\/product\/15308","targetHints":{"allow":["GET"]}}],"collection":[{"href":"https:\/\/www.hydraulic-cylinders.net\/nb\/wp-json\/wp\/v2\/product"}],"about":[{"href":"https:\/\/www.hydraulic-cylinders.net\/nb\/wp-json\/wp\/v2\/types\/product"}],"replies":[{"embeddable":true,"href":"https:\/\/www.hydraulic-cylinders.net\/nb\/wp-json\/wp\/v2\/comments?post=15308"}],"wp:featuredmedia":[{"embeddable":true,"href":"https:\/\/www.hydraulic-cylinders.net\/nb\/wp-json\/wp\/v2\/media\/14769"}],"wp:attachment":[{"href":"https:\/\/www.hydraulic-cylinders.net\/nb\/wp-json\/wp\/v2\/media?parent=15308"}],"wp:term":[{"taxonomy":"product_brand","embeddable":true,"href":"https:\/\/www.hydraulic-cylinders.net\/nb\/wp-json\/wp\/v2\/product_brand?post=15308"},{"taxonomy":"product_cat","embeddable":true,"href":"https:\/\/www.hydraulic-cylinders.net\/nb\/wp-json\/wp\/v2\/product_cat?post=15308"},{"taxonomy":"product_tag","embeddable":true,"href":"https:\/\/www.hydraulic-cylinders.net\/nb\/wp-json\/wp\/v2\/product_tag?post=15308"}],"curies":[{"name":"wp","href":"https:\/\/api.w.org\/{rel}","templated":true}]}}