{"id":15310,"date":"2025-01-19T14:22:11","date_gmt":"2025-01-19T14:22:11","guid":{"rendered":"https:\/\/www.hydraulic-cylinders.net\/product\/bucket-cylinder-for-hyundai-small-excavator-r110-7-9\/"},"modified":"2025-01-19T14:22:13","modified_gmt":"2025-01-19T14:22:13","slug":"bucket-cylinder-for-hyundai-small-excavator-r110-7-9","status":"publish","type":"product","link":"https:\/\/www.hydraulic-cylinders.net\/nb\/produkt\/bucket-cylinder-for-hyundai-small-excavator-r110-7-9\/","title":{"rendered":"B\u00f8ttesylinder for Hyundai liten gravemaskin R110-7-9"},"content":{"rendered":"<h1>B\u00f8ttesylinder for Hyundai liten gravemaskin R110-7-9<\/h1>\n<h2>Introduksjon<\/h2>\n<h3>Definere b\u00f8ttesylinder<\/h3>\n<p>En skuffesylinder er en spesialdesignet hydraulisk sylinder som brukes til \u00e5 kontrollere bevegelsen til skuffen i tunge maskiner som gravemaskiner, traktorgravere og frontlastere. Hovedfunksjonen er \u00e5 gj\u00f8re det mulig for skuffen \u00e5 l\u00f8fte, senke og vippe, og dermed forenkle ulike materialh\u00e5ndteringsoppgaver. I det hydrauliske systemet oppn\u00e5r skuffesylinderen presis kontroll over skuffen ved \u00e5 endre trykket i hydraulikkoljen, slik at f\u00f8reren effektivt kan h\u00e5ndtere tunge gjenstander og tilpasse seg komplekse arbeidsmilj\u00f8er og ulike jobbkrav.<\/p>\n<p><img decoding=\"async\" src=\"https:\/\/www.hydraulic-cylinders.net\/wp-content\/uploads\/2025\/01\/songte-company-2.webp\" alt=\"Bilde av b\u00f8ttesylinder\"><\/p>\n<h3>Kjennetegn p\u00e5 b\u00f8ttesylinderen<\/h3>\n<ul>\n<li>H\u00f8y styrke og holdbarhet: Vanligvis laget av h\u00f8yfast st\u00e5l eller aluminium, t\u00e5ler den h\u00f8yt trykk og tunge belastninger, tilpasser seg t\u00f8ffe arbeidsmilj\u00f8er, og er designet med slitestyrke og korrosjonsbestandighet for \u00e5 forlenge levetiden.<\/li>\n<li>Effektiv hydraulisk drift: Jevne forlengelses- og sammentrekningsbevegelser oppn\u00e5s ved hjelp av trykket fra hydraulikkoljen, som kan reagere raskt p\u00e5 kontrollkommandoer, gi sterk skyve- og trekkekraft, og er egnet for h\u00e5ndtering av tunge gjenstander og komplekse arbeidsoppgaver.<\/li>\n<li>Ulike typer: Enkeltvirkende (hydraulisk i kun \u00e9n retning) eller dobbeltvirkende (hydraulisk i to retninger) sylindere kan velges etter behov for \u00e5 oppfylle ulike driftskrav. Noen modeller er teleskopiske, noe som gir st\u00f8rre utvidelse uten \u00e5 \u00f8ke de ytre dimensjonene, noe som gj\u00f8r dem egnet for bruksomr\u00e5der med begrenset plass.<\/li>\n<li>Kostnadseffektivt: Produktene v\u00e5re kan erstatte disse hydrauliske sylindrene perfekt, og er designet for \u00e5 gi kundene et rimelig alternativ for \u00e5 redusere utgifter.<\/li>\n<li>Fleksibilitet: Vi kan produsere dette produktet i henhold til kundens krav, og ta hensyn til de spesifikke behovene og kravene til hver enkelt kunde.<\/li>\n<\/ul>\n<p><img decoding=\"async\" src=\"https:\/\/www.hydraulic-cylinders.net\/wp-content\/uploads\/2025\/01\/songte-cylinder-head-with-all-kinds-excavator-models.webp\" alt=\"Bilde av modeller av b\u00f8ttesylindere\"><\/p>\n<h3>Bruksomr\u00e5der for b\u00f8ttesylinder<\/h3>\n<p>B\u00f8ttesylindere brukes i en rekke bransjer og applikasjoner, inkludert:<\/p>\n<ul>\n<li>Anleggsutstyr: I gravemaskiner er de avgj\u00f8rende for graving, lasting og flytting av jord eller rusk. I gravemaskiner hjelper b\u00f8ttesylindere b\u00e5de med utgraving og l\u00f8fting. <\/li>\n<li>Landbruksmaskiner: Brukes i frontlastere til \u00e5 utarbeide, l\u00f8fte og transportere jord, h\u00f8y og andre materialer. <\/li>\n<li>Gravemaskiner: En skuffesylinder muliggj\u00f8r gravefunksjon ved \u00e5 la skuffen trenge ned i jorden. <\/li>\n<li>Lastere: I frontlastere hjelper de med \u00e5 l\u00f8fte og vippe last effektivt.<\/li>\n<\/ul>\n<p>Nedenfor er noen spesifikke eksempler p\u00e5 bruksomr\u00e5der for b\u00f8ttesylindere:<\/p>\n<h4>Anleggsutstyr<\/h4>\n<p>I gravemaskiner brukes skuffesylindere til graving, lasting og flytting av jord eller rusk. Ved hjelp av skuffesylinderen kan gravemaskinen oppn\u00e5 en presis gravedybde og -vinkel, og f\u00f8reren kan enkelt kontrollere skuffebevegelsen. P\u00e5 samme m\u00e5te, i gravemaskiner, lar skuffesylinderen skuffen trenge ned i jord og hjelper med l\u00f8fting og dumping av rusk.<\/p>\n<h4>Landbruksmaskiner<\/h4>\n<p>Skuffesylinderen brukes i frontlastere til utgraving, l\u00f8fting og transport av jord, h\u00f8y og andre materialer. Sylinderens jevne forlengelses- og sammentrekningsbevegelser muliggj\u00f8r effektiv h\u00e5ndtering av tunge materialer, og f\u00f8reren kan bruke joysticken til \u00e5 kontrollere skuffebevegelsen.<\/p>\n<h4>Gravemaskiner<\/h4>\n<p>Skuffesylinderen muliggj\u00f8r gravefunksjon ved \u00e5 la skuffen trenge ned i jorden. Sylinderen kan kontrollere b\u00e5de dybden og vinkelen p\u00e5 gravemaskinen, noe som gj\u00f8r den til en viktig del av gravemaskinen.<\/p>\n<h4>Lastere<\/h4>\n<p>I frontlastere hjelper skuffesylindre med \u00e5 l\u00f8fte og vippe last effektivt. Sylinderens forlengelses- og sammentrekningsbevegelser muliggj\u00f8r jevn l\u00f8fting, og f\u00f8reren kan kontrollere skuffen med letthet.<\/p>\n<h3>Designhensyn og utvalgskriterier<\/h3>\n<p>N\u00e5r du velger en b\u00f8ttesylinder, er det viktig \u00e5 vurdere f\u00f8lgende design- og utvalgskriterier:<\/p>\n<ul>\n<li>B\u00e6reevne: Sylinderen skal kunne t\u00e5le den n\u00f8dvendige lastekapasiteten og trykket fra hydraulikkoljen.<\/li>\n<li>Tetting: Sylinderen b\u00f8r forsegles ordentlig for \u00e5 forhindre oljelekkasje og forurensning.<\/li>\n<li>Holdbarhet: Sylinderen b\u00f8r v\u00e6re laget av materialer av h\u00f8y kvalitet som t\u00e5ler t\u00f8ffe arbeidsmilj\u00f8er og forlenger levetiden.<\/li>\n<li>Sikkerhet: Sylinderens design b\u00f8r ta hensyn til sikkerhetshensyn for \u00e5 forhindre ulykker eller skade p\u00e5 utstyret.<\/li>\n<li>Vedlikehold: Sylinderen b\u00f8r v\u00e6re utformet slik at den er enkel \u00e5 vedlikeholde, reparere og bytte ut deler.<\/li>\n<\/ul>\n<p><img decoding=\"async\" src=\"https:\/\/www.hydraulic-cylinders.net\/wp-content\/uploads\/2025\/01\/songte-oil-pipes-and-spare-parts.webp\" alt=\"Bilde av reservedeler for b\u00f8ttesylinder\"><\/p>\n<h3>Tetting og sm\u00f8ring<\/h3>\n<p>B\u00f8ttesylinderen bruker forskjellige tetningskomponenter som stempeltetninger, stangtetninger osv., laget av slitesterke materialer som polyuretan og nitrilgummi for \u00e5 forhindre lekkasje av hydraulisk olje. Sylinderhuset og gjengeendene gjennomg\u00e5r fin bearbeiding, noe som forbedrer slitestyrken og korrosjonsmotstanden. Det er viktig \u00e5 tilsette riktig mengde hydraulisk olje regelmessig for \u00e5 sikre riktig sm\u00f8ring av sylinderen.<\/p>\n<h3>Vedlikehold og reparasjon<\/h3>\n<p>Regelmessig vedlikehold og reparasjon er avgj\u00f8rende for \u00e5 sikre at b\u00f8ttesylinderen fungerer som den skal og har lang levetid. Vanlige vedlikeholdsoppgaver inkluderer regelmessige inspeksjoner, sm\u00f8ring, utskifting av pakninger og kalibreringskontroller. Det er viktig \u00e5 installere sylinderen riktig, justere den riktig og bruke passende st\u00f8ttebraketter for \u00e5 feste den p\u00e5 plass. Ved funksjonsfeil er rask diagnose og reparasjon n\u00f8dvendig. Vi tilbyr reservedeler og ombyggingstjenester for \u00e5 forlenge sylinderens levetid.<\/p>\n<p><img decoding=\"async\" src=\"https:\/\/www.hydraulic-cylinders.net\/wp-content\/uploads\/2025\/01\/songte-chushion-collar.webp\" alt=\"Bilde av b\u00f8ttesylinderkrage\"><\/p>\n<h3>Sikkerhets- og milj\u00f8hensyn<\/h3>\n<p>N\u00e5r man bruker b\u00f8ttesylindere, er det viktig \u00e5 f\u00f8lge sikkerhetsretningslinjene for \u00e5 forhindre ulykker og skade p\u00e5 utstyr. Det er viktig \u00e5 s\u00f8rge for at sylinderen er riktig installert og riktig justert for \u00e5 forhindre slitasje. Regelmessig inspeksjon og vedlikehold er ogs\u00e5 n\u00f8dvendig for \u00e5 sikre at sylinderen fungerer som den skal og forhindre ulykker. Det er viktig \u00e5 ta hensyn til milj\u00f8hensyn som riktig avhending av brukt hydraulikkolje og annet avfall.<\/p>\n<h3>Feils\u00f8king og vanlige problemer<\/h3>\n<p>Vanlige problemer med b\u00f8ttesylindere inkluderer oljelekkasje, utilstrekkelig sm\u00f8ring og feil justering. Sylinderen kan fungere feil hvis pakningene er slitte eller skadet. Regelmessig inspeksjon og vedlikehold kan forhindre disse problemene. Hvis det oppst\u00e5r problemer, anbefaler vi at du konsulterer v\u00e5rt tekniske team for rask diagnose og reparasjon.<\/p>\n<p><img decoding=\"async\" src=\"https:\/\/www.hydraulic-cylinders.net\/wp-content\/uploads\/2025\/01\/songte-bushings-with-all-kinds-of-excavator-models.webp\" alt=\"Bilde av b\u00f8ttersylinderforinger\"><\/p>\n<h2>Om selskapet v\u00e5rt<\/h2>\n<p>Vi er en ledende produsent og grossist av hydrauliske sylindere, og tilbyr et bredt utvalg av produkter og l\u00f8sninger for \u00e5 m\u00f8te behovene til ulike bransjer. Vi f\u00f8lger en filosofi om kvalitet og bruker avanserte produksjonsstrategier i v\u00e5re fine produksjonsverksteder. V\u00e5rt selskap investerer i teknologi, utstyr og profesjonelle testsystemer for \u00e5 utvikle en effektiv, presis og h\u00f8ykvalitets produksjonslinje som m\u00f8ter kundenes behov. Vi kan tilby tilpassede tjenester og l\u00f8sninger for \u00e5 m\u00f8te hver kundes spesifikke behov.<\/p>\n<h3>Profesjonalitet<\/h3>\n<p>V\u00e5rt erfarne team av fagfolk tilbyr ekspert teknisk st\u00f8tte og r\u00e5dgivning til kundene v\u00e5re, og s\u00f8rger for at vi oppfyller deres krav og overg\u00e5r forventningene deres. Vi s\u00f8rger for at hvert produkt testes og inspiseres for \u00e5 garantere h\u00f8y kvalitet og funksjonalitet.<\/p>\n<h3>Internasjonal sertifisering<\/h3>\n<p>Produktene v\u00e5re er sertifisert av internasjonale organisasjoner og standarder, noe som sikrer at produksjonsprosessen og kvalitetskontrollen v\u00e5r oppfyller bransjestandarder. Produktene v\u00e5re eksporteres til kunder over hele verden, og vi har bygget et rykte for kvalitet, p\u00e5litelighet og effektivitet.<\/p>\n<h3>Tilpasning<\/h3>\n<p>Vi kan tilpasse produktene v\u00e5re for \u00e5 m\u00f8te de spesifikke kravene til hver kunde, og s\u00f8rge for at vi tilbyr den beste l\u00f8sningen for deres behov. Produktene v\u00e5re er utformet for \u00e5 v\u00e6re fleksible, kostnadseffektive og tilpasningsdyktige til ulike arbeidsmilj\u00f8er og bruksomr\u00e5der.<\/p>\n<h3>Produksjonsutstyr<\/h3>\n<p>Vi bruker avansert produksjonsutstyr og maskiner for \u00e5 sikre at produktene v\u00e5re oppfyller de h\u00f8yeste kvalitetsstandardene. Produksjonslinjen v\u00e5r er utstyrt med de nyeste CNC-maskinene, slipemaskiner, dreiebenker og annet spesialutstyr for \u00e5 m\u00f8te de spesifikke behovene til hver kunde.<\/p>\n<h3>Ettersalgsservice<\/h3>\n<p>Vi tilbyr service og st\u00f8tte etter salg for \u00e5 sikre at kundene v\u00e5re forblir forn\u00f8yde med produktene v\u00e5re. Vi tilbyr teknisk st\u00f8tte, reservedeler og ombyggingstjenester for \u00e5 forlenge levetiden til produktene v\u00e5re og maksimere verdien for kundene v\u00e5re.<\/p>\n<p><img decoding=\"async\" src=\"https:\/\/hzpt.com\/wp-content\/uploads\/2024\/11\/songte-company-1.webp\" alt=\"V\u00e5rt firmabilde\"><\/p>\n<p>Forfatter: lyl<\/p>","protected":false},"excerpt":{"rendered":"<p>Bucket Cylinder For Hyundai Small Excavator R110-7-9 Introduction Defining Bucket Cylinder A bucket cylinder is a specially designed hydraulic cylinder used to control the movement of the bucket in heavy machinery such as excavators, backhoe excavators, and front-end loaders. Its main function is to enable the bucket to lift, lower and tilt, thus facilitating various [&hellip;]<\/p>","protected":false},"featured_media":14762,"comment_status":"open","ping_status":"closed","template":"","meta":{"_et_pb_use_builder":"","_et_pb_old_content":"","_et_gb_content_width":""},"product_brand":[],"product_cat":[1494],"product_tag":[1495,1496],"class_list":{"0":"post-15310","1":"product","2":"type-product","3":"status-publish","4":"has-post-thumbnail","6":"product_cat-bucket-cylinders","7":"product_tag-bucket-cylinders","8":"product_tag-hydraulic-cylinders","10":"first","11":"instock","12":"shipping-taxable","13":"product-type-simple"},"amp_enabled":true,"_links":{"self":[{"href":"https:\/\/www.hydraulic-cylinders.net\/nb\/wp-json\/wp\/v2\/product\/15310","targetHints":{"allow":["GET"]}}],"collection":[{"href":"https:\/\/www.hydraulic-cylinders.net\/nb\/wp-json\/wp\/v2\/product"}],"about":[{"href":"https:\/\/www.hydraulic-cylinders.net\/nb\/wp-json\/wp\/v2\/types\/product"}],"replies":[{"embeddable":true,"href":"https:\/\/www.hydraulic-cylinders.net\/nb\/wp-json\/wp\/v2\/comments?post=15310"}],"wp:featuredmedia":[{"embeddable":true,"href":"https:\/\/www.hydraulic-cylinders.net\/nb\/wp-json\/wp\/v2\/media\/14762"}],"wp:attachment":[{"href":"https:\/\/www.hydraulic-cylinders.net\/nb\/wp-json\/wp\/v2\/media?parent=15310"}],"wp:term":[{"taxonomy":"product_brand","embeddable":true,"href":"https:\/\/www.hydraulic-cylinders.net\/nb\/wp-json\/wp\/v2\/product_brand?post=15310"},{"taxonomy":"product_cat","embeddable":true,"href":"https:\/\/www.hydraulic-cylinders.net\/nb\/wp-json\/wp\/v2\/product_cat?post=15310"},{"taxonomy":"product_tag","embeddable":true,"href":"https:\/\/www.hydraulic-cylinders.net\/nb\/wp-json\/wp\/v2\/product_tag?post=15310"}],"curies":[{"name":"wp","href":"https:\/\/api.w.org\/{rel}","templated":true}]}}