{"id":15312,"date":"2025-01-19T14:22:19","date_gmt":"2025-01-19T14:22:19","guid":{"rendered":"https:\/\/www.hydraulic-cylinders.net\/product\/bucket-cylinder-for-hyundai-middle-excavator-r170lc-5\/"},"modified":"2025-01-19T14:22:21","modified_gmt":"2025-01-19T14:22:21","slug":"bucket-cylinder-for-hyundai-middle-excavator-r170lc-5","status":"publish","type":"product","link":"https:\/\/www.hydraulic-cylinders.net\/nb\/produkt\/bucket-cylinder-for-hyundai-middle-excavator-r170lc-5\/","title":{"rendered":"B\u00f8ttesylinder for Hyundai mellomgraver R170LC-5"},"content":{"rendered":"<h1>B\u00f8ttesylinder for Hyundai mellomgraver R170LC-5<\/h1>\n<h2>Introduksjon<\/h2>\n<p>Skuffesylinderen for Hyundai Middle Excavator R170LC-5 er en spesialisert hydraulisk sylinder som prim\u00e6rt brukes til \u00e5 kontrollere bevegelsen til gravemaskinskuffer i tungt maskineri som gravemaskiner, traktorgravere og frontlastere. Hovedfunksjonen er \u00e5 gj\u00f8re det mulig \u00e5 l\u00f8fte, senke og tilte skuffen, noe som gj\u00f8r det enklere \u00e5 h\u00e5ndtere ulike materialflyttingsoppgaver. I det hydrauliske systemet bruker skuffesylinderen trykkendringene i hydraulikkoljen for \u00e5 oppn\u00e5 presis kontroll over skuffen, slik at operat\u00f8rer kan h\u00e5ndtere tunge laster effektivt og tilpasse seg komplekse arbeidsmilj\u00f8er og ulike jobbkrav.<\/p>\n<p><img decoding=\"async\" src=\"https:\/\/www.hydraulic-cylinders.net\/wp-content\/uploads\/2025\/01\/songte-company-2.webp\"><\/p>\n<h2>Produktfunksjoner<\/h2>\n<ul>\n<li>\n<h3>H\u00f8y styrke og holdbarhet<\/h3>\n<p>B\u00f8ttesylinderen er vanligvis laget av h\u00f8yfast st\u00e5l eller aluminium, og t\u00e5ler h\u00f8yt trykk og tunge belastninger, og tilpasser seg t\u00f8ffe arbeidsmilj\u00f8er. Designet tar ogs\u00e5 hensyn til slitestyrke og korrosjonsmotstand for \u00e5 forlenge sylinderens levetid.<\/p>\n<\/li>\n<li>\n<h3>Effektiv hydraulisk drift<\/h3>\n<p>Ved \u00e5 utnytte trykket fra hydraulikkoljen for \u00e5 oppn\u00e5 jevn forlengelse og tilbaketrekking, kan sylinderen reagere raskt p\u00e5 kommandoer og gi sterk skyve- og trekkekraft, egnet for h\u00e5ndtering av tunge belastninger og komplekse arbeidsoppgaver.<\/p>\n<\/li>\n<li>\n<h3>Ulike typer<\/h3>\n<p>Enkelt- eller dobbeltvirkende sylindere kan velges i henhold til behov for \u00e5 oppfylle ulike driftskrav. Noen modeller er teleskopiske, noe som gir st\u00f8rre uttrekk uten \u00e5 \u00f8ke de ytre m\u00e5lene, egnet for applikasjoner med begrenset plass.<\/p>\n<\/li>\n<li>\n<h3>Perfekt erstatning<\/h3>\n<p>Produktet v\u00e5rt kan erstatte disse hydrauliske sylindrene perfekt. <\/p>\n<\/li>\n<\/ul>\n<p><img decoding=\"async\" src=\"https:\/\/www.hydraulic-cylinders.net\/wp-content\/uploads\/2025\/01\/songte-cylinder-head-with-all-kinds-excavator-models.webp\"><\/p>\n<h2>Bruksomr\u00e5der<\/h2>\n<p>Skuffesylinderen til Hyundai Middle Excavator R170LC-5 kan brukes mye i ulike tunge maskiner, inkludert:<\/p>\n<ul>\n<li>\n<h3>Anleggsutstyr<\/h3>\n<p>I gravemaskiner er de viktige for graving, lasting og flytting av jord eller rusk. I gravemaskiner hjelper sylinderen med b\u00e5de graving og l\u00f8fting. <\/p>\n<\/li>\n<li>\n<h3>Landbruksmaskiner<\/h3>\n<p>Sylinderen brukes i frontlastere for \u00e5 h\u00e5ndtere jord, h\u00f8y og andre materialer, og kan l\u00f8ftes og tiltes for effektiv t\u00f8mming. <\/p>\n<\/li>\n<li>\n<h3>Gravemaskiner<\/h3>\n<p>Skuffesylinderen gj\u00f8r at skuffen kan trenge ned i jorden for gravearbeid. <\/p>\n<\/li>\n<li>\n<h3>Lastere<\/h3>\n<p>I frontlastere hjelper de med \u00e5 l\u00f8fte og losse gods effektivt. <\/p>\n<\/li>\n<\/ul>\n<h2>Designhensyn og utvalgskriterier<\/h2>\n<p>Skuffesylinderen til Hyundai mellomgraver R170LC-5 er designet med hensyn til ulike faktorer, inkludert:<\/p>\n<ul>\n<li>\n<h3>B\u00e6reevne<\/h3>\n<p>Sylinderen skal kunne t\u00e5le den maksimale belastningen den skal brukes til \u00e5 h\u00e5ndtere. <\/p>\n<\/li>\n<li>\n<h3>Tetningsytelse<\/h3>\n<p>Sylinderen skal ha p\u00e5litelig tetningsevne for \u00e5 forhindre oljelekkasje og sikre jevn drift. <\/p>\n<\/li>\n<li>\n<h3>Varighet<\/h3>\n<p>Sylinderen b\u00f8r v\u00e6re laget av materialer av h\u00f8y kvalitet med god slitestyrke og korrosjonsbestandighet for \u00e5 forlenge levetiden. <\/p>\n<\/li>\n<li>\n<h3>Sikkerhet<\/h3>\n<p>Sylinderen b\u00f8r konstrueres med sikkerhetshensyn for \u00e5 forhindre ulykker for\u00e5rsaket av sylindersvikt. <\/p>\n<\/li>\n<li>\n<h3>Vedlikeholdbarhet<\/h3>\n<p>Sylinderen b\u00f8r v\u00e6re lett \u00e5 vedlikeholde for \u00e5 redusere vedlikeholdskostnader og nedetid. <\/p>\n<\/li>\n<\/ul>\n<p><img decoding=\"async\" src=\"https:\/\/www.hydraulic-cylinders.net\/wp-content\/uploads\/2025\/01\/songte-oil-pipes-and-spare-parts.webp\"><\/p>\n<h2>Tetting og sm\u00f8ring<\/h2>\n<p>Skuffesylinderen til Hyundai mellomgraver R170LC-5 bruker forskjellige tetningskomponenter, som stempeltetninger og stangtetninger, laget av slitesterke materialer som polyuretan og nitrilgummi. Sylinderhuset, stempelet og stangoverflaten er ogs\u00e5 fint behandlet for \u00e5 forbedre slitestyrken. Regelmessig sm\u00f8ring med passende hydraulikkolje er n\u00f8dvendig for \u00e5 sikre problemfri drift. <\/p>\n<h2>Regelmessig inspeksjon og forebyggende vedlikehold<\/h2>\n<p>Regelmessig inspeksjon og forebyggende vedlikehold er viktig for \u00e5 sikre sikker og effektiv drift av b\u00f8ttesylinderen til Hyundai mellomgraver R170LC-5. Noen forebyggende vedlikeholdstiltak inkluderer:<\/p>\n<ul>\n<li>Regelmessig sm\u00f8ring<\/li>\n<li>Utskifting av pakning<\/li>\n<li>Kalibreringskontroll<\/li>\n<\/ul>\n<h2>Produktinstallasjonsveiledning<\/h2>\n<p>Riktig installasjon er avgj\u00f8rende for sikker og effektiv drift av b\u00f8ttesylinderen til Hyundai mellomgraver R170LC-5. F\u00f8lgende trinn gir en veiledning for riktig installasjon:<\/p>\n<ol>\n<li>Juster sylinderen med monteringsflaten.<\/li>\n<li>Bruk passende monteringsbraketter for \u00e5 feste sylinderen.<\/li>\n<li>Koble hydraulikkslangene til sylinderen.<\/li>\n<li>S\u00f8rg for at slangene ikke er vridd eller b\u00f8yd.<\/li>\n<li>Spyl det hydrauliske systemet f\u00f8r bruk.<\/li>\n<\/ol>\n<p>Viktigheten av korrekt installasjon, sm\u00f8ring og justering vektlegges for \u00e5 forbedre sylinderens levetid og ytelse. Vi anbefaler \u00e5 bruke passende installasjonsverkt\u00f8y og f\u00f8lge de anbefalte prosedyrene for inspeksjon, reparasjon og utskifting for \u00e5 sikre best mulig resultat. <\/p>\n<p><img decoding=\"async\" src=\"https:\/\/www.hydraulic-cylinders.net\/wp-content\/uploads\/2025\/01\/songte-chushion-collar.webp\"><\/p>\n<h2>Sikkerhetshensyn og milj\u00f8faktorer<\/h2>\n<p>Det er viktig \u00e5 f\u00f8lge sikkerhetstiltakene n\u00e5r du bruker b\u00f8ttesylinderen til Hyundai mellomstor gravemaskin R170LC-5. Sylinderen b\u00f8r brukes innenfor de spesifiserte parameterne for \u00e5 forhindre ulykker. Milj\u00f8faktorer som temperatur og fuktighet b\u00f8r ogs\u00e5 tas i betraktning n\u00e5r du bruker sylinderen.<\/p>\n<h2>Feils\u00f8king og vanlige problemer<\/h2>\n<p>F\u00f8lgende er vanlige problemer som kan oppst\u00e5 ved bruk av b\u00f8ttesylinderen til Hyundai mellomgraver R170LC-5:<\/p>\n<ul>\n<li>Oljelekkasje<\/li>\n<li>Treg drift<\/li>\n<li>Uregelmessig drift<\/li>\n<li>St\u00f8y<\/li>\n<\/ul>\n<p>For \u00e5 l\u00f8se disse problemene b\u00f8r det iverksettes passende feils\u00f8kingstiltak. For eksempel kan oljelekkasje skyldes skadede tetninger eller l\u00f8se forbindelser. Treg drift kan skyldes lavt hydraulisk oljetrykk. Uregelmessig drift kan for\u00e5rsakes av en funksjonsfeil i ventilen eller sylinderen. St\u00f8y kan for\u00e5rsakes av luft som er fanget i det hydrauliske systemet. Regelmessig inspeksjon og forebyggende vedlikehold kan bidra til \u00e5 forhindre at disse problemene oppst\u00e5r.<\/p>\n<p><img decoding=\"async\" src=\"https:\/\/www.hydraulic-cylinders.net\/wp-content\/uploads\/2025\/01\/songte-bushings-with-all-kinds-of-excavator-models.webp\"><\/p>\n<h2>Om selskapet v\u00e5rt<\/h2>\n<p>Vi er en produsent av hydrauliske reservesylindere og tilbyr et komplett produktsortiment. Vi har blitt en av de ledende produsentene og grossistdistribut\u00f8rene av hydrauliske sylindere i det innenlandske og internasjonale markedet. Vi f\u00f8lger strategien om utmerket kvalitet, og er avhengige av industrialisert produksjonsstyring i fine produksjonsverksteder. Vi forbedrer kontinuerlig produksjonsplattformen til verkstedet, forbedrer produktets produksjonskvalitet og har sterk kreativ evne. Vi bruker h\u00f8y effektivitet, h\u00f8y presisjon og h\u00f8y kvalitet som prinsipper for \u00e5 m\u00f8te ulike kundebehov.<\/p>\n<p>Vi er forpliktet til \u00e5 tilby profesjonelle, internasjonalt sertifiserte, tilpassede tjenester, samt avansert produksjonsutstyr og utmerket ettersalgsservice. V\u00e5rt selskap fortsetter \u00e5 vokse og utvikle seg, og vi er sikre p\u00e5 at vi kan tilby v\u00e5re kunder kvalitetsprodukter og -tjenester.<\/p>\n<p><img decoding=\"async\" src=\"https:\/\/hzpt.com\/wp-content\/uploads\/2024\/11\/songte-company-1.webp\"><\/p>\n<p>Forfatter: lyl<\/p>","protected":false},"excerpt":{"rendered":"<p>Bucket Cylinder For Hyundai Middle Excavator R170LC-5 Introduction The Bucket Cylinder for Hyundai Middle Excavator R170LC-5 is a specialized hydraulic cylinder primarily used to control the motion of excavator buckets in heavy machinery such as excavators, backhoe excavators, and front-end loaders. Its main function is to enable the bucket to lift, lower, and tilt, making [&hellip;]<\/p>","protected":false},"featured_media":14789,"comment_status":"open","ping_status":"closed","template":"","meta":{"_et_pb_use_builder":"","_et_pb_old_content":"","_et_gb_content_width":""},"product_brand":[],"product_cat":[1494],"product_tag":[1495,1496],"class_list":{"0":"post-15312","1":"product","2":"type-product","3":"status-publish","4":"has-post-thumbnail","6":"product_cat-bucket-cylinders","7":"product_tag-bucket-cylinders","8":"product_tag-hydraulic-cylinders","10":"first","11":"instock","12":"shipping-taxable","13":"product-type-simple"},"amp_enabled":true,"_links":{"self":[{"href":"https:\/\/www.hydraulic-cylinders.net\/nb\/wp-json\/wp\/v2\/product\/15312","targetHints":{"allow":["GET"]}}],"collection":[{"href":"https:\/\/www.hydraulic-cylinders.net\/nb\/wp-json\/wp\/v2\/product"}],"about":[{"href":"https:\/\/www.hydraulic-cylinders.net\/nb\/wp-json\/wp\/v2\/types\/product"}],"replies":[{"embeddable":true,"href":"https:\/\/www.hydraulic-cylinders.net\/nb\/wp-json\/wp\/v2\/comments?post=15312"}],"wp:featuredmedia":[{"embeddable":true,"href":"https:\/\/www.hydraulic-cylinders.net\/nb\/wp-json\/wp\/v2\/media\/14789"}],"wp:attachment":[{"href":"https:\/\/www.hydraulic-cylinders.net\/nb\/wp-json\/wp\/v2\/media?parent=15312"}],"wp:term":[{"taxonomy":"product_brand","embeddable":true,"href":"https:\/\/www.hydraulic-cylinders.net\/nb\/wp-json\/wp\/v2\/product_brand?post=15312"},{"taxonomy":"product_cat","embeddable":true,"href":"https:\/\/www.hydraulic-cylinders.net\/nb\/wp-json\/wp\/v2\/product_cat?post=15312"},{"taxonomy":"product_tag","embeddable":true,"href":"https:\/\/www.hydraulic-cylinders.net\/nb\/wp-json\/wp\/v2\/product_tag?post=15312"}],"curies":[{"name":"wp","href":"https:\/\/api.w.org\/{rel}","templated":true}]}}