{"id":15313,"date":"2025-01-19T14:22:24","date_gmt":"2025-01-19T14:22:24","guid":{"rendered":"https:\/\/www.hydraulic-cylinders.net\/product\/bucket-cylinder-for-hyundai-middle-excavator-r200-5-5d\/"},"modified":"2025-01-19T14:22:26","modified_gmt":"2025-01-19T14:22:26","slug":"bucket-cylinder-for-hyundai-middle-excavator-r200-5-5d","status":"publish","type":"product","link":"https:\/\/www.hydraulic-cylinders.net\/nb\/produkt\/bucket-cylinder-for-hyundai-middle-excavator-r200-5-5d\/","title":{"rendered":"B\u00f8ttesylinder for Hyundai mellomgraver R200-5-5D"},"content":{"rendered":"<h1>Skuffesylinder for Hyundai mellomgraver R200-5-5D<\/h1>\n<h2>Introduksjon<\/h2>\n<p>A bucket cylinder is a specially designed hydraulic cylinder used to control the movement of the bucket in heavy machinery like excavators, backhoe excavators, and front-end loaders. Its main function is to enable the bucket to lift, lower, and tilt, making it easier to transport various materials. In the hydraulic system, the bucket cylinder achieves precise control of the bucket&#8217;s movements through the pressure changes of hydraulic oil, enabling operators to handle heavy materials efficiently, adapt to complex working environments, and diverse operational requirements.<\/p>\n<p><img decoding=\"async\" src=\"https:\/\/www.hydraulic-cylinders.net\/wp-content\/uploads\/2025\/01\/songte-company-2.webp\"><\/p>\n<h2>Funksjoner<\/h2>\n<ul>\n<li>H\u00f8y styrke og holdbarhet: vanligvis laget av h\u00f8yfast st\u00e5l eller aluminium, t\u00e5ler den h\u00f8yt trykk og tunge belastninger, tilpasser seg t\u00f8ffe arbeidsmilj\u00f8er og er designet med slitestyrke og korrosjonsbestandighet for \u00e5 forlenge levetiden.<\/li>\n<li>Effektiv hydraulisk drift: bruker hydraulisk oljetrykk for \u00e5 oppn\u00e5 jevne forlengelses- og sammentrekningsbevegelser, kan reagere raskt p\u00e5 kontrollkommandoer, gi kraftige skyve- og trekkekrefter, og er egnet for h\u00e5ndtering av tunge materialer og komplekse driftsoppgaver.<\/li>\n<li>Ulike typer: kan velge enkeltvirkende (hydraulisk brukes kun i \u00e9n retning) eller dobbeltvirkende (hydraulisk brukes i to retninger) sylindere i henhold til krav for \u00e5 m\u00f8te ulike driftsbehov. Noen modeller er teleskopiske, noe som gir st\u00f8rre forlengelse uten \u00e5 \u00f8ke de ytre m\u00e5lene, egnet for applikasjoner med begrenset plass.<\/li>\n<li>Enkel \u00e5 installere: Produktet v\u00e5rt kan erstatte disse hydrauliske sylindrene perfekt.<\/li>\n<\/ul>\n<p><img decoding=\"async\" src=\"https:\/\/www.hydraulic-cylinders.net\/wp-content\/uploads\/2025\/01\/songte-cylinder-head-with-all-kinds-excavator-models.webp\"><\/p>\n<h2>Bruksomr\u00e5der<\/h2>\n<p>Skuffesylinderen er mye brukt i diverse tunge maskiner som:<\/p>\n<ul>\n<li>Anleggsutstyr: I gravemaskiner er de viktige for graving, lasting og flytting av jord eller rusk. I gravemaskiner hjelper de med graving og l\u00f8fting. <\/li>\n<li>Landbruksmaskiner: Brukes i frontlastere til \u00e5 utarbeide, l\u00f8fte og transportere jord, h\u00f8y og andre materialer. <\/li>\n<li>Gravemaskiner: Skuffesylinderen muliggj\u00f8r gravefunksjon ved \u00e5 la skuffen trenge ned i jorden. <\/li>\n<li>Lastere: Frontlastere hjelper til med \u00e5 l\u00f8fte og dumpe varer effektivt.<\/li>\n<\/ul>\n<h2>Designhensyn og utvalgsstandarder<\/h2>\n<ul>\n<li>B\u00e6reevne: Sylinderen skal v\u00e6re konstruert for \u00e5 t\u00e5le maksimal belastning og trykk.<\/li>\n<li>Tetting: Ulike tetningskomponenter som stempeltetninger, stangtetninger osv. b\u00f8r v\u00e6re laget av slitesterke materialer for \u00e5 sikre langvarig tetningsytelse i t\u00f8ffe milj\u00f8er.<\/li>\n<li>Holdbarhet: Sylinderen b\u00f8r v\u00e6re konstruert for \u00e5 t\u00e5le utmattingsbelastning og slitasje for\u00e5rsaket av langvarig bruk.<\/li>\n<li>Sikkerhet: Det hydrauliske systemet b\u00f8r v\u00e6re utformet for \u00e5 forhindre ulykker og sikre f\u00f8rerens sikkerhet.<\/li>\n<li>Vedlikehold: Sylinderen b\u00f8r v\u00e6re utformet med tanke p\u00e5 enkelt vedlikehold, inkludert enkel demontering, montering og utskifting av skadede komponenter.<\/li>\n<\/ul>\n<p><img decoding=\"async\" src=\"https:\/\/www.hydraulic-cylinders.net\/wp-content\/uploads\/2025\/01\/songte-oil-pipes-and-spare-parts.webp\"><\/p>\n<h2>Tetting og sm\u00f8ring<\/h2>\n<p>Ulike tetningskomponenter som stempeltetninger, stangtetninger osv. b\u00f8r v\u00e6re laget av slitesterke materialer for \u00e5 sikre langvarig tetningsevne i t\u00f8ffe milj\u00f8er. Sylinderhuset og den gjengede endeflaten er fint bearbeidet for \u00e5 forbedre slitestyrken. Det er n\u00f8dvendig \u00e5 jevnlig etterfylle en passende mengde hydraulisk olje for sm\u00f8ring.<\/p>\n<h2>Vedlikehold og forholdsregler<\/h2>\n<ul>\n<li>Regelmessig inspeksjon: Regelmessig inspeksjon av sylinderen kan forhindre potensielle problemer.<\/li>\n<li>Proper lubrication: Appropriate lubrication can maintain the cylinder&#8217;s performance.<\/li>\n<li>Seal replacement: Regular replacement of seals can improve the cylinder&#8217;s sealing performance. <\/li>\n<li>Kalibreringskontroll: Sylinderen b\u00f8r kalibreres regelmessig for \u00e5 sikre n\u00f8yaktigheten.<\/li>\n<\/ul>\n<p><img decoding=\"async\" src=\"https:\/\/www.hydraulic-cylinders.net\/wp-content\/uploads\/2025\/01\/songte-chushion-collar.webp\"><\/p>\n<h2>Sikkerhetshensyn og milj\u00f8faktorer<\/h2>\n<p>Sikkerhetstiltak er viktige ved bruk av hydrauliske sylindere for \u00e5 forhindre ulykker. Riktig avhending av hydraulisk v\u00e6ske og annet avfall er ogs\u00e5 n\u00f8dvendig for \u00e5 beskytte milj\u00f8et.<\/p>\n<h2>Diagnose og feils\u00f8king<\/h2>\n<p>Hvis sylinderen ikke fungerer som den skal, kan det f\u00f8re til d\u00e5rlig ytelse eller til og med ulykker. Riktig diagnose og feils\u00f8king kan bidra til \u00e5 l\u00f8se disse problemene.<\/p>\n<h2>Om selskapet v\u00e5rt<\/h2>\n<p>Vi er en produsent av hydrauliske sylindere for utskifting. V\u00e5rt firma tilbyr et bredt spekter av produkter og har blitt en av de ledende produsentene og grossistene av hydrauliske sylindere i det innenlandske og internasjonale markedet. Vi f\u00f8lger prinsippet om utmerket kvalitet og stoler p\u00e5 den industrialiserte produksjonsstyringsstrategien til fine produksjonsverksteder. V\u00e5rt firma forbedrer kontinuerlig produksjonsplattformen til verkstedet, perfeksjonerer produktets produksjonskvalitetsrute og har sterke kreative evner til \u00e5 m\u00f8te kundenes ulike behov med h\u00f8y effektivitet, h\u00f8y presisjon og h\u00f8y kvalitet. <\/p>\n<ul>\n<li>Profesjonalitet: Vi har et team av erfarne fagfolk som er dedikert til \u00e5 produsere hydrauliske sylindere av h\u00f8y kvalitet.<\/li>\n<li>Internasjonal sertifisering: Produktene v\u00e5re har best\u00e5tt internasjonale kvalitetssertifiseringer og har blitt eksportert til mange land og regioner over hele verden.<\/li>\n<li>Tilpasningstjenester: Vi tilbyr tilpassede tjenester for \u00e5 m\u00f8te individuelle kundebehov.<\/li>\n<li>Produksjonsutstyr: Vi bruker avansert digitalt produksjonsutstyr for \u00e5 sikre kvaliteten og effektiviteten i produksjonsprosessen v\u00e5r.<\/li>\n<li>Ettersalgsservice: Vi tilbyr omfattende ettersalgsservice for \u00e5 sikre kundetilfredshet.<\/li>\n<\/ul>\n<p><img decoding=\"async\" src=\"https:\/\/www.hydraulic-cylinders.net\/wp-content\/uploads\/2025\/01\/songte-company-3.webp\"><\/p>\n<p>Forfatter: lyl.<\/p>","protected":false},"excerpt":{"rendered":"<p>Bucket Cylinder for Hyundai Middle Excavator R200-5-5D Introduction A bucket cylinder is a specially designed hydraulic cylinder used to control the movement of the bucket in heavy machinery like excavators, backhoe excavators, and front-end loaders. Its main function is to enable the bucket to lift, lower, and tilt, making it easier to transport various materials. [&hellip;]<\/p>","protected":false},"featured_media":14788,"comment_status":"open","ping_status":"closed","template":"","meta":{"_et_pb_use_builder":"","_et_pb_old_content":"","_et_gb_content_width":""},"product_brand":[],"product_cat":[1494],"product_tag":[1495,1496],"class_list":{"0":"post-15313","1":"product","2":"type-product","3":"status-publish","4":"has-post-thumbnail","6":"product_cat-bucket-cylinders","7":"product_tag-bucket-cylinders","8":"product_tag-hydraulic-cylinders","10":"first","11":"instock","12":"shipping-taxable","13":"product-type-simple"},"amp_enabled":true,"_links":{"self":[{"href":"https:\/\/www.hydraulic-cylinders.net\/nb\/wp-json\/wp\/v2\/product\/15313","targetHints":{"allow":["GET"]}}],"collection":[{"href":"https:\/\/www.hydraulic-cylinders.net\/nb\/wp-json\/wp\/v2\/product"}],"about":[{"href":"https:\/\/www.hydraulic-cylinders.net\/nb\/wp-json\/wp\/v2\/types\/product"}],"replies":[{"embeddable":true,"href":"https:\/\/www.hydraulic-cylinders.net\/nb\/wp-json\/wp\/v2\/comments?post=15313"}],"wp:featuredmedia":[{"embeddable":true,"href":"https:\/\/www.hydraulic-cylinders.net\/nb\/wp-json\/wp\/v2\/media\/14788"}],"wp:attachment":[{"href":"https:\/\/www.hydraulic-cylinders.net\/nb\/wp-json\/wp\/v2\/media?parent=15313"}],"wp:term":[{"taxonomy":"product_brand","embeddable":true,"href":"https:\/\/www.hydraulic-cylinders.net\/nb\/wp-json\/wp\/v2\/product_brand?post=15313"},{"taxonomy":"product_cat","embeddable":true,"href":"https:\/\/www.hydraulic-cylinders.net\/nb\/wp-json\/wp\/v2\/product_cat?post=15313"},{"taxonomy":"product_tag","embeddable":true,"href":"https:\/\/www.hydraulic-cylinders.net\/nb\/wp-json\/wp\/v2\/product_tag?post=15313"}],"curies":[{"name":"wp","href":"https:\/\/api.w.org\/{rel}","templated":true}]}}