{"id":15321,"date":"2025-01-19T14:22:56","date_gmt":"2025-01-19T14:22:56","guid":{"rendered":"https:\/\/www.hydraulic-cylinders.net\/product\/bucket-cylinder-for-hyundai-middle-excavator-r260lc-7\/"},"modified":"2025-01-19T14:22:58","modified_gmt":"2025-01-19T14:22:58","slug":"bucket-cylinder-for-hyundai-middle-excavator-r260lc-7","status":"publish","type":"product","link":"https:\/\/www.hydraulic-cylinders.net\/nb\/produkt\/bucket-cylinder-for-hyundai-middle-excavator-r260lc-7\/","title":{"rendered":"B\u00f8ttesylinder for Hyundai mellomgraver R260LC-7"},"content":{"rendered":"<h1>B\u00f8ttesylinder for Hyundai mellomgraver R260LC-7<\/h1>\n<h2>Introduksjon<\/h2>\n<h3>Definisjon<\/h3>\n<p>En skuffesylinder er en spesialdesignet hydraulisk sylinder som prim\u00e6rt brukes til \u00e5 kontrollere bevegelsen til skuffen i tunge maskiner som gravemaskiner, traktorgravere og frontlastere. Hovedfunksjonen er \u00e5 tillate at skuffen l\u00f8ftes, senkes og vippes, noe som gj\u00f8r det enklere \u00e5 h\u00e5ndtere ulike materialh\u00e5ndteringsoppgaver. I det hydrauliske systemet oppn\u00e5r skuffesylinderen presis kontroll over skuffen gjennom endringer i hydraulikkoljetrykket, slik at operat\u00f8rer effektivt kan h\u00e5ndtere tunge laster, tilpasse seg komplekse arbeidsmilj\u00f8er og ulike driftskrav.<\/p>\n<p><img decoding=\"async\" src=\"https:\/\/www.hydraulic-cylinders.net\/wp-content\/uploads\/2025\/01\/songte-company-2.webp\" alt=\"Bilde av b\u00f8ttesylinder\"><\/p>\n<h3>Funksjoner<\/h3>\n<ul>\n<li>H\u00f8y styrke og holdbarhet: Vanligvis laget av h\u00f8yfast st\u00e5l eller aluminium som t\u00e5ler h\u00f8yt trykk og tunge belastninger, og kan tilpasses t\u00f8ffe arbeidsmilj\u00f8er. Utviklet med tanke p\u00e5 slitestyrke og korrosjonsbestandighet, noe som forlenger levetiden.<\/li>\n<li>Effektiv hydraulisk drift: Jevn forlengelse og tilbaketrekking oppn\u00e5s ved hjelp av trykket fra hydraulikkoljen, noe som gir rask respons p\u00e5 kontrollkommandoer og kraftig skyve- og trekkekrefter, egnet for h\u00e5ndtering av tunge belastninger og komplekse driftsoppgaver.<\/li>\n<li>Ulike typer: Sylinderen kan velges som enkeltvirkende (hydraulisk brukt i kun \u00e9n retning) eller dobbeltvirkende (hydraulisk brukt i begge retninger) i henhold til krav for \u00e5 m\u00f8te ulike driftsbehov. Enkelte modeller er teleskopiske, noe som gir st\u00f8rre forlengelse uten \u00e5 \u00f8ke de ytre m\u00e5lene, egnet for applikasjoner med begrenset plass.<\/li>\n<li>Utskiftbar: Produktet v\u00e5rt kan erstatte disse hydrauliske sylindrene perfekt.<\/li>\n<\/ul>\n<p><img decoding=\"async\" src=\"https:\/\/www.hydraulic-cylinders.net\/wp-content\/uploads\/2025\/01\/songte-cylinder-head-with-all-kinds-excavator-models.webp\" alt=\"Utskiftbar sylinderbilde\"><\/p>\n<h2>Bruksomr\u00e5der<\/h2>\n<p>B\u00f8ttesylindere brukes i ulike bransjer og applikasjoner, inkludert:<\/p>\n<h3>Anleggsutstyr<\/h3>\n<p>I gravemaskiner er de avgj\u00f8rende for utgraving, lasting og flytting av jord eller rusk. I gravemaskiner hjelper skuffesylinderen med utgraving og l\u00f8fting. I frontlastere hjelper de med \u00e5 l\u00f8fte og tilte gods effektivt.<\/p>\n<h3>Landbruksmaskiner<\/h3>\n<p>Brukes i frontlastere til \u00e5 utarbeide, l\u00f8fte og transportere jord, h\u00f8y og andre materialer.<\/p>\n<h3>Gravemaskiner<\/h3>\n<p>Skuffesylinderen tillater graving ved \u00e5 la skuffen trenge ned i jorden.<\/p>\n<h3>Lastere<\/h3>\n<p>I frontlastere hjelper de med \u00e5 l\u00f8fte og tilte gods effektivt.<\/p>\n<h2>Designhensyn og utvalgskriterier<\/h2>\n<p>De viktigste designhensynene for b\u00f8ttesylindere inkluderer:<\/p>\n<ul>\n<li>B\u00e6reevne: Sylinderen m\u00e5 kunne t\u00e5le h\u00f8yt trykk og tunge belastninger.<\/li>\n<li>Tetningsegenskaper: Sylinderen m\u00e5 ha gode tetningsegenskaper for \u00e5 forhindre lekkasje av hydraulikkolje.<\/li>\n<li>Holdbarhet: Sylinderen m\u00e5 v\u00e6re slitesterk og korrosjonsbestandig for lang levetid.<\/li>\n<li>Sikkerhet: Sylinderen m\u00e5 v\u00e6re konstruert med tanke p\u00e5 sikkerhet og gi p\u00e5litelig og sikker drift.<\/li>\n<li>Vedlikeholdsvennlighet: Sylinderen m\u00e5 v\u00e6re enkel \u00e5 vedlikeholde og reparere for langvarig bruk.<\/li>\n<\/ul>\n<p><img decoding=\"async\" src=\"https:\/\/www.hydraulic-cylinders.net\/wp-content\/uploads\/2025\/01\/songte-oil-pipes-and-spare-parts.webp\" alt=\"Bilde av deler av hydrauliske sylindere\"><\/p>\n<h2>Tetting og sm\u00f8ring<\/h2>\n<p>Ulike tetninger som stempeltetninger og stangtetninger brukes, og tetningene er laget av slitesterke materialer som polyuretan og nitrilgummi. Sylinderhuset og den gjengede endeflaten er fint bearbeidet for \u00e5 forbedre slitestyrken. Regelmessig tilsetning av passende hydraulikkolje er n\u00f8dvendig for sm\u00f8ring.<\/p>\n<h2>Vedlikehold og reparasjon<\/h2>\n<p>Regelmessig vedlikehold og forebyggende tiltak b\u00f8r iverksettes for \u00e5 sikre at b\u00f8ttesylinderen fungerer som den skal. Vanlige vedlikeholdsoppgaver inkluderer:<\/p>\n<ul>\n<li>Periodisk inspeksjon<\/li>\n<li>Passende sm\u00f8ring<\/li>\n<li>Utskifting av pakning<\/li>\n<li>Kalibreringskontroll<\/li>\n<\/ul>\n<p>Riktig installasjon er avgj\u00f8rende for \u00e5 sikre sylinderens levetid. Det anbefales \u00e5 bruke passende monteringsbraketter for sylinderens stabilitet og justering, samt \u00e5 f\u00f8lge anbefalte inspeksjons-, reparasjons- og utskiftingsprosedyrer. Utskifting og ombygging av komponenter er tilgjengelige for \u00e5 forbedre levetiden til b\u00f8ttesylinderen.<\/p>\n<p><img decoding=\"async\" src=\"https:\/\/www.hydraulic-cylinders.net\/wp-content\/uploads\/2025\/01\/songte-chushion-collar.webp\" alt=\"Bilde av reparasjon av hydrauliske sylindere\"><\/p>\n<h2>Sikkerhetshensyn og milj\u00f8faktorer<\/h2>\n<p>Sikkerhet er avgj\u00f8rende n\u00e5r man arbeider med hydrauliske maskiner. Riktig oppl\u00e6ring og overholdelse av sikkerhetstiltak er avgj\u00f8rende for \u00e5 unng\u00e5 ulykker og skader.<\/p>\n<p><img decoding=\"async\" src=\"https:\/\/hzpt.com\/wp-content\/uploads\/2024\/11\/songte-company-1.webp\" alt=\"Bilde av hydraulisk sikkerhet\"><\/p>\n<h2>Feildiagnose og feils\u00f8king<\/h2>\n<p>Vanlige feil i b\u00f8ttesylindere inkluderer lekkasjer, utilstrekkelig trykk og treg drift. Feils\u00f8kingstips og l\u00f8sninger er tilgjengelige for \u00e5 hjelpe med \u00e5 diagnostisere og l\u00f8se problemer, samt forebyggende tiltak for \u00e5 minimere potensielle problemer.<\/p>\n<p><img decoding=\"async\" src=\"https:\/\/www.hydraulic-cylinders.net\/wp-content\/uploads\/2025\/01\/songte-bushings-with-all-kinds-of-excavator-models.webp\" alt=\"Bilde for feils\u00f8king av hydrauliske sylindere\"><\/p>\n<h2>Om selskapet v\u00e5rt<\/h2>\n<p>Vi er en produsent av hydrauliske reservesylindere. V\u00e5rt omfattende produktsortiment har gjort oss til en av de ledende produsentene og grossistdistribut\u00f8rene av hydrauliske sylindere i b\u00e5de innenlandske og internasjonale markeder. Vi f\u00f8lger prinsippet om kvalitet og er avhengige av produksjonsstyringsstrategien til et fint produksjonsverksted. Vi forbedrer kontinuerlig produksjonsplattformen til verkstedet gjennom bruk av dyktig teknisk personell, digitalt, avansert produksjonsutstyr og profesjonelle testsystemer. Vi har en sterk kreativ evne, og vi tilfredsstiller kundenes behov med h\u00f8y effektivitet, h\u00f8y presisjon og produkter av h\u00f8y kvalitet. <\/p>\n<p><img decoding=\"async\" src=\"https:\/\/www.hydraulic-cylinders.net\/wp-content\/uploads\/2025\/01\/songte-company-3.webp\" alt=\"V\u00e5rt firmabilde\"><\/p>\n<h3>Profesjonalitet<\/h3>\n<p>Vi har profesjonelt teknisk personell og avansert produksjonsutstyr for \u00e5 sikre h\u00f8y kvalitet p\u00e5 produktene v\u00e5re.<\/p>\n<h3>Internasjonale sertifiseringer<\/h3>\n<p>Produktene v\u00e5re har best\u00e5tt en rekke internasjonale sertifiseringer som ISO, CE og SGS.<\/p>\n<h3>Tilpasningstjeneste<\/h3>\n<p>Vi tilbyr skreddersydde tjenester for \u00e5 m\u00f8te kundenes ulike behov.<\/p>\n<h3>Produksjonsutstyr<\/h3>\n<p>Vi har avanserte CNC-skj\u00e6remaskiner, CNC-dreiebenker og annet avansert utstyr, noe som gir et solid grunnlag for v\u00e5r produksjonskvalitet.<\/p>\n<h3>Ettersalgsservice<\/h3>\n<p>Vi tilbyr omfattende ettersalgsservice og teknisk st\u00f8tte for \u00e5 sikre kundetilfredshet.<\/p>\n<p>Forfatter: lyl<\/p>","protected":false},"excerpt":{"rendered":"<p>Bucket Cylinder For Hyundai Middle Excavator R260LC-7 Introduction Definition A bucket cylinder is a specially designed hydraulic cylinder that is primarily used to control the movement of the bucket in heavy machinery such as excavators, backhoes, and front-end loaders. Its primary function is to allow the bucket to be lifted, lowered, and tilted, making it [&hellip;]<\/p>","protected":false},"featured_media":14773,"comment_status":"open","ping_status":"closed","template":"","meta":{"_et_pb_use_builder":"","_et_pb_old_content":"","_et_gb_content_width":""},"product_brand":[],"product_cat":[1494],"product_tag":[1495,1496],"class_list":{"0":"post-15321","1":"product","2":"type-product","3":"status-publish","4":"has-post-thumbnail","6":"product_cat-bucket-cylinders","7":"product_tag-bucket-cylinders","8":"product_tag-hydraulic-cylinders","10":"first","11":"instock","12":"shipping-taxable","13":"product-type-simple"},"amp_enabled":true,"_links":{"self":[{"href":"https:\/\/www.hydraulic-cylinders.net\/nb\/wp-json\/wp\/v2\/product\/15321","targetHints":{"allow":["GET"]}}],"collection":[{"href":"https:\/\/www.hydraulic-cylinders.net\/nb\/wp-json\/wp\/v2\/product"}],"about":[{"href":"https:\/\/www.hydraulic-cylinders.net\/nb\/wp-json\/wp\/v2\/types\/product"}],"replies":[{"embeddable":true,"href":"https:\/\/www.hydraulic-cylinders.net\/nb\/wp-json\/wp\/v2\/comments?post=15321"}],"wp:featuredmedia":[{"embeddable":true,"href":"https:\/\/www.hydraulic-cylinders.net\/nb\/wp-json\/wp\/v2\/media\/14773"}],"wp:attachment":[{"href":"https:\/\/www.hydraulic-cylinders.net\/nb\/wp-json\/wp\/v2\/media?parent=15321"}],"wp:term":[{"taxonomy":"product_brand","embeddable":true,"href":"https:\/\/www.hydraulic-cylinders.net\/nb\/wp-json\/wp\/v2\/product_brand?post=15321"},{"taxonomy":"product_cat","embeddable":true,"href":"https:\/\/www.hydraulic-cylinders.net\/nb\/wp-json\/wp\/v2\/product_cat?post=15321"},{"taxonomy":"product_tag","embeddable":true,"href":"https:\/\/www.hydraulic-cylinders.net\/nb\/wp-json\/wp\/v2\/product_tag?post=15321"}],"curies":[{"name":"wp","href":"https:\/\/api.w.org\/{rel}","templated":true}]}}