{"id":15331,"date":"2025-01-19T14:23:44","date_gmt":"2025-01-19T14:23:44","guid":{"rendered":"https:\/\/www.hydraulic-cylinders.net\/product\/bucket-cylinder-for-hyundai-large-excavator-r450lc-5\/"},"modified":"2025-01-19T14:23:46","modified_gmt":"2025-01-19T14:23:46","slug":"bucket-cylinder-for-hyundai-large-excavator-r450lc-5","status":"publish","type":"product","link":"https:\/\/www.hydraulic-cylinders.net\/nb\/produkt\/bucket-cylinder-for-hyundai-large-excavator-r450lc-5\/","title":{"rendered":"Skuffesylinder for Hyundai stor gravemaskin R450LC-5"},"content":{"rendered":"<p><!--Title--><\/p>\n<h1>Skuffesylinder for Hyundai stor gravemaskin R450LC-5<\/h1>\n<p><!--Introduction--><\/p>\n<h2>Introduksjon<\/h2>\n<p>En skuffesylinder for Hyundai storgravemaskin R450LC-5 er en spesialisert hydraulisk sylinder som brukes til \u00e5 kontrollere skuffens bevegelser i tunge maskiner som gravemaskiner, traktorgravere og frontlastere. Hovedfunksjonen er \u00e5 gj\u00f8re det mulig \u00e5 l\u00f8fte, senke og tilte skuffen, noe som gj\u00f8r det enklere \u00e5 h\u00e5ndtere ulike materialh\u00e5ndteringsoppgaver. I det hydrauliske systemet kontrollerer skuffesylinderen skuffens presise bevegelse ved \u00e5 endre hydraulikkoljens trykk, slik at operat\u00f8rer effektivt kan h\u00e5ndtere tunge laster og tilpasse seg komplekse arbeidsmilj\u00f8er og ulike driftskrav.<\/p>\n<p><!--Product Image--><br \/>\n<img decoding=\"async\" src=\"https:\/\/www.hydraulic-cylinders.net\/wp-content\/uploads\/2025\/01\/songte-company-2.webp\" alt=\"Bilde av b\u00f8ttesylinder\"><\/p>\n<p><!--Product Features--><\/p>\n<h2>Produktfunksjoner<\/h2>\n<ul>\n<li>H\u00f8y styrke og holdbarhet: Vanligvis laget av h\u00f8yfast st\u00e5l eller aluminium, t\u00e5ler h\u00f8yt trykk og tunge belastninger, er egnet for t\u00f8ffe arbeidsmilj\u00f8er, er designet med tanke p\u00e5 slitestyrke og korrosjonsbestandighet, og forlenger levetiden.<\/li>\n<li>Effektive hydrauliske operasjoner: Jevne forlengelses- og tilbaketrekningsbevegelser oppn\u00e5s ved hjelp av hydraulisk oljetrykk, rask respons p\u00e5 betjeningskommandoer, sterk skyve- og trekkkraft, og egnet for h\u00e5ndtering av tunge belastninger og komplekse arbeidsoppgaver.<\/li>\n<li>Ulike typer: Enkeltvirkende (hydraulisk i kun \u00e9n retning) eller dobbeltvirkende (hydraulisk i begge retninger) sylindere kan velges etter behov for \u00e5 oppfylle ulike driftskrav. Enkelte modeller er teleskopiske, noe som gir st\u00f8rre forlengelse uten \u00e5 \u00f8ke de ytre m\u00e5lene, egnet for bruksomr\u00e5der med begrenset plass.<\/li>\n<li>Perfekt erstatning: Produktene v\u00e5re kan erstatte disse hydrauliske sylindrene perfekt.<\/li>\n<\/ul>\n<p><!--Product Replacement Image--><br \/>\n<img decoding=\"async\" src=\"https:\/\/www.hydraulic-cylinders.net\/wp-content\/uploads\/2025\/01\/songte-cylinder-head-with-all-kinds-excavator-models.webp\" alt=\"Produktutskiftningsbilde\"><\/p>\n<p><!--Product Applications--><\/p>\n<h2>Produktapplikasjoner<\/h2>\n<p>B\u00f8ttesylinderen er mye brukt i ulike industrielle applikasjoner, inkludert, men ikke begrenset til:<\/p>\n<ul>\n<li>Anleggsutstyr: I gravemaskiner er de viktige for utgraving, lasting og flytting av jord eller rusk. I gravemaskiner hjelper skuffesylinderen b\u00e5de til med utgraving og l\u00f8fting.<\/li>\n<li>Landbruksmaskiner: Brukes til frontlastere, for \u00e5 plukke opp, l\u00f8fte og transportere jord, h\u00f8y og andre materialer. Skuffesylinderen i gravemaskiner tillater gravefunksjon ved \u00e5 la skuffen trenge ned i jorden.<\/li>\n<li>Lastere: I frontlastere hjelper de med \u00e5 l\u00f8fte og dumpe last effektivt.<\/li>\n<\/ul>\n<p><!--Design and Selection Standards--><\/p>\n<h2>Design- og utvalgsstandarder<\/h2>\n<p>Standarder for design og utvalg av b\u00f8ttesylindere inkluderer:<\/p>\n<ul>\n<li>B\u00e6reevne: Den skal kunne t\u00e5le den maksimale vekten og trykket den utsettes for, noe som sikrer sikker og stabil drift.<\/li>\n<li>Tetting: Skuffesylinderen b\u00f8r forsegles for \u00e5 forhindre v\u00e6skelekkasje og sikre effektiv hydraulisk drift. Tetningsmaterialer av h\u00f8y kvalitet b\u00f8r brukes for \u00e5 sikre lang levetid.<\/li>\n<li>Holdbarhet: Skuffesylinderen b\u00f8r ha utmerket slitestyrke og korrosjonsbestandighet for \u00e5 sikre lang levetid.<\/li>\n<li>Sikkerhet: Skuffesylinderen b\u00f8r v\u00e6re utformet med sikkerhetsfunksjoner, som sikkerhetsventiler for \u00e5 forhindre overbelastning eller plutselige hydrauliske trykkfall, noe som sikrer f\u00f8rerens sikkerhet.<\/li>\n<li>Vedlikehold: Skuffesylinderen b\u00f8r v\u00e6re utformet med tanke p\u00e5 enkelt vedlikehold, slik at den er enkel \u00e5 inspisere, vedlikeholde og reparere n\u00e5r det er n\u00f8dvendig.<\/li>\n<\/ul>\n<p><!--Product Pipes and Spare Parts Image--><br \/>\n<img decoding=\"async\" src=\"https:\/\/www.hydraulic-cylinders.net\/wp-content\/uploads\/2025\/01\/songte-oil-pipes-and-spare-parts.webp\" alt=\"Produktr\u00f8r og reservedeler bilde\"><\/p>\n<p><!--Sealing and Lubrication--><\/p>\n<h2>Tetting og sm\u00f8ring<\/h2>\n<p>Skuffesylinderens effektive drift er avhengig av riktig tetting og sm\u00f8ring. F\u00f8lgende tiltak iverksettes:<\/p>\n<ul>\n<li>Ulike tetningskomponenter, som stempeltetninger og stangtetninger, brukes for \u00e5 sikre tett tetting. De b\u00f8r v\u00e6re laget av slitesterke materialer som polyuretan og nitrilgummi.<\/li>\n<li>Sylinderhuset og gjengeenden er fint bearbeidet for \u00e5 forbedre slitestyrken.<\/li>\n<li>Skuffesylinderen b\u00f8r sm\u00f8res regelmessig med riktig mengde hydraulikkolje for \u00e5 sikre problemfri drift og forlenget levetid.<\/li>\n<\/ul>\n<p><!--Maintenance and Repair--><\/p>\n<h2>Vedlikehold og reparasjon<\/h2>\n<p>Regelmessig vedlikehold og reparasjon er avgj\u00f8rende for at b\u00f8ttesylinderen skal vare lenge. F\u00f8lgende vedlikeholdsoppgaver b\u00f8r utf\u00f8res:<\/p>\n<ul>\n<li>Regelmessige inspeksjoner: Sjekk for oljelekkasje, deformasjon og skade p\u00e5 sylinderhuset, stangen og stempelet. S\u00f8rg for riktig montering og justering.<\/li>\n<li>Riktig sm\u00f8ring: Sm\u00f8r skuffesylinderen med riktig mengde hydraulikkolje regelmessig for \u00e5 sikre problemfri drift.<\/li>\n<li>Utskifting av tetninger: Skift tetningene regelmessig for \u00e5 sikre god tetning.<\/li>\n<li>Kalibreringssjekk: Utf\u00f8r kalibreringssjekker for \u00e5 sikre sikker og n\u00f8yaktig drift.<\/li>\n<\/ul>\n<p><!--Product Cushion Collar Image--><br \/>\n<img decoding=\"async\" src=\"https:\/\/www.hydraulic-cylinders.net\/wp-content\/uploads\/2025\/01\/songte-chushion-collar.webp\" alt=\"Produktbilde av putekrage\"><\/p>\n<p><!--Safety Considerations--><\/p>\n<h2>Sikkerhetshensyn<\/h2>\n<p>N\u00e5r du bruker en b\u00f8ttesylinder, b\u00f8r f\u00f8lgende sikkerhetstiltak tas:<\/p>\n<ul>\n<li>S\u00f8rg for riktig installasjon og justering for \u00e5 unng\u00e5 ulykker.<\/li>\n<li>F\u00f8lg produsentens bruksanvisning og sikkerhetsregler.<\/li>\n<li>Bruk passende personlig verneutstyr (PPE) som hansker, vernebriller og hjelm.<\/li>\n<li>Ikke overbelast skuffesylinderen, og overhold dens maksimale arbeidstrykk og lastekapasitet.<\/li>\n<li>S\u00f8rg for riktig vedlikehold for \u00e5 unng\u00e5 ulykker.<\/li>\n<\/ul>\n<p><!--Product Bushings and Excavator Models Image--><br \/>\n<img decoding=\"async\" src=\"https:\/\/www.hydraulic-cylinders.net\/wp-content\/uploads\/2025\/01\/songte-bushings-with-all-kinds-of-excavator-models.webp\" alt=\"Produktforinger og gravemaskinmodellbilde\"><\/p>\n<p><!--About Us--><\/p>\n<h2>Om oss<\/h2>\n<p>Vi er en ledende produsent og grossistdistribut\u00f8r av hydrauliske sylindere i det innenlandske og internasjonale markedet, og tilbyr et komplett utvalg av hydrauliske sylinderprodukter. I v\u00e5rt selskap f\u00f8lger vi kjerneverdiene fortreffelighet og kvalitet, og er avhengige av industrialiserte produksjonsstyringsstrategier i finjusterte produksjonsverksteder. Vi forbedrer kontinuerlig v\u00e5r produksjonsplattform, fra bruk av digitalt, avansert produksjonsutstyr, tekniske talenter og profesjonelle testsystemer til perfekte produksjonslinjer av produktkvalitet. Med h\u00f8y effektivitet, h\u00f8y presisjon og h\u00f8y kvalitet som prinsipper, m\u00f8ter vi de ulike behovene til v\u00e5re kunder.<\/p>\n<p><!--Company Image--><br \/>\n<img decoding=\"async\" src=\"https:\/\/hzpt.com\/wp-content\/uploads\/2024\/11\/songte-company-1.webp\" alt=\"Selskapets image\"><\/p>\n<p><!--Company Details--><\/p>\n<h2>Firmadetaljer<\/h2>\n<ul>\n<li>Profesjonalitet: V\u00e5rt firma har et team av profesjonelle eksperter som kan tilby kundene de mest profesjonelle tjenestene.<\/li>\n<li>Internasjonal sertifisering: Produktene v\u00e5re har best\u00e5tt en rekke internasjonale sertifiseringer, som ISO9001 og CE, noe som sikrer kvalitet og sikkerhet.<\/li>\n<li>Tilpasningstjenester: Vi kan tilby tilpassede tjenester i henhold til kundens behov, for eksempel tilpassede sylinderst\u00f8rrelser, materialer og funksjoner.<\/li>\n<li>Avansert produksjonsutstyr: V\u00e5rt firma har et komplett sett med avansert utstyr for produksjon av hydrauliske sylindere, som CNC-dreiebenker, honemaskiner og automatiske sveisemaskiner.<\/li>\n<li>Ettersalgsservice: V\u00e5rt firma tilbyr kundene perfekt ettersalgsservice, som reparasjon og utskifting av deler og ombyggingstjenester, noe som sikrer produktkvalitet og brukertilfredshet.<\/li>\n<\/ul>\n<p><!--Author--><\/p>\n<p>Forfatter: lyl<\/p>","protected":false},"excerpt":{"rendered":"<p>Bucket Cylinder For Hyundai Large Excavator R450LC-5 Introduction A bucket cylinder for Hyundai large excavator R450LC-5 is a specialized hydraulic cylinder used to control the bucket&#8217;s movements in heavy machinery such as excavators, backhoes, and front-end loaders. Its main function is to enable the bucket to lift, lower and tilt, making it easier to handle [&hellip;]<\/p>","protected":false},"featured_media":14784,"comment_status":"open","ping_status":"closed","template":"","meta":{"_et_pb_use_builder":"","_et_pb_old_content":"","_et_gb_content_width":""},"product_brand":[],"product_cat":[1494],"product_tag":[1495,1496],"class_list":{"0":"post-15331","1":"product","2":"type-product","3":"status-publish","4":"has-post-thumbnail","6":"product_cat-bucket-cylinders","7":"product_tag-bucket-cylinders","8":"product_tag-hydraulic-cylinders","10":"first","11":"instock","12":"shipping-taxable","13":"product-type-simple"},"amp_enabled":true,"_links":{"self":[{"href":"https:\/\/www.hydraulic-cylinders.net\/nb\/wp-json\/wp\/v2\/product\/15331","targetHints":{"allow":["GET"]}}],"collection":[{"href":"https:\/\/www.hydraulic-cylinders.net\/nb\/wp-json\/wp\/v2\/product"}],"about":[{"href":"https:\/\/www.hydraulic-cylinders.net\/nb\/wp-json\/wp\/v2\/types\/product"}],"replies":[{"embeddable":true,"href":"https:\/\/www.hydraulic-cylinders.net\/nb\/wp-json\/wp\/v2\/comments?post=15331"}],"wp:featuredmedia":[{"embeddable":true,"href":"https:\/\/www.hydraulic-cylinders.net\/nb\/wp-json\/wp\/v2\/media\/14784"}],"wp:attachment":[{"href":"https:\/\/www.hydraulic-cylinders.net\/nb\/wp-json\/wp\/v2\/media?parent=15331"}],"wp:term":[{"taxonomy":"product_brand","embeddable":true,"href":"https:\/\/www.hydraulic-cylinders.net\/nb\/wp-json\/wp\/v2\/product_brand?post=15331"},{"taxonomy":"product_cat","embeddable":true,"href":"https:\/\/www.hydraulic-cylinders.net\/nb\/wp-json\/wp\/v2\/product_cat?post=15331"},{"taxonomy":"product_tag","embeddable":true,"href":"https:\/\/www.hydraulic-cylinders.net\/nb\/wp-json\/wp\/v2\/product_tag?post=15331"}],"curies":[{"name":"wp","href":"https:\/\/api.w.org\/{rel}","templated":true}]}}