{"id":15343,"date":"2025-01-19T14:24:39","date_gmt":"2025-01-19T14:24:39","guid":{"rendered":"https:\/\/www.hydraulic-cylinders.net\/product\/bucket-cylinder-for-kobelco-small-excavator-sk60-c\/"},"modified":"2025-01-19T14:24:40","modified_gmt":"2025-01-19T14:24:40","slug":"bucket-cylinder-for-kobelco-small-excavator-sk60-c","status":"publish","type":"product","link":"https:\/\/www.hydraulic-cylinders.net\/nb\/produkt\/bucket-cylinder-for-kobelco-small-excavator-sk60-c\/","title":{"rendered":"Skuffesylinder for Kobelco liten gravemaskin SK60-C"},"content":{"rendered":"<h1>Skuffesylinder for Kobelco liten gravemaskin SK60-C<\/h1>\n<h2>Introduksjon<\/h2>\n<h3>Definisjon<\/h3>\n<p>En skuffesylinder er en spesialdesignet hydraulisk sylinder som brukes til \u00e5 kontrollere bevegelsen til en skuffe i tunge maskiner som gravemaskiner, traktorgravere og frontlastere. Hovedfunksjonen er \u00e5 gj\u00f8re det mulig for skuffen \u00e5 l\u00f8fte, senke og vippe, noe som gj\u00f8r det enklere \u00e5 h\u00e5ndtere forskjellige materialer. I det hydrauliske systemet oppn\u00e5r skuffesylinderen presis kontroll over skuffens bevegelse gjennom endringer i hydraulikkoljetrykket, slik at f\u00f8reren effektivt kan h\u00e5ndtere tunge laster og tilpasse seg komplekse arbeidsforhold og ulike driftskrav.<\/p>\n<p><img decoding=\"async\" src=\"https:\/\/www.hydraulic-cylinders.net\/wp-content\/uploads\/2025\/01\/songte-company-2.webp\" alt=\"Bilde av b\u00f8ttesylinder\"><\/p>\n<h2>Funksjoner<\/h2>\n<ul>\n<li><strong>H\u00f8y styrke og holdbarhet:<\/strong> Den er vanligvis laget av h\u00f8yfast st\u00e5l eller aluminium, og t\u00e5ler h\u00f8yt trykk og tunge belastninger, og tilpasser seg t\u00f8ffe arbeidsmilj\u00f8er. Den har et design som tar hensyn til slitestyrke og korrosjonsbestandighet, noe som forlenger levetiden.<\/li>\n<li><strong>Effektiv hydraulisk drift:<\/strong> Ved \u00e5 bruke hydraulisk oljetrykk for \u00e5 oppn\u00e5 jevn ut- og inntrekksbevegelse, kan den raskt reagere p\u00e5 kontrollkommandoer, og gi kraftig skyve- og trekkekraft som er egnet for h\u00e5ndtering av tunge belastninger og komplekse driftsoppgaver.<\/li>\n<li><strong>Ulike typer:<\/strong> Enkeltvirkende (hydraulisk brukes kun i \u00e9n retning) eller dobbeltvirkende (hydraulisk brukes i begge retninger) sylindere kan velges i henhold til behov for \u00e5 oppfylle ulike driftskrav. Noen modeller er teleskopiske, noe som gir st\u00f8rre forlengelse uten \u00e5 \u00f8ke de ytre m\u00e5lene, egnet for applikasjoner med begrenset plass.<\/li>\n<li><strong>Utskiftbar:<\/strong> Produktene v\u00e5re kan erstatte disse hydrauliske sylindrene perfekt.<\/li>\n<li><strong>Tilpasning:<\/strong> Vi kan produsere dette produktet i henhold til kundens spesifikasjoner.<\/li>\n<\/ul>\n<p><img decoding=\"async\" src=\"https:\/\/www.hydraulic-cylinders.net\/wp-content\/uploads\/2025\/01\/songte-cylinder-head-with-all-kinds-excavator-models.webp\" alt=\"Bilde av utskifting av b\u00f8ttesylinder\"><\/p>\n<h2>Bruksomr\u00e5der<\/h2>\n<p>B\u00f8ttesylindere er mye brukt i forskjellige tunge maskiner, inkludert:<\/p>\n<ul>\n<li>Anleggsutstyr: I gravemaskiner er de viktige for graving, lasting og flytting av jord eller rusk. I gravemaskiner hjelper skuffesylinderen med graving og l\u00f8fting. <\/li>\n<li>Landbruksmaskiner: Brukes i frontlastere til graving, l\u00f8fting og transport av jord, h\u00f8y og andre materialer.<\/li>\n<li>Gravemaskiner: Skuffesylinderen oppn\u00e5r gravefunksjon ved \u00e5 la skuffen trenge ned i jorden.<\/li>\n<li>Frontlastere: I frontlastere hjelper de med \u00e5 l\u00f8fte og tippe varer effektivt.<\/li>\n<\/ul>\n<h2>Designhensyn og utvalgskriterier<\/h2>\n<h3>Designhensyn<\/h3>\n<ul>\n<li><strong>B\u00e6reevne:<\/strong> Sylinderen skal v\u00e6re konstruert for \u00e5 t\u00e5le den maksimale belastningen den kan utsettes for under drift.<\/li>\n<li><strong>Tetting:<\/strong> Ulike tetningskomponenter, som stempeltetninger og stangtetninger, b\u00f8r brukes for \u00e5 forhindre v\u00e6skelekkasje.<\/li>\n<li><strong>Varighet:<\/strong> Sylinderen b\u00f8r v\u00e6re konstruert med slitesterke materialer og overflatebehandlinger for \u00e5 forlenge levetiden.<\/li>\n<li><strong>Sikkerhet:<\/strong> Sylinderen b\u00f8r v\u00e6re konstruert for \u00e5 forhindre ulykker, som plutselige fall eller overbelastning, og b\u00f8r oppfylle relevante sikkerhetsstandarder.<\/li>\n<li><strong>Vedlikeholdbarhet:<\/strong> Sylinderen b\u00f8r v\u00e6re utformet for \u00e5 forenkle inspeksjon, vedlikehold og reparasjon.<\/li>\n<\/ul>\n<p><img decoding=\"async\" src=\"https:\/\/www.hydraulic-cylinders.net\/wp-content\/uploads\/2025\/01\/songte-oil-pipes-and-spare-parts.webp\" alt=\"Bilde av reservedeler for b\u00f8ttesylinder\"><\/p>\n<h3>Utvalgskriterier<\/h3>\n<ul>\n<li><strong>S\u00f8knad:<\/strong> Riktig valg av sylindertype b\u00f8r baseres p\u00e5 den spesifikke applikasjonen og driftskravene.<\/li>\n<li><strong>St\u00f8rrelse og slaglengde:<\/strong> Sylinderens boringsdiameter og slaglengde b\u00f8r velges basert p\u00e5 lastekapasitet og driftsforhold.<\/li>\n<li><strong>Monteringsstil:<\/strong> Sylindermonteringen b\u00f8r velges basert p\u00e5 maskineriets monteringsstil.<\/li>\n<li><strong>Driftstrykk:<\/strong> Sylinderens driftstrykk skal v\u00e6re innenfor det spesifiserte omr\u00e5det for det hydrauliske systemet.<\/li>\n<li><strong>Milj\u00f8krav:<\/strong> Sylinderen b\u00f8r velges basert p\u00e5 maskineriets milj\u00f8krav, som temperatur, fuktighet og korrosjonsevne.<\/li>\n<\/ul>\n<h2>Tetting og sm\u00f8ring<\/h2>\n<p>Ulike tetningskomponenter, som stempeltetninger og stangtetninger, b\u00f8r brukes for \u00e5 forhindre v\u00e6skelekkasje. Tetningene b\u00f8r v\u00e6re laget av slitesterke materialer, som polyuretan eller nitrilgummi. Sylinderhuset og den gjengede endeflaten b\u00f8r finbehandles for \u00e5 forbedre slitestyrken. Regelmessig tilsetning av en passende mengde hydraulisk olje kan effektivt sm\u00f8re sylinderen og forlenge levetiden.<\/p>\n<h2>Vedlikehold og reparasjon<\/h2>\n<p>Regelmessig inspeksjon, passende sm\u00f8ring, utskifting av pakninger og kalibreringskontroller er typiske vedlikeholdsoppgaver. Riktig installasjon, sm\u00f8ring og justering er avgj\u00f8rende for sylinderens ytelse og levetid. Under installasjon er det viktig \u00e5 justere sylinderen riktig og bruke passende monteringsbraketter for \u00e5 feste sylinderen. Vi anbefaler spesifikke inspeksjons-, reparasjons- og utskiftingsprosedyrer, inkludert ombyggingstjenester og tips for \u00e5 \u00f8ke sylinderens levetid.<\/p>\n<p><img decoding=\"async\" src=\"https:\/\/www.hydraulic-cylinders.net\/wp-content\/uploads\/2025\/01\/songte-chushion-collar.webp\" alt=\"Bilde av installasjon av b\u00f8ttesylinder\"><\/p>\n<h2>Sikkerhetshensyn og milj\u00f8faktorer<\/h2>\n<p>Ved bruk av hydrauliske sylindere er sikkerhetsforanstaltninger, som \u00e5 bruke verneutstyr og f\u00f8lge sikkerhetsretningslinjer, avgj\u00f8rende. Milj\u00f8faktorer, som temperatur, fuktighet, korrosjonsevne og renslighet, b\u00f8r tas i betraktning n\u00e5r man velger sylinder og hydraulisk system.<\/p>\n<h2>Vanlige problemer og feils\u00f8king<\/h2>\n<p>Vanlige problemer med hydrauliske sylindere inkluderer v\u00e6skelekkasje, utilstrekkelig kraft og uregelmessig bevegelse. Feils\u00f8king inneb\u00e6rer \u00e5 identifisere det spesifikke problemet og dets \u00e5rsaker, for eksempel slitte pakninger eller forurenset v\u00e6ske, og iverksette passende korrigerende tiltak, for eksempel pakningsutskifting eller v\u00e6skespyling. Regelmessig forebyggende vedlikehold kan bidra til \u00e5 minimere slike problemer.<\/p>\n<p><img decoding=\"async\" src=\"https:\/\/www.hydraulic-cylinders.net\/wp-content\/uploads\/2025\/01\/songte-bushings-with-all-kinds-of-excavator-models.webp\" alt=\"Feils\u00f8kingsbilde for b\u00f8ttesylinder\"><\/p>\n<h2>Om selskapet v\u00e5rt<\/h2>\n<p>Vi er en produsent av hydrauliske sylindere for utskifting med et komplett produktsortiment. Vi er en av de ledende produsentene og grossistdistribut\u00f8rene av hydrauliske sylindere i det innenlandske og internasjonale markedet. Vi f\u00f8lger prinsippet om utmerket kvalitet og er avhengige av strategier for industriell produksjonsstyring med fine produksjonsverksteder, kontinuerlig forbedring av v\u00e5re produksjonsplattformer og perfeksjonering av produksjonslinjer av h\u00f8y produktkvalitet. Vi har en sterk produksjonsevne for \u00e5 m\u00f8te ulike kundebehov med h\u00f8y effektivitet, presisjon og kvalitet. <\/p>\n<ul>\n<li><strong>Profesjonalitet:<\/strong> Teamet v\u00e5rt best\u00e5r av erfarne fagfolk som kan tilby skreddersydde l\u00f8sninger for ulike kunder.<\/li>\n<li><strong>Internasjonal sertifisering:<\/strong> Produktene v\u00e5re har best\u00e5tt internasjonale sertifiseringer, som ISO9001, CE og SGS.<\/li>\n<li><strong>Tilpasningstjeneste:<\/strong> Vi kan tilby tilpassede sylindere i henhold til kundens spesifikasjoner og krav.<\/li>\n<li><strong>Avansert produksjonsutstyr:<\/strong> Vi har avansert digitalt produksjonsutstyr, som CNC-maskiner og testsystemer, for \u00e5 sikre produktkvalitet og konsistens.<\/li>\n<li><strong>Ettersalgsservice:<\/strong> Vi tilbyr rettidig ettersalgsservice, inkludert utskifting av deler og ombygging, for \u00e5 sikre kundetilfredshet.<\/li>\n<\/ul>\n<p><img decoding=\"async\" src=\"https:\/\/hzpt.com\/wp-content\/uploads\/2024\/11\/songte-company-1.webp\" alt=\"Selskapets image\"><\/p>\n<p>Forfatter: lyl.<\/p>","protected":false},"excerpt":{"rendered":"<p>Bucket Cylinder for Kobelco Small Excavator SK60-C Introduction Definition A bucket cylinder is a specially designed hydraulic cylinder used to control the movement of a bucket in heavy machinery such as excavators, backhoe loaders, and front loaders. Its primary function is to enable the bucket to lift, lower, and tilt, making it easier to handle [&hellip;]<\/p>","protected":false},"featured_media":14788,"comment_status":"open","ping_status":"closed","template":"","meta":{"_et_pb_use_builder":"","_et_pb_old_content":"","_et_gb_content_width":""},"product_brand":[],"product_cat":[1494],"product_tag":[1495,1496],"class_list":{"0":"post-15343","1":"product","2":"type-product","3":"status-publish","4":"has-post-thumbnail","6":"product_cat-bucket-cylinders","7":"product_tag-bucket-cylinders","8":"product_tag-hydraulic-cylinders","10":"first","11":"instock","12":"shipping-taxable","13":"product-type-simple"},"amp_enabled":true,"_links":{"self":[{"href":"https:\/\/www.hydraulic-cylinders.net\/nb\/wp-json\/wp\/v2\/product\/15343","targetHints":{"allow":["GET"]}}],"collection":[{"href":"https:\/\/www.hydraulic-cylinders.net\/nb\/wp-json\/wp\/v2\/product"}],"about":[{"href":"https:\/\/www.hydraulic-cylinders.net\/nb\/wp-json\/wp\/v2\/types\/product"}],"replies":[{"embeddable":true,"href":"https:\/\/www.hydraulic-cylinders.net\/nb\/wp-json\/wp\/v2\/comments?post=15343"}],"wp:featuredmedia":[{"embeddable":true,"href":"https:\/\/www.hydraulic-cylinders.net\/nb\/wp-json\/wp\/v2\/media\/14788"}],"wp:attachment":[{"href":"https:\/\/www.hydraulic-cylinders.net\/nb\/wp-json\/wp\/v2\/media?parent=15343"}],"wp:term":[{"taxonomy":"product_brand","embeddable":true,"href":"https:\/\/www.hydraulic-cylinders.net\/nb\/wp-json\/wp\/v2\/product_brand?post=15343"},{"taxonomy":"product_cat","embeddable":true,"href":"https:\/\/www.hydraulic-cylinders.net\/nb\/wp-json\/wp\/v2\/product_cat?post=15343"},{"taxonomy":"product_tag","embeddable":true,"href":"https:\/\/www.hydraulic-cylinders.net\/nb\/wp-json\/wp\/v2\/product_tag?post=15343"}],"curies":[{"name":"wp","href":"https:\/\/api.w.org\/{rel}","templated":true}]}}