{"id":15345,"date":"2025-01-19T14:24:46","date_gmt":"2025-01-19T14:24:46","guid":{"rendered":"https:\/\/www.hydraulic-cylinders.net\/product\/bucket-cylinder-for-kobelco-small-excavator-sk120-3-5-6\/"},"modified":"2025-01-19T14:24:48","modified_gmt":"2025-01-19T14:24:48","slug":"bucket-cylinder-for-kobelco-small-excavator-sk120-3-5-6","status":"publish","type":"product","link":"https:\/\/www.hydraulic-cylinders.net\/nb\/produkt\/bucket-cylinder-for-kobelco-small-excavator-sk120-3-5-6\/","title":{"rendered":"B\u00f8ttesylinder for Kobelco liten gravemaskin SK120-3-5-6"},"content":{"rendered":"<h1>B\u00f8ttesylinder for Kobelco liten gravemaskin SK120-3-5-6<\/h1>\n<h2>Introduksjon<\/h2>\n<p>En skuffesylinder er en spesialdesignet hydraulisk sylinder som prim\u00e6rt brukes til \u00e5 kontrollere bevegelsen til skuffen i tunge maskiner som gravemaskiner, traktorgravere og frontlastere. Hovedfunksjonen er \u00e5 gj\u00f8re det mulig for skuffen \u00e5 l\u00f8fte, senke og vippe, noe som gj\u00f8r det enklere \u00e5 h\u00e5ndtere ulike materialh\u00e5ndteringsoppgaver. I det hydrauliske systemet oppn\u00e5r skuffesylinderen presis kontroll over skuffens bevegelser ved trykkendringer i hydraulikkoljen, slik at operat\u00f8rer effektivt kan h\u00e5ndtere tunge laster, tilpasse seg komplekse arbeidsmilj\u00f8er og ulike jobbkrav.<\/p>\n<p><img decoding=\"async\" src=\"https:\/\/www.hydraulic-cylinders.net\/wp-content\/uploads\/2025\/01\/songte-company-2.webp\" alt=\"Bilde av b\u00f8ttesylinder\"><\/p>\n<h2>Funksjoner<\/h2>\n<ul>\n<li>H\u00f8y styrke og holdbarhet: Vanligvis laget av h\u00f8yfast st\u00e5l eller aluminium, t\u00e5ler h\u00f8yt trykk og tunge belastninger, egnet for t\u00f8ffe arbeidsmilj\u00f8er, designet med slitestyrke og korrosjonsbestandighet i tankene, noe som forlenger levetiden.<\/li>\n<li>Effektiv hydraulisk drift: Utnytter hydraulisk oljetrykk for \u00e5 oppn\u00e5 jevn forlengelse og inntrekking, reagerer raskt p\u00e5 kontrollkommandoer, gir kraftig skyve- og trekkekrefter, egnet for h\u00e5ndtering av tunge belastninger og komplekse arbeidsoppgaver.<\/li>\n<li>Ulike typer: Kan velge enkeltvirkende (hydraulisk brukt i kun \u00e9n retning) eller dobbeltvirkende (hydraulisk brukt i begge retninger) sylindere etter behov for \u00e5 m\u00f8te ulike driftskrav. Noen modeller er teleskopiske, noe som gir st\u00f8rre forlengelse uten \u00e5 \u00f8ke de ytre m\u00e5lene, egnet for applikasjoner med begrenset plass.<\/li>\n<li>Enkel \u00e5 installere: Produktene v\u00e5re kan erstatte disse hydrauliske sylindrene perfekt.<\/li>\n<\/ul>\n<p><img decoding=\"async\" src=\"https:\/\/www.hydraulic-cylinders.net\/wp-content\/uploads\/2025\/01\/songte-cylinder-head-with-all-kinds-excavator-models.webp\" alt=\"Bilde av utskifting av b\u00f8ttesylinder\"><\/p>\n<h2>Bruksomr\u00e5der<\/h2>\n<p>Skuffesylindere er mye brukt i ulike bransjer og felt, som anleggsmaskiner, landbruksmaskiner, gravemaskiner og lastere. Noen av bruksomr\u00e5dene er:<\/p>\n<ul>\n<li>Anleggsutstyr: I gravemaskiner er de avgj\u00f8rende for utgraving, lasting og flytting av jord eller rusk. I gravemaskinlastere hjelper skuffesylinderen til med b\u00e5de graving og l\u00f8fting. <\/li>\n<li>Landbruksmaskiner: Brukes i frontlastere til \u00e5 utarbeide, l\u00f8fte og transportere jord, h\u00f8y og andre materialer. <\/li>\n<li>Gravemaskiner: Skuffesylinderen oppn\u00e5r graveaksjonen ved \u00e5 la skuffen trenge ned i jorden. <\/li>\n<li>Lastere: I frontlastere hjelper de med \u00e5 l\u00f8fte og tilte varer effektivt.<\/li>\n<\/ul>\n<h2>Designhensyn og utvalgskriterier<\/h2>\n<p>Utformingen av en b\u00f8ttesylinder tar hensyn til flere faktorer, inkludert lastekapasitet, tetning, holdbarhet, sikkerhet og vedlikeholdbarhet. Noen viktige designhensyn og utvalgskriterier er:<\/p>\n<ul>\n<li>Lastekapasitet: Skuffesylinderen m\u00e5 t\u00e5le h\u00f8yt trykk og tunge belastninger, noe som gj\u00f8r den egnet for t\u00f8ffe arbeidsmilj\u00f8er.<\/li>\n<li>Tetting: Ulike tetningskomponenter som stempeltetninger og stangtetninger brukes i b\u00f8ttesylinderen for \u00e5 forhindre lekkasje av hydraulisk v\u00e6ske.<\/li>\n<li>Holdbarhet: Skuffesylinderen m\u00e5 v\u00e6re konstruert med tanke p\u00e5 slitestyrke og korrosjonsbestandighet, noe som forlenger levetiden.<\/li>\n<li>Sikkerhet: Skuffesylinderen m\u00e5 overholde bransjens sikkerhetsstandarder, noe som sikrer sikkerheten til operat\u00f8rer og andre som arbeider i omr\u00e5det rundt.<\/li>\n<li>Vedlikehold: Regelmessig inspeksjon og forebyggende vedlikehold er viktig for \u00e5 holde b\u00f8ttesylinderen i god stand.<\/li>\n<\/ul>\n<p><img decoding=\"async\" src=\"https:\/\/www.hydraulic-cylinders.net\/wp-content\/uploads\/2025\/01\/songte-oil-pipes-and-spare-parts.webp\" alt=\"Bilde av reservedeler for b\u00f8ttesylinder\"><\/p>\n<h2>Tetting og sm\u00f8ring<\/h2>\n<p>Ulike tetningskomponenter som stempeltetninger og stangtetninger brukes i b\u00f8ttesylinderen for \u00e5 forhindre lekkasje av hydraulisk v\u00e6ske. Tetningskomponentene er laget av slitesterke materialer som polyuretan og nitrilgummi for \u00e5 forbedre holdbarheten. Sylinderhuset og gjengeendene er n\u00f8ye behandlet for \u00e5 forbedre slitestyrken. Regelmessig tilsetning av passende hydraulisk olje for \u00e5 sm\u00f8re sylinderen er n\u00f8dvendig for \u00e5 sikre problemfri drift.<\/p>\n<h2>Inspeksjon og forebyggende vedlikehold<\/h2>\n<p>Regelmessig inspeksjon og forebyggende vedlikehold er avgj\u00f8rende for \u00e5 holde b\u00f8ttesylinderen i god stand. Noen forebyggende vedlikeholdsoppgaver inkluderer:<\/p>\n<ul>\n<li>Regelmessig kontroll av sylinderens driftsstatus<\/li>\n<li>Riktig sm\u00f8ring av sylinderen<\/li>\n<li>Bytte av slitte tetninger og pakninger<\/li>\n<li>Kontroll og kalibrering av sylinderens arbeidstrykk<\/li>\n<\/ul>\n<p>Riktig installasjon, sm\u00f8ring og justering er avgj\u00f8rende for \u00e5 sikre at b\u00f8ttesylinderen varer lenge. Under installasjon er det viktig \u00e5 justere sylinderen riktig og bruke passende monteringsbrakett for \u00e5 feste den. Vi anbefaler et regelmessig inspeksjons-, reparasjons- og utskiftingsprogram for \u00e5 forlenge b\u00f8ttesylinderens levetid.<\/p>\n<p><img decoding=\"async\" src=\"https:\/\/www.hydraulic-cylinders.net\/wp-content\/uploads\/2025\/01\/songte-chushion-collar.webp\" alt=\"Bilde av vedlikehold av b\u00f8ttesylinder\"><\/p>\n<h2>Sikkerhetshensyn og milj\u00f8faktorer<\/h2>\n<p>Sikkerhetstiltak m\u00e5 tas ved bruk av b\u00f8ttesylinderen for \u00e5 unng\u00e5 ulykker. Operat\u00f8rer b\u00f8r f\u00f8lge standard driftsprosedyrer og s\u00f8rge for at utstyret er i god stand. Riktig avhending av brukt hydraulikkolje er n\u00f8dvendig for \u00e5 beskytte milj\u00f8et og forhindre forurensning.<\/p>\n<h2>Vanlige feil og feils\u00f8king<\/h2>\n<p>Noen vanlige feil p\u00e5 b\u00f8ttesylinderen inkluderer lekkasje, langsom drift, utilstrekkelig kraft og unormal st\u00f8y. Feils\u00f8kingsmetoder inkluderer \u00e5 kontrollere hydraulikkoljeniv\u00e5et, bytte ut slitte tetninger og pakninger, justere overtrykksventilen og inspeksjon av oljefilteret. Regelmessig vedlikehold og inspeksjon kan forhindre de fleste feil.<\/p>\n<p><img decoding=\"async\" src=\"https:\/\/www.hydraulic-cylinders.net\/wp-content\/uploads\/2025\/01\/songte-bushings-with-all-kinds-of-excavator-models.webp\" alt=\"Bilde av svikt i b\u00f8ttesylinderen\"><\/p>\n<h2>Om selskapet v\u00e5rt<\/h2>\n<p>Vi er en produsent av hydrauliske sylindere for utskifting, og produktsortimentet v\u00e5rt er omfattende. Vi er en av de ledende produsentene og grossistdistribut\u00f8rene av hydrauliske sylindere i innenlandske og utenlandske markeder. Vi f\u00f8lger strategien for industrialisert produksjonsstyring basert p\u00e5 utmerket kvalitet og er avhengige av bruk av tekniske talenter, digitalt high-end produksjonsutstyr og profesjonelle testsystemer for kontinuerlig \u00e5 forbedre produksjonsplattformen til verkstedet, forbedre produksjonslinjen for produktkvalitet og ha sterke kreative evner. Vi er forpliktet til \u00e5 m\u00f8te kundenes ulike behov med prinsippene om h\u00f8y effektivitet, h\u00f8y presisjon og h\u00f8y kvalitet.<\/p>\n<p><img decoding=\"async\" src=\"https:\/\/hzpt.com\/wp-content\/uploads\/2024\/11\/songte-company-1.webp\" alt=\"Selskapets image\"><\/p>\n<h3>Profesjonalitet<\/h3>\n<p>V\u00e5rt firma har et profesjonelt team av ingeni\u00f8rer og fagarbeidere med mange \u00e5rs erfaring innen produksjon av hydrauliske sylindere. Vi er forpliktet til \u00e5 tilby v\u00e5re kunder produkter og tjenester av h\u00f8yeste kvalitet.<\/p>\n<h3>Internasjonal sertifisering<\/h3>\n<p>Produktene v\u00e5re har internasjonale sertifiseringer som ISO9001 og CE, noe som sikrer at produktene v\u00e5re oppfyller internasjonale kvalitetsstandarder.<\/p>\n<h3>Tilpasningstjeneste<\/h3>\n<p>Vi tilbyr tilpasningstjenester for \u00e5 m\u00f8te kundenes spesifikke behov. V\u00e5re ingeni\u00f8rer jobber tett med kundene v\u00e5re for \u00e5 designe den mest passende hydrauliske sylinderen for deres bruksomr\u00e5de.<\/p>\n<h3>Produksjonsutstyr<\/h3>\n<p>V\u00e5rt firma bruker avansert digitalt produksjonsutstyr for \u00e5 sikre n\u00f8yaktighet og effektivitet i produksjonsprosessen. <\/p>\n<h3>Ettersalgsservice<\/h3>\n<p>Vi tilbyr omfattende ettersalgstjenester, inkludert konsultasjon, feils\u00f8king og reparasjon. V\u00e5rt ettersalgsteam er tilgjengelig for \u00e5 hjelpe kundene v\u00e5re med eventuelle problemer eller sp\u00f8rsm\u00e5l de m\u00e5tte ha ang\u00e5ende produktene v\u00e5re.<\/p>\n<p>Forfatter: lyl<\/p>","protected":false},"excerpt":{"rendered":"<p>Bucket Cylinder For Kobelco Small Excavator SK120-3-5-6 Introduction A bucket cylinder is a specially designed hydraulic cylinder primarily used for controlling the movement of the bucket in heavy-duty machinery such as excavators, backhoe loaders, and front-end loaders. Its main function is to enable the bucket to lift, lower, and tilt, making it easier to handle [&hellip;]<\/p>","protected":false},"featured_media":14785,"comment_status":"open","ping_status":"closed","template":"","meta":{"_et_pb_use_builder":"","_et_pb_old_content":"","_et_gb_content_width":""},"product_brand":[],"product_cat":[1494],"product_tag":[1495,1496],"class_list":{"0":"post-15345","1":"product","2":"type-product","3":"status-publish","4":"has-post-thumbnail","6":"product_cat-bucket-cylinders","7":"product_tag-bucket-cylinders","8":"product_tag-hydraulic-cylinders","10":"first","11":"instock","12":"shipping-taxable","13":"product-type-simple"},"amp_enabled":true,"_links":{"self":[{"href":"https:\/\/www.hydraulic-cylinders.net\/nb\/wp-json\/wp\/v2\/product\/15345","targetHints":{"allow":["GET"]}}],"collection":[{"href":"https:\/\/www.hydraulic-cylinders.net\/nb\/wp-json\/wp\/v2\/product"}],"about":[{"href":"https:\/\/www.hydraulic-cylinders.net\/nb\/wp-json\/wp\/v2\/types\/product"}],"replies":[{"embeddable":true,"href":"https:\/\/www.hydraulic-cylinders.net\/nb\/wp-json\/wp\/v2\/comments?post=15345"}],"wp:featuredmedia":[{"embeddable":true,"href":"https:\/\/www.hydraulic-cylinders.net\/nb\/wp-json\/wp\/v2\/media\/14785"}],"wp:attachment":[{"href":"https:\/\/www.hydraulic-cylinders.net\/nb\/wp-json\/wp\/v2\/media?parent=15345"}],"wp:term":[{"taxonomy":"product_brand","embeddable":true,"href":"https:\/\/www.hydraulic-cylinders.net\/nb\/wp-json\/wp\/v2\/product_brand?post=15345"},{"taxonomy":"product_cat","embeddable":true,"href":"https:\/\/www.hydraulic-cylinders.net\/nb\/wp-json\/wp\/v2\/product_cat?post=15345"},{"taxonomy":"product_tag","embeddable":true,"href":"https:\/\/www.hydraulic-cylinders.net\/nb\/wp-json\/wp\/v2\/product_tag?post=15345"}],"curies":[{"name":"wp","href":"https:\/\/api.w.org\/{rel}","templated":true}]}}