{"id":15365,"date":"2025-01-19T14:26:13","date_gmt":"2025-01-19T14:26:13","guid":{"rendered":"https:\/\/www.hydraulic-cylinders.net\/product\/bucket-cylinder-for-kobelco-large-excavator-sk450-6-6e\/"},"modified":"2025-01-19T14:26:21","modified_gmt":"2025-01-19T14:26:21","slug":"bucket-cylinder-for-kobelco-large-excavator-sk450-6-6e","status":"publish","type":"product","link":"https:\/\/www.hydraulic-cylinders.net\/nb\/produkt\/bucket-cylinder-for-kobelco-large-excavator-sk450-6-6e\/","title":{"rendered":"Skuffesylinder for Kobelco stor gravemaskin SK450-6-6E"},"content":{"rendered":"<h1>Skuffesylinder for Kobelco stor gravemaskin SK450-6-6E<\/h1>\n<h2>Introduksjon<\/h2>\n<p>Skuffesylinderen til Kobelco storgravemaskin SK450-6-6E er en spesialdesignet hydraulisk sylinder som prim\u00e6rt brukes til \u00e5 kontrollere bevegelsen til skuffen i tunge maskiner som gravemaskiner, traktorgravere og frontlastere. Hovedfunksjonen er \u00e5 muliggj\u00f8re l\u00f8fting, senking og tilting av skuffen, noe som forenkler ulike materialh\u00e5ndteringsoppgaver. I det hydrauliske systemet oppn\u00e5r skuffesylinderen presis kontroll over skuffens bevegelse gjennom endringer i hydraulikkoljetrykket, slik at operat\u00f8rer kan h\u00e5ndtere tunge laster effektivt og tilpasse seg komplekse arbeidsmilj\u00f8er og ulike driftsbehov.<\/p>\n<p><img decoding=\"async\" src=\"https:\/\/www.hydraulic-cylinders.net\/wp-content\/uploads\/2025\/01\/songte-company-2.webp\" \/><\/p>\n<h2>Funksjoner<\/h2>\n<ul>\n<li>H\u00f8y styrke og holdbarhet: Vanligvis laget av h\u00f8yfast st\u00e5l eller aluminium, t\u00e5ler den h\u00f8yt trykk og tunge belastninger og tilpasser seg t\u00f8ffe arbeidsmilj\u00f8er. Designet tar hensyn til slitestyrke og korrosjonsbestandighet, noe som forlenger levetiden.<\/li>\n<li>Effektiv hydraulisk drift: Jevn forlengelse og sammentrekning oppn\u00e5s ved \u00e5 bruke hydraulisk oljetrykk, noe som muliggj\u00f8r rask respons p\u00e5 betjeningskommandoer og gir kraftige skyve- og trekkekrefter, egnet for h\u00e5ndtering av tunge belastninger og komplekse driftsoppgaver.<\/li>\n<li>Ulike typer: Enkeltvirkende (hydraulisk brukt kun i \u00e9n retning) eller dobbeltvirkende (hydraulisk brukt i begge retninger) sylindere kan velges i henhold til krav for \u00e5 m\u00f8te ulike driftsbehov. Noen modeller er teleskopiske, noe som tillater st\u00f8rre utvidelse uten \u00e5 \u00f8ke de ytre dimensjonene, egnet for plassbegrensede applikasjoner.<\/li>\n<li>Sv\u00e6rt tilpasningsdyktig: Produktet v\u00e5rt kan erstatte disse hydrauliske sylindrene perfekt.<\/li>\n<\/ul>\n<p><img decoding=\"async\" src=\"https:\/\/www.hydraulic-cylinders.net\/wp-content\/uploads\/2025\/01\/songte-cylinder-head-with-all-kinds-excavator-models.webp\" \/><\/p>\n<h2>S\u00f8knad<\/h2>\n<p>Skuffesylinderen har et bredt spekter av bruksomr\u00e5der i ulike bransjer. Noen av de vanlige bruksomr\u00e5dene er:<\/p>\n<ul>\n<li>Anleggsutstyr: I gravemaskiner er de avgj\u00f8rende for graving, lasting og flytting av jord eller rusk. I gravemaskiner hjelper skuffesylinderen med b\u00e5de graving og l\u00f8fting. <\/li>\n<li>Landbruksmaskiner: Brukes i frontlastere, de \u00f8ser, l\u00f8fter og transporterer jord, h\u00f8y og andre materialer. <\/li>\n<li>Gravemaskiner: Skuffesylinderen muliggj\u00f8r graveaksjonen ved \u00e5 la skuffen trenge ned i jorden. <\/li>\n<li>Lastere: I frontlastere hjelper de med \u00e5 l\u00f8fte og dumpe last effektivt.<\/li>\n<\/ul>\n<p>V\u00e5r b\u00f8ttesylinder er perfekt for disse bruksomr\u00e5dene og mer. <\/p>\n<h2>Designhensyn og utvalgsstandarder<\/h2>\n<p>Skuffesylinderen er en viktig komponent i hydrauliske systemer, og designhensyn og valgstandarder er avgj\u00f8rende for \u00e5 sikre optimal ytelse. Noen av de viktigste designhensynene inkluderer:<\/p>\n<ul>\n<li>B\u00e6reevne: Sylinderen m\u00e5 kunne t\u00e5le belastningen den p\u00e5f\u00f8res uten \u00e5 b\u00f8ye seg eller brekke.<\/li>\n<li>Tetting: Riktig tetting er viktig for \u00e5 forhindre oljelekkasje og sikre optimal ytelse.<\/li>\n<li>Holdbarhet: Sylinderen m\u00e5 v\u00e6re laget av materialer av h\u00f8y kvalitet som er motstandsdyktige mot slitasje og korrosjon for \u00e5 sikre lang levetid.<\/li>\n<li>Sikkerhet: Sylinderen m\u00e5 v\u00e6re konstruert med tanke p\u00e5 sikkerhet, med funksjoner som sikkerhetsventiler for \u00e5 forhindre overbelastning.<\/li>\n<li>Vedlikeholdsvennlighet: Sylinderen m\u00e5 v\u00e6re enkel \u00e5 vedlikeholde og reparere, med enkel tilgang til komponenter og tydelige instruksjoner for vedlikehold og reparasjon.<\/li>\n<\/ul>\n<p>V\u00e5r b\u00f8ttesylinder oppfyller alle disse designhensynene, noe som sikrer optimal ytelse og lang levetid.<\/p>\n<p><img decoding=\"async\" src=\"https:\/\/www.hydraulic-cylinders.net\/wp-content\/uploads\/2025\/01\/songte-oil-pipes-and-spare-parts.webp\" \/><\/p>\n<h2>Tetting og sm\u00f8ring<\/h2>\n<p>Skuffesylinderen bruker forskjellige tetningskomponenter som stempeltetninger, stangtetninger osv., laget av slitesterke materialer som polyuretan, nitrilgummi osv. Tetningssystemet m\u00e5 sm\u00f8res ordentlig, og sylinderen b\u00f8r vedlikeholdes regelmessig med riktig mengde hydraulisk olje for \u00e5 sikre optimal ytelse.<\/p>\n<h2>Vedlikehold og reparasjon<\/h2>\n<p>Regelmessig vedlikehold og reparasjon er avgj\u00f8rende for \u00e5 sikre optimal ytelse og lang levetid for b\u00f8ttesylinderen. Noen av de vanlige vedlikeholdsoppgavene inkluderer regelmessige inspeksjoner, riktig sm\u00f8ring og utskifting av tetninger. Riktig installasjon, sm\u00f8ring og justering er ogs\u00e5 avgj\u00f8rende for optimal ytelse. Bruk av riktige installasjonsfester for \u00e5 sikre sylinderen, anbefalte inspeksjons-, reparasjons- og utskiftingsprosedyrer, og bruk av renoveringstjenester kan alle bidra til \u00e5 forbedre levetiden til b\u00f8ttesylinderen.<\/p>\n<p><img decoding=\"async\" src=\"https:\/\/www.hydraulic-cylinders.net\/wp-content\/uploads\/2025\/01\/songte-chushion-collar.webp\" \/><\/p>\n<h2>Sikkerhets- og milj\u00f8hensyn<\/h2>\n<p>Skuffesylinderen er en viktig komponent i tunge maskiner, og sikkerhet m\u00e5 v\u00e6re topprioritet ved bruk. Riktig h\u00e5ndtering, drift og vedlikeholdsprosedyrer b\u00f8r f\u00f8lges for \u00e5 sikre optimal sikkerhet og milj\u00f8vern. <\/p>\n<h2>Vanlige feil og feils\u00f8king<\/h2>\n<p>Vanlige feil i b\u00f8ttesylinderen inkluderer oljelekkasje, \u00f8delagte pakninger og skadede stenger. Riktig inspeksjon og vedlikehold kan bidra til \u00e5 forhindre disse feilene. Hvis feil oppst\u00e5r, b\u00f8r riktige feils\u00f8kings- og reparasjonsprosedyrer f\u00f8lges for \u00e5 gjenopprette optimal ytelse. Det anbefales \u00e5 f\u00f8lge forebyggende tiltak for \u00e5 minimere potensielle problemer.<\/p>\n<p><img decoding=\"async\" src=\"https:\/\/www.hydraulic-cylinders.net\/wp-content\/uploads\/2025\/01\/songte-bushings-with-all-kinds-of-excavator-models.webp\" \/><\/p>\n<h2>Om selskapet v\u00e5rt<\/h2>\n<p>Vi er en produsent av hydrauliske sylindere for utskifting med et komplett produktsortiment. Vi er en av de ledende produsentene og grossistforhandlerne av hydrauliske sylindere p\u00e5 det innenlandske og internasjonale markedet. Vi f\u00f8lger prinsippet om utmerket kvalitet, er avhengige av den industrialiserte produksjonsstyringsstrategien til fine produksjonsverksteder, og forbedrer kontinuerlig produksjonsplattformen til verkstedene v\u00e5re med teknologiske talenter, digitalt high-end produksjonsutstyr og profesjonelle testsystemer. Vi streber etter \u00e5 tilby h\u00f8yeffektive, presise og h\u00f8ykvalitetsprodukter for \u00e5 m\u00f8te kundenes ulike behov. <\/p>\n<p>Vi er forpliktet til \u00e5 tilby kundene v\u00e5re profesjonelle, internasjonalt sertifiserte og tilpassede tjenester. V\u00e5rt produksjonsutstyr og ettersalgsservice er f\u00f8rsteklasses, noe som sikrer optimal ytelse og lang levetid for produktene v\u00e5re. <\/p>\n<p><img decoding=\"async\" src=\"https:\/\/hzpt.com\/wp-content\/uploads\/2024\/11\/songte-company-1.webp\" \/><\/p>\n<p><em>Forfatter: lyl<\/em><\/p>","protected":false},"excerpt":{"rendered":"<p>Bucket Cylinder For Kobelco Large Excavator SK450-6-6E Introduction The bucket cylinder for Kobelco large excavator SK450-6-6E is a specially designed hydraulic cylinder primarily used to control the movement of the bucket in heavy machinery such as excavators, backhoe excavators, and front-end loaders. Its main function is to enable lifting, lowering, and tilting of the bucket, [&hellip;]<\/p>","protected":false},"featured_media":14776,"comment_status":"open","ping_status":"closed","template":"","meta":{"_et_pb_use_builder":"","_et_pb_old_content":"","_et_gb_content_width":""},"product_brand":[],"product_cat":[1494],"product_tag":[1495,1496],"class_list":{"0":"post-15365","1":"product","2":"type-product","3":"status-publish","4":"has-post-thumbnail","6":"product_cat-bucket-cylinders","7":"product_tag-bucket-cylinders","8":"product_tag-hydraulic-cylinders","10":"first","11":"instock","12":"shipping-taxable","13":"product-type-simple"},"amp_enabled":true,"_links":{"self":[{"href":"https:\/\/www.hydraulic-cylinders.net\/nb\/wp-json\/wp\/v2\/product\/15365","targetHints":{"allow":["GET"]}}],"collection":[{"href":"https:\/\/www.hydraulic-cylinders.net\/nb\/wp-json\/wp\/v2\/product"}],"about":[{"href":"https:\/\/www.hydraulic-cylinders.net\/nb\/wp-json\/wp\/v2\/types\/product"}],"replies":[{"embeddable":true,"href":"https:\/\/www.hydraulic-cylinders.net\/nb\/wp-json\/wp\/v2\/comments?post=15365"}],"wp:featuredmedia":[{"embeddable":true,"href":"https:\/\/www.hydraulic-cylinders.net\/nb\/wp-json\/wp\/v2\/media\/14776"}],"wp:attachment":[{"href":"https:\/\/www.hydraulic-cylinders.net\/nb\/wp-json\/wp\/v2\/media?parent=15365"}],"wp:term":[{"taxonomy":"product_brand","embeddable":true,"href":"https:\/\/www.hydraulic-cylinders.net\/nb\/wp-json\/wp\/v2\/product_brand?post=15365"},{"taxonomy":"product_cat","embeddable":true,"href":"https:\/\/www.hydraulic-cylinders.net\/nb\/wp-json\/wp\/v2\/product_cat?post=15365"},{"taxonomy":"product_tag","embeddable":true,"href":"https:\/\/www.hydraulic-cylinders.net\/nb\/wp-json\/wp\/v2\/product_tag?post=15365"}],"curies":[{"name":"wp","href":"https:\/\/api.w.org\/{rel}","templated":true}]}}