{"id":15369,"date":"2025-01-19T14:26:44","date_gmt":"2025-01-19T14:26:44","guid":{"rendered":"https:\/\/www.hydraulic-cylinders.net\/product\/bucket-cylinder-for-kobelco-large-excavator-sk330-8\/"},"modified":"2025-01-19T14:26:46","modified_gmt":"2025-01-19T14:26:46","slug":"bucket-cylinder-for-kobelco-large-excavator-sk330-8","status":"publish","type":"product","link":"https:\/\/www.hydraulic-cylinders.net\/nb\/produkt\/bucket-cylinder-for-kobelco-large-excavator-sk330-8\/","title":{"rendered":"B\u00f8ttesylinder for Kobelco stor gravemaskin SK330-8"},"content":{"rendered":"<h1>B\u00f8ttesylinder for Kobelco stor gravemaskin SK330-8<\/h1>\n<h2>Introduksjon<\/h2>\n<p>Skuffesylinderen for Kobelco Large Excavator SK330-8 er en spesialdesignet hydraulisk sylinder som prim\u00e6rt brukes til \u00e5 kontrollere bevegelsen til skuffen i tunge maskiner som gravemaskiner, traktorgravere og frontlastere. Hovedfunksjonen er \u00e5 gj\u00f8re det mulig \u00e5 l\u00f8fte, senke og tilte skuffen, noe som gj\u00f8r det enklere \u00e5 utf\u00f8re ulike materialh\u00e5ndteringsoppgaver. I det hydrauliske systemet oppn\u00e5r skuffesylinderen presis kontroll over skuffen ved hjelp av endringer i hydraulikkoljetrykket, slik at f\u00f8reren effektivt kan h\u00e5ndtere tunge laster, tilpasse seg komplekse arbeidsmilj\u00f8er og m\u00f8te ulike driftsbehov.<\/p>\n<p><img decoding=\"async\" src=\"https:\/\/www.hydraulic-cylinders.net\/wp-content\/uploads\/2025\/01\/songte-company-2.webp\" alt=\"B\u00f8ttesylinder\" \/><\/p>\n<h2>Funksjoner<\/h2>\n<ul>\n<li>\n<h3>H\u00f8y styrke og holdbarhet<\/h3>\n<p>B\u00f8ttesylinderen er vanligvis laget av h\u00f8yfast st\u00e5l eller aluminium, og t\u00e5ler h\u00f8yt trykk og tunge belastninger, og tilpasser seg t\u00f8ffe arbeidsmilj\u00f8er. Designet tar hensyn til slitestyrke og korrosjonsmotstand, noe som forlenger levetiden.<\/p>\n<\/li>\n<li>\n<h3>Effektiv hydraulisk drift<\/h3>\n<p>Ved \u00e5 utnytte trykket fra hydraulikkoljen for \u00e5 oppn\u00e5 jevn forlengelse og sammentrekning, kan skuffesylinderen raskt reagere p\u00e5 driftskommandoer, og gi kraftige skyve- og trekkekrefter som er egnet for h\u00e5ndtering av tunge belastninger og komplekse oppgaver.<\/p>\n<\/li>\n<li>\n<h3>Ulike typer<\/h3>\n<p>Skuffesylinderen kan velges som en enkeltvirkende (hydraulisk brukt i kun \u00e9n retning) eller dobbeltvirkende (hydraulisk brukt i begge retninger) sylinder i henhold til driftsbehov. Noen modeller er teleskopiske, noe som gir st\u00f8rre forlengelse uten \u00e5 \u00f8ke de ytre m\u00e5lene, egnet for applikasjoner med begrenset plass.<\/p>\n<\/li>\n<li>\n<h3>Produksjonskapasitet<\/h3>\n<p>Vi kan produsere dette produktet, og produktet v\u00e5rt kan erstatte disse hydrauliske sylindrene perfekt.<\/p>\n<p>    <img decoding=\"async\" src=\"https:\/\/www.hydraulic-cylinders.net\/wp-content\/uploads\/2025\/01\/songte-cylinder-head-with-all-kinds-excavator-models.webp\" alt=\"Gravemaskinmodeller\" \/>\n  <\/li>\n<\/ul>\n<h2>Bruksomr\u00e5der<\/h2>\n<p>B\u00f8ttesylinderen er mye brukt i diverse tunge maskiner, inkludert:<\/p>\n<ul>\n<li>\n<h3>Anleggsutstyr<\/h3>\n<p>I gravemaskiner er de avgj\u00f8rende for graving, lasting og flytting av jord eller rusk. I gravemaskiner hjelper b\u00f8ttesylinderen med b\u00e5de graving og l\u00f8fting. I frontlastere bidrar de til effektiv l\u00f8fting og dumping av materialer.<\/p>\n<\/li>\n<li>\n<h3>Landbruksmaskiner<\/h3>\n<p>Brukes i frontlastere for \u00e5 utarbeide, l\u00f8fte og transportere jord, h\u00f8y og andre materialer.<\/p>\n<\/li>\n<li>\n<h3>Gravemaskiner<\/h3>\n<p>Skuffesylinderen lar skuffen trenge ned i jorden for \u00e5 utf\u00f8re gravearbeid.<\/p>\n<\/li>\n<li>\n<h3>Lastere<\/h3>\n<p>I frontlastere hjelper de med effektiv l\u00f8fting og lossing av varer.<\/p>\n<\/li>\n<\/ul>\n<h2>Designhensyn og utvalgskriterier<\/h2>\n<p>Designhensynene knyttet til b\u00f8ttesylinderen er avgj\u00f8rende, inkludert dens b\u00e6reevne, tetningsevne, holdbarhet, sikkerhet og vedlikeholdsvennlighet. Noen av de viktigste diskusjonspunktene inkluderer:<\/p>\n<ul>\n<li>\n<h3>B\u00e6reevne<\/h3>\n<p>Skuffesylinderen m\u00e5 kunne t\u00e5le trykk og belastninger i t\u00f8ffe arbeidsmilj\u00f8er, s\u00e5 materialvalg og strukturell utforming er avgj\u00f8rende.<\/p>\n<\/li>\n<li>\n<h3>Tetting<\/h3>\n<p>B\u00f8ttesylinderen bruker forskjellige tetninger, som stempeltetninger og stangtetninger, som b\u00f8r v\u00e6re laget av slitesterke materialer som polyuretan og nitrilgummi. Sylinderhuset og gjengeenden er fint bearbeidet for \u00e5 forbedre slitestyrken. Regelmessig sm\u00f8ring med hydraulikkolje er n\u00f8dvendig.<\/p>\n<p>    <img decoding=\"async\" src=\"https:\/\/www.hydraulic-cylinders.net\/wp-content\/uploads\/2025\/01\/songte-oil-pipes-and-spare-parts.webp\" alt=\"Oljer\u00f8r og reservedeler\" \/>\n  <\/li>\n<li>\n<h3>Varighet<\/h3>\n<p>Skuffesylinderen b\u00f8r v\u00e6re konstruert for \u00e5 motst\u00e5 slitasje og korrosjon, noe som forlenger levetiden og minimerer vedlikeholdshyppigheten.<\/p>\n<\/li>\n<li>\n<h3>Sikkerhet<\/h3>\n<p>Skuffesylinderen m\u00e5 overholde sikkerhetsforskrifter, som ISO-sikkerhetsstandarder, for \u00e5 sikre sikker drift.<\/p>\n<\/li>\n<li>\n<h3>Vedlikeholdbarhet<\/h3>\n<p>Skuffesylinderen skal v\u00e6re enkel \u00e5 vedlikeholde og reparere, med reservedeler lett tilgjengelig.<\/p>\n<\/li>\n<\/ul>\n<h2>Vedlikehold og reparasjon<\/h2>\n<p>Regelmessig vedlikehold og reparasjon er avgj\u00f8rende for \u00e5 forlenge b\u00f8ttesylinderens levetid. F\u00f8lgende er noen av de vanlige vedlikeholdsoppgavene:<\/p>\n<ul>\n<li>\n<h3>Regelmessig inspeksjon<\/h3>\n<p>Regelmessig inspeksjon av b\u00f8ttesylinderen kan bidra til \u00e5 oppdage potensielle problemer f\u00f8r de oppst\u00e5r.<\/p>\n<\/li>\n<li>\n<h3>Sm\u00f8ring<\/h3>\n<p>Skuffesylinderen krever regelmessig sm\u00f8ring med hydraulikkolje for \u00e5 sikre problemfri drift.<\/p>\n<\/li>\n<li>\n<h3>Utskifting av tetning og kalibreringskontroll<\/h3>\n<p>Regelmessig utskifting av pakninger og kalibreringskontroller kan forhindre lekkasje og sikre at b\u00f8ttesylinderen fungerer som den skal.<\/p>\n<\/li>\n<\/ul>\n<p>Riktig installasjon, sm\u00f8ring og justering er avgj\u00f8rende for b\u00f8ttesylinderens ytelse. Riktig justeringsveiledning ved montering av sylinderen er viktig, og det anbefales \u00e5 bruke passende monteringsbraketter for \u00e5 feste sylinderen. De anbefalte inspeksjons-, reparasjons- og utskiftingsprosedyrene kan forbedre b\u00f8ttesylinderens levetid.<\/p>\n<p><img decoding=\"async\" src=\"https:\/\/www.hydraulic-cylinders.net\/wp-content\/uploads\/2025\/01\/songte-chushion-collar.webp\" alt=\"Putekrage\" \/><\/p>\n<h2>Sikkerhets- og milj\u00f8hensyn<\/h2>\n<p>Det m\u00e5 tas n\u00f8dvendige sikkerhetstiltak n\u00e5r du bruker b\u00f8ttesylinderen, som \u00e5 f\u00f8lge sikkerhetsforskrifter og bruke verneutstyr. B\u00f8ttesylinderen b\u00f8r ogs\u00e5 brukes p\u00e5 en milj\u00f8messig forsvarlig m\u00e5te, og s\u00f8rge for at alt avfall kastes p\u00e5 riktig m\u00e5te.<\/p>\n<h2>Feils\u00f8king og vanlige problemer<\/h2>\n<p>Skuffesylinderen kan st\u00f8te p\u00e5 noen vanlige problemer, inkludert lekkasje, utilstrekkelig kraft og langsom bevegelse. Riktig feils\u00f8king og rask probleml\u00f8sning kan minimere nedetid og redusere vedlikeholdskostnader. Noen forebyggende tiltak inkluderer bruk av hydraulikkolje av h\u00f8y kvalitet, regelmessig inspeksjon, reparasjon og utskifting av tetninger, samt riktig installasjon og justering.<\/p>\n<p><img decoding=\"async\" src=\"https:\/\/www.hydraulic-cylinders.net\/wp-content\/uploads\/2025\/01\/songte-bushings-with-all-kinds-of-excavator-models.webp\" alt=\"Foringer med gravemaskinmodeller\" \/><\/p>\n<h2>Om selskapet v\u00e5rt<\/h2>\n<p>Vi er en produsent av hydrauliske sylindere for erstatning med et komplett produktsortiment, og er n\u00e5 en av de ledende produsentene og grossistdistribut\u00f8rene av hydrauliske sylindere i det innenlandske og internasjonale markedet. Vi f\u00f8lger prinsippet om utmerket kvalitet, og er avhengige av den industrialiserte produksjonsstyringsstrategien til fine produksjonsverksteder. Vi forbedrer kontinuerlig produksjonsplattformen til verkstedet, forbedrer produktets kvalitetsproduksjonsrute og har sterke kreative evner. Vi m\u00f8ter kundenes ulike behov med h\u00f8y effektivitet, h\u00f8y presisjon og produkter av h\u00f8y kvalitet.<\/p>\n<p><img decoding=\"async\" src=\"https:\/\/hzpt.com\/wp-content\/uploads\/2024\/11\/songte-company-1.webp\" alt=\"Selskapsoversikt\" \/><\/p>\n<h3>V\u00e5rt selskaps styrker inkluderer:<\/h3>\n<ul>\n<li>\n<p>Profesjonalitet<\/p>\n<\/li>\n<li>\n<p>Internasjonal sertifisering<\/p>\n<\/li>\n<li>\n<p>Tilpasset tjeneste<\/p>\n<\/li>\n<li>\n<p>Avansert produksjonsutstyr<\/p>\n<\/li>\n<li>\n<p>Ettersalgsservice<\/p>\n<\/li>\n<\/ul>\n<p>Forfatter: lyl<\/p>","protected":false},"excerpt":{"rendered":"<p>Bucket Cylinder For Kobelco Large Excavator SK330-8 Introduction The Bucket Cylinder for Kobelco Large Excavator SK330-8 is a specially designed hydraulic cylinder primarily used to control the movement of the bucket in heavy machinery such as excavators, backhoe excavators, and front-end loaders. Its main function is to enable the bucket to lift, lower, and tilt, [&hellip;]<\/p>","protected":false},"featured_media":14765,"comment_status":"open","ping_status":"closed","template":"","meta":{"_et_pb_use_builder":"","_et_pb_old_content":"","_et_gb_content_width":""},"product_brand":[],"product_cat":[1494],"product_tag":[1495,1496],"class_list":{"0":"post-15369","1":"product","2":"type-product","3":"status-publish","4":"has-post-thumbnail","6":"product_cat-bucket-cylinders","7":"product_tag-bucket-cylinders","8":"product_tag-hydraulic-cylinders","10":"first","11":"instock","12":"shipping-taxable","13":"product-type-simple"},"amp_enabled":true,"_links":{"self":[{"href":"https:\/\/www.hydraulic-cylinders.net\/nb\/wp-json\/wp\/v2\/product\/15369","targetHints":{"allow":["GET"]}}],"collection":[{"href":"https:\/\/www.hydraulic-cylinders.net\/nb\/wp-json\/wp\/v2\/product"}],"about":[{"href":"https:\/\/www.hydraulic-cylinders.net\/nb\/wp-json\/wp\/v2\/types\/product"}],"replies":[{"embeddable":true,"href":"https:\/\/www.hydraulic-cylinders.net\/nb\/wp-json\/wp\/v2\/comments?post=15369"}],"wp:featuredmedia":[{"embeddable":true,"href":"https:\/\/www.hydraulic-cylinders.net\/nb\/wp-json\/wp\/v2\/media\/14765"}],"wp:attachment":[{"href":"https:\/\/www.hydraulic-cylinders.net\/nb\/wp-json\/wp\/v2\/media?parent=15369"}],"wp:term":[{"taxonomy":"product_brand","embeddable":true,"href":"https:\/\/www.hydraulic-cylinders.net\/nb\/wp-json\/wp\/v2\/product_brand?post=15369"},{"taxonomy":"product_cat","embeddable":true,"href":"https:\/\/www.hydraulic-cylinders.net\/nb\/wp-json\/wp\/v2\/product_cat?post=15369"},{"taxonomy":"product_tag","embeddable":true,"href":"https:\/\/www.hydraulic-cylinders.net\/nb\/wp-json\/wp\/v2\/product_tag?post=15369"}],"curies":[{"name":"wp","href":"https:\/\/api.w.org\/{rel}","templated":true}]}}