{"id":1537,"date":"2023-09-28T06:13:35","date_gmt":"2023-09-28T06:13:35","guid":{"rendered":"https:\/\/hydraulic-cylinders.net\/?post_type=product&#038;p=1537"},"modified":"2025-04-11T01:49:31","modified_gmt":"2025-04-11T01:49:31","slug":"aerial-work-platform-outrigger-cylinder","status":"publish","type":"product","link":"https:\/\/www.hydraulic-cylinders.net\/nb\/produkt\/aerial-work-platform-outrigger-cylinder\/","title":{"rendered":"Utrigger-sylinder for arbeidsplattform p\u00e5 luft"},"content":{"rendered":"<h1 style=\"text-align: center;\"><strong>Utrigger-sylinder for arbeidsplattform p\u00e5 luft<\/strong><\/h1>\n<p><img loading=\"lazy\" decoding=\"async\" class=\"wp-image-1538 aligncenter\" src=\"https:\/\/hydraulic-cylinders.net\/wp-content\/uploads\/2023\/09\/outrigger-cylinder-1-300x300.webp\" alt=\"\" width=\"400\" height=\"400\" \/><\/p>\n<p>Utriggersylinderen p\u00e5 arbeidsplattformen er en viktig komponent som er utviklet for \u00e5 forbedre stabiliteten og sikkerheten i arbeidsplattformer. Denne spesialiserte hydrauliske sylinderen spiller en avgj\u00f8rende rolle i \u00e5 forlenge og trekke inn utriggerne, noe som gir ekstra st\u00f8tte og balanse til arbeidsplattformen.<\/p>\n<p>Utriggersylinderen p\u00e5 arbeidsplattformen er uunnv\u00e6rlig for \u00e5 sikre stabilitet og sikkerhet i forh\u00f8yede arbeidsmilj\u00f8er. Med sin robuste konstruksjon, p\u00e5litelige stabilitet, jevne drift og allsidige justerbarhet er denne hydrauliske sylinderen avgj\u00f8rende for \u00e5 forlenge og trekke inn utriggerne, noe som gir en sikker og jevn arbeidsplattform. Ved \u00e5 f\u00f8lge anbefalte bruksmetoder og vedlikeholdspraksis kan operat\u00f8rer maksimere levetiden og ytelsen til utriggersylinderen p\u00e5 arbeidsplattformen, noe som bidrar til forbedret produktivitet, sikkerhet og trygghet i ulike arbeidsapplikasjoner i forh\u00f8yede omr\u00e5der. Invester i denne viktige hydrauliske komponenten for \u00e5 heve stabiliteten til arbeidsplattformen din og l\u00e5se opp nye niv\u00e5er av effektivitet og sikkerhet i forh\u00f8yede arbeidsscenarier.<\/p>\n<p>Viktige egenskaper ved sylinder for st\u00f8tteben p\u00e5 arbeidsplattform:<\/p>\n<ol>\n<li>Robust konstruksjon:<\/li>\n<\/ol>\n<ul>\n<li>Utriggersylinderen p\u00e5 arbeidsplattformen er bygget med materialer av h\u00f8y kvalitet, noe som sikrer holdbarhet og lang levetid.<\/li>\n<li>Den er konstruert for \u00e5 t\u00e5le tunge belastninger og p\u00e5kjenningene i krevende arbeidsmilj\u00f8er.<\/li>\n<\/ul>\n<ol start=\"2\">\n<li>P\u00e5litelig stabilitet:<\/li>\n<\/ol>\n<ul>\n<li>Denne sylinderen gir p\u00e5litelig stabilitet ved \u00e5 forlenge st\u00f8ttebeina, noe som \u00f8ker plattformens fotavtrykk betydelig og forhindrer velting eller tilting under drift.<\/li>\n<li>Det forbedrer den generelle stabiliteten til arbeidsplattformen, slik at operat\u00f8rer kan utf\u00f8re oppgaver trygt og sikkert i h\u00f8ye h\u00f8yder.<\/li>\n<\/ul>\n<ol start=\"3\">\n<li>Jevn drift:<\/li>\n<\/ol>\n<ul>\n<li>Det hydrauliske systemet til st\u00f8ttebenssylinderen p\u00e5 arbeidsplattformen sikrer jevn og kontrollert ut- og innkj\u00f8ring av st\u00f8ttebenene.<\/li>\n<li>Det gj\u00f8r det mulig for f\u00f8rere \u00e5 plassere st\u00f8ttebeina presist, tilpasse seg ujevne overflater og gi en jevn arbeidsplattform.<\/li>\n<\/ul>\n<ol start=\"4\">\n<li>Allsidig justerbarhet:<\/li>\n<\/ol>\n<ul>\n<li>St\u00f8ttebenssylinderen har justerbare forlengelseslengder, slik at operat\u00f8rene kan tilpasse seg ulike arbeidsforhold og plassbegrensninger.<\/li>\n<li>Det gir fleksibilitet i plasseringen av utriggerne for \u00e5 sikre maksimal stabilitet og balanse i ulikt terreng.<\/li>\n<\/ul>\n<h2><strong>Parameter for utrigger-sylinder for luftarbeidsplattform:<\/strong><\/h2>\n<table border=\"1\" cellspacing=\"0\" cellpadding=\"0\">\n<tbody>\n<tr>\n<td>Produktnavn<\/td>\n<td>Utrigger-sylinder for arbeidsplattform p\u00e5 luft<\/td>\n<\/tr>\n<tr>\n<td>Funksjoner:<\/td>\n<td>St\u00f8tt vekten av hele utstyret n\u00e5r kranen l\u00f8ftes<\/td>\n<\/tr>\n<tr>\n<td>Borediameter:<\/td>\n<td>45 mm \uff5e200 mm<\/td>\n<\/tr>\n<tr>\n<td>Stangdiameter:<\/td>\n<td>30 mm\uff5e180 mm<br \/>\nSlaglengde \u22642000 mm<\/td>\n<\/tr>\n<tr>\n<td>Trykk:<\/td>\n<td>30 MPa (maksimalt trykk)<\/td>\n<\/tr>\n<tr>\n<td>Bruksomr\u00e5der for utriggersylindere:<\/td>\n<td>Arbeidsplattform i luften<\/td>\n<\/tr>\n<\/tbody>\n<\/table>\n<h2><strong>Identifikasjonsdiagram for arbeidsplattform p\u00e5 luften:<\/strong><\/h2>\n<p><img loading=\"lazy\" decoding=\"async\" class=\"alignnone wp-image-1517 size-full\" src=\"https:\/\/hydraulic-cylinders.net\/wp-content\/uploads\/2023\/09\/aerial-work-platform-cylinder-construct.webp\" alt=\"\" width=\"600\" height=\"400\" srcset=\"https:\/\/hydraulic-cylinders.net\/wp-content\/uploads\/2023\/09\/aerial-work-platform-cylinder-construct.webp 600w, https:\/\/hydraulic-cylinders.net\/wp-content\/uploads\/2023\/09\/aerial-work-platform-cylinder-construct-480x320.webp 480w\" sizes=\"(min-width: 0px) and (max-width: 480px) 480px, (min-width: 481px) 600px, 100vw\" \/><\/p>\n<h2><strong>Bruksmetode for utriggersylinder for luftarbeidsplattform<\/strong><strong>:<\/strong><\/h2>\n<ol>\n<li><strong>Installasjon og oppsett:<\/strong><\/li>\n<\/ol>\n<ul>\n<li>F\u00f8lg produsentens instruksjoner for \u00e5 installere og sette opp st\u00f8ttebenssylinderen til arbeidsplattformen p\u00e5 arbeidsplattformen.<\/li>\n<li>S\u00f8rg for at sylinderen er forsvarlig montert og justert for optimal ytelse.<\/li>\n<\/ul>\n<ol start=\"2\">\n<li><strong>Hydraulisk tilkobling:<\/strong><\/li>\n<\/ol>\n<ul>\n<li>Koble utriggersylinderen til det hydrauliske systemet p\u00e5 arbeidsplattformen i henhold til de medf\u00f8lgende retningslinjene.<\/li>\n<li>S\u00f8rg for at alle hydrauliske koblinger er sikre og ordentlig forseglet for \u00e5 forhindre lekkasjer eller tap av hydraulisk v\u00e6ske.<\/li>\n<\/ul>\n<ol start=\"3\">\n<li><strong>Bruk av utrigger:<\/strong><\/li>\n<\/ol>\n<ul>\n<li>Aktiver kontrollmekanismene p\u00e5 arbeidsplattformen for \u00e5 forlenge eller trekke inn st\u00f8ttebeina.<\/li>\n<li>F\u00f8lg de anbefalte prosedyrene og sikkerhetsretningslinjene under bruk av utriggeren.<\/li>\n<\/ul>\n<ol start=\"4\">\n<li><strong>Plassering og justering:<\/strong><\/li>\n<\/ol>\n<ul>\n<li>Plasser st\u00f8ttebeina for \u00e5 gi maksimal stabilitet og st\u00f8tte til arbeidsplattformen.<\/li>\n<li>Juster forlengelsene p\u00e5 utriggerne etter behov for \u00e5 tilpasse seg ulike forhold p\u00e5 arbeidsplassen og oppn\u00e5 en jevn plattform.<\/li>\n<\/ul>\n<h2><strong>Hvordan frigj\u00f8re trykket p\u00e5 det hydrauliske systemet?<\/strong><\/h2>\n<p>Det er viktig \u00e5 frigj\u00f8re trykk fra et hydraulisk system for vedlikehold, reparasjoner eller arbeid med hydrauliske komponenter. Her er noen generelle trinn for \u00e5 fjerne belastning fra et hydraulisk system p\u00e5 en sikker m\u00e5te:<\/p>\n<ol>\n<li><strong>Identifiser str\u00f8mkilden:<\/strong>\n<ul>\n<li>Finn str\u00f8mkilden som forsyner det hydrauliske systemet med trykk. Dette er vanligvis en hydraulisk pumpe eller en motordrevet kraftenhet.<\/li>\n<li>Identifiser str\u00f8mforsyningen og s\u00f8rg for at den er sl\u00e5tt av eller at motoren er sl\u00e5tt av for \u00e5 forhindre utilsiktet aktivering.<\/li>\n<\/ul>\n<\/li>\n<li><strong>Aktiver kontrollspakene:<\/strong>\n<ul>\n<li>Flytt eventuelle kontrollspaker eller brytere til n\u00f8ytral- eller av-posisjon. Dette bidrar til \u00e5 forhindre utilsiktet bevegelse av hydrauliske komponenter og reduserer risikoen for trykkoppbygging.<\/li>\n<\/ul>\n<\/li>\n<li><strong>Avlast trykket ved kontrollventilen:<\/strong>\n<ul>\n<li>Finn kontrollventilen eller trykkavlastningsventilen i det hydrauliske systemet. Den er vanligvis merket eller etikettert for enkel identifisering.<\/li>\n<li>Drei eller juster ventilen sakte til utl\u00f8ser- eller \u00e5pen posisjon. Dette gj\u00f8r at innestengt hydraulisk v\u00e6ske kan slippe ut og reduserer trykket i systemet.<\/li>\n<li>Det er viktig \u00e5 gradvis slippe ut trykket for \u00e5 unng\u00e5 br\u00e5 bevegelser eller v\u00e6skeutslipp.<\/li>\n<\/ul>\n<\/li>\n<li><strong>Overv\u00e5k trykkm\u00e5ler:<\/strong>\n<ul>\n<li>Noen hydrauliske systemer kan ha trykkm\u00e5lere installert. Hvis tilgjengelig, overv\u00e5k trykkm\u00e5leren mens du slipper ut trykket.<\/li>\n<li>N\u00e5r du \u00e5pner kontrollventilen, f\u00f8lg med p\u00e5 trykkm\u00e5leren for \u00e5 sikre at trykket synker jevnt.<\/li>\n<\/ul>\n<\/li>\n<li><strong>Luft ut hydrauliske komponenter:<\/strong>\n<ul>\n<li>Etter at trykket ved kontrollventilen er avlastet, anbefales det \u00e5 lufte de hydrauliske komponentene som fortsatt kan ha resttrykk.<\/li>\n<li>Start med \u00e5 l\u00f8sne eller fjerne eventuelle beslag eller tilkoblinger nedstr\u00f8ms for kontrollventilen.<\/li>\n<li>\u00c5pne koblingene sakte og forsiktig for \u00e5 slippe ut eventuelt gjenv\u00e6rende trykk.<\/li>\n<li>V\u00e6r forsiktig, da hydraulikkv\u00e6sken kan v\u00e6re under trykk og sprute eller lekke ut.<\/li>\n<\/ul>\n<\/li>\n<li><strong>Bekreft trykkavlastning:<\/strong>\n<ul>\n<li>Dobbeltsjekk at trykket er effektivt frigjort fra systemet ved \u00e5 bekrefte at trykkm\u00e5leren viser null eller n\u00e6r null.<\/li>\n<li>Inspiser de hydrauliske komponentene for \u00e5 sikre at det ikke er noen bevegelse eller tegn p\u00e5 trykk igjen.<\/li>\n<\/ul>\n<\/li>\n<\/ol>\n<h2><strong>Fabrikkens kapasitet og kapasitet:<\/strong><\/h2>\n<h3>(1) Montering<\/h3>\n<p>Vi har en f\u00f8rsteklasses uavhengig forsknings- og utviklingsplattform for montering. Verkstedet for produksjon av hydrauliske sylindere har fire halvautomatiske monteringslinjer for l\u00f8ftesylindere og \u00e9n automatisk monteringslinje for vippesylindere, med en \u00e5rlig produksjonskapasitet p\u00e5 1 million enheter. Spesialsylinderverkstedet er utstyrt med ulike spesifikasjoner for et halvautomatisk rengj\u00f8ringsmonteringssystem med en \u00e5rlig produksjonskapasitet p\u00e5 200 000 enheter, og er utstyrt med kjent CNC-maskineringsutstyr, et maskineringssenter, spesialutstyr for h\u00f8ypresisjons sylinderbehandling, en robotsveisemaskin, en automatisk rengj\u00f8ringsmaskin, en automatisk sylindermonteringsmaskin og en automatisk produksjonslinje for lakkering. Vi har mer enn 300 sett (sett) av kritisk utstyr. Optimal allokering og effektiv bruk av utstyrsressurser sikrer n\u00f8yaktighetskravene til produktene og oppfyller produktenes h\u00f8ye kvalitetsbehov.<\/p>\n<p><img loading=\"lazy\" decoding=\"async\" class=\"alignnone wp-image-626\" src=\"https:\/\/hydraulic-cylinders.net\/wp-content\/uploads\/2023\/08\/hydraulic-cylinder-product-1-300x158.webp\" alt=\"\" width=\"495\" height=\"260\" srcset=\"https:\/\/hydraulic-cylinders.net\/wp-content\/uploads\/2023\/08\/hydraulic-cylinder-product-1-300x158.webp 495w, https:\/\/hydraulic-cylinders.net\/wp-content\/uploads\/2023\/08\/hydraulic-cylinder-product-1-480x252.webp 480w\" sizes=\"(min-width: 0px) and (max-width: 480px) 480px, (min-width: 481px) 495px, 100vw\" \/> <img loading=\"lazy\" decoding=\"async\" class=\"alignnone wp-image-627\" src=\"https:\/\/hydraulic-cylinders.net\/wp-content\/uploads\/2023\/08\/hydraulic-cylinder-product-2-300x189.webp\" alt=\"\" width=\"413\" height=\"260\" \/><\/p>\n<h3>(2) Maskinering<\/h3>\n<p>Maskineringsverkstedet er utstyrt med et spesialtilpasset dreiesenter for skr\u00e5 skinner, maskineringssenter, h\u00f8yhastighets honemaskin, sveiserobot og annet relatert utstyr, som kan h\u00e5ndtere bearbeiding av sylinderr\u00f8r med en maksimal indre diameter p\u00e5 400 mm og en maksimal lengde p\u00e5 6 meter.<\/p>\n<p><img loading=\"lazy\" decoding=\"async\" class=\"alignnone wp-image-628 size-large\" src=\"https:\/\/hydraulic-cylinders.net\/wp-content\/uploads\/2023\/08\/hydraulic-cylinder-product-3-1024x391.webp\" alt=\"\" width=\"1024\" height=\"391\" srcset=\"https:\/\/hydraulic-cylinders.net\/wp-content\/uploads\/2023\/08\/hydraulic-cylinder-product-3-980x374.webp 980w, https:\/\/hydraulic-cylinders.net\/wp-content\/uploads\/2023\/08\/hydraulic-cylinder-product-3-480x183.webp 480w\" sizes=\"(min-width: 0px) and (max-width: 480px) 480px, (min-width: 481px) and (max-width: 980px) 980px, (min-width: 981px) 1024px, 100vw\" \/><\/p>\n<h3>(3) Sveising<\/h3>\n<p><img loading=\"lazy\" decoding=\"async\" class=\"alignnone wp-image-629 size-large\" src=\"https:\/\/hydraulic-cylinders.net\/wp-content\/uploads\/2023\/08\/hydraulic-cylinder-product-4-1024x510.webp\" alt=\"\" width=\"1024\" height=\"510\" srcset=\"https:\/\/hydraulic-cylinders.net\/wp-content\/uploads\/2023\/08\/hydraulic-cylinder-product-4-980x488.webp 980w, https:\/\/hydraulic-cylinders.net\/wp-content\/uploads\/2023\/08\/hydraulic-cylinder-product-4-480x239.webp 480w\" sizes=\"(min-width: 0px) and (max-width: 480px) 480px, (min-width: 481px) and (max-width: 980px) 980px, (min-width: 981px) 1024px, 100vw\" \/><\/p>\n<h3>(4) Maling og belegg<\/h3>\n<p>Med sm\u00e5 og mellomstore sylinderautomatiske vannbaserte malingsbeleggslinjer, for \u00e5 oppn\u00e5 automatisk robotlasting og -lossing og automatisk spr\u00f8yting, er den designede kapasiteten 4000 stykker per skift;<br \/>\nVi har ogs\u00e5 en halvautomatisk produksjonslinje for maling for store sylindere drevet av en kabelkjede, med en designkapasitet p\u00e5 60 kasser per skift.<\/p>\n<p><img loading=\"lazy\" decoding=\"async\" class=\"alignnone wp-image-630\" src=\"https:\/\/hydraulic-cylinders.net\/wp-content\/uploads\/2023\/08\/hydraulic-cylinder-product-5-300x213.webp\" alt=\"\" width=\"366\" height=\"260\" \/> <img loading=\"lazy\" decoding=\"async\" class=\"alignnone wp-image-631\" src=\"https:\/\/hydraulic-cylinders.net\/wp-content\/uploads\/2023\/08\/hydraulic-cylinder-product-6-300x225.webp\" alt=\"\" width=\"347\" height=\"260\" \/><\/p>\n<h3>(5) Testing<\/h3>\n<p>Vi har f\u00f8rsteklasses inspeksjonsfasiliteter og testbenker for \u00e5 sikre at sylinderens ytelse oppfyller kravene.<\/p>\n<p><img loading=\"lazy\" decoding=\"async\" class=\"alignnone wp-image-632\" src=\"https:\/\/hydraulic-cylinders.net\/wp-content\/uploads\/2023\/08\/hydraulic-cylinder-product-8-300x200.webp\" alt=\"\" width=\"389\" height=\"260\" \/><\/p>\n<p>&nbsp;<\/p>\n<p>&nbsp;<\/p>\n<p>Vi er en av de beste produsentene av hydrauliske sylindere. Vi kan tilby et omfattende utvalg av hydrauliske sylindere. Vi tilbyr ogs\u00e5 tilsvarende <a href=\"https:\/\/hzpt.com\/agricultural-pto-gearbox\/\" target=\"_blank\" rel=\"noopener\">landbruksgirkasser<\/a>Vi har eksportert produktene v\u00e5re til kunder over hele verden og opparbeidet oss et godt rykte p\u00e5 grunn av v\u00e5r overlegne produktkvalitet og ettersalgsservice. Vi \u00f8nsker kunder i inn- og utland velkommen til \u00e5 kontakte oss for \u00e5 forhandle om forretninger, utveksle informasjon og <a href=\"https:\/\/www.hydraulic-cylinders.net\/nb\/contact-us\/\">samarbeide med oss<\/a>!<\/p>","protected":false},"excerpt":{"rendered":"<p>Aerial Work Platform Outrigger Cylinder The aerial work platform outrigger cylinder is a vital component designed to enhance stability and safety in aerial work platforms. This specialized hydraulic cylinder plays a crucial role in extending and retracting the outriggers, which provide additional support and balance to the forum. The aerial work platform outrigger cylinder is [&hellip;]<\/p>","protected":false},"featured_media":1539,"comment_status":"open","ping_status":"closed","template":"","meta":{"_et_pb_use_builder":"","_et_pb_old_content":"","_et_gb_content_width":""},"product_brand":[],"product_cat":[1500,1549],"product_tag":[1380],"class_list":{"0":"post-1537","1":"product","2":"type-product","3":"status-publish","4":"has-post-thumbnail","6":"product_cat-aerial-work-vehicle-hydraulic-cylinder","7":"product_cat-single-acting-hydraulic-cylinder","8":"product_tag-hydraulic-cylinder","10":"first","11":"instock","12":"shipping-taxable","13":"product-type-simple"},"amp_enabled":true,"_links":{"self":[{"href":"https:\/\/www.hydraulic-cylinders.net\/nb\/wp-json\/wp\/v2\/product\/1537","targetHints":{"allow":["GET"]}}],"collection":[{"href":"https:\/\/www.hydraulic-cylinders.net\/nb\/wp-json\/wp\/v2\/product"}],"about":[{"href":"https:\/\/www.hydraulic-cylinders.net\/nb\/wp-json\/wp\/v2\/types\/product"}],"replies":[{"embeddable":true,"href":"https:\/\/www.hydraulic-cylinders.net\/nb\/wp-json\/wp\/v2\/comments?post=1537"}],"wp:featuredmedia":[{"embeddable":true,"href":"https:\/\/www.hydraulic-cylinders.net\/nb\/wp-json\/wp\/v2\/media\/1539"}],"wp:attachment":[{"href":"https:\/\/www.hydraulic-cylinders.net\/nb\/wp-json\/wp\/v2\/media?parent=1537"}],"wp:term":[{"taxonomy":"product_brand","embeddable":true,"href":"https:\/\/www.hydraulic-cylinders.net\/nb\/wp-json\/wp\/v2\/product_brand?post=1537"},{"taxonomy":"product_cat","embeddable":true,"href":"https:\/\/www.hydraulic-cylinders.net\/nb\/wp-json\/wp\/v2\/product_cat?post=1537"},{"taxonomy":"product_tag","embeddable":true,"href":"https:\/\/www.hydraulic-cylinders.net\/nb\/wp-json\/wp\/v2\/product_tag?post=1537"}],"curies":[{"name":"wp","href":"https:\/\/api.w.org\/{rel}","templated":true}]}}